{"id":6759,"date":"2022-09-07T14:09:10","date_gmt":"2022-09-07T18:09:10","guid":{"rendered":"https:\/\/acaweb.ca\/staging\/fr\/?page_id=6759"},"modified":"2022-09-26T09:01:24","modified_gmt":"2022-09-26T13:01:24","slug":"medaille-dor-2022-decernee-a-mark-harrison","status":"publish","type":"page","link":"https:\/\/acaweb.ca\/staging\/fr\/a-propos-de-nous\/ressources-pour-les-medias\/medaille-dor-2022-decernee-a-mark-harrison\/","title":{"rendered":"M\u00e9daille d&rsquo;Or 2022 d\u00e9cern\u00e9e \u00e0 Mark Harrison"},"content":{"rendered":"<ul>\n<li>M. Harrison recevra son prix lors de la pr\u00e9sentation des prix Strategy le 29 septembre \u00e0 Toronto<\/li>\n<li>De nombreux et c\u00e9l\u00e8bres Canadiens et dirigeants de l\u2019industrie du marketing et d\u2019agences, figurent sur la liste prestigieuse d\u2019invit\u00e9s<\/li>\n<\/ul>\n<p><strong>Le 8 septembre 2022 :<\/strong> Sommit\u00e9 de la commandite et du marketing comptant plus de 30 ans d\u2019exp\u00e9rience, Mark Harrison a consacr\u00e9 sa carri\u00e8re \u00e0 \u0153uvrer pour le bien commun et est reconnu pour sa capacit\u00e9 \u00e0 cr\u00e9er des liens entre les marques et les gens. Il a fond\u00e9 T1, une agence de marketing prim\u00e9e, ainsi que la conf\u00e9rence mondiale sur la commandite, SponsorshipX.<\/p>\n<p>B\u00e9n\u00e9vole et entrepreneur dans l\u2019\u00e2me, Mark Harrison a \u00e9galement fond\u00e9 The MH3 Collective, un vaste r\u00e9seau d\u2019entreprises vari\u00e9es des domaines de la publicit\u00e9 et des commandites marketing, des communications int\u00e9gr\u00e9es et de l\u2019\u00e9ducation, pour ne nommer que ceux-ci. MH3 Collective partage \u00e9galement une conscience commune qui est de mettre l\u2019accent sur l\u2019autonomisation des gens, la promotion de l\u2019\u00e9quit\u00e9 sociale et la r\u00e9invention d\u2019un monde o\u00f9 la passion entrepreneuriale et le bien commun prennent vie.<\/p>\n<p>La feuille de route de M. Harrison quant aux succ\u00e8s qu\u2019il a connus au cours de ses trois d\u00e9cennies de leadership en marketing est impressionnante et c\u2019est sur cette base qu\u2019il se r\u00e9v\u00e8le indiscutablement le laur\u00e9at id\u00e9al de la M\u00e9daille d\u2019or 2022 de l\u2019ACA. Cette m\u00e9daille honore les personnes ayant apport\u00e9 une contribution exceptionnelle \u00e0 l\u2019avancement des communications marketing au Canada.<\/p>\n<p>\u00ab Apr\u00e8s une pause de deux ans dans l\u2019attribution de ce prix en raison de la pand\u00e9mie, nous sommes tr\u00e8s heureux d\u2019honorer Mark Harrison de cette fa\u00e7on \u00bb, a d\u00e9clar\u00e9 Ron Lund, pr\u00e9sident et chef de la direction de l\u2019Association canadienne des annonceurs. \u00ab Tout au long de sa carri\u00e8re, Mark Harrison, par ses m\u00e9thodes r\u00e9fl\u00e9chies, a non seulement su montrer la voie dans ce paysage en constante \u00e9volution, mais aussi \u00e0 faire une diff\u00e9rence sur l\u2019industrie et la communaut\u00e9 marketing. Il m\u00e9rite assur\u00e9ment cette reconnaissance \u00bb, a poursuivi M. Lund.<\/p>\n<p>\u00ab Je vous remercie pour cet honneur et je suis tr\u00e8s fier de l\u2019impact cibl\u00e9 que nos \u00e9quipes et notre travail ont eu dans le paysage du marketing, a d\u00e9clar\u00e9 M. Harrison. Je reconnais chaque jour qu\u2019\u00eatre un entrepreneur noir s\u2019accompagne de la responsabilit\u00e9 de continuer \u00e0 apporter des changements significatifs dans notre soci\u00e9t\u00e9, et cette reconnaissance de l\u2019ACA m\u2019aide \u00e0 poursuivre dans la m\u00eame voie \u00bb, conclut-il.<\/p>\n<p>En plus de son travail en marketing et de son engagement envers la diversit\u00e9, l\u2019\u00e9quit\u00e9 et l\u2019inclusion (DEI) dans la soci\u00e9t\u00e9, M. Harrison a fond\u00e9 le Black Talent Initiative (BTI), un mouvement d\u00e9di\u00e9 \u00e0 faciliter le changement et \u00e0 cr\u00e9er des opportunit\u00e9s pour les jeunes Canadiens noirs de l\u2019industrie. Gr\u00e2ce \u00e0 des partenariats, des stages, du mentorat et du r\u00e9seautage, le BTI met \u00e0 la disposition des leaders noirs tous les outils n\u00e9cessaires pour l\u2019avenir.<\/p>\n<p>Mark Harrison a \u00e9galement cofond\u00e9 Park Street Education, la premi\u00e8re \u00e9cole \u00e0 but non lucratif de ce type, qui offre un apprentissage hybride bas\u00e9 sur l\u2019exp\u00e9rience et qui s\u2019efforce d\u2019assurer l\u2019accessibilit\u00e9 et d\u2019\u00e9liminer tous les obstacles \u00e0 l\u2019\u00e9ducation des enfants.<\/p>\n<p>Fid\u00e8le \u00e0 son engagement \u00e0 \u0153uvrer pour le bien commun, il est \u00e9galement pr\u00e9sident du conseil d\u2019administration de Grands Fr\u00e8res Grandes S\u0153urs de Toronto, copr\u00e9sident du groupe de travail BBI (Black, Biracial and Indigenous) de l\u2019Ontario University Athletics, ainsi que membre du conseil d\u2019administration de la Fondation CAMH, trois organismes qui lui tiennent \u00e0 c\u0153ur. M. Harrison est aussi membre du conseil d\u2019administration de Playmaker Capital et conseiller pour Crankworx Events et wonderMakr.<\/p>\n<p>Mark Harrison recevra sa m\u00e9daille d\u2019or lors de la pr\u00e9sentation des prix Strategy le 29 septembre prochain au Symes \u00e0 Toronto.<\/p>\n<hr \/>\n<p><strong>\u00c0 propos du M\u00e9daille d&rsquo;or de l&rsquo;ACA<\/strong><\/p>\n<p>La M\u00e9daille d\u2019or de l\u2019ACA :<\/p>\n<ul>\n<li>S\u2019adresse \u00e0 toute personne dont les organisations ont un impact sur les communications marketing au Canada (clients-annonceurs, agences, m\u00e9dias, maisons de recherche, universit\u00e9s, associations, etc.)<\/li>\n<li>Peut \u00eatre attribu\u00e9e pour souligner une contribution sp\u00e9cifique ou pour c\u00e9l\u00e9brer l\u2019ensemble d\u2019une carri\u00e8re<\/li>\n<li>Est remise \u00e0 une personne ayant contribu\u00e9 de mani\u00e8re mesurable et distinctive \u00e0 l\u2019avancement de la pratique des communications marketing au Canada<\/li>\n<\/ul>\n<p>Depuis sa cr\u00e9ation, la M\u00e9daille d\u2019or de l\u2019ACA a \u00e9t\u00e9 attribu\u00e9e \u00e0 une s\u00e9rie prestigieuse de chefs de file de l\u2019industrie et de visionnaires. Consultez la liste des r\u00e9cipiendaires.<\/p>\n","protected":false},"excerpt":{"rendered":"<p>L&rsquo;Association canadienne des annonceurs a le plaisir d&rsquo;annoncer que la M\u00e9daille d&rsquo;or 2022 de l&rsquo;ACA sera d\u00e9cern\u00e9e \u00e0 Mark Harrison, fondateur de T1 et de la conf\u00e9rence mondiale sur la commandite, SponsorshipX.<\/p>\n","protected":false},"author":1,"featured_media":6760,"parent":52,"menu_order":0,"comment_status":"closed","ping_status":"closed","template":"","meta":[],"acf":[],"yoast_head":"<!-- This site is optimized with the Yoast SEO plugin v18.1 - https:\/\/yoast.com\/wordpress\/plugins\/seo\/ -->\n<title>Association canadienne des annonceurs<\/title>\n<meta name=\"robots\" content=\"index, follow, max-snippet:-1, max-image-preview:large, max-video-preview:-1\" \/>\n<meta property=\"og:locale\" content=\"fr_CA\" \/>\n<meta property=\"og:type\" content=\"article\" \/>\n<meta property=\"og:site_name\" content=\"Association canadienne des annonceurs\" \/>\n<meta name=\"twitter:card\" content=\"summary\" \/>\n<script type=\"application\/ld+json\" class=\"yoast-schema-graph\">{\"@context\":\"https:\/\/schema.org\",\"@graph\":[{\"@type\":\"WebSite\",\"@id\":\"https:\/\/acaweb.ca\/staging\/fr\/#website\",\"url\":\"https:\/\/acaweb.ca\/staging\/fr\/\",\"name\":\"Association canadienne des annonceurs\",\"description\":\"\",\"potentialAction\":[{\"@type\":\"SearchAction\",\"target\":{\"@type\":\"EntryPoint\",\"urlTemplate\":\"https:\/\/acaweb.ca\/staging\/fr\/?s={search_term_string}\"},\"query-input\":\"required name=search_term_string\"}],\"inLanguage\":\"fr-CA\"},{\"@type\":\"CollectionPage\",\"@id\":\"#webpage\",\"url\":\"\",\"name\":\"\",\"isPartOf\":{\"@id\":\"https:\/\/acaweb.ca\/staging\/fr\/#website\"},\"breadcrumb\":{\"@id\":\"#breadcrumb\"},\"inLanguage\":\"fr-CA\",\"potentialAction\":[{\"@type\":\"ReadAction\",\"target\":[\"\"]}]},{\"@type\":\"BreadcrumbList\",\"@id\":\"#breadcrumb\",\"itemListElement\":[{\"@type\":\"ListItem\",\"position\":1,\"name\":\"Accueil\",\"item\":\"https:\/\/acaweb.ca\/staging\/fr\/\"},{\"@type\":\"ListItem\",\"position\":2,\"name\":\"\"}]}]}<\/script>\n<!-- \/ Yoast SEO plugin. -->","yoast_head_json":{"title":"Association canadienne des annonceurs","robots":{"index":"index","follow":"follow","max-snippet":"max-snippet:-1","max-image-preview":"max-image-preview:large","max-video-preview":"max-video-preview:-1"},"og_locale":"fr_CA","og_type":"article","og_site_name":"Association canadienne des annonceurs","twitter_card":"summary","schema":{"@context":"https:\/\/schema.org","@graph":[{"@type":"WebSite","@id":"https:\/\/acaweb.ca\/staging\/fr\/#website","url":"https:\/\/acaweb.ca\/staging\/fr\/","name":"Association canadienne des annonceurs","description":"","potentialAction":[{"@type":"SearchAction","target":{"@type":"EntryPoint","urlTemplate":"https:\/\/acaweb.ca\/staging\/fr\/?s={search_term_string}"},"query-input":"required name=search_term_string"}],"inLanguage":"fr-CA"},{"@type":"CollectionPage","@id":"#webpage","url":"","name":"","isPartOf":{"@id":"https:\/\/acaweb.ca\/staging\/fr\/#website"},"breadcrumb":{"@id":"#breadcrumb"},"inLanguage":"fr-CA","potentialAction":[{"@type":"ReadAction","target":[""]}]},{"@type":"BreadcrumbList","@id":"#breadcrumb","itemListElement":[{"@type":"ListItem","position":1,"name":"Accueil","item":"https:\/\/acaweb.ca\/staging\/fr\/"},{"@type":"ListItem","position":2,"name":""}]}]}},"_links":{"self":[{"href":"https:\/\/acaweb.ca\/staging\/fr\/wp-json\/wp\/v2\/pages\/6759"}],"collection":[{"href":"https:\/\/acaweb.ca\/staging\/fr\/wp-json\/wp\/v2\/pages"}],"about":[{"href":"https:\/\/acaweb.ca\/staging\/fr\/wp-json\/wp\/v2\/types\/page"}],"author":[{"embeddable":true,"href":"https:\/\/acaweb.ca\/staging\/fr\/wp-json\/wp\/v2\/users\/1"}],"replies":[{"embeddable":true,"href":"https:\/\/acaweb.ca\/staging\/fr\/wp-json\/wp\/v2\/comments?post=6759"}],"version-history":[{"count":4,"href":"https:\/\/acaweb.ca\/staging\/fr\/wp-json\/wp\/v2\/pages\/6759\/revisions"}],"predecessor-version":[{"id":6764,"href":"https:\/\/acaweb.ca\/staging\/fr\/wp-json\/wp\/v2\/pages\/6759\/revisions\/6764"}],"up":[{"embeddable":true,"href":"https:\/\/acaweb.ca\/staging\/fr\/wp-json\/wp\/v2\/pages\/52"}],"wp:featuredmedia":[{"embeddable":true,"href":"https:\/\/acaweb.ca\/staging\/fr\/wp-json\/wp\/v2\/media\/6760"}],"wp:attachment":[{"href":"https:\/\/acaweb.ca\/staging\/fr\/wp-json\/wp\/v2\/media?parent=6759"}],"curies":[{"name":"wp","href":"https:\/\/api.w.org\/{rel}","templated":true}]}}