{"id":654,"date":"2017-10-19T17:17:39","date_gmt":"2017-10-19T21:17:39","guid":{"rendered":"https:\/\/acaweb.ca\/staging\/fr\/?page_id=654"},"modified":"2021-03-31T15:34:37","modified_gmt":"2021-03-31T19:34:37","slug":"ateliers-personnalises","status":"publish","type":"page","link":"https:\/\/acaweb.ca\/staging\/fr\/formation-et-evenements\/ateliers-personnalises\/","title":{"rendered":"Ateliers personnalis\u00e9s"},"content":{"rendered":"<p>L\u2019ACA peut adapter et modifier ses cours pour r\u00e9pondre aux besoins et votre \u00e9quipe ou de votre organisation \u2013 qu\u2019il s\u2019agisse d\u2019une formation en petit groupe, d\u2019une classe de 30 personnes, d\u2019une conf\u00e9rence d\u2019une heure ou d\u2019un atelier d\u2019une journ\u00e9e avec plusieurs conf\u00e9renciers. Nous pouvons vous offrir ces ateliers \u00e0 nos locaux, \u00e0 votre bureau ou dans tout autre lieu de votre choix.<\/p>\n<p>Voici la liste des sujets \u00e0 propos desquels nos experts peuvent vous aider:<\/p>\n","protected":false},"excerpt":{"rendered":"<p>L\u2019ACA peut adapter et modifier ses cours pour r\u00e9pondre aux besoins et votre \u00e9quipe ou de votre organisation \u2013 qu\u2019il s\u2019agisse d\u2019une formation en petit groupe, d\u2019une classe de 30 personnes, d\u2019une conf\u00e9rence d\u2019une heure ou d\u2019un atelier d\u2019une journ\u00e9e avec plusieurs conf\u00e9renciers. Nous pouvons vous offrir ces ateliers \u00e0 nos locaux, \u00e0 votre bureau [&hellip;]<\/p>\n","protected":false},"author":1,"featured_media":0,"parent":337,"menu_order":0,"comment_status":"closed","ping_status":"closed","template":"custom-courses.php","meta":[],"acf":[],"yoast_head":"<!-- This site is optimized with the Yoast SEO plugin v18.1 - https:\/\/yoast.com\/wordpress\/plugins\/seo\/ -->\n<title>TVB Archives - Association canadienne des annonceurs<\/title>\n<meta name=\"robots\" content=\"index, follow, max-snippet:-1, max-image-preview:large, max-video-preview:-1\" \/>\n<link rel=\"canonical\" href=\"https:\/\/acaweb.ca\/staging\/fr\/tag\/tvb\/\" \/>\n<meta property=\"og:locale\" content=\"fr_CA\" \/>\n<meta property=\"og:type\" content=\"article\" \/>\n<meta property=\"og:title\" content=\"TVB Archives - Association canadienne des annonceurs\" \/>\n<meta property=\"og:url\" content=\"https:\/\/acaweb.ca\/staging\/fr\/tag\/tvb\/\" \/>\n<meta property=\"og:site_name\" content=\"Association canadienne des annonceurs\" \/>\n<meta name=\"twitter:card\" content=\"summary\" \/>\n<script type=\"application\/ld+json\" class=\"yoast-schema-graph\">{\"@context\":\"https:\/\/schema.org\",\"@graph\":[{\"@type\":\"WebSite\",\"@id\":\"https:\/\/acaweb.ca\/staging\/fr\/#website\",\"url\":\"https:\/\/acaweb.ca\/staging\/fr\/\",\"name\":\"Association canadienne des annonceurs\",\"description\":\"\",\"potentialAction\":[{\"@type\":\"SearchAction\",\"target\":{\"@type\":\"EntryPoint\",\"urlTemplate\":\"https:\/\/acaweb.ca\/staging\/fr\/?s={search_term_string}\"},\"query-input\":\"required name=search_term_string\"}],\"inLanguage\":\"fr-CA\"},{\"@type\":\"CollectionPage\",\"@id\":\"https:\/\/acaweb.ca\/staging\/fr\/tag\/tvb\/#webpage\",\"url\":\"https:\/\/acaweb.ca\/staging\/fr\/tag\/tvb\/\",\"name\":\"TVB Archives - Association canadienne des annonceurs\",\"isPartOf\":{\"@id\":\"https:\/\/acaweb.ca\/staging\/fr\/#website\"},\"breadcrumb\":{\"@id\":\"https:\/\/acaweb.ca\/staging\/fr\/tag\/tvb\/#breadcrumb\"},\"inLanguage\":\"fr-CA\",\"potentialAction\":[{\"@type\":\"ReadAction\",\"target\":[\"https:\/\/acaweb.ca\/staging\/fr\/tag\/tvb\/\"]}]},{\"@type\":\"BreadcrumbList\",\"@id\":\"https:\/\/acaweb.ca\/staging\/fr\/tag\/tvb\/#breadcrumb\",\"itemListElement\":[{\"@type\":\"ListItem\",\"position\":1,\"name\":\"Accueil\",\"item\":\"https:\/\/acaweb.ca\/staging\/fr\/\"},{\"@type\":\"ListItem\",\"position\":2,\"name\":\"TVB\"}]}]}<\/script>\n<!-- \/ Yoast SEO plugin. -->","yoast_head_json":{"title":"TVB Archives - Association canadienne des annonceurs","robots":{"index":"index","follow":"follow","max-snippet":"max-snippet:-1","max-image-preview":"max-image-preview:large","max-video-preview":"max-video-preview:-1"},"canonical":"https:\/\/acaweb.ca\/staging\/fr\/tag\/tvb\/","og_locale":"fr_CA","og_type":"article","og_title":"TVB Archives - Association canadienne des annonceurs","og_url":"https:\/\/acaweb.ca\/staging\/fr\/tag\/tvb\/","og_site_name":"Association canadienne des annonceurs","twitter_card":"summary","schema":{"@context":"https:\/\/schema.org","@graph":[{"@type":"WebSite","@id":"https:\/\/acaweb.ca\/staging\/fr\/#website","url":"https:\/\/acaweb.ca\/staging\/fr\/","name":"Association canadienne des annonceurs","description":"","potentialAction":[{"@type":"SearchAction","target":{"@type":"EntryPoint","urlTemplate":"https:\/\/acaweb.ca\/staging\/fr\/?s={search_term_string}"},"query-input":"required name=search_term_string"}],"inLanguage":"fr-CA"},{"@type":"CollectionPage","@id":"https:\/\/acaweb.ca\/staging\/fr\/tag\/tvb\/#webpage","url":"https:\/\/acaweb.ca\/staging\/fr\/tag\/tvb\/","name":"TVB Archives - Association canadienne des annonceurs","isPartOf":{"@id":"https:\/\/acaweb.ca\/staging\/fr\/#website"},"breadcrumb":{"@id":"https:\/\/acaweb.ca\/staging\/fr\/tag\/tvb\/#breadcrumb"},"inLanguage":"fr-CA","potentialAction":[{"@type":"ReadAction","target":["https:\/\/acaweb.ca\/staging\/fr\/tag\/tvb\/"]}]},{"@type":"BreadcrumbList","@id":"https:\/\/acaweb.ca\/staging\/fr\/tag\/tvb\/#breadcrumb","itemListElement":[{"@type":"ListItem","position":1,"name":"Accueil","item":"https:\/\/acaweb.ca\/staging\/fr\/"},{"@type":"ListItem","position":2,"name":"TVB"}]}]}},"_links":{"self":[{"href":"https:\/\/acaweb.ca\/staging\/fr\/wp-json\/wp\/v2\/pages\/654"}],"collection":[{"href":"https:\/\/acaweb.ca\/staging\/fr\/wp-json\/wp\/v2\/pages"}],"about":[{"href":"https:\/\/acaweb.ca\/staging\/fr\/wp-json\/wp\/v2\/types\/page"}],"author":[{"embeddable":true,"href":"https:\/\/acaweb.ca\/staging\/fr\/wp-json\/wp\/v2\/users\/1"}],"replies":[{"embeddable":true,"href":"https:\/\/acaweb.ca\/staging\/fr\/wp-json\/wp\/v2\/comments?post=654"}],"version-history":[{"count":2,"href":"https:\/\/acaweb.ca\/staging\/fr\/wp-json\/wp\/v2\/pages\/654\/revisions"}],"predecessor-version":[{"id":4800,"href":"https:\/\/acaweb.ca\/staging\/fr\/wp-json\/wp\/v2\/pages\/654\/revisions\/4800"}],"up":[{"embeddable":true,"href":"https:\/\/acaweb.ca\/staging\/fr\/wp-json\/wp\/v2\/pages\/337"}],"wp:attachment":[{"href":"https:\/\/acaweb.ca\/staging\/fr\/wp-json\/wp\/v2\/media?parent=654"}],"curies":[{"name":"wp","href":"https:\/\/api.w.org\/{rel}","templated":true}]}}