{"id":3898,"date":"2019-08-21T15:13:35","date_gmt":"2019-08-21T19:13:35","guid":{"rendered":"https:\/\/acaweb.ca\/staging\/fr\/?page_id=3898"},"modified":"2019-09-09T12:06:19","modified_gmt":"2019-09-09T16:06:19","slug":"le-memoire-de-laca-au-cpvpc-sur-le-transfert-de-donnees-outre-frontiere","status":"publish","type":"page","link":"https:\/\/acaweb.ca\/staging\/fr\/a-propos-de-nous\/ressources-pour-les-medias\/le-memoire-de-laca-au-cpvpc-sur-le-transfert-de-donnees-outre-frontiere\/","title":{"rendered":"Le m\u00e9moire de l\u2019ACA au CPVPC sur le transfert de donn\u00e9es outre-fronti\u00e8re."},"content":{"rendered":"<p><strong>Toronto, le 22 ao\u00fbt 2019 :<\/strong> L\u2019ACA a soumis r\u00e9cemment au Commissariat \u00e0 la protection de la vie priv\u00e9e du Canada ses commentaires sur les flux de donn\u00e9es transfrontaliers.<\/p>\n<p>Le CPVPC partait de sa d\u00e9cision concernant les fuites de donn\u00e9es chez Equifax pour lancer des consultations au sujet de la n\u00e9cessit\u00e9 d\u2019obtenir un consentement pour le transfert de donn\u00e9es outre-fronti\u00e8re. L\u2019industrie d\u00e9nonce unanimement cette nouvelle interpr\u00e9tation de la LPRPDE comme une exag\u00e9ration importante de la part du commissariat.<\/p>\n<p>Les principaux sujets abord\u00e9s par notre m\u00e9moire :<\/p>\n<ul>\n<li>L\u2019interpr\u00e9tation du mot \u00ab transfert \u00bb comme une \u00ab divulgation \u00bb, et ses cons\u00e9quences sur les liens entre annonceurs et donn\u00e9es;<\/li>\n<li>La remise en question de l\u2019obligation pour les annonceurs d\u2019avertir les gens des \u00ab risques associ\u00e9s \u00bb \u00e0 un flux de donn\u00e9es outre-fronti\u00e8re;<\/li>\n<li>Le risque de voir les exigences pour obtenir un consentement devenir si lourdes qu\u2019un tel consentement n\u2019ait plus de sens.<\/li>\n<\/ul>\n<p><a href=\"https:\/\/acaweb.ca\/staging\/fr\/wp-content\/uploads\/sites\/3\/2019\/08\/2019-08-20_ACA-OPC-Submission-Cross-Border-data-flows_FR.pdf\" rel=\"noopener noreferrer\" target=\"_blank\">Lire la lettre<\/a><\/p>\n<p>Pour toute question \u00e0 ce propos, communiquez avec Chris Williams, notre vice-pr\u00e9sident, Marketing num\u00e9rique \u00e0 <a href=\"mailto:cwilliams@acaweb.ca\" rel=\"noopener noreferrer\" target=\"_blank\">cwilliams@acaweb.ca<\/a> ou avec Patrick Hotte, notre vice-pr\u00e9sident Qu\u00e9bec \u00e0 <a href=\"mailto:photte@acaweb.ca\" rel=\"noopener noreferrer\" target=\"_blank\">photte@acaweb.ca<\/a>.<\/p>\n","protected":false},"excerpt":{"rendered":"<p>Les m\u00e9dias devraient transmettre toutes leurs demandes \u00e0 : <\/p>\n<p><a href=\"mailto:jyared@acaweb.ca\">Jessica Yared<\/a><br \/>\nGestionnaire, Marketing num\u00e9rique<br \/>\n416-964-3805 poste 1006<\/p>\n","protected":false},"author":1,"featured_media":0,"parent":52,"menu_order":0,"comment_status":"closed","ping_status":"closed","template":"","meta":[],"acf":[],"yoast_head":"<!-- This site is optimized with the Yoast SEO plugin v18.1 - https:\/\/yoast.com\/wordpress\/plugins\/seo\/ -->\n<title>Association canadienne des annonceurs<\/title>\n<meta name=\"robots\" content=\"index, follow, max-snippet:-1, max-image-preview:large, max-video-preview:-1\" \/>\n<meta property=\"og:locale\" content=\"fr_CA\" \/>\n<meta property=\"og:type\" content=\"article\" \/>\n<meta property=\"og:site_name\" content=\"Association canadienne des annonceurs\" \/>\n<meta name=\"twitter:card\" content=\"summary\" \/>\n<script type=\"application\/ld+json\" class=\"yoast-schema-graph\">{\"@context\":\"https:\/\/schema.org\",\"@graph\":[{\"@type\":\"WebSite\",\"@id\":\"https:\/\/acaweb.ca\/staging\/fr\/#website\",\"url\":\"https:\/\/acaweb.ca\/staging\/fr\/\",\"name\":\"Association canadienne des annonceurs\",\"description\":\"\",\"potentialAction\":[{\"@type\":\"SearchAction\",\"target\":{\"@type\":\"EntryPoint\",\"urlTemplate\":\"https:\/\/acaweb.ca\/staging\/fr\/?s={search_term_string}\"},\"query-input\":\"required name=search_term_string\"}],\"inLanguage\":\"fr-CA\"},{\"@type\":\"CollectionPage\",\"@id\":\"#webpage\",\"url\":\"\",\"name\":\"\",\"isPartOf\":{\"@id\":\"https:\/\/acaweb.ca\/staging\/fr\/#website\"},\"breadcrumb\":{\"@id\":\"#breadcrumb\"},\"inLanguage\":\"fr-CA\",\"potentialAction\":[{\"@type\":\"ReadAction\",\"target\":[\"\"]}]},{\"@type\":\"BreadcrumbList\",\"@id\":\"#breadcrumb\",\"itemListElement\":[{\"@type\":\"ListItem\",\"position\":1,\"name\":\"Accueil\",\"item\":\"https:\/\/acaweb.ca\/staging\/fr\/\"},{\"@type\":\"ListItem\",\"position\":2,\"name\":\"\"}]}]}<\/script>\n<!-- \/ Yoast SEO plugin. -->","yoast_head_json":{"title":"Association canadienne des annonceurs","robots":{"index":"index","follow":"follow","max-snippet":"max-snippet:-1","max-image-preview":"max-image-preview:large","max-video-preview":"max-video-preview:-1"},"og_locale":"fr_CA","og_type":"article","og_site_name":"Association canadienne des annonceurs","twitter_card":"summary","schema":{"@context":"https:\/\/schema.org","@graph":[{"@type":"WebSite","@id":"https:\/\/acaweb.ca\/staging\/fr\/#website","url":"https:\/\/acaweb.ca\/staging\/fr\/","name":"Association canadienne des annonceurs","description":"","potentialAction":[{"@type":"SearchAction","target":{"@type":"EntryPoint","urlTemplate":"https:\/\/acaweb.ca\/staging\/fr\/?s={search_term_string}"},"query-input":"required name=search_term_string"}],"inLanguage":"fr-CA"},{"@type":"CollectionPage","@id":"#webpage","url":"","name":"","isPartOf":{"@id":"https:\/\/acaweb.ca\/staging\/fr\/#website"},"breadcrumb":{"@id":"#breadcrumb"},"inLanguage":"fr-CA","potentialAction":[{"@type":"ReadAction","target":[""]}]},{"@type":"BreadcrumbList","@id":"#breadcrumb","itemListElement":[{"@type":"ListItem","position":1,"name":"Accueil","item":"https:\/\/acaweb.ca\/staging\/fr\/"},{"@type":"ListItem","position":2,"name":""}]}]}},"_links":{"self":[{"href":"https:\/\/acaweb.ca\/staging\/fr\/wp-json\/wp\/v2\/pages\/3898"}],"collection":[{"href":"https:\/\/acaweb.ca\/staging\/fr\/wp-json\/wp\/v2\/pages"}],"about":[{"href":"https:\/\/acaweb.ca\/staging\/fr\/wp-json\/wp\/v2\/types\/page"}],"author":[{"embeddable":true,"href":"https:\/\/acaweb.ca\/staging\/fr\/wp-json\/wp\/v2\/users\/1"}],"replies":[{"embeddable":true,"href":"https:\/\/acaweb.ca\/staging\/fr\/wp-json\/wp\/v2\/comments?post=3898"}],"version-history":[{"count":6,"href":"https:\/\/acaweb.ca\/staging\/fr\/wp-json\/wp\/v2\/pages\/3898\/revisions"}],"predecessor-version":[{"id":3917,"href":"https:\/\/acaweb.ca\/staging\/fr\/wp-json\/wp\/v2\/pages\/3898\/revisions\/3917"}],"up":[{"embeddable":true,"href":"https:\/\/acaweb.ca\/staging\/fr\/wp-json\/wp\/v2\/pages\/52"}],"wp:attachment":[{"href":"https:\/\/acaweb.ca\/staging\/fr\/wp-json\/wp\/v2\/media?parent=3898"}],"curies":[{"name":"wp","href":"https:\/\/api.w.org\/{rel}","templated":true}]}}