{"id":341,"date":"2017-10-01T15:10:50","date_gmt":"2017-10-01T19:10:50","guid":{"rendered":"https:\/\/acaweb.ca\/staging\/fr\/?page_id=341"},"modified":"2023-09-25T10:11:06","modified_gmt":"2023-09-25T14:11:06","slug":"publicite-responsable-sadressant-aux-enfants","status":"publish","type":"page","link":"https:\/\/acaweb.ca\/staging\/fr\/leadership\/initiatives-actuelles\/publicite-responsable-sadressant-aux-enfants\/","title":{"rendered":"Publicit\u00e9 responsable s\u2019adressant aux enfants"},"content":{"rendered":"<p>Les annonceurs abordent le sujet de la publicit\u00e9 s\u2019adressant aux enfants avec circonspection, en fonction des r\u00e8gles les plus rigoureuses et un maximum d\u2019imputabilit\u00e9. On consid\u00e8re dans le monde entier que le Canada poss\u00e8de l\u2019un des syst\u00e8mes de codes et de normes de pratiques responsables en mati\u00e8re de publicit\u00e9 responsable s\u2019adressant aux enfants les plus complets. L\u2019ACA soutient \u00e9nergiquement le syst\u00e8me d\u2019autor\u00e9gulation de la publicit\u00e9 au pays et souhaite s\u2019engager davantage.<\/p>\n<p>Ce syst\u00e8me comporte deux volets essentiels :<\/p>\n<ol>\n<li><a href=\"https:\/\/adstandards.ca\/fr\/preapprobation\/code-aux-enfants\/\" target=\"_blank\" rel=\"noopener noreferrer\">Le code la publicit\u00e9 radiot\u00e9l\u00e9vis\u00e9e destin\u00e9e aux enfants<\/a><\/li>\n<li><a href=\"https:\/\/adstandards.ca\/fr\/code-canadien\/\" target=\"_blank\" rel=\"noopener noreferrer\">Le code canadien des normes de la publicit\u00e9<\/a><\/li>\n<\/ol>\n<p>Il est important de noter que la province de Qu\u00e9bec dispose d\u2019une r\u00e8glementation s\u00e9par\u00e9e concernant la publicit\u00e9 destin\u00e9e aux enfants en vertu de la Loi sur la protection du consommateur. Celle-ci interdit toute publicit\u00e9 \u00e0 but commercial destin\u00e9e aux enfants \u00e2g\u00e9s de moins de 13 ans.<\/p>\n<p>T\u00e9l\u00e9charger le <a href=\"https:\/\/cdn.opc.gouv.qc.ca\/media\/documents\/consommateur\/bien-service\/index-sujet\/guide-application.pdf?1379440600\" target=\"_blank\" rel=\"noopener noreferrer\">Guide<\/a> de cette loi.<\/p>\n<h3>Action courante<\/h3>\n<p>En 2016, la s\u00e9natrice Nancy Greene Raine a pr\u00e9sent\u00e9 la <em>Loi sur la protection de la sant\u00e9 des enfants (projet de loi S-228)<\/em>, une loi qui visait \u00e0 restreindre la publicit\u00e9 d\u2019aliments et de boissons destin\u00e9s aux enfants. Malheureusement, celle-ci mena\u00e7ait \u00e9galement de restreindre la publicit\u00e9 d\u2019aliments et de boissons destin\u00e9s aux adultes. Qui plus est, le projet de loi m\u00e9prisait plusieurs de ces aliments et boissons et les d\u00e9finissait comme \u00e9tant malsains. En 2019, apr\u00e8s presque trois ans de lobbying par l\u2019ACA et d\u2019autres intervenants de l\u2019industrie, le projet de loi a \u00e9t\u00e9 rejet\u00e9. Lisez <a href=\"https:\/\/acaweb.ca\/staging\/fr\/leadership\/etudes-de-cas\/\" target=\"_blank\" rel=\"noopener noreferrer\">l\u2019\u00e9tude de cas<\/a> pour conna\u00eetre tous les d\u00e9tails.<\/p>\n<p>Nous partageons l\u2019objectif du gouvernement de lutter contre l\u2019ob\u00e9sit\u00e9 juv\u00e9nile au Canada. Bien que le projet de loi S-228 n\u2019ait pas \u00e9t\u00e9 adopt\u00e9, l\u2019ACA a travaill\u00e9 intensivement avec ses autres partenaires de la coalition de l\u2019industrie des aliments et des boissons (Produits alimentaires, de sant\u00e9 et de consommation du Canada, Association canadienne des boissons et Restaurants Canada), ainsi qu\u2019avec le gouvernement et un groupe diversifi\u00e9 d\u2019intervenants, aux fins d\u2019\u00e9laborer et de lancer en juin 2021 <em>le code et le guide des pratiques responsables en mati\u00e8re de publicit\u00e9 sur les aliments et les boissons destin\u00e9e aux enfants<\/em> (le \u00ab Code \u00bb et le \u00ab Guide \u00bb) qui fixent les r\u00e8gles pour les annonceurs de produits alimentaires et de boissons et exigent une approche responsable face aux auditoires compos\u00e9s d\u2019enfants.<\/p>\n<p>En vertu de cette nouvelle norme, seuls les aliments qui satisfont \u00e0 des crit\u00e8res nutritionnels sp\u00e9cifiques peuvent \u00eatre annonc\u00e9s d\u2019une mani\u00e8re qui s\u2019adresse principalement aux enfants de moins de 13 ans.<\/p>\n<p>D\u00e8s le 28 juin 2023, les Normes de la publicit\u00e9 mettront pleinement en \u0153uvre leur rigoureux m\u00e9canisme de pr\u00e9approbation pr\u00e9vu en vertu du Code et du Guide. Les annonceurs sont encourag\u00e9s \u00e0 soumettre toutes les publicit\u00e9s sur les aliments et les boissons, peu importe le m\u00e9dia, au processus d\u2019examen et de pr\u00e9approbation des Normes de la publicit\u00e9, dans la mesure o\u00f9 ces publicit\u00e9s pourraient raisonnablement \u00eatre consid\u00e9r\u00e9es comme \u00e9tant principalement destin\u00e9es aux enfants.<\/p>\n<p>Pour d\u00e9terminer si une publicit\u00e9 est destin\u00e9e principalement aux enfants, les Normes de la publicit\u00e9 tiendront compte de trois crit\u00e8res : (a) la nature et la destination du produit alimentaire ou de la boisson annonc\u00e9s, (b) la mani\u00e8re de pr\u00e9senter le message publicitaire, et (c) le moment et l\u2019endroit o\u00f9 il sera diffus\u00e9. La pr\u00e9approbation est accessible non seulement aux membres des Normes de la publicit\u00e9 et aux intervenants responsables de l\u2019\u00e9laboration du code et du guide, mais \u00e9galement \u00e0 tous les annonceurs.<\/p>\n<p>Les Normes de la publicit\u00e9 feront \u00e9galement respecter le Code et le Guide par le biais d\u2019un m\u00e9canisme fond\u00e9 sur les plaintes applicable \u00e0 tous les annonceurs, y compris les non-signataires du Code et du Guide et les non-membres des Normes de la publicit\u00e9. Si une publicit\u00e9 a \u00e9t\u00e9 pr\u00e9approuv\u00e9e par les Normes de la publicit\u00e9 en vertu du Code et du Guide, le plaignant sera inform\u00e9 de la conformit\u00e9 de cette publicit\u00e9, et aucune autre mesure ne sera prise.<\/p>\n<h3>Ressources<\/h3>\n<p><a href=\"https:\/\/acaweb.ca\/staging\/fr\/wp-content\/uploads\/sites\/3\/2022\/08\/FoodAndBeverageAdvertisingCode-FR20220804.pdf\" target=\"_blank\" rel=\"noopener\">Code des pratiques responsables en mati\u00e8re de publicit\u00e9 sur les aliments et les boissons destin\u00e9e aux enfants<\/a><br \/>\n<a href=\"https:\/\/acaweb.ca\/staging\/fr\/wp-content\/uploads\/sites\/3\/2022\/08\/FoodAndBeverageAdvertisingGuide-FR20220808.pdf\" target=\"_blank\" rel=\"noopener\">Guide des pratiques responsables en mati\u00e8re de publicit\u00e9 sur les aliments et les boissons destin\u00e9e aux enfants<\/a><br \/>\n<a href=\"https:\/\/adstandards.ca\/fr\/preapprobation\/publicite-aliments-boissons-destinee-enfants\/\" rel=\"noopener\" target=\"_blank\">Les Normes de la publicit\u00e9 : Approbation pour des pratiques responsables de la publicit\u00e9 sur les aliments et les boissons destin\u00e9e aux enfants<\/a><br \/>\n<a href=\"https:\/\/adstandards.ca\/fr\/plaintes\/traitement-des-plaintes-publicite-aliments-boissons-destinee-aux-enfants\/\" rel=\"noopener\" target=\"_blank\">Les Normes de la publicit\u00e9 : Proc\u00e9dure de traitement des plaintes des consommateurs \u00e0 l\u2019encontre de la publicit\u00e9 sur les aliments et les boissons destin\u00e9e aux enfants<\/a><\/p>\n<h3>Info-annonceurs<\/h3>\n<div class=\"keyBullets\">\n<p><img decoding=\"async\" loading=\"lazy\" class=\"alignleft size-full wp-image-3417\" style=\"margin-right: 1em;\" src=\"https:\/\/acaweb.ca\/staging\/en\/wp-content\/uploads\/sites\/2\/2018\/02\/key-green-whitesp.png\" alt=\"members only\" width=\"30\" height=\"15\" \/><em>Ce symbole signifie que vous devez \u00eatre membre de l\u2019ACA pour acc\u00e9der \u00e0 ce contenu.<\/em><br \/>\n(26 juin 2023) <a class=\"\" href=\"https:\/\/imis.acaweb.ca\/aca\/acafr\/portail\/Sign_In.aspx?returnurl=\/aca\/Custom\/Relay.aspx?nextUrl=https:\/\/acaweb.ca\/staging\/fr\/wp-json\/wp\/v2\/pages\/341?login=true\">De nouvelles restrictions sur la publicit\u00e9 destin\u00e9e aux enfants entrent en vigueur le 28 juin<\/a> <img decoding=\"async\" loading=\"lazy\" class=\"alignleft size-full wp-image-3417\" style=\"margin-right: 1em;\" src=\"https:\/\/acaweb.ca\/staging\/en\/wp-content\/uploads\/sites\/2\/2018\/02\/key-green-whitesp.png\" alt=\"members only\" width=\"30\" height=\"15\" \/><br \/>\n(28 juin 2021) <a class=\"\" href=\"https:\/\/imis.acaweb.ca\/aca\/acafr\/portail\/Sign_In.aspx?returnurl=\/aca\/Custom\/Relay.aspx?nextUrl=https:\/\/acaweb.ca\/staging\/fr\/wp-json\/wp\/v2\/pages\/341?login=true\">Publicit\u00e9 destin\u00e9e aux enfants : code et guide nationaux nouveaux pour les annonceurs<\/a> <img decoding=\"async\" loading=\"lazy\" class=\"alignleft size-full wp-image-3417\" style=\"margin-right: 1em;\" src=\"https:\/\/acaweb.ca\/staging\/en\/wp-content\/uploads\/sites\/2\/2018\/02\/key-green-whitesp.png\" alt=\"members only\" width=\"30\" height=\"15\" \/><br \/>\n(20 f\u00e9vrier 2020) <a class=\"\" href=\"https:\/\/imis.acaweb.ca\/aca\/acafr\/portail\/Sign_In.aspx?returnurl=\/aca\/Custom\/Relay.aspx?nextUrl=https:\/\/acaweb.ca\/staging\/fr\/wp-json\/wp\/v2\/pages\/341?login=true\">Le rapport de l\u2019OMS sur la sant\u00e9 des enfants cible la publicit\u00e9<\/a><img decoding=\"async\" loading=\"lazy\" class=\"alignleft size-full wp-image-3417\" style=\"margin-right: 1em;\" src=\"https:\/\/acaweb.ca\/staging\/en\/wp-content\/uploads\/sites\/2\/2018\/02\/key-green-whitesp.png\" alt=\"members only\" width=\"30\" height=\"15\" \/><\/p>\n<\/div>\n<h3>Communiqu\u00e9s de presse<\/h3>\n<p>(27 juin 2023) <a href=\"https:\/\/acaweb.ca\/staging\/fr\/a-propos-de-nous\/ressources-pour-les-medias\/nouvelles-restrictions-relativement-a-la-publicite-sur-les-aliments-destinee-aux-enfants-entrant-en-vigueur-le-28-juin\/\">Nouvelles restrictions relativement \u00e0 la publicit\u00e9 sur les aliments destin\u00e9e aux enfants entrant en vigueur le 28 juin<\/a><br \/>\n(28 juin 2021) <a href=\"https:\/\/acaweb.ca\/staging\/fr\/a-propos-de-nous\/ressources-pour-les-medias\/le-milieu-de-la-publicite-adopte-un-nouveau-code-et-guide-qui-viendront-encadrer-les-pratiques-en-matiere-de-publicite-sur-les-aliments-et-les-boissons\" target=\"_blank\" rel=\"noopener\">Le milieu de la publicit\u00e9 s\u2019engage \u00e0 atteindre les objectifs du gouvernement en mati\u00e8re de publicit\u00e9 destin\u00e9e aux enfants gr\u00e2ce \u00e0 un code et un guide nouveaux<\/a><\/p>\n<h3>Couverture dans les m\u00e9dias<\/h3>\n<p>(9 juillet 2021) iPolitics: <a href=\"https:\/\/ipolitics.ca\/2021\/07\/09\/the-sprout-food-beverage-industry-restricting-junk-food-advertising\/\" target=\"_blank\" rel=\"noopener\">The Sprout: Food, beverage industry restricting junk-food advertising<\/a><br \/>\n(9 juillet 2021) strategy: <a href=\"https:\/\/strategyonline.ca\/2021\/07\/09\/food-and-beverage-associations-adopt-code-for-advertising-to-kids\/\" target=\"_blank\" rel=\"noopener\">Food and beverage associations adopt code for advertising to kids<\/a><br \/>\n(4 juin 2019) Globe and Mail: <a href=\"https:\/\/www.theglobeandmail.com\/politics\/article-senators-working-to-block-bill-that-restricts-food-and-drink-ads-aimed\/\" target=\"_blank\" rel=\"noopener noreferrer\">Senators working to block bill that restricts food and drink ads aimed at children<\/a><\/p>\n","protected":false},"excerpt":{"rendered":"<p>Le milieu se dote d\u2019un code et d\u2019un guide nouveaux pour la publicit\u00e9 destin\u00e9e aux enfants au Canada. Les annonceurs peuvent les t\u00e9l\u00e9charger ici.<\/p>\n","protected":false},"author":2,"featured_media":6011,"parent":340,"menu_order":227,"comment_status":"closed","ping_status":"closed","template":"leadership-grandchild.php","meta":[],"acf":[],"yoast_head":"<!-- This site is optimized with the Yoast SEO plugin v18.1 - https:\/\/yoast.com\/wordpress\/plugins\/seo\/ -->\n<title>GroupM Archives - Association canadienne des annonceurs<\/title>\n<meta name=\"robots\" content=\"index, follow, max-snippet:-1, max-image-preview:large, max-video-preview:-1\" \/>\n<link rel=\"canonical\" href=\"https:\/\/acaweb.ca\/staging\/fr\/tag\/groupm\/\" \/>\n<meta property=\"og:locale\" content=\"fr_CA\" \/>\n<meta property=\"og:type\" content=\"article\" \/>\n<meta property=\"og:title\" content=\"GroupM Archives - Association canadienne des annonceurs\" \/>\n<meta property=\"og:url\" content=\"https:\/\/acaweb.ca\/staging\/fr\/tag\/groupm\/\" \/>\n<meta property=\"og:site_name\" content=\"Association canadienne des annonceurs\" \/>\n<meta name=\"twitter:card\" content=\"summary\" \/>\n<script type=\"application\/ld+json\" class=\"yoast-schema-graph\">{\"@context\":\"https:\/\/schema.org\",\"@graph\":[{\"@type\":\"WebSite\",\"@id\":\"https:\/\/acaweb.ca\/staging\/fr\/#website\",\"url\":\"https:\/\/acaweb.ca\/staging\/fr\/\",\"name\":\"Association canadienne des annonceurs\",\"description\":\"\",\"potentialAction\":[{\"@type\":\"SearchAction\",\"target\":{\"@type\":\"EntryPoint\",\"urlTemplate\":\"https:\/\/acaweb.ca\/staging\/fr\/?s={search_term_string}\"},\"query-input\":\"required name=search_term_string\"}],\"inLanguage\":\"fr-CA\"},{\"@type\":\"CollectionPage\",\"@id\":\"https:\/\/acaweb.ca\/staging\/fr\/tag\/groupm\/#webpage\",\"url\":\"https:\/\/acaweb.ca\/staging\/fr\/tag\/groupm\/\",\"name\":\"GroupM Archives - Association canadienne des annonceurs\",\"isPartOf\":{\"@id\":\"https:\/\/acaweb.ca\/staging\/fr\/#website\"},\"breadcrumb\":{\"@id\":\"https:\/\/acaweb.ca\/staging\/fr\/tag\/groupm\/#breadcrumb\"},\"inLanguage\":\"fr-CA\",\"potentialAction\":[{\"@type\":\"ReadAction\",\"target\":[\"https:\/\/acaweb.ca\/staging\/fr\/tag\/groupm\/\"]}]},{\"@type\":\"BreadcrumbList\",\"@id\":\"https:\/\/acaweb.ca\/staging\/fr\/tag\/groupm\/#breadcrumb\",\"itemListElement\":[{\"@type\":\"ListItem\",\"position\":1,\"name\":\"Accueil\",\"item\":\"https:\/\/acaweb.ca\/staging\/fr\/\"},{\"@type\":\"ListItem\",\"position\":2,\"name\":\"GroupM\"}]}]}<\/script>\n<!-- \/ Yoast SEO plugin. -->","yoast_head_json":{"title":"GroupM Archives - Association canadienne des annonceurs","robots":{"index":"index","follow":"follow","max-snippet":"max-snippet:-1","max-image-preview":"max-image-preview:large","max-video-preview":"max-video-preview:-1"},"canonical":"https:\/\/acaweb.ca\/staging\/fr\/tag\/groupm\/","og_locale":"fr_CA","og_type":"article","og_title":"GroupM Archives - Association canadienne des annonceurs","og_url":"https:\/\/acaweb.ca\/staging\/fr\/tag\/groupm\/","og_site_name":"Association canadienne des annonceurs","twitter_card":"summary","schema":{"@context":"https:\/\/schema.org","@graph":[{"@type":"WebSite","@id":"https:\/\/acaweb.ca\/staging\/fr\/#website","url":"https:\/\/acaweb.ca\/staging\/fr\/","name":"Association canadienne des annonceurs","description":"","potentialAction":[{"@type":"SearchAction","target":{"@type":"EntryPoint","urlTemplate":"https:\/\/acaweb.ca\/staging\/fr\/?s={search_term_string}"},"query-input":"required name=search_term_string"}],"inLanguage":"fr-CA"},{"@type":"CollectionPage","@id":"https:\/\/acaweb.ca\/staging\/fr\/tag\/groupm\/#webpage","url":"https:\/\/acaweb.ca\/staging\/fr\/tag\/groupm\/","name":"GroupM Archives - Association canadienne des annonceurs","isPartOf":{"@id":"https:\/\/acaweb.ca\/staging\/fr\/#website"},"breadcrumb":{"@id":"https:\/\/acaweb.ca\/staging\/fr\/tag\/groupm\/#breadcrumb"},"inLanguage":"fr-CA","potentialAction":[{"@type":"ReadAction","target":["https:\/\/acaweb.ca\/staging\/fr\/tag\/groupm\/"]}]},{"@type":"BreadcrumbList","@id":"https:\/\/acaweb.ca\/staging\/fr\/tag\/groupm\/#breadcrumb","itemListElement":[{"@type":"ListItem","position":1,"name":"Accueil","item":"https:\/\/acaweb.ca\/staging\/fr\/"},{"@type":"ListItem","position":2,"name":"GroupM"}]}]}},"_links":{"self":[{"href":"https:\/\/acaweb.ca\/staging\/fr\/wp-json\/wp\/v2\/pages\/341"}],"collection":[{"href":"https:\/\/acaweb.ca\/staging\/fr\/wp-json\/wp\/v2\/pages"}],"about":[{"href":"https:\/\/acaweb.ca\/staging\/fr\/wp-json\/wp\/v2\/types\/page"}],"author":[{"embeddable":true,"href":"https:\/\/acaweb.ca\/staging\/fr\/wp-json\/wp\/v2\/users\/2"}],"replies":[{"embeddable":true,"href":"https:\/\/acaweb.ca\/staging\/fr\/wp-json\/wp\/v2\/comments?post=341"}],"version-history":[{"count":27,"href":"https:\/\/acaweb.ca\/staging\/fr\/wp-json\/wp\/v2\/pages\/341\/revisions"}],"predecessor-version":[{"id":7153,"href":"https:\/\/acaweb.ca\/staging\/fr\/wp-json\/wp\/v2\/pages\/341\/revisions\/7153"}],"up":[{"embeddable":true,"href":"https:\/\/acaweb.ca\/staging\/fr\/wp-json\/wp\/v2\/pages\/340"}],"wp:featuredmedia":[{"embeddable":true,"href":"https:\/\/acaweb.ca\/staging\/fr\/wp-json\/wp\/v2\/media\/6011"}],"wp:attachment":[{"href":"https:\/\/acaweb.ca\/staging\/fr\/wp-json\/wp\/v2\/media?parent=341"}],"curies":[{"name":"wp","href":"https:\/\/api.w.org\/{rel}","templated":true}]}}