{"id":31,"date":"2017-10-06T11:46:41","date_gmt":"2017-10-06T15:46:41","guid":{"rendered":"https:\/\/acaweb.ca\/staging\/fr\/?page_id=31"},"modified":"2023-11-24T12:42:34","modified_gmt":"2023-11-24T17:42:34","slug":"conseil","status":"publish","type":"page","link":"https:\/\/acaweb.ca\/staging\/fr\/a-propos-de-nous\/conseil\/","title":{"rendered":"Conseil"},"content":{"rendered":"<h2>Conseil d&rsquo;administration 2022-2023<\/h2>\n<p>L\u2019ACA est dirig\u00e9e par un conseil d\u2019administration form\u00e9 de repr\u00e9sentants des entreprises membres de l\u2019Association. Ces chefs de file travaillent sans compter pour r\u00e9aliser l\u2019ensemble des projets \u00e0 l\u2019agenda du Conseil. La valeur de cette contribution est inestimable et le personnel de l\u2019ACA, tout comme ses membres, leur en est grandement reconnaissant.<\/p>\n<p><strong>Pr\u00e9sident : Moya Brown<\/strong><br \/>\nVice-pr\u00e9sidente principale, strat\u00e9gie de marque et exp\u00e9rience | IG Wealth Management<\/p>\n<p><strong>Michele Beaulieu<\/strong><br \/>\nDirectrice M\u00e9dia | Subway<\/p>\n<p><strong>Tracey Cooke<\/strong><br \/>\nVice-pr\u00e9sidente, marketing et communication | Nestl\u00e9 Canada<\/p>\n<p><strong>Laura Cutsey<\/strong><br \/>\nDirectrice de groupe, Marketing &#8211; Canada et Nord-Est des \u00c9tats-Unis | La soci\u00e9t\u00e9 Coca-Cola<\/p>\n<p><strong>Rob Daintree<\/strong><br \/>\nDirecteur, Communications marketing, divertissement et Maison connect\u00e9e | TELUS<\/p>\n<p><strong>D&rsquo;Arcy Finley<\/strong><br \/>\nVice-pr\u00e9sident, marketing | Aliments Maple Leaf Inc.<\/p>\n<p><strong>Jennifer Lo<\/strong><br \/>\nVice-pr\u00e9sidente, marketing | Les Produits de consommation Irving<\/p>\n<p><strong>Andrew Oosterhuis<\/strong><br \/>\nVice-pr\u00e9sident, marketing, Canada | Brasseries Labatt du Canada \u2013 AB InBev<\/p>\n<p><strong>Jennifer Seiler<\/strong><br \/>\nVice-pr\u00e9sidente principale, Marketing | P&amp;G Canada<\/p>\n<p><!--<strong>Rebecca Wu<\/strong>\nDirectrice nationale, Marketing, Toyota Canada inc.--><\/p>\n<p><strong>Ron Lund<\/strong><br \/>\nPr\u00e9sident et chef de la direction | Association canadienne des annonceurs<\/p>\n","protected":false},"excerpt":{"rendered":"<p>Conseil d&rsquo;administration 2022-2023 L\u2019ACA est dirig\u00e9e par un conseil d\u2019administration form\u00e9 de repr\u00e9sentants des entreprises membres de l\u2019Association. Ces chefs de file travaillent sans compter pour r\u00e9aliser l\u2019ensemble des projets \u00e0 l\u2019agenda du Conseil. La valeur de cette contribution est inestimable et le personnel de l\u2019ACA, tout comme ses membres, leur en est grandement reconnaissant. [&hellip;]<\/p>\n","protected":false},"author":1,"featured_media":0,"parent":9,"menu_order":0,"comment_status":"closed","ping_status":"closed","template":"","meta":[],"acf":[],"yoast_head":"<!-- This site is optimized with the Yoast SEO plugin v18.1 - https:\/\/yoast.com\/wordpress\/plugins\/seo\/ -->\n<title>aca Archives - Association canadienne des annonceurs<\/title>\n<meta name=\"robots\" content=\"index, follow, max-snippet:-1, max-image-preview:large, max-video-preview:-1\" \/>\n<link rel=\"canonical\" href=\"https:\/\/acaweb.ca\/staging\/fr\/tag\/aca\/\" \/>\n<meta property=\"og:locale\" content=\"fr_CA\" \/>\n<meta property=\"og:type\" content=\"article\" \/>\n<meta property=\"og:title\" content=\"aca Archives - Association canadienne des annonceurs\" \/>\n<meta property=\"og:url\" content=\"https:\/\/acaweb.ca\/staging\/fr\/tag\/aca\/\" \/>\n<meta property=\"og:site_name\" content=\"Association canadienne des annonceurs\" \/>\n<meta name=\"twitter:card\" content=\"summary\" \/>\n<script type=\"application\/ld+json\" class=\"yoast-schema-graph\">{\"@context\":\"https:\/\/schema.org\",\"@graph\":[{\"@type\":\"WebSite\",\"@id\":\"https:\/\/acaweb.ca\/staging\/fr\/#website\",\"url\":\"https:\/\/acaweb.ca\/staging\/fr\/\",\"name\":\"Association canadienne des annonceurs\",\"description\":\"\",\"potentialAction\":[{\"@type\":\"SearchAction\",\"target\":{\"@type\":\"EntryPoint\",\"urlTemplate\":\"https:\/\/acaweb.ca\/staging\/fr\/?s={search_term_string}\"},\"query-input\":\"required name=search_term_string\"}],\"inLanguage\":\"fr-CA\"},{\"@type\":\"CollectionPage\",\"@id\":\"https:\/\/acaweb.ca\/staging\/fr\/tag\/aca\/#webpage\",\"url\":\"https:\/\/acaweb.ca\/staging\/fr\/tag\/aca\/\",\"name\":\"aca Archives - Association canadienne des annonceurs\",\"isPartOf\":{\"@id\":\"https:\/\/acaweb.ca\/staging\/fr\/#website\"},\"breadcrumb\":{\"@id\":\"https:\/\/acaweb.ca\/staging\/fr\/tag\/aca\/#breadcrumb\"},\"inLanguage\":\"fr-CA\",\"potentialAction\":[{\"@type\":\"ReadAction\",\"target\":[\"https:\/\/acaweb.ca\/staging\/fr\/tag\/aca\/\"]}]},{\"@type\":\"BreadcrumbList\",\"@id\":\"https:\/\/acaweb.ca\/staging\/fr\/tag\/aca\/#breadcrumb\",\"itemListElement\":[{\"@type\":\"ListItem\",\"position\":1,\"name\":\"Accueil\",\"item\":\"https:\/\/acaweb.ca\/staging\/fr\/\"},{\"@type\":\"ListItem\",\"position\":2,\"name\":\"aca\"}]}]}<\/script>\n<!-- \/ Yoast SEO plugin. -->","yoast_head_json":{"title":"aca Archives - Association canadienne des annonceurs","robots":{"index":"index","follow":"follow","max-snippet":"max-snippet:-1","max-image-preview":"max-image-preview:large","max-video-preview":"max-video-preview:-1"},"canonical":"https:\/\/acaweb.ca\/staging\/fr\/tag\/aca\/","og_locale":"fr_CA","og_type":"article","og_title":"aca Archives - Association canadienne des annonceurs","og_url":"https:\/\/acaweb.ca\/staging\/fr\/tag\/aca\/","og_site_name":"Association canadienne des annonceurs","twitter_card":"summary","schema":{"@context":"https:\/\/schema.org","@graph":[{"@type":"WebSite","@id":"https:\/\/acaweb.ca\/staging\/fr\/#website","url":"https:\/\/acaweb.ca\/staging\/fr\/","name":"Association canadienne des annonceurs","description":"","potentialAction":[{"@type":"SearchAction","target":{"@type":"EntryPoint","urlTemplate":"https:\/\/acaweb.ca\/staging\/fr\/?s={search_term_string}"},"query-input":"required name=search_term_string"}],"inLanguage":"fr-CA"},{"@type":"CollectionPage","@id":"https:\/\/acaweb.ca\/staging\/fr\/tag\/aca\/#webpage","url":"https:\/\/acaweb.ca\/staging\/fr\/tag\/aca\/","name":"aca Archives - Association canadienne des annonceurs","isPartOf":{"@id":"https:\/\/acaweb.ca\/staging\/fr\/#website"},"breadcrumb":{"@id":"https:\/\/acaweb.ca\/staging\/fr\/tag\/aca\/#breadcrumb"},"inLanguage":"fr-CA","potentialAction":[{"@type":"ReadAction","target":["https:\/\/acaweb.ca\/staging\/fr\/tag\/aca\/"]}]},{"@type":"BreadcrumbList","@id":"https:\/\/acaweb.ca\/staging\/fr\/tag\/aca\/#breadcrumb","itemListElement":[{"@type":"ListItem","position":1,"name":"Accueil","item":"https:\/\/acaweb.ca\/staging\/fr\/"},{"@type":"ListItem","position":2,"name":"aca"}]}]}},"_links":{"self":[{"href":"https:\/\/acaweb.ca\/staging\/fr\/wp-json\/wp\/v2\/pages\/31"}],"collection":[{"href":"https:\/\/acaweb.ca\/staging\/fr\/wp-json\/wp\/v2\/pages"}],"about":[{"href":"https:\/\/acaweb.ca\/staging\/fr\/wp-json\/wp\/v2\/types\/page"}],"author":[{"embeddable":true,"href":"https:\/\/acaweb.ca\/staging\/fr\/wp-json\/wp\/v2\/users\/1"}],"replies":[{"embeddable":true,"href":"https:\/\/acaweb.ca\/staging\/fr\/wp-json\/wp\/v2\/comments?post=31"}],"version-history":[{"count":32,"href":"https:\/\/acaweb.ca\/staging\/fr\/wp-json\/wp\/v2\/pages\/31\/revisions"}],"predecessor-version":[{"id":7249,"href":"https:\/\/acaweb.ca\/staging\/fr\/wp-json\/wp\/v2\/pages\/31\/revisions\/7249"}],"up":[{"embeddable":true,"href":"https:\/\/acaweb.ca\/staging\/fr\/wp-json\/wp\/v2\/pages\/9"}],"wp:attachment":[{"href":"https:\/\/acaweb.ca\/staging\/fr\/wp-json\/wp\/v2\/media?parent=31"}],"curies":[{"name":"wp","href":"https:\/\/api.w.org\/{rel}","templated":true}]}}