{"id":165,"date":"2017-10-11T08:59:08","date_gmt":"2017-10-11T12:59:08","guid":{"rendered":"https:\/\/acaweb.ca\/staging\/fr\/?page_id=165"},"modified":"2017-11-03T12:11:13","modified_gmt":"2017-11-03T16:11:13","slug":"ressources","status":"publish","type":"page","link":"https:\/\/acaweb.ca\/staging\/fr\/ressources\/","title":{"rendered":"Ressources"},"content":{"rendered":"<h2 style=\"text-align: center;\">L\u2019ACA vous offre un \u00e9ventail de documents de r\u00e9flexion sur la pratique publicitaire et des rapports de recherche qui vous permettront de prendre des d\u00e9cisions plus \u00e9clair\u00e9es en mati\u00e8re de communications marketing.<\/h2>\n","protected":false},"excerpt":{"rendered":"<p>L\u2019ACA vous offre un \u00e9ventail de documents de r\u00e9flexion sur la pratique publicitaire et des rapports de recherche qui vous permettront de prendre des d\u00e9cisions plus \u00e9clair\u00e9es en mati\u00e8re de communications marketing.<\/p>\n","protected":false},"author":1,"featured_media":0,"parent":0,"menu_order":0,"comment_status":"closed","ping_status":"closed","template":"resources-fr.php","meta":[],"acf":[],"yoast_head":"<!-- This site is optimized with the Yoast SEO plugin v18.1 - https:\/\/yoast.com\/wordpress\/plugins\/seo\/ -->\n<title>\u00e9valuation des m\u00e9dias Archives - Association canadienne des annonceurs<\/title>\n<meta name=\"robots\" content=\"index, follow, max-snippet:-1, max-image-preview:large, max-video-preview:-1\" \/>\n<link rel=\"canonical\" href=\"https:\/\/acaweb.ca\/staging\/fr\/tag\/evaluation-des-medias\/\" \/>\n<meta property=\"og:locale\" content=\"fr_CA\" \/>\n<meta property=\"og:type\" content=\"article\" \/>\n<meta property=\"og:title\" content=\"\u00e9valuation des m\u00e9dias Archives - Association canadienne des annonceurs\" \/>\n<meta property=\"og:url\" content=\"https:\/\/acaweb.ca\/staging\/fr\/tag\/evaluation-des-medias\/\" \/>\n<meta property=\"og:site_name\" content=\"Association canadienne des annonceurs\" \/>\n<meta name=\"twitter:card\" content=\"summary\" \/>\n<script type=\"application\/ld+json\" class=\"yoast-schema-graph\">{\"@context\":\"https:\/\/schema.org\",\"@graph\":[{\"@type\":\"WebSite\",\"@id\":\"https:\/\/acaweb.ca\/staging\/fr\/#website\",\"url\":\"https:\/\/acaweb.ca\/staging\/fr\/\",\"name\":\"Association canadienne des annonceurs\",\"description\":\"\",\"potentialAction\":[{\"@type\":\"SearchAction\",\"target\":{\"@type\":\"EntryPoint\",\"urlTemplate\":\"https:\/\/acaweb.ca\/staging\/fr\/?s={search_term_string}\"},\"query-input\":\"required name=search_term_string\"}],\"inLanguage\":\"fr-CA\"},{\"@type\":\"CollectionPage\",\"@id\":\"https:\/\/acaweb.ca\/staging\/fr\/tag\/evaluation-des-medias\/#webpage\",\"url\":\"https:\/\/acaweb.ca\/staging\/fr\/tag\/evaluation-des-medias\/\",\"name\":\"\u00e9valuation des m\u00e9dias Archives - Association canadienne des annonceurs\",\"isPartOf\":{\"@id\":\"https:\/\/acaweb.ca\/staging\/fr\/#website\"},\"breadcrumb\":{\"@id\":\"https:\/\/acaweb.ca\/staging\/fr\/tag\/evaluation-des-medias\/#breadcrumb\"},\"inLanguage\":\"fr-CA\",\"potentialAction\":[{\"@type\":\"ReadAction\",\"target\":[\"https:\/\/acaweb.ca\/staging\/fr\/tag\/evaluation-des-medias\/\"]}]},{\"@type\":\"BreadcrumbList\",\"@id\":\"https:\/\/acaweb.ca\/staging\/fr\/tag\/evaluation-des-medias\/#breadcrumb\",\"itemListElement\":[{\"@type\":\"ListItem\",\"position\":1,\"name\":\"Accueil\",\"item\":\"https:\/\/acaweb.ca\/staging\/fr\/\"},{\"@type\":\"ListItem\",\"position\":2,\"name\":\"\u00e9valuation des m\u00e9dias\"}]}]}<\/script>\n<!-- \/ Yoast SEO plugin. -->","yoast_head_json":{"title":"\u00e9valuation des m\u00e9dias Archives - Association canadienne des annonceurs","robots":{"index":"index","follow":"follow","max-snippet":"max-snippet:-1","max-image-preview":"max-image-preview:large","max-video-preview":"max-video-preview:-1"},"canonical":"https:\/\/acaweb.ca\/staging\/fr\/tag\/evaluation-des-medias\/","og_locale":"fr_CA","og_type":"article","og_title":"\u00e9valuation des m\u00e9dias Archives - Association canadienne des annonceurs","og_url":"https:\/\/acaweb.ca\/staging\/fr\/tag\/evaluation-des-medias\/","og_site_name":"Association canadienne des annonceurs","twitter_card":"summary","schema":{"@context":"https:\/\/schema.org","@graph":[{"@type":"WebSite","@id":"https:\/\/acaweb.ca\/staging\/fr\/#website","url":"https:\/\/acaweb.ca\/staging\/fr\/","name":"Association canadienne des annonceurs","description":"","potentialAction":[{"@type":"SearchAction","target":{"@type":"EntryPoint","urlTemplate":"https:\/\/acaweb.ca\/staging\/fr\/?s={search_term_string}"},"query-input":"required name=search_term_string"}],"inLanguage":"fr-CA"},{"@type":"CollectionPage","@id":"https:\/\/acaweb.ca\/staging\/fr\/tag\/evaluation-des-medias\/#webpage","url":"https:\/\/acaweb.ca\/staging\/fr\/tag\/evaluation-des-medias\/","name":"\u00e9valuation des m\u00e9dias Archives - Association canadienne des annonceurs","isPartOf":{"@id":"https:\/\/acaweb.ca\/staging\/fr\/#website"},"breadcrumb":{"@id":"https:\/\/acaweb.ca\/staging\/fr\/tag\/evaluation-des-medias\/#breadcrumb"},"inLanguage":"fr-CA","potentialAction":[{"@type":"ReadAction","target":["https:\/\/acaweb.ca\/staging\/fr\/tag\/evaluation-des-medias\/"]}]},{"@type":"BreadcrumbList","@id":"https:\/\/acaweb.ca\/staging\/fr\/tag\/evaluation-des-medias\/#breadcrumb","itemListElement":[{"@type":"ListItem","position":1,"name":"Accueil","item":"https:\/\/acaweb.ca\/staging\/fr\/"},{"@type":"ListItem","position":2,"name":"\u00e9valuation des m\u00e9dias"}]}]}},"_links":{"self":[{"href":"https:\/\/acaweb.ca\/staging\/fr\/wp-json\/wp\/v2\/pages\/165"}],"collection":[{"href":"https:\/\/acaweb.ca\/staging\/fr\/wp-json\/wp\/v2\/pages"}],"about":[{"href":"https:\/\/acaweb.ca\/staging\/fr\/wp-json\/wp\/v2\/types\/page"}],"author":[{"embeddable":true,"href":"https:\/\/acaweb.ca\/staging\/fr\/wp-json\/wp\/v2\/users\/1"}],"replies":[{"embeddable":true,"href":"https:\/\/acaweb.ca\/staging\/fr\/wp-json\/wp\/v2\/comments?post=165"}],"version-history":[{"count":0,"href":"https:\/\/acaweb.ca\/staging\/fr\/wp-json\/wp\/v2\/pages\/165\/revisions"}],"wp:attachment":[{"href":"https:\/\/acaweb.ca\/staging\/fr\/wp-json\/wp\/v2\/media?parent=165"}],"curies":[{"name":"wp","href":"https:\/\/api.w.org\/{rel}","templated":true}]}}