{"id":9,"date":"2017-10-06T10:16:29","date_gmt":"2017-10-06T14:16:29","guid":{"rendered":"http:\/\/www.acaweb.ca\/fr\/?page_id=9"},"modified":"2026-03-23T15:27:51","modified_gmt":"2026-03-23T19:27:51","slug":"a-propos-de-nous","status":"publish","type":"page","link":"https:\/\/acaweb.ca\/fr\/a-propos-de-nous\/","title":{"rendered":"\u00c0 propos de nous"},"content":{"rendered":"<h2><span lang=\"FR-CA\">L&rsquo;avantage ACA<\/span><\/h2>\n<p>L\u2019Association canadienne des annonceurs (ACA) est l\u2019indispensable d\u00e9fenseur et leader d\u2019opinion des annonceurs au Canada. \u00c0 titre d\u2019unique voix ind\u00e9pendante des annonceurs, nous d\u00e9fendons les int\u00e9r\u00eats de nos membres afin de maximiser leur RCI et militons pour un changement social positif au sein de l\u2019industrie.<\/p>\n<p>&nbsp;<\/p>\n<p><img loading=\"lazy\" decoding=\"async\" class=\"image-padding alignleft wp-image-264 size-thumbnail\" src=\"http:\/\/www.acaweb.ca\/fr\/wp-content\/uploads\/sites\/3\/2017\/10\/AboutUs-circle-1-fr.jpg\" alt=\"ForMarketers\" width=\"150\" height=\"150\" \/><\/p>\n<p>Seuls les clients annonceurs peuvent joindre l\u2019ACA, contrairement aux autres associations dont peuvent faire \u00e9galement partie agences, m\u00e9dias et fournisseurs. L\u2019ACA peut ainsi se consacrer exclusivement \u00e0 la promotion de vos int\u00e9r\u00eats.<\/p>\n<div style=\"clear: both;\"><\/div>\n<p><img loading=\"lazy\" decoding=\"async\" class=\"image-padding alignleft wp-image-265 size-thumbnail\" src=\"http:\/\/www.acaweb.ca\/fr\/wp-content\/uploads\/sites\/3\/2017\/10\/AboutUs-circle-2-fr.jpg\" alt=\"InsightsIntelligence\" width=\"150\" height=\"150\" \/><\/p>\n<p>L\u2019ACA vous aide \u00e0 mieux r\u00e9ussir votre marketing. Ceux-ci comprennent des services-conseils personnalis\u00e9s, des guides de meilleures pratiques et documents de r\u00e9flexion exclusifs aux membres de m\u00eame qu&rsquo;une gamme vari\u00e9e d\u2019activit\u00e9s de formation. <\/p>\n<div style=\"clear: both;\"><\/div>\n<p><img loading=\"lazy\" decoding=\"async\" class=\"image-padding alignleft wp-image-266 size-thumbnail\" src=\"http:\/\/www.acaweb.ca\/fr\/wp-content\/uploads\/sites\/3\/2017\/10\/AboutUs-circle-3-fr.jpg\" alt=\"IssuesLeadership\" width=\"150\" height=\"150\" \/><\/p>\n<p>L\u2019ACA d\u00e9fend farouchement la libre expression commerciale de ses membres et r\u00e9clame inlassablement une plus grande imputabilit\u00e9 du march\u00e9 des m\u00e9dias. Elle intervient r\u00e9guli\u00e8rement aupr\u00e8s des gouvernements et des organismes de r\u00e9glementation pour s&rsquo;assurer que leurs d\u00e9cisions tiennent compte de votre point de vue et de vos pr\u00e9occupations.<\/p>\n<div style=\"clear: both;\"><\/div>\n","protected":false},"excerpt":{"rendered":"<p>L&rsquo;avantage ACA L\u2019Association canadienne des annonceurs (ACA) est l\u2019indispensable d\u00e9fenseur et leader d\u2019opinion des annonceurs au Canada. \u00c0 titre d\u2019unique voix ind\u00e9pendante des annonceurs, nous d\u00e9fendons les int\u00e9r\u00eats de nos membres afin de maximiser leur RCI et militons pour un changement social positif au sein de l\u2019industrie. &nbsp; Seuls les clients annonceurs peuvent joindre l\u2019ACA, [&hellip;]<\/p>\n","protected":false},"author":1,"featured_media":0,"parent":0,"menu_order":0,"comment_status":"closed","ping_status":"closed","template":"","meta":{"_acf_changed":false,"content-type":"","footnotes":""},"acf":[],"yoast_head":"<!-- This site is optimized with the Yoast SEO plugin v23.4 - https:\/\/yoast.com\/wordpress\/plugins\/seo\/ -->\n<title>Ressources de l\u2019industrie Archives - Association canadienne des annonceurs<\/title>\n<meta name=\"robots\" content=\"index, follow, max-snippet:-1, max-image-preview:large, max-video-preview:-1\" \/>\n<link rel=\"canonical\" href=\"https:\/\/acaweb.ca\/fr\/resources\/section\/ressources-de-lindustrie\/\" \/>\n<meta property=\"og:locale\" content=\"fr_CA\" \/>\n<meta property=\"og:type\" content=\"article\" \/>\n<meta property=\"og:title\" content=\"Ressources de l\u2019industrie Archives - Association canadienne des annonceurs\" \/>\n<meta property=\"og:url\" content=\"https:\/\/acaweb.ca\/fr\/resources\/section\/ressources-de-lindustrie\/\" \/>\n<meta property=\"og:site_name\" content=\"Association canadienne des annonceurs\" \/>\n<meta name=\"twitter:card\" content=\"summary_large_image\" \/>\n<script type=\"application\/ld+json\" class=\"yoast-schema-graph\">{\"@context\":\"https:\/\/schema.org\",\"@graph\":[{\"@type\":\"CollectionPage\",\"@id\":\"https:\/\/acaweb.ca\/fr\/resources\/section\/ressources-de-lindustrie\/\",\"url\":\"https:\/\/acaweb.ca\/fr\/resources\/section\/ressources-de-lindustrie\/\",\"name\":\"Ressources de l\u2019industrie Archives - Association canadienne des annonceurs\",\"isPartOf\":{\"@id\":\"https:\/\/acaweb.ca\/fr\/#website\"},\"breadcrumb\":{\"@id\":\"https:\/\/acaweb.ca\/fr\/resources\/section\/ressources-de-lindustrie\/#breadcrumb\"},\"inLanguage\":\"fr-CA\"},{\"@type\":\"BreadcrumbList\",\"@id\":\"https:\/\/acaweb.ca\/fr\/resources\/section\/ressources-de-lindustrie\/#breadcrumb\",\"itemListElement\":[{\"@type\":\"ListItem\",\"position\":1,\"name\":\"Accueil\",\"item\":\"https:\/\/acaweb.ca\/fr\/\"},{\"@type\":\"ListItem\",\"position\":2,\"name\":\"Ressources de l\u2019industrie\"}]},{\"@type\":\"WebSite\",\"@id\":\"https:\/\/acaweb.ca\/fr\/#website\",\"url\":\"https:\/\/acaweb.ca\/fr\/\",\"name\":\"Association canadienne des annonceurs\",\"description\":\"\",\"publisher\":{\"@id\":\"https:\/\/acaweb.ca\/fr\/#organization\"},\"potentialAction\":[{\"@type\":\"SearchAction\",\"target\":{\"@type\":\"EntryPoint\",\"urlTemplate\":\"https:\/\/acaweb.ca\/fr\/?s={search_term_string}\"},\"query-input\":{\"@type\":\"PropertyValueSpecification\",\"valueRequired\":true,\"valueName\":\"search_term_string\"}}],\"inLanguage\":\"fr-CA\"},{\"@type\":\"Organization\",\"@id\":\"https:\/\/acaweb.ca\/fr\/#organization\",\"name\":\"Association canadienne des annonceurs\",\"url\":\"https:\/\/acaweb.ca\/fr\/\",\"logo\":{\"@type\":\"ImageObject\",\"inLanguage\":\"fr-CA\",\"@id\":\"https:\/\/acaweb.ca\/fr\/#\/schema\/logo\/image\/\",\"url\":\"https:\/\/acaweb.ca\/fr\/wp-content\/uploads\/sites\/3\/2017\/10\/cropped-ACA-FR-logo-colour.png\",\"contentUrl\":\"https:\/\/acaweb.ca\/fr\/wp-content\/uploads\/sites\/3\/2017\/10\/cropped-ACA-FR-logo-colour.png\",\"width\":1595,\"height\":417,\"caption\":\"Association canadienne des annonceurs\"},\"image\":{\"@id\":\"https:\/\/acaweb.ca\/fr\/#\/schema\/logo\/image\/\"}}]}<\/script>\n<!-- \/ Yoast SEO plugin. -->","yoast_head_json":{"title":"Ressources de l\u2019industrie Archives - Association canadienne des annonceurs","robots":{"index":"index","follow":"follow","max-snippet":"max-snippet:-1","max-image-preview":"max-image-preview:large","max-video-preview":"max-video-preview:-1"},"canonical":"https:\/\/acaweb.ca\/fr\/resources\/section\/ressources-de-lindustrie\/","og_locale":"fr_CA","og_type":"article","og_title":"Ressources de l\u2019industrie Archives - Association canadienne des annonceurs","og_url":"https:\/\/acaweb.ca\/fr\/resources\/section\/ressources-de-lindustrie\/","og_site_name":"Association canadienne des annonceurs","twitter_card":"summary_large_image","schema":{"@context":"https:\/\/schema.org","@graph":[{"@type":"CollectionPage","@id":"https:\/\/acaweb.ca\/fr\/resources\/section\/ressources-de-lindustrie\/","url":"https:\/\/acaweb.ca\/fr\/resources\/section\/ressources-de-lindustrie\/","name":"Ressources de l\u2019industrie Archives - Association canadienne des annonceurs","isPartOf":{"@id":"https:\/\/acaweb.ca\/fr\/#website"},"breadcrumb":{"@id":"https:\/\/acaweb.ca\/fr\/resources\/section\/ressources-de-lindustrie\/#breadcrumb"},"inLanguage":"fr-CA"},{"@type":"BreadcrumbList","@id":"https:\/\/acaweb.ca\/fr\/resources\/section\/ressources-de-lindustrie\/#breadcrumb","itemListElement":[{"@type":"ListItem","position":1,"name":"Accueil","item":"https:\/\/acaweb.ca\/fr\/"},{"@type":"ListItem","position":2,"name":"Ressources de l\u2019industrie"}]},{"@type":"WebSite","@id":"https:\/\/acaweb.ca\/fr\/#website","url":"https:\/\/acaweb.ca\/fr\/","name":"Association canadienne des annonceurs","description":"","publisher":{"@id":"https:\/\/acaweb.ca\/fr\/#organization"},"potentialAction":[{"@type":"SearchAction","target":{"@type":"EntryPoint","urlTemplate":"https:\/\/acaweb.ca\/fr\/?s={search_term_string}"},"query-input":{"@type":"PropertyValueSpecification","valueRequired":true,"valueName":"search_term_string"}}],"inLanguage":"fr-CA"},{"@type":"Organization","@id":"https:\/\/acaweb.ca\/fr\/#organization","name":"Association canadienne des annonceurs","url":"https:\/\/acaweb.ca\/fr\/","logo":{"@type":"ImageObject","inLanguage":"fr-CA","@id":"https:\/\/acaweb.ca\/fr\/#\/schema\/logo\/image\/","url":"https:\/\/acaweb.ca\/fr\/wp-content\/uploads\/sites\/3\/2017\/10\/cropped-ACA-FR-logo-colour.png","contentUrl":"https:\/\/acaweb.ca\/fr\/wp-content\/uploads\/sites\/3\/2017\/10\/cropped-ACA-FR-logo-colour.png","width":1595,"height":417,"caption":"Association canadienne des annonceurs"},"image":{"@id":"https:\/\/acaweb.ca\/fr\/#\/schema\/logo\/image\/"}}]}},"_links":{"self":[{"href":"https:\/\/acaweb.ca\/fr\/wp-json\/wp\/v2\/pages\/9"}],"collection":[{"href":"https:\/\/acaweb.ca\/fr\/wp-json\/wp\/v2\/pages"}],"about":[{"href":"https:\/\/acaweb.ca\/fr\/wp-json\/wp\/v2\/types\/page"}],"author":[{"embeddable":true,"href":"https:\/\/acaweb.ca\/fr\/wp-json\/wp\/v2\/users\/1"}],"replies":[{"embeddable":true,"href":"https:\/\/acaweb.ca\/fr\/wp-json\/wp\/v2\/comments?post=9"}],"version-history":[{"count":2,"href":"https:\/\/acaweb.ca\/fr\/wp-json\/wp\/v2\/pages\/9\/revisions"}],"predecessor-version":[{"id":6480,"href":"https:\/\/acaweb.ca\/fr\/wp-json\/wp\/v2\/pages\/9\/revisions\/6480"}],"wp:attachment":[{"href":"https:\/\/acaweb.ca\/fr\/wp-json\/wp\/v2\/media?parent=9"}],"curies":[{"name":"wp","href":"https:\/\/api.w.org\/{rel}","templated":true}]}}