{"id":7976,"date":"2025-10-27T09:12:46","date_gmt":"2025-10-27T13:12:46","guid":{"rendered":"https:\/\/acaweb.ca\/fr\/?page_id=7976"},"modified":"2025-11-25T10:56:03","modified_gmt":"2025-11-25T15:56:03","slug":"la-medaille-dor-de-laca-decernee-a-nicole-tapscott-directrice-generale-de-knix","status":"publish","type":"page","link":"https:\/\/acaweb.ca\/fr\/a-propos-de-nous\/ressources-pour-les-medias\/la-medaille-dor-de-laca-decernee-a-nicole-tapscott-directrice-generale-de-knix\/","title":{"rendered":"La M\u00e9daille d&rsquo;or 2025 de l\u2019ACA d\u00e9cern\u00e9e \u00e0 Nicole Tapscott, directrice commerciale de Knix"},"content":{"rendered":"<ul>\n<li>Tapscott a re\u00e7u son prix lors de la c\u00e9r\u00e9monie des Strategy Awards qui s\u2019est tenue le 30 septembre 2025 \u00e0 Toronto.<\/li>\n<li>Elle rejoint la prestigieuse liste des sp\u00e9cialistes du marketing et des cadres influents du Canada.<\/li>\n<\/ul>\n<p><strong>Toronto, le 27 octobre, 2025 <\/strong> Nicole Tapscott, leader commercial visionnaire et pionni\u00e8re dans la cr\u00e9ation de marques ax\u00e9es sur la communaut\u00e9, a re\u00e7u la prestigieuse m\u00e9daille d&rsquo;or 2025 de l&rsquo;Association canadienne des annonceurs (ACA). Ce prix prestigieux r\u00e9compense les personnes qui ont apport\u00e9 une contribution exceptionnelle \u00e0 l&rsquo;avancement des communications marketing au Canada.<\/p>\n<p>Avec une carri\u00e8re qui l&rsquo;a men\u00e9e dans des institutions internationales, des entreprises disruptives vendant directement aux consommateurs et des marques canadiennes \u00e0 forte croissance, Mme Tapscott a toujours \u00e9t\u00e9 \u00e0 l&rsquo;avant-garde lorsqu&rsquo;il s&rsquo;agit de mettre en relation les personnes et les id\u00e9es. Aujourd&rsquo;hui, en tant que directrice commerciale de Knix, elle dirige l&rsquo;une des marques les plus admir\u00e9es du pays.<\/p>\n<p>L&rsquo;exp\u00e9rience professionnelle de Tapscott est internationale et tr\u00e8s vari\u00e9e. Elle a contribu\u00e9 \u00e0 la conception de la premi\u00e8re plateforme d&rsquo;engagement publique du Forum \u00e9conomique mondial, bien avant que la cr\u00e9ation de communaut\u00e9s num\u00e9riques ne devienne courante. Chez Casper, elle a \u00e9t\u00e9 la premi\u00e8re \u00e0 mettre en place des strat\u00e9gies d&rsquo;engagement des influenceurs qui ont r\u00e9volutionn\u00e9 le marketing direct aupr\u00e8s des consommateurs. Chez Mejuri, elle a aid\u00e9 les femmes du monde entier \u00e0 \u00ab s&rsquo;acheter eux-m\u00eames le fichu diamant \u00bb (\u2018Buy yourself a damn diamond\u2019), cr\u00e9ant ainsi l&rsquo;une des marques de bijoux les plus influentes de la d\u00e9cennie.<\/p>\n<p>Tout au long de sa carri\u00e8re, le leadership de Mme Tapscott s&rsquo;est caract\u00e9ris\u00e9 par sa capacit\u00e9 \u00e0 allier un sens aigu des affaires \u00e0 un sens aigu des relations humaines. Elle est largement admir\u00e9e pour son \u00e9nergie in\u00e9puisable, sa capacit\u00e9 \u00e0 stimuler la croissance et son don rare pour valoriser les autres, en aidant les \u00e9quipes et les individus \u00e0 voir leur potentiel avant m\u00eame qu&rsquo;ils ne le voient eux-m\u00eames.<\/p>\n<p>\u00ab Nicole incarne le meilleur de ce que peut \u00eatre le leadership en marketing moderne \u00bb, a d\u00e9clar\u00e9 Andrea Hunt, pr\u00e9sidente et cheffe de la direction de l&rsquo;Association canadienne des annonceurs. \u00ab C&rsquo;est une innovatrice intr\u00e9pide, un moteur de croissance commerciale et une leader qui place les gens au coeur de tout ce qu&rsquo;elle entreprend. Son influence va bien au-del\u00e0 des r\u00e9sultats commerciaux : elle a red\u00e9fini ce que signifie diriger avec la t\u00eate et le coeur. Nous sommes fiers de r\u00e9compenser Nicole en lui d\u00e9cernant la m\u00e9daille d&rsquo;or 2025 de l&rsquo;ACA. \u00bb<\/p>\n<p>\u00ab Je suis profond\u00e9ment honor\u00e9e de recevoir cette distinction \u00bb, a d\u00e9clar\u00e9 M. Tapscott. \u00ab Le marketing et la cr\u00e9ation d&rsquo;une marque consistent \u00e0 fa\u00e7onner la culture, \u00e0 b\u00e2tir une communaut\u00e9 et \u00e0 cr\u00e9er une valeur durable. Je partage ce prix avec les \u00e9quipes et les communaut\u00e9s incroyables avec lesquelles j&rsquo;ai eu le privil\u00e8ge de travailler. Ce prix leur appartient autant qu&rsquo;\u00e0 moi. \u00bb<\/p>\n<p>L&rsquo;influence de Tapscott s&rsquo;\u00e9tend bien au-del\u00e0 des organisations qu&rsquo;elle a dirig\u00e9es. Elle a \u00e9t\u00e9 une mentore, une championne du leadership inclusif et un mod\u00e8le montrant comment le marketing peut non seulement stimuler la croissance, mais aussi avoir un impact culturel et social.<br \/>\nLe prix de la m\u00e9daille d\u2019or de l\u2019ACA 2025 a \u00e9t\u00e9 remis \u00e0 Mme Tapscott lors de la c\u00e9r\u00e9monie des Strategy Awards qui s\u2019est tenue le 30 septembre \u00e0 l&rsquo;Arcadian Court de Toronto, o\u00f9 les leaders du secteur se sont r\u00e9unis pour c\u00e9l\u00e9brer ses r\u00e9alisations et ses contributions exceptionnelles au marketing canadien.<\/p>\n<hr \/>\n<p><strong>\u00c0 PROPOS DE LA M\u00c9DAILLE D\u2019OR DE L\u2019ACA<\/strong><\/p>\n<p>La M\u00e9daille d\u2019or de l\u2019ACA :<\/p>\n<ul>\n<li>S\u2019adresse \u00e0 toute personne dont les organisations ont un impact sur les communications marketing au Canada (clients-annonceurs, agences, m\u00e9dias, maisons de recherche, universit\u00e9s, associations, etc.)<\/li>\n<li>Peut \u00eatre attribu\u00e9e pour souligner une contribution sp\u00e9cifique ou pour c\u00e9l\u00e9brer l\u2019ensemble d\u2019une carri\u00e8re.<\/li>\n<li>Est remise \u00e0 une personne ayant contribu\u00e9 de mani\u00e8re mesurable et distinctive \u00e0 l\u2019avancement de la pratique des communications marketing au Canada.<\/li>\n<\/ul>\n<p>Depuis sa cr\u00e9ation, la M\u00e9daille d\u2019or de l\u2019ACA a r\u00e9compens\u00e9 une s\u00e9rie prestigieuse de chefs de file de l\u2019industrie et de visionnaires. Voir la liste compl\u00e8te des <a href=\"https:\/\/acaweb.ca\/fr\/a-propos-de-nous\/medaille-dor-de-laca\/laureats\/\" target=\"_blank\" rel=\"noopener\">anciens laur\u00e9ats<\/a>.<\/p>\n<p><strong>\u00c0 PROPOS DE L\u2019ASSOCIATION CANADIENNE DES ANNONCEURS<\/strong><br \/>\nL\u2019ACA est l\u2019indispensable d\u00e9fenseur des annonceurs canadiens. \u00c0 ce titre, elle s\u2019impose comme leader d\u2019opinion et fid\u00e8le adepte d\u2019un march\u00e9 \u00e0 la fois transparent et responsable. Association nationale \u00e0 but non lucratif, celle-ci parle au nom de plus de 400 entreprises et divisions.<br \/>\n<a href=\"http:\/\/www.acaweb.ca\" target=\"_blank\" rel=\"noopener\">www.acaweb.ca<\/a><\/p>\n","protected":false},"excerpt":{"rendered":"<p>Tapscott a re\u00e7u son prix lors de la c\u00e9r\u00e9monie des Strategy Awards qui s\u2019est tenue le 30 septembre 2025 \u00e0 Toronto. Elle rejoint la prestigieuse liste des sp\u00e9cialistes du marketing et des cadres influents du Canada. Toronto, le 27 octobre, 2025 Nicole Tapscott, leader commercial visionnaire et pionni\u00e8re dans la cr\u00e9ation de marques ax\u00e9es sur [&hellip;]<\/p>\n","protected":false},"author":1,"featured_media":7977,"parent":52,"menu_order":0,"comment_status":"closed","ping_status":"closed","template":"","meta":{"_acf_changed":false,"content-type":"","footnotes":""},"acf":[],"yoast_head":"<!-- This site is optimized with the Yoast SEO plugin v23.4 - https:\/\/yoast.com\/wordpress\/plugins\/seo\/ -->\n<title>Association canadienne des annonceurs<\/title>\n<meta name=\"robots\" content=\"index, follow, max-snippet:-1, max-image-preview:large, max-video-preview:-1\" \/>\n<meta property=\"og:locale\" content=\"fr_CA\" \/>\n<meta property=\"og:type\" content=\"article\" \/>\n<meta property=\"og:site_name\" content=\"Association canadienne des annonceurs\" \/>\n<meta name=\"twitter:card\" content=\"summary_large_image\" \/>\n<script type=\"application\/ld+json\" class=\"yoast-schema-graph\">{\"@context\":\"https:\/\/schema.org\",\"@graph\":[{\"@type\":\"CollectionPage\",\"@id\":null,\"url\":\"\",\"name\":\"\",\"isPartOf\":{\"@id\":\"https:\/\/acaweb.ca\/fr\/#website\"},\"inLanguage\":\"fr-CA\"},{\"@type\":\"WebSite\",\"@id\":\"https:\/\/acaweb.ca\/fr\/#website\",\"url\":\"https:\/\/acaweb.ca\/fr\/\",\"name\":\"Association canadienne des annonceurs\",\"description\":\"\",\"publisher\":{\"@id\":\"https:\/\/acaweb.ca\/fr\/#organization\"},\"potentialAction\":[{\"@type\":\"SearchAction\",\"target\":{\"@type\":\"EntryPoint\",\"urlTemplate\":\"https:\/\/acaweb.ca\/fr\/?s={search_term_string}\"},\"query-input\":{\"@type\":\"PropertyValueSpecification\",\"valueRequired\":true,\"valueName\":\"search_term_string\"}}],\"inLanguage\":\"fr-CA\"},{\"@type\":\"Organization\",\"@id\":\"https:\/\/acaweb.ca\/fr\/#organization\",\"name\":\"Association canadienne des annonceurs\",\"url\":\"https:\/\/acaweb.ca\/fr\/\",\"logo\":{\"@type\":\"ImageObject\",\"inLanguage\":\"fr-CA\",\"@id\":\"https:\/\/acaweb.ca\/fr\/#\/schema\/logo\/image\/\",\"url\":\"https:\/\/acaweb.ca\/fr\/wp-content\/uploads\/sites\/3\/2017\/10\/cropped-ACA-FR-logo-colour.png\",\"contentUrl\":\"https:\/\/acaweb.ca\/fr\/wp-content\/uploads\/sites\/3\/2017\/10\/cropped-ACA-FR-logo-colour.png\",\"width\":1595,\"height\":417,\"caption\":\"Association canadienne des annonceurs\"},\"image\":{\"@id\":\"https:\/\/acaweb.ca\/fr\/#\/schema\/logo\/image\/\"}}]}<\/script>\n<!-- \/ Yoast SEO plugin. -->","yoast_head_json":{"title":"Association canadienne des annonceurs","robots":{"index":"index","follow":"follow","max-snippet":"max-snippet:-1","max-image-preview":"max-image-preview:large","max-video-preview":"max-video-preview:-1"},"og_locale":"fr_CA","og_type":"article","og_site_name":"Association canadienne des annonceurs","twitter_card":"summary_large_image","schema":{"@context":"https:\/\/schema.org","@graph":[{"@type":"CollectionPage","@id":null,"url":"","name":"","isPartOf":{"@id":"https:\/\/acaweb.ca\/fr\/#website"},"inLanguage":"fr-CA"},{"@type":"WebSite","@id":"https:\/\/acaweb.ca\/fr\/#website","url":"https:\/\/acaweb.ca\/fr\/","name":"Association canadienne des annonceurs","description":"","publisher":{"@id":"https:\/\/acaweb.ca\/fr\/#organization"},"potentialAction":[{"@type":"SearchAction","target":{"@type":"EntryPoint","urlTemplate":"https:\/\/acaweb.ca\/fr\/?s={search_term_string}"},"query-input":{"@type":"PropertyValueSpecification","valueRequired":true,"valueName":"search_term_string"}}],"inLanguage":"fr-CA"},{"@type":"Organization","@id":"https:\/\/acaweb.ca\/fr\/#organization","name":"Association canadienne des annonceurs","url":"https:\/\/acaweb.ca\/fr\/","logo":{"@type":"ImageObject","inLanguage":"fr-CA","@id":"https:\/\/acaweb.ca\/fr\/#\/schema\/logo\/image\/","url":"https:\/\/acaweb.ca\/fr\/wp-content\/uploads\/sites\/3\/2017\/10\/cropped-ACA-FR-logo-colour.png","contentUrl":"https:\/\/acaweb.ca\/fr\/wp-content\/uploads\/sites\/3\/2017\/10\/cropped-ACA-FR-logo-colour.png","width":1595,"height":417,"caption":"Association canadienne des annonceurs"},"image":{"@id":"https:\/\/acaweb.ca\/fr\/#\/schema\/logo\/image\/"}}]}},"_links":{"self":[{"href":"https:\/\/acaweb.ca\/fr\/wp-json\/wp\/v2\/pages\/7976"}],"collection":[{"href":"https:\/\/acaweb.ca\/fr\/wp-json\/wp\/v2\/pages"}],"about":[{"href":"https:\/\/acaweb.ca\/fr\/wp-json\/wp\/v2\/types\/page"}],"author":[{"embeddable":true,"href":"https:\/\/acaweb.ca\/fr\/wp-json\/wp\/v2\/users\/1"}],"replies":[{"embeddable":true,"href":"https:\/\/acaweb.ca\/fr\/wp-json\/wp\/v2\/comments?post=7976"}],"version-history":[{"count":4,"href":"https:\/\/acaweb.ca\/fr\/wp-json\/wp\/v2\/pages\/7976\/revisions"}],"predecessor-version":[{"id":7999,"href":"https:\/\/acaweb.ca\/fr\/wp-json\/wp\/v2\/pages\/7976\/revisions\/7999"}],"up":[{"embeddable":true,"href":"https:\/\/acaweb.ca\/fr\/wp-json\/wp\/v2\/pages\/52"}],"wp:featuredmedia":[{"embeddable":true,"href":"https:\/\/acaweb.ca\/fr\/wp-json\/wp\/v2\/media\/7977"}],"wp:attachment":[{"href":"https:\/\/acaweb.ca\/fr\/wp-json\/wp\/v2\/media?parent=7976"}],"curies":[{"name":"wp","href":"https:\/\/api.w.org\/{rel}","templated":true}]}}