{"id":78,"date":"2017-10-09T10:10:25","date_gmt":"2017-10-09T14:10:25","guid":{"rendered":"http:\/\/www.acaweb.ca\/fr\/?page_id=78"},"modified":"2025-10-27T09:21:18","modified_gmt":"2025-10-27T13:21:18","slug":"medaille-dor-de-laca","status":"publish","type":"page","link":"https:\/\/acaweb.ca\/fr\/a-propos-de-nous\/medaille-dor-de-laca\/","title":{"rendered":"M\u00e9daille d&rsquo;Or de l&rsquo;ACA"},"content":{"rendered":"<p>Attribu\u00e9e pour la premi\u00e8re fois en 1941, la M\u00e9daille d\u2019Or de l\u2019ACA constitue la distinction la plus ancienne et la plus prestigieuse du monde de la publicit\u00e9 canadienne. Pr\u00e9sent\u00e9e par l\u2019Association canadienne des annonceurs, cette r\u00e9compense reconna\u00eet le leadership, la passion et l\u2019engagement de personnes ayant apport\u00e9 une contribution essentielle \u00e0 l\u2019avancement des communications marketing au Canada.<\/p>\n<h2>Crit\u00e8res de mise en nomination<\/h2>\n<ul>\n<li>S\u2019adresse \u00e0 tous ceux et celles dont les activit\u00e9s ont des r\u00e9percussions sur les communications marketing au Canada (annonceurs, agences, m\u00e9dias, firmes de recherche, chercheurs acad\u00e9miques, associations, etc.);<\/li>\n<li>Est remise pour souligner une action particuli\u00e8re ou pour reconna\u00eetre l\u2019ensemble d\u2019une contribution;<\/li>\n<li>Est attribu\u00e9e \u00e0 un candidat dont l\u2019apport a eu une influence distinctive, marqu\u00e9e et mesurable sur la pratique des communications marketing au pays.<\/li>\n<\/ul>\n<h2>Appel de candidatures<\/h2>\n<p><!-- [member-link type=&quot;registration&quot; class=&quot;register-now&quot; href=&quot;&quot; target=&quot;_blank&quot;]Proposez une candidature[\/member-link] --><\/p>\n<p><strong>La p\u00e9riode de nomination est termin\u00e9e. <\/strong><\/p>\n<h2 style=\"text-align: center; font-size: 36px; font-family: Montserrat, sans-serif; font-weight: 400;\"><strong>Liste des r\u00e9cipiendaires de la M\u00e9daille d\u2019Or de l\u2019ACA<\/strong> <em>(1941-2025)<\/em><\/h2>\n<table width=\"100%\">\n<tbody>\n<tr>\n<td width=\"48%\"><\/td>\n<td width=\"4%\"><\/td>\n<td width=\"48%\"><\/td>\n<\/tr>\n<tr>\n<td style=\"text-align: center;\">W.A. Lydiatt (1941)<\/td>\n<td style=\"text-align: center;\"><\/td>\n<td style=\"text-align: center;\">Wm. J. Harris (1979)<\/td>\n<\/tr>\n<tr>\n<td style=\"text-align: center;\">H.R. Cockfield* (1942)<\/td>\n<td style=\"text-align: center;\"><\/td>\n<td style=\"text-align: center;\">Jack N. Milne (1980)<\/td>\n<\/tr>\n<tr>\n<td style=\"text-align: center;\">J.E. Sampson (1943)<\/td>\n<td style=\"text-align: center;\"><\/td>\n<td style=\"text-align: center;\">Les McMahon (1981)<\/td>\n<\/tr>\n<tr>\n<td style=\"text-align: center;\">B.W. Keightley (1944)<\/td>\n<td style=\"text-align: center;\"><\/td>\n<td style=\"text-align: center;\">Tom Blakely (1982)<\/td>\n<\/tr>\n<tr>\n<td style=\"text-align: center;\">J.R. Robertson* (1945)<\/td>\n<td style=\"text-align: center;\"><\/td>\n<td style=\"text-align: center;\">Paul L\u2019Anglais*<\/td>\n<\/tr>\n<tr>\n<td style=\"text-align: center;\">Emile Jean (1946)<\/td>\n<td style=\"text-align: center;\"><\/td>\n<td style=\"text-align: center;\">Yves Bourassa*<\/td>\n<\/tr>\n<tr>\n<td style=\"text-align: center;\">I.R. Greene (1947)<\/td>\n<td style=\"text-align: center;\"><\/td>\n<td style=\"text-align: center;\">W.D.H. Davis (1983)<\/td>\n<\/tr>\n<tr>\n<td style=\"text-align: center;\">G. Alec Phare (1948)<\/td>\n<td style=\"text-align: center;\"><\/td>\n<td style=\"text-align: center;\">Hugh Dow, Michael Kennerley (1984)<\/td>\n<\/tr>\n<tr>\n<td style=\"text-align: center;\">L.E. Phenner (1949)<\/td>\n<td style=\"text-align: center;\"><\/td>\n<td style=\"text-align: center;\">Jacques Bouchard, David Hopkins (1985)<\/td>\n<\/tr>\n<tr>\n<td style=\"text-align: center;\">John Martin (1950)<\/td>\n<td style=\"text-align: center;\"><\/td>\n<td style=\"text-align: center;\">Robert E. Harris (1986)<\/td>\n<\/tr>\n<tr>\n<td style=\"text-align: center;\">Lee Trenholme* (1951)<\/td>\n<td style=\"text-align: center;\"><\/td>\n<td style=\"text-align: center;\">Ross A. McCreath (1987)<\/td>\n<\/tr>\n<tr>\n<td style=\"text-align: center;\">N. Roy Perry (1952)<\/td>\n<td style=\"text-align: center;\"><\/td>\n<td style=\"text-align: center;\">Paul Mulvihill*<\/td>\n<\/tr>\n<tr>\n<td style=\"text-align: center;\">A.J. Casson (1953)<\/td>\n<td style=\"text-align: center;\"><\/td>\n<td style=\"text-align: center;\">Claude Cossette (1988)<\/td>\n<\/tr>\n<tr>\n<td style=\"text-align: center;\">M.M. Shneckenburger<\/td>\n<td style=\"text-align: center;\"><\/td>\n<td style=\"text-align: center;\">Robert J. Galloway (1989)<\/td>\n<\/tr>\n<tr>\n<td style=\"text-align: center;\">J.S. Feggans (1954)<\/td>\n<td style=\"text-align: center;\"><\/td>\n<td style=\"text-align: center;\">Rupert T.R. Brendon (1990)<\/td>\n<\/tr>\n<tr>\n<td style=\"text-align: center;\">G. Warren Brown (1955)<\/td>\n<td style=\"text-align: center;\"><\/td>\n<td style=\"text-align: center;\">Ann Boden (1991)<\/td>\n<\/tr>\n<tr>\n<td style=\"text-align: center;\">W.J. Campbell (1956)<\/td>\n<td style=\"text-align: center;\"><\/td>\n<td style=\"text-align: center;\">Stuart Eaton (1992)<\/td>\n<\/tr>\n<tr>\n<td style=\"text-align: center;\">E.V. Rechnitzer (1957)<\/td>\n<td style=\"text-align: center;\"><\/td>\n<td style=\"text-align: center;\">Lloyd Hodgkinson (1993)<\/td>\n<\/tr>\n<tr>\n<td style=\"text-align: center;\">The Hon. William Hamilton (1958)<\/td>\n<td style=\"text-align: center;\"><\/td>\n<td style=\"text-align: center;\">Claude Lessard (1994)<\/td>\n<\/tr>\n<tr>\n<td style=\"text-align: center;\">H.H. Rimmer (1959)<\/td>\n<td style=\"text-align: center;\"><\/td>\n<td style=\"text-align: center;\">E. Peter Elwood, Peter G. Swain (1995)<\/td>\n<\/tr>\n<tr>\n<td style=\"text-align: center;\">H.H. Rimmer (1960)<\/td>\n<td style=\"text-align: center;\"><\/td>\n<td style=\"text-align: center;\">Maurice Brisebois, John Foss (1996)<\/td>\n<\/tr>\n<tr>\n<td style=\"text-align: center;\">William E. Trimble* (1961)<\/td>\n<td style=\"text-align: center;\"><\/td>\n<td style=\"text-align: center;\">Peter Beresford (1997)<\/td>\n<\/tr>\n<tr>\n<td style=\"text-align: center;\">William E. Williams (1962)<\/td>\n<td style=\"text-align: center;\"><\/td>\n<td style=\"text-align: center;\">Sunni Boot (1998)<\/td>\n<\/tr>\n<tr>\n<td style=\"text-align: center;\">Allan B. Yeates (1963)<\/td>\n<td style=\"text-align: center;\"><\/td>\n<td style=\"text-align: center;\">Hugo Powell (1999)<\/td>\n<\/tr>\n<tr>\n<td style=\"text-align: center;\">C. Warren Reynolds (1964)<\/td>\n<td style=\"text-align: center;\"><\/td>\n<td style=\"text-align: center;\">David Harrison (2002)<\/td>\n<\/tr>\n<tr>\n<td style=\"text-align: center;\">R.A. Barford (1965)<\/td>\n<td style=\"text-align: center;\"><\/td>\n<td style=\"text-align: center;\">Frank Palmer (2003)<\/td>\n<\/tr>\n<tr>\n<td style=\"text-align: center;\">Harry E. Foster (1966)<\/td>\n<td style=\"text-align: center;\"><\/td>\n<td style=\"text-align: center;\">John Cassaday (2004)<\/td>\n<\/tr>\n<tr>\n<td style=\"text-align: center;\">Mayor Jean Drapeau (1967)<\/td>\n<td style=\"text-align: center;\"><\/td>\n<td style=\"text-align: center;\">Ed Marra (2005)<\/td>\n<\/tr>\n<tr>\n<td style=\"text-align: center;\">W. Harold Poole (1968)<\/td>\n<td style=\"text-align: center;\"><\/td>\n<td style=\"text-align: center;\">Dr. Alan C. Middleton (2012)<\/td>\n<\/tr>\n<tr>\n<td style=\"text-align: center;\">Bryan Vaughan (1969)<\/td>\n<td style=\"text-align: center;\"><\/td>\n<td style=\"text-align: center;\">Philip E. Donne (2013)<\/td>\n<\/tr>\n<tr>\n<td style=\"text-align: center;\">J.F. Glasier (1970)<\/td>\n<td style=\"text-align: center;\"><\/td>\n<td style=\"text-align: center;\">William A. Moir (2014)<\/td>\n<\/tr>\n<tr>\n<td style=\"text-align: center;\">W.D. Byles (1971)<\/td>\n<td style=\"text-align: center;\"><\/td>\n<td style=\"text-align: center;\">Paul Lavoie (2015)<\/td>\n<\/tr>\n<tr>\n<td style=\"text-align: center;\">Ralph G. Draper* (1972)<\/td>\n<td style=\"text-align: center;\"><\/td>\n<td style=\"text-align: center;\">Linda Nagel (2016)<\/td>\n<\/tr>\n<tr>\n<td style=\"text-align: center;\">Robert A. McAlear (1973)<\/td>\n<td style=\"text-align: center;\"><\/td>\n<td style=\"text-align: center;\">Susan Senecal and Tom Newitt (2018)<\/td>\n<\/tr>\n<tr>\n<td style=\"text-align: center;\">Robert E. Oliver (1974)<\/td>\n<td style=\"text-align: center;\"><\/td>\n<td style=\"text-align: center;\">Shannon Hosford (2019)<\/td>\n<\/tr>\n<tr>\n<td style=\"text-align: center;\">John M. Gould*, A.Z. Pengelly (1975)<\/td>\n<td style=\"text-align: center;\"><\/td>\n<td style=\"text-align: center;\">Mark Harrison (2022)<\/td>\n<\/tr>\n<tr>\n<td style=\"text-align: center;\">Allan E. Ross (1976)<\/td>\n<td style=\"text-align: center;\"><\/td>\n<td style=\"text-align: center;\"><a href=\"\/fr\/a-propos-de-nous\/medaille-dor-de-laca\/laureats\/#2023\">Michael Downey (2023)<\/a><\/td>\n<\/tr>\n<tr>\n<td style=\"text-align: center;\">Madeleine St. Jacques (1977)<\/td>\n<td style=\"text-align: center;\"><\/td>\n<td style=\"text-align: center;\"><a href=\"\/fr\/a-propos-de-nous\/medaille-dor-de-laca\/laureats\/#2024\">Tracey Cooke (2024)<\/td>\n<\/tr>\n<tr>\n<td style=\"text-align: center;\">Denis Jotcham (1978)<\/td>\n<td style=\"text-align: center;\"><\/td>\n<td style=\"text-align: center;\"><a href=\"\/fr\/a-propos-de-nous\/medaille-dor-de-laca\/laureats\/#2025\">Nicole Tapscott (2025)<\/td>\n<\/tr>\n<tr>\n<td><\/td>\n<td><\/td>\n<td><\/td>\n<\/tr>\n<tr>\n<td colspan=\"3\">*<em> Attribu\u00e9e de fa\u00e7on posthume<br \/>\n<\/em><\/td>\n<\/tr>\n<\/tbody>\n<\/table>\n","protected":false},"excerpt":{"rendered":"<p>Attribu\u00e9e pour la premi\u00e8re fois en 1941, la M\u00e9daille d\u2019Or de l\u2019ACA constitue la distinction la plus ancienne et la plus prestigieuse du monde de la publicit\u00e9 canadienne. Pr\u00e9sent\u00e9e par l\u2019Association canadienne des annonceurs, cette r\u00e9compense reconna\u00eet le leadership, la passion et l\u2019engagement de personnes ayant apport\u00e9 une contribution essentielle \u00e0 l\u2019avancement des communications marketing [&hellip;]<\/p>\n","protected":false},"author":1,"featured_media":0,"parent":9,"menu_order":0,"comment_status":"closed","ping_status":"closed","template":"","meta":{"_acf_changed":false,"content-type":"","footnotes":""},"acf":[],"yoast_head":"<!-- This site is optimized with the Yoast SEO plugin v23.4 - https:\/\/yoast.com\/wordpress\/plugins\/seo\/ -->\n<title>num\u00e9rique Archives - Association canadienne des annonceurs<\/title>\n<meta name=\"robots\" content=\"index, follow, max-snippet:-1, max-image-preview:large, max-video-preview:-1\" \/>\n<link rel=\"canonical\" href=\"https:\/\/acaweb.ca\/fr\/tag\/numerique\/\" \/>\n<meta property=\"og:locale\" content=\"fr_CA\" \/>\n<meta property=\"og:type\" content=\"article\" \/>\n<meta property=\"og:title\" content=\"num\u00e9rique Archives - Association canadienne des annonceurs\" \/>\n<meta property=\"og:url\" content=\"https:\/\/acaweb.ca\/fr\/tag\/numerique\/\" \/>\n<meta property=\"og:site_name\" content=\"Association canadienne des annonceurs\" \/>\n<meta name=\"twitter:card\" content=\"summary_large_image\" \/>\n<script type=\"application\/ld+json\" class=\"yoast-schema-graph\">{\"@context\":\"https:\/\/schema.org\",\"@graph\":[{\"@type\":\"CollectionPage\",\"@id\":\"https:\/\/acaweb.ca\/fr\/tag\/numerique\/\",\"url\":\"https:\/\/acaweb.ca\/fr\/tag\/numerique\/\",\"name\":\"num\u00e9rique Archives - Association canadienne des annonceurs\",\"isPartOf\":{\"@id\":\"https:\/\/acaweb.ca\/fr\/#website\"},\"breadcrumb\":{\"@id\":\"https:\/\/acaweb.ca\/fr\/tag\/numerique\/#breadcrumb\"},\"inLanguage\":\"fr-CA\"},{\"@type\":\"BreadcrumbList\",\"@id\":\"https:\/\/acaweb.ca\/fr\/tag\/numerique\/#breadcrumb\",\"itemListElement\":[{\"@type\":\"ListItem\",\"position\":1,\"name\":\"Accueil\",\"item\":\"https:\/\/acaweb.ca\/fr\/\"},{\"@type\":\"ListItem\",\"position\":2,\"name\":\"num\u00e9rique\"}]},{\"@type\":\"WebSite\",\"@id\":\"https:\/\/acaweb.ca\/fr\/#website\",\"url\":\"https:\/\/acaweb.ca\/fr\/\",\"name\":\"Association canadienne des annonceurs\",\"description\":\"\",\"publisher\":{\"@id\":\"https:\/\/acaweb.ca\/fr\/#organization\"},\"potentialAction\":[{\"@type\":\"SearchAction\",\"target\":{\"@type\":\"EntryPoint\",\"urlTemplate\":\"https:\/\/acaweb.ca\/fr\/?s={search_term_string}\"},\"query-input\":{\"@type\":\"PropertyValueSpecification\",\"valueRequired\":true,\"valueName\":\"search_term_string\"}}],\"inLanguage\":\"fr-CA\"},{\"@type\":\"Organization\",\"@id\":\"https:\/\/acaweb.ca\/fr\/#organization\",\"name\":\"Association canadienne des annonceurs\",\"url\":\"https:\/\/acaweb.ca\/fr\/\",\"logo\":{\"@type\":\"ImageObject\",\"inLanguage\":\"fr-CA\",\"@id\":\"https:\/\/acaweb.ca\/fr\/#\/schema\/logo\/image\/\",\"url\":\"https:\/\/acaweb.ca\/fr\/wp-content\/uploads\/sites\/3\/2017\/10\/cropped-ACA-FR-logo-colour.png\",\"contentUrl\":\"https:\/\/acaweb.ca\/fr\/wp-content\/uploads\/sites\/3\/2017\/10\/cropped-ACA-FR-logo-colour.png\",\"width\":1595,\"height\":417,\"caption\":\"Association canadienne des annonceurs\"},\"image\":{\"@id\":\"https:\/\/acaweb.ca\/fr\/#\/schema\/logo\/image\/\"}}]}<\/script>\n<!-- \/ Yoast SEO plugin. -->","yoast_head_json":{"title":"num\u00e9rique Archives - Association canadienne des annonceurs","robots":{"index":"index","follow":"follow","max-snippet":"max-snippet:-1","max-image-preview":"max-image-preview:large","max-video-preview":"max-video-preview:-1"},"canonical":"https:\/\/acaweb.ca\/fr\/tag\/numerique\/","og_locale":"fr_CA","og_type":"article","og_title":"num\u00e9rique Archives - Association canadienne des annonceurs","og_url":"https:\/\/acaweb.ca\/fr\/tag\/numerique\/","og_site_name":"Association canadienne des annonceurs","twitter_card":"summary_large_image","schema":{"@context":"https:\/\/schema.org","@graph":[{"@type":"CollectionPage","@id":"https:\/\/acaweb.ca\/fr\/tag\/numerique\/","url":"https:\/\/acaweb.ca\/fr\/tag\/numerique\/","name":"num\u00e9rique Archives - Association canadienne des annonceurs","isPartOf":{"@id":"https:\/\/acaweb.ca\/fr\/#website"},"breadcrumb":{"@id":"https:\/\/acaweb.ca\/fr\/tag\/numerique\/#breadcrumb"},"inLanguage":"fr-CA"},{"@type":"BreadcrumbList","@id":"https:\/\/acaweb.ca\/fr\/tag\/numerique\/#breadcrumb","itemListElement":[{"@type":"ListItem","position":1,"name":"Accueil","item":"https:\/\/acaweb.ca\/fr\/"},{"@type":"ListItem","position":2,"name":"num\u00e9rique"}]},{"@type":"WebSite","@id":"https:\/\/acaweb.ca\/fr\/#website","url":"https:\/\/acaweb.ca\/fr\/","name":"Association canadienne des annonceurs","description":"","publisher":{"@id":"https:\/\/acaweb.ca\/fr\/#organization"},"potentialAction":[{"@type":"SearchAction","target":{"@type":"EntryPoint","urlTemplate":"https:\/\/acaweb.ca\/fr\/?s={search_term_string}"},"query-input":{"@type":"PropertyValueSpecification","valueRequired":true,"valueName":"search_term_string"}}],"inLanguage":"fr-CA"},{"@type":"Organization","@id":"https:\/\/acaweb.ca\/fr\/#organization","name":"Association canadienne des annonceurs","url":"https:\/\/acaweb.ca\/fr\/","logo":{"@type":"ImageObject","inLanguage":"fr-CA","@id":"https:\/\/acaweb.ca\/fr\/#\/schema\/logo\/image\/","url":"https:\/\/acaweb.ca\/fr\/wp-content\/uploads\/sites\/3\/2017\/10\/cropped-ACA-FR-logo-colour.png","contentUrl":"https:\/\/acaweb.ca\/fr\/wp-content\/uploads\/sites\/3\/2017\/10\/cropped-ACA-FR-logo-colour.png","width":1595,"height":417,"caption":"Association canadienne des annonceurs"},"image":{"@id":"https:\/\/acaweb.ca\/fr\/#\/schema\/logo\/image\/"}}]}},"_links":{"self":[{"href":"https:\/\/acaweb.ca\/fr\/wp-json\/wp\/v2\/pages\/78"}],"collection":[{"href":"https:\/\/acaweb.ca\/fr\/wp-json\/wp\/v2\/pages"}],"about":[{"href":"https:\/\/acaweb.ca\/fr\/wp-json\/wp\/v2\/types\/page"}],"author":[{"embeddable":true,"href":"https:\/\/acaweb.ca\/fr\/wp-json\/wp\/v2\/users\/1"}],"replies":[{"embeddable":true,"href":"https:\/\/acaweb.ca\/fr\/wp-json\/wp\/v2\/comments?post=78"}],"version-history":[{"count":36,"href":"https:\/\/acaweb.ca\/fr\/wp-json\/wp\/v2\/pages\/78\/revisions"}],"predecessor-version":[{"id":7983,"href":"https:\/\/acaweb.ca\/fr\/wp-json\/wp\/v2\/pages\/78\/revisions\/7983"}],"up":[{"embeddable":true,"href":"https:\/\/acaweb.ca\/fr\/wp-json\/wp\/v2\/pages\/9"}],"wp:attachment":[{"href":"https:\/\/acaweb.ca\/fr\/wp-json\/wp\/v2\/media?parent=78"}],"curies":[{"name":"wp","href":"https:\/\/api.w.org\/{rel}","templated":true}]}}