{"id":7731,"date":"2024-09-13T15:20:15","date_gmt":"2024-09-13T19:20:15","guid":{"rendered":"https:\/\/acaweb.ca\/fr\/?page_id=7731"},"modified":"2024-11-12T13:44:13","modified_gmt":"2024-11-12T18:44:13","slug":"medaille-or-aca-tracey-cooke-chef-marketing-vice-presidente-principale-marketing-commercialisation-nestle-canada","status":"publish","type":"page","link":"https:\/\/acaweb.ca\/fr\/a-propos-de-nous\/ressources-pour-les-medias\/medaille-or-aca-tracey-cooke-chef-marketing-vice-presidente-principale-marketing-commercialisation-nestle-canada\/","title":{"rendered":"La m\u00e9daille d\u2019or de l\u2019ACA d\u00e9cern\u00e9e \u00e0 Tracey Cooke, la Chef marketing et Vice-pr\u00e9sidente principale, Marketing et Commercialisation de Nestl\u00e9 Canada"},"content":{"rendered":"<ul>\n<li>Tracey Cooke recevra le prix lors des Strategy Awards le 1er octobre \u00e0 Toronto<\/li>\n<li>Elle rejoint la liste prestigieuse des sp\u00e9cialistes du marketing et des dirigeants d&rsquo;agences canadiens les plus influents.<\/li>\n<\/ul>\n<p><strong>Toronto \u2013 16 septembre 2024<\/strong> \u2013 Tracey Cooke, une dirigeante innovante et dynamique qui a fait ses preuves dans l&rsquo;industrie du marketing et de la communication, a re\u00e7u la prestigieuse m\u00e9daille d&rsquo;or 2024 de l&rsquo;Association canadienne des annonceurs (ACA). Ce prix prestigieux r\u00e9compense les personnes qui ont contribu\u00e9 de mani\u00e8re exceptionnelle \u00e0 l&rsquo;avancement de la communication marketing au Canada.<\/p>\n<p>Avec une carri\u00e8re qui s&rsquo;\u00e9tend sur plus de vingt ans, Mme Cooke est devenue une force reconnue dans l&rsquo;industrie. Elle a occup\u00e9 des postes de direction dans des agences telles que McLaren McCann et Public Inc. avant de passer du c\u00f4t\u00e9 client, o\u00f9 elle occupe aujourd&rsquo;hui le poste de vice-pr\u00e9sidente principale et directrice du marketing chez Nestl\u00e9 Canada. Au cours de ses 11 ann\u00e9es chez Nestl\u00e9, Mme Cooke a \u00e9t\u00e9 \u00e0 l&rsquo;origine d&rsquo;avanc\u00e9es significatives dans le domaine du marketing et de la strat\u00e9gie de marque.\u00a0 Son leadership a permis d&rsquo;\u00e9lever la marque Nestl\u00e9, en supervisant les m\u00e9dias, la compr\u00e9hension des consommateurs, la transformation num\u00e9rique et la commercialisation des produits. En reconnaissance de ses contributions, Mme Cooke a \u00e9t\u00e9 nomm\u00e9e laur\u00e9ate 2022 du Marketing Academy US Fellowship, a fait partie des 24 sp\u00e9cialistes du marketing \u00e0 surveiller en 2024 selon Marketing News Canada.<\/p>\n<p>Son leadership visionnaire et ses strat\u00e9gies innovantes ont consid\u00e9rablement influenc\u00e9 la pr\u00e9sence de la marque et la part de march\u00e9 de l&rsquo;entreprise. Son leadership a permis de stimuler la croissance, d&rsquo;accro\u00eetre l&rsquo;engagement envers la marque et de favoriser une culture de la cr\u00e9ativit\u00e9 au sein de l&rsquo;organisation. Sa capacit\u00e9 \u00e0 relever des d\u00e9fis complexes, associ\u00e9e \u00e0 sa passion pour l&rsquo;obtention de r\u00e9sultats significatifs, lui a valu le respect et l&rsquo;admiration de ses pairs et de ses coll\u00e8gues.<\/p>\n<p>Le parcours de Mme Cooke t\u00e9moigne d&rsquo;un engagement constant en faveur de l&rsquo;excellence cr\u00e9ative et de l&rsquo;engagement des consommateurs. Elle a dirig\u00e9 la campagne prim\u00e9e \u00ab KitKat Ramadan Iftar Bar \u00bb de Nestl\u00e9 Canada. Cette campagne a non seulement trouv\u00e9 un \u00e9cho profond aupr\u00e8s de la communaut\u00e9 musulmane canadienne, mais elle a \u00e9galement mis en \u00e9vidence la capacit\u00e9 de Mme Cooke \u00e0 allier sensibilit\u00e9 culturelle et narration convaincante de la marque. Fort de ce succ\u00e8s, le leadership de Cooke a \u00e9galement conduit la campagne innovante \u00ab KitKat Have AI Break \u00bb, qui a re\u00e7u un Gold de Ad Age en 2024 ainsi qu&rsquo;un Silver Lion \u00e0 Cannes.<\/p>\n<p>Au-del\u00e0 de ses r\u00e9alisations professionnelles, Mme Cooke est connue pour son d\u00e9vouement au mentorat et \u00e0 la d\u00e9fense des int\u00e9r\u00eats de la communaut\u00e9 du marketing. Elle si\u00e8ge au conseil d&rsquo;administration de l&rsquo;ACA, o\u00f9 elle est \u00e9galement la marraine du comit\u00e9 sur l&rsquo;\u00e9valuation multim\u00e9dia et la pr\u00e9sidente du comit\u00e9 de gouvernance. Elle est une fervente partisane de la diversit\u00e9 et de l&rsquo;inclusion, encourageant activement les initiatives qui renforcent la position des femmes et des groupes sous-repr\u00e9sent\u00e9s dans l&rsquo;industrie. Mme Cooke a r\u00e9cemment \u00e9t\u00e9 nomm\u00e9e laur\u00e9ate du prix 2023 Star Women in Grocery par Canadian Grocer, ce qui confirme son statut de chef de file dans le monde des affaires et son impact sur la communaut\u00e9.<\/p>\n<p>\u00ab <em>L&rsquo;impact du leadership de Tracey dans l&rsquo;industrie du marketing a \u00e9t\u00e9 exceptionnel<\/em> \u00bb, a d\u00e9clar\u00e9 Andrea Hunt, pr\u00e9sidente-directrice g\u00e9n\u00e9rale de l&rsquo;Association canadienne des annonceurs. \u00ab <em>Ses contributions consid\u00e9rables ont non seulement fait progresser les performances commerciales de Nestl\u00e9 Canada, mais ont \u00e9galement enrichi la communaut\u00e9 du marketing au sens large au Canada. Nous sommes fiers de d\u00e9cerner \u00e0 Tracey la M\u00e9daille d&rsquo;or de l&rsquo;ACA<\/em> \u00bb.<\/p>\n<p>\u00ab <em>Je suis vraiment honor\u00e9e de recevoir ce prix prestigieux et cette reconnaissance. Avec une carri\u00e8re qui a connu de nombreux rebondissements dans un certain nombre d&rsquo;industries, c&rsquo;est une grande le\u00e7on d&rsquo;humilit\u00e9 que de recevoir ce prix pour le marketing, une profession et une discipline qui a la capacit\u00e9 d&rsquo;\u00e9lever, de conduire le changement social et, oui, de construire des marques et des entreprises incroyables. Je tiens \u00e0 remercier la formidable communaut\u00e9 marketing de Nestl\u00e9, qui repousse les limites du possible chaque jour en regardant vers l&rsquo;avenir, la formidable \u00e9quipe avec laquelle je travaille, qui voit toujours le changement comme un acc\u00e9l\u00e9rateur et qui y participe avec brio, ainsi que l&rsquo;ACA pour sa nomination et son soutien<\/em> \u00bb.<\/p>\n<p>Sous sa direction, Nestl\u00e9 Canada a non seulement enregistr\u00e9 une croissance significative de ses activit\u00e9s, mais s&rsquo;est \u00e9galement engag\u00e9e sur la voie d&rsquo;une plus grande responsabilit\u00e9 d&rsquo;entreprise et d&rsquo;un plus grand engagement communautaire. L&rsquo;influence de Mme Cooke va au-del\u00e0 du marketing traditionnel ; elle est un catalyseur de changement, inspirant ses \u00e9quipes et l&rsquo;industrie \u00e0 penser diff\u00e9remment et \u00e0 agir avec d\u00e9termination.<\/p>\n<p>La m\u00e9daille d&rsquo;or de l&rsquo;ACA sera remise \u00e0 Mme Cooke lors de la c\u00e9r\u00e9monie des Strategy Awards qui se tiendra le 1er octobre \u00e0 l&rsquo;Arcadian Court de Toronto, o\u00f9 les leaders de l&rsquo;industrie se r\u00e9uniront pour c\u00e9l\u00e9brer ses r\u00e9alisations exceptionnelles et sa contribution au marketing canadien.<\/p>\n<hr \/>\n<p><strong>\u00c0 PROPOS DE LA M\u00c9DAILLE D\u2019OR DE L\u2019ACA<\/strong><\/p>\n<p>La M\u00e9daille d\u2019or de l\u2019ACA :<\/p>\n<ul>\n<li>S\u2019adresse \u00e0 toute personne dont les organisations ont un impact sur les communications marketing au Canada (clients-annonceurs, agences, m\u00e9dias, maisons de recherche, universit\u00e9s, associations, etc.)<\/li>\n<li>Peut \u00eatre attribu\u00e9e pour souligner une contribution sp\u00e9cifique ou pour c\u00e9l\u00e9brer l\u2019ensemble d\u2019une carri\u00e8re.<\/li>\n<li>Est remise \u00e0 une personne ayant contribu\u00e9 de mani\u00e8re mesurable et distinctive \u00e0 l\u2019avancement de la pratique des communications marketing au Canada.<\/li>\n<\/ul>\n<p>Depuis sa cr\u00e9ation, la M\u00e9daille d\u2019or de l\u2019ACA a r\u00e9compens\u00e9 une s\u00e9rie prestigieuse de chefs de file de l\u2019industrie et de visionnaires. Voir la liste compl\u00e8te des <a href=\"https:\/\/acaweb.ca\/fr\/a-propos-de-nous\/medaille-dor-de-laca\/laureats\/\" target=\"_blank\" rel=\"noopener\">anciens laur\u00e9ats<\/a>.<\/p>\n<p><strong>\u00c0 PROPOS DE L\u2019ASSOCIATION CANADIENNE DES ANNONCEURS<\/strong><br \/>\nL\u2019ACA est l\u2019indispensable d\u00e9fenseur des annonceurs canadiens. \u00c0 ce titre, elle s\u2019impose comme leader d\u2019opinion et fid\u00e8le adepte d\u2019un march\u00e9 \u00e0 la fois transparent et responsable. Association nationale \u00e0 but non lucratif, celle-ci parle au nom de plus de 300 entreprises et divisions.<br \/>\n<a href=\"http:\/\/www.acaweb.ca\" target=\"_blank\" rel=\"noopener\">www.acaweb.ca<\/a><\/p>\n","protected":false},"excerpt":{"rendered":"<p>Tracey Cooke recevra le prix lors des Strategy Awards le 1er octobre \u00e0 Toronto Elle rejoint la liste prestigieuse des sp\u00e9cialistes du marketing et des dirigeants d&rsquo;agences canadiens les plus influents. Toronto \u2013 16 septembre 2024 \u2013 Tracey Cooke, une dirigeante innovante et dynamique qui a fait ses preuves dans l&rsquo;industrie du marketing et de [&hellip;]<\/p>\n","protected":false},"author":1,"featured_media":7730,"parent":52,"menu_order":0,"comment_status":"closed","ping_status":"closed","template":"","meta":{"_acf_changed":false,"content-type":"","footnotes":""},"acf":[],"yoast_head":"<!-- This site is optimized with the Yoast SEO plugin v23.4 - https:\/\/yoast.com\/wordpress\/plugins\/seo\/ -->\n<title>Association canadienne des annonceurs<\/title>\n<meta name=\"robots\" content=\"index, follow, max-snippet:-1, max-image-preview:large, max-video-preview:-1\" \/>\n<meta property=\"og:locale\" content=\"fr_CA\" \/>\n<meta property=\"og:type\" content=\"article\" \/>\n<meta property=\"og:site_name\" content=\"Association canadienne des annonceurs\" \/>\n<meta name=\"twitter:card\" content=\"summary_large_image\" \/>\n<script type=\"application\/ld+json\" class=\"yoast-schema-graph\">{\"@context\":\"https:\/\/schema.org\",\"@graph\":[{\"@type\":\"CollectionPage\",\"@id\":null,\"url\":\"\",\"name\":\"\",\"isPartOf\":{\"@id\":\"https:\/\/acaweb.ca\/fr\/#website\"},\"inLanguage\":\"fr-CA\"},{\"@type\":\"WebSite\",\"@id\":\"https:\/\/acaweb.ca\/fr\/#website\",\"url\":\"https:\/\/acaweb.ca\/fr\/\",\"name\":\"Association canadienne des annonceurs\",\"description\":\"\",\"publisher\":{\"@id\":\"https:\/\/acaweb.ca\/fr\/#organization\"},\"potentialAction\":[{\"@type\":\"SearchAction\",\"target\":{\"@type\":\"EntryPoint\",\"urlTemplate\":\"https:\/\/acaweb.ca\/fr\/?s={search_term_string}\"},\"query-input\":{\"@type\":\"PropertyValueSpecification\",\"valueRequired\":true,\"valueName\":\"search_term_string\"}}],\"inLanguage\":\"fr-CA\"},{\"@type\":\"Organization\",\"@id\":\"https:\/\/acaweb.ca\/fr\/#organization\",\"name\":\"Association canadienne des annonceurs\",\"url\":\"https:\/\/acaweb.ca\/fr\/\",\"logo\":{\"@type\":\"ImageObject\",\"inLanguage\":\"fr-CA\",\"@id\":\"https:\/\/acaweb.ca\/fr\/#\/schema\/logo\/image\/\",\"url\":\"https:\/\/acaweb.ca\/fr\/wp-content\/uploads\/sites\/3\/2017\/10\/cropped-ACA-FR-logo-colour.png\",\"contentUrl\":\"https:\/\/acaweb.ca\/fr\/wp-content\/uploads\/sites\/3\/2017\/10\/cropped-ACA-FR-logo-colour.png\",\"width\":1595,\"height\":417,\"caption\":\"Association canadienne des annonceurs\"},\"image\":{\"@id\":\"https:\/\/acaweb.ca\/fr\/#\/schema\/logo\/image\/\"}}]}<\/script>\n<!-- \/ Yoast SEO plugin. -->","yoast_head_json":{"title":"Association canadienne des annonceurs","robots":{"index":"index","follow":"follow","max-snippet":"max-snippet:-1","max-image-preview":"max-image-preview:large","max-video-preview":"max-video-preview:-1"},"og_locale":"fr_CA","og_type":"article","og_site_name":"Association canadienne des annonceurs","twitter_card":"summary_large_image","schema":{"@context":"https:\/\/schema.org","@graph":[{"@type":"CollectionPage","@id":null,"url":"","name":"","isPartOf":{"@id":"https:\/\/acaweb.ca\/fr\/#website"},"inLanguage":"fr-CA"},{"@type":"WebSite","@id":"https:\/\/acaweb.ca\/fr\/#website","url":"https:\/\/acaweb.ca\/fr\/","name":"Association canadienne des annonceurs","description":"","publisher":{"@id":"https:\/\/acaweb.ca\/fr\/#organization"},"potentialAction":[{"@type":"SearchAction","target":{"@type":"EntryPoint","urlTemplate":"https:\/\/acaweb.ca\/fr\/?s={search_term_string}"},"query-input":{"@type":"PropertyValueSpecification","valueRequired":true,"valueName":"search_term_string"}}],"inLanguage":"fr-CA"},{"@type":"Organization","@id":"https:\/\/acaweb.ca\/fr\/#organization","name":"Association canadienne des annonceurs","url":"https:\/\/acaweb.ca\/fr\/","logo":{"@type":"ImageObject","inLanguage":"fr-CA","@id":"https:\/\/acaweb.ca\/fr\/#\/schema\/logo\/image\/","url":"https:\/\/acaweb.ca\/fr\/wp-content\/uploads\/sites\/3\/2017\/10\/cropped-ACA-FR-logo-colour.png","contentUrl":"https:\/\/acaweb.ca\/fr\/wp-content\/uploads\/sites\/3\/2017\/10\/cropped-ACA-FR-logo-colour.png","width":1595,"height":417,"caption":"Association canadienne des annonceurs"},"image":{"@id":"https:\/\/acaweb.ca\/fr\/#\/schema\/logo\/image\/"}}]}},"_links":{"self":[{"href":"https:\/\/acaweb.ca\/fr\/wp-json\/wp\/v2\/pages\/7731"}],"collection":[{"href":"https:\/\/acaweb.ca\/fr\/wp-json\/wp\/v2\/pages"}],"about":[{"href":"https:\/\/acaweb.ca\/fr\/wp-json\/wp\/v2\/types\/page"}],"author":[{"embeddable":true,"href":"https:\/\/acaweb.ca\/fr\/wp-json\/wp\/v2\/users\/1"}],"replies":[{"embeddable":true,"href":"https:\/\/acaweb.ca\/fr\/wp-json\/wp\/v2\/comments?post=7731"}],"version-history":[{"count":7,"href":"https:\/\/acaweb.ca\/fr\/wp-json\/wp\/v2\/pages\/7731\/revisions"}],"predecessor-version":[{"id":7743,"href":"https:\/\/acaweb.ca\/fr\/wp-json\/wp\/v2\/pages\/7731\/revisions\/7743"}],"up":[{"embeddable":true,"href":"https:\/\/acaweb.ca\/fr\/wp-json\/wp\/v2\/pages\/52"}],"wp:featuredmedia":[{"embeddable":true,"href":"https:\/\/acaweb.ca\/fr\/wp-json\/wp\/v2\/media\/7730"}],"wp:attachment":[{"href":"https:\/\/acaweb.ca\/fr\/wp-json\/wp\/v2\/media?parent=7731"}],"curies":[{"name":"wp","href":"https:\/\/api.w.org\/{rel}","templated":true}]}}