{"id":77,"date":"2017-10-09T10:10:23","date_gmt":"2017-10-09T14:10:23","guid":{"rendered":"http:\/\/www.acaweb.ca\/fr\/?page_id=77"},"modified":"2017-11-15T16:47:38","modified_gmt":"2017-11-15T21:47:38","slug":"honneur-le-plus-prestigieux-en-communications-marketing-ouverture-des-mises-en-nomination","status":"publish","type":"page","link":"https:\/\/acaweb.ca\/fr\/a-propos-de-nous\/ressources-pour-les-medias\/honneur-le-plus-prestigieux-en-communications-marketing-ouverture-des-mises-en-nomination\/","title":{"rendered":"Honneur le plus prestigieux en communications marketing : ouverture des mises en nomination"},"content":{"rendered":"<div class=\"content\">\n<p><strong>Toronto, 20 f\u00e9vrier 2014 :<\/strong> L\u2019Association canadienne des annonceurs (ACA) lance aujourd\u2019hui le processus de mise en nomination 2014 pour sa marque de distinction la plus \u00e9lev\u00e9e : <strong>la M\u00e9daille d\u2019or de l\u2019ACA<\/strong>. Attribu\u00e9e en 1941 pour la premi\u00e8re fois, celle-ci reconna\u00eet une personne ayant contribu\u00e9 de fa\u00e7on marquante au d\u00e9veloppement des communications marketing au Canada. La date limite pour proposer une candidature cette ann\u00e9e est le 10 avril.<\/p>\n<p>La M\u00e9daille d\u2019or de l\u2019ACA sera remise lors du Gala des Prix marketing 2014, qui aura lieu le 29 mai prochain \u00e0 l\u2019h\u00f4tel Carlu de Toronto.<\/p>\n<p>\u00ab La M\u00e9daille d\u2019or de l\u2019ACA rend hommage depuis 73 ans aux praticiens les plus accomplis et influents de notre industrie et c\u00e9l\u00e8bre leur contribution \u00e0 la croissance des communications marketing au pays \u00bb, d\u00e9clare Ron Lund, pr\u00e9sident et chef de la direction de l\u2019ACA. \u00ab Gr\u00e2ce \u00e0 leur passion, leur engagement et leur leadership, ses laur\u00e9ats ont laiss\u00e9 une marque ind\u00e9l\u00e9bile sur cette industrie qu\u2019ils ont servi avec tant de distinction. \u00bb<\/p>\n<p>L\u2019an dernier, le r\u00e9cipiendaire de la M\u00e9daille d\u2019or de l\u2019ACA \u00e9tait Philip Donne, pr\u00e9sident de la compagnie Campbell du Canada.<\/p>\n<p>La M\u00e9daille d\u2019or de l\u2019ACA :<br \/>\n\u2022 S\u2019adresse \u00e0 toute personne dont les activit\u00e9s ont un impact sur les communications marketing au Canada (annonceurs, agences, m\u00e9dias, chercheurs, universitaires, associations\u2026);<br \/>\n\u2022 Peut \u00eatre attribu\u00e9e pour souligner une contribution sp\u00e9cifique ou pour c\u00e9l\u00e9brer l\u2019ensemble d\u2019une carri\u00e8re;<br \/>\n\u2022 Est remise \u00e0 une personne ayant contribu\u00e9 de mani\u00e8re mesurable et distinctive \u00e0 l\u2019avancement de la pratique des communications marketing au Canada.<\/p>\n<p>Vous trouverez la liste compl\u00e8te des laur\u00e9ats et le formulaire de mise en nomination 2014 <a href=\"http:\/\/www.acaweb.ca\/fr\/a-propos-de-nous\/medaille-dor-de-laca\/\">i\u00e7i<\/a>.<\/p>\n<p>L\u2019ACA constitue la seule association nationale au Canada ayant pour mission de promouvoir exclusivement les int\u00e9r\u00eats des clients annonceurs. Elle aide ses membres \u00e0 maximiser la valeur de leurs investissements dans toutes les formes de communications marketing.<\/p>\n<\/div>\n","protected":false},"excerpt":{"rendered":"<p>Toronto, 20 f\u00e9vrier 2014 : L\u2019Association canadienne des annonceurs (ACA) lance aujourd\u2019hui le processus de mise en nomination 2014 pour sa marque de distinction la plus \u00e9lev\u00e9e : la M\u00e9daille d\u2019or de l\u2019ACA. Attribu\u00e9e en 1941 pour la premi\u00e8re fois, celle-ci reconna\u00eet une personne ayant contribu\u00e9 de fa\u00e7on marquante au d\u00e9veloppement des communications marketing au [&hellip;]<\/p>\n","protected":false},"author":1,"featured_media":0,"parent":52,"menu_order":0,"comment_status":"closed","ping_status":"closed","template":"","meta":{"_acf_changed":false,"content-type":"","footnotes":""},"acf":[],"yoast_head":"<!-- This site is optimized with the Yoast SEO plugin v23.4 - https:\/\/yoast.com\/wordpress\/plugins\/seo\/ -->\n<title>en ligne Archives - Association canadienne des annonceurs<\/title>\n<meta name=\"robots\" content=\"index, follow, max-snippet:-1, max-image-preview:large, max-video-preview:-1\" \/>\n<link rel=\"canonical\" href=\"https:\/\/acaweb.ca\/fr\/tag\/en-ligne\/\" \/>\n<meta property=\"og:locale\" content=\"fr_CA\" \/>\n<meta property=\"og:type\" content=\"article\" \/>\n<meta property=\"og:title\" content=\"en ligne Archives - Association canadienne des annonceurs\" \/>\n<meta property=\"og:url\" content=\"https:\/\/acaweb.ca\/fr\/tag\/en-ligne\/\" \/>\n<meta property=\"og:site_name\" content=\"Association canadienne des annonceurs\" \/>\n<meta name=\"twitter:card\" content=\"summary_large_image\" \/>\n<script type=\"application\/ld+json\" class=\"yoast-schema-graph\">{\"@context\":\"https:\/\/schema.org\",\"@graph\":[{\"@type\":\"CollectionPage\",\"@id\":\"https:\/\/acaweb.ca\/fr\/tag\/en-ligne\/\",\"url\":\"https:\/\/acaweb.ca\/fr\/tag\/en-ligne\/\",\"name\":\"en ligne Archives - Association canadienne des annonceurs\",\"isPartOf\":{\"@id\":\"https:\/\/acaweb.ca\/fr\/#website\"},\"breadcrumb\":{\"@id\":\"https:\/\/acaweb.ca\/fr\/tag\/en-ligne\/#breadcrumb\"},\"inLanguage\":\"fr-CA\"},{\"@type\":\"BreadcrumbList\",\"@id\":\"https:\/\/acaweb.ca\/fr\/tag\/en-ligne\/#breadcrumb\",\"itemListElement\":[{\"@type\":\"ListItem\",\"position\":1,\"name\":\"Accueil\",\"item\":\"https:\/\/acaweb.ca\/fr\/\"},{\"@type\":\"ListItem\",\"position\":2,\"name\":\"en ligne\"}]},{\"@type\":\"WebSite\",\"@id\":\"https:\/\/acaweb.ca\/fr\/#website\",\"url\":\"https:\/\/acaweb.ca\/fr\/\",\"name\":\"Association canadienne des annonceurs\",\"description\":\"\",\"publisher\":{\"@id\":\"https:\/\/acaweb.ca\/fr\/#organization\"},\"potentialAction\":[{\"@type\":\"SearchAction\",\"target\":{\"@type\":\"EntryPoint\",\"urlTemplate\":\"https:\/\/acaweb.ca\/fr\/?s={search_term_string}\"},\"query-input\":{\"@type\":\"PropertyValueSpecification\",\"valueRequired\":true,\"valueName\":\"search_term_string\"}}],\"inLanguage\":\"fr-CA\"},{\"@type\":\"Organization\",\"@id\":\"https:\/\/acaweb.ca\/fr\/#organization\",\"name\":\"Association canadienne des annonceurs\",\"url\":\"https:\/\/acaweb.ca\/fr\/\",\"logo\":{\"@type\":\"ImageObject\",\"inLanguage\":\"fr-CA\",\"@id\":\"https:\/\/acaweb.ca\/fr\/#\/schema\/logo\/image\/\",\"url\":\"https:\/\/acaweb.ca\/fr\/wp-content\/uploads\/sites\/3\/2017\/10\/cropped-ACA-FR-logo-colour.png\",\"contentUrl\":\"https:\/\/acaweb.ca\/fr\/wp-content\/uploads\/sites\/3\/2017\/10\/cropped-ACA-FR-logo-colour.png\",\"width\":1595,\"height\":417,\"caption\":\"Association canadienne des annonceurs\"},\"image\":{\"@id\":\"https:\/\/acaweb.ca\/fr\/#\/schema\/logo\/image\/\"}}]}<\/script>\n<!-- \/ Yoast SEO plugin. -->","yoast_head_json":{"title":"en ligne Archives - Association canadienne des annonceurs","robots":{"index":"index","follow":"follow","max-snippet":"max-snippet:-1","max-image-preview":"max-image-preview:large","max-video-preview":"max-video-preview:-1"},"canonical":"https:\/\/acaweb.ca\/fr\/tag\/en-ligne\/","og_locale":"fr_CA","og_type":"article","og_title":"en ligne Archives - Association canadienne des annonceurs","og_url":"https:\/\/acaweb.ca\/fr\/tag\/en-ligne\/","og_site_name":"Association canadienne des annonceurs","twitter_card":"summary_large_image","schema":{"@context":"https:\/\/schema.org","@graph":[{"@type":"CollectionPage","@id":"https:\/\/acaweb.ca\/fr\/tag\/en-ligne\/","url":"https:\/\/acaweb.ca\/fr\/tag\/en-ligne\/","name":"en ligne Archives - Association canadienne des annonceurs","isPartOf":{"@id":"https:\/\/acaweb.ca\/fr\/#website"},"breadcrumb":{"@id":"https:\/\/acaweb.ca\/fr\/tag\/en-ligne\/#breadcrumb"},"inLanguage":"fr-CA"},{"@type":"BreadcrumbList","@id":"https:\/\/acaweb.ca\/fr\/tag\/en-ligne\/#breadcrumb","itemListElement":[{"@type":"ListItem","position":1,"name":"Accueil","item":"https:\/\/acaweb.ca\/fr\/"},{"@type":"ListItem","position":2,"name":"en ligne"}]},{"@type":"WebSite","@id":"https:\/\/acaweb.ca\/fr\/#website","url":"https:\/\/acaweb.ca\/fr\/","name":"Association canadienne des annonceurs","description":"","publisher":{"@id":"https:\/\/acaweb.ca\/fr\/#organization"},"potentialAction":[{"@type":"SearchAction","target":{"@type":"EntryPoint","urlTemplate":"https:\/\/acaweb.ca\/fr\/?s={search_term_string}"},"query-input":{"@type":"PropertyValueSpecification","valueRequired":true,"valueName":"search_term_string"}}],"inLanguage":"fr-CA"},{"@type":"Organization","@id":"https:\/\/acaweb.ca\/fr\/#organization","name":"Association canadienne des annonceurs","url":"https:\/\/acaweb.ca\/fr\/","logo":{"@type":"ImageObject","inLanguage":"fr-CA","@id":"https:\/\/acaweb.ca\/fr\/#\/schema\/logo\/image\/","url":"https:\/\/acaweb.ca\/fr\/wp-content\/uploads\/sites\/3\/2017\/10\/cropped-ACA-FR-logo-colour.png","contentUrl":"https:\/\/acaweb.ca\/fr\/wp-content\/uploads\/sites\/3\/2017\/10\/cropped-ACA-FR-logo-colour.png","width":1595,"height":417,"caption":"Association canadienne des annonceurs"},"image":{"@id":"https:\/\/acaweb.ca\/fr\/#\/schema\/logo\/image\/"}}]}},"_links":{"self":[{"href":"https:\/\/acaweb.ca\/fr\/wp-json\/wp\/v2\/pages\/77"}],"collection":[{"href":"https:\/\/acaweb.ca\/fr\/wp-json\/wp\/v2\/pages"}],"about":[{"href":"https:\/\/acaweb.ca\/fr\/wp-json\/wp\/v2\/types\/page"}],"author":[{"embeddable":true,"href":"https:\/\/acaweb.ca\/fr\/wp-json\/wp\/v2\/users\/1"}],"replies":[{"embeddable":true,"href":"https:\/\/acaweb.ca\/fr\/wp-json\/wp\/v2\/comments?post=77"}],"version-history":[{"count":0,"href":"https:\/\/acaweb.ca\/fr\/wp-json\/wp\/v2\/pages\/77\/revisions"}],"up":[{"embeddable":true,"href":"https:\/\/acaweb.ca\/fr\/wp-json\/wp\/v2\/pages\/52"}],"wp:attachment":[{"href":"https:\/\/acaweb.ca\/fr\/wp-json\/wp\/v2\/media?parent=77"}],"curies":[{"name":"wp","href":"https:\/\/api.w.org\/{rel}","templated":true}]}}