{"id":76,"date":"2017-10-09T10:10:25","date_gmt":"2017-10-09T14:10:25","guid":{"rendered":"http:\/\/www.acaweb.ca\/fr\/?page_id=76"},"modified":"2017-10-09T10:10:25","modified_gmt":"2017-10-09T14:10:25","slug":"les-revenus-publicitaires-plus-essentiels-que-jamais-pour-la-src","status":"publish","type":"page","link":"https:\/\/acaweb.ca\/fr\/a-propos-de-nous\/ressources-pour-les-medias\/les-revenus-publicitaires-plus-essentiels-que-jamais-pour-la-src\/","title":{"rendered":"LES REVENUS PUBLICITAIRES PLUS ESSENTIELS QUE JAMAIS POUR LA SRC"},"content":{"rendered":"<div class=\"content\">\n<p><strong>Ottawa, 10 avril 2014 : <\/strong>Lors de leur comparution devant le Comit\u00e9 s\u00e9natorial permanent des Transports et des communications hier soir, l\u2019Association canadienne des annonceurs (ACA) et le Conseil canadien des directeurs m\u00e9dias (CCDM) ont r\u00e9clam\u00e9 le maintien de la publicit\u00e9 \u00e0 Radio-Canada, en faisant valoir l\u2019importance des revenus publicitaires pour la soci\u00e9t\u00e9 d\u2019\u00e9tat.<\/p>\n<p>\u00ab Au Canada, la publicit\u00e9 est le principal soutien financier de notre syst\u00e8me de radiodiffusion et nous estimons de la CBC\/SRC doit continuer de jouer un r\u00f4le important pour les agences de publicit\u00e9 et leurs clients \u00bb, d\u00e9clare Bob Reaume, vice-pr\u00e9sident, Politiques et recherche de l\u2019ACA. \u00ab La CBC\/SRC constitue un concurrent essentiel qui permet de stabiliser les prix dans un march\u00e9 o\u00f9 l\u2019on compte d\u00e9j\u00e0 un nombre restreint de joueurs. \u00bb<\/p>\n<p>S\u2019il appara\u00eet \u00e9vident que, pour la CBC, remplacer les auditoires et revenus perdus \u00e0 la suite de la disparition de sa populaire \u00e9mission Hockey Night in Canada va poser un d\u00e9fi de taille, plusieurs choix sportifs de rechange existent. Le diffuseur en a d\u2019ailleurs fait la d\u00e9monstration avec sa couverture des Jeux de Sochi, o\u00f9 il s\u2019est montr\u00e9 \u00e0 la hauteur des attentes actuelles du march\u00e9 en ce qui a trait \u00e0 la diffusion de programmes de commandite sur plateformes multiples. Le divertissement commandit\u00e9 repr\u00e9sente \u00e9galement un march\u00e9 o\u00f9 la CBC est particuli\u00e8rement bien positionn\u00e9e.<\/p>\n<p>Anne Myers, pr\u00e9sidente de MediaVest Canada et repr\u00e9sentante du CCDM affirme : \u00ab L\u2019influence relative de la Soci\u00e9t\u00e9 Radio-Canada (SRC) dans l\u2019environnement publicitaire francophone est encore plus importante que celle de CBC dans le Canada anglais. L\u2019offre publicitaire de la SRC joue un r\u00f4le tr\u00e8s important. Elle permet aux annonceurs canadiens de rejoindre les t\u00e9l\u00e9spectateurs qu\u00e9b\u00e9cois, en plus d\u2019assurer que les prix exig\u00e9s dans le march\u00e9 soient r\u00e9gis par des pratiques concurrentielles. \u00bb<\/p>\n<p>Pour ce qui est du contenu canadien, le moment est venu pour la CBC de saisir cette occasion de mettre au point une strat\u00e9gie innovante et distinctive et non d\u2019accrocher ses patins ou de laisser sa place.<\/p>\n<p>L\u2019ACA constitue la principale association marketing au Canada repr\u00e9sentant exclusivement les annonceurs. Elle aide ses membres \u00e0 maximiser la valeur de leurs investissements dans toutes les formes de communications marketing.<\/p>\n<\/div>\n","protected":false},"excerpt":{"rendered":"<p>Ottawa, 10 avril 2014 : Lors de leur comparution devant le Comit\u00e9 s\u00e9natorial permanent des Transports et des communications hier soir, l\u2019Association canadienne des annonceurs (ACA) et le Conseil canadien des directeurs m\u00e9dias (CCDM) ont r\u00e9clam\u00e9 le maintien de la publicit\u00e9 \u00e0 Radio-Canada, en faisant valoir l\u2019importance des revenus publicitaires pour la soci\u00e9t\u00e9 d\u2019\u00e9tat. \u00ab [&hellip;]<\/p>\n","protected":false},"author":1,"featured_media":0,"parent":52,"menu_order":0,"comment_status":"closed","ping_status":"closed","template":"","meta":{"_acf_changed":false,"content-type":"","footnotes":""},"acf":[],"yoast_head":"<!-- This site is optimized with the Yoast SEO plugin v23.4 - https:\/\/yoast.com\/wordpress\/plugins\/seo\/ -->\n<title>Blocage de publicit\u00e9s Archives - Association canadienne des annonceurs<\/title>\n<meta name=\"robots\" content=\"index, follow, max-snippet:-1, max-image-preview:large, max-video-preview:-1\" \/>\n<link rel=\"canonical\" href=\"https:\/\/acaweb.ca\/fr\/tag\/blocage-de-publicites\/\" \/>\n<meta property=\"og:locale\" content=\"fr_CA\" \/>\n<meta property=\"og:type\" content=\"article\" \/>\n<meta property=\"og:title\" content=\"Blocage de publicit\u00e9s Archives - Association canadienne des annonceurs\" \/>\n<meta property=\"og:url\" content=\"https:\/\/acaweb.ca\/fr\/tag\/blocage-de-publicites\/\" \/>\n<meta property=\"og:site_name\" content=\"Association canadienne des annonceurs\" \/>\n<meta name=\"twitter:card\" content=\"summary_large_image\" \/>\n<script type=\"application\/ld+json\" class=\"yoast-schema-graph\">{\"@context\":\"https:\/\/schema.org\",\"@graph\":[{\"@type\":\"CollectionPage\",\"@id\":\"https:\/\/acaweb.ca\/fr\/tag\/blocage-de-publicites\/\",\"url\":\"https:\/\/acaweb.ca\/fr\/tag\/blocage-de-publicites\/\",\"name\":\"Blocage de publicit\u00e9s Archives - Association canadienne des annonceurs\",\"isPartOf\":{\"@id\":\"https:\/\/acaweb.ca\/fr\/#website\"},\"breadcrumb\":{\"@id\":\"https:\/\/acaweb.ca\/fr\/tag\/blocage-de-publicites\/#breadcrumb\"},\"inLanguage\":\"fr-CA\"},{\"@type\":\"BreadcrumbList\",\"@id\":\"https:\/\/acaweb.ca\/fr\/tag\/blocage-de-publicites\/#breadcrumb\",\"itemListElement\":[{\"@type\":\"ListItem\",\"position\":1,\"name\":\"Accueil\",\"item\":\"https:\/\/acaweb.ca\/fr\/\"},{\"@type\":\"ListItem\",\"position\":2,\"name\":\"Blocage de publicit\u00e9s\"}]},{\"@type\":\"WebSite\",\"@id\":\"https:\/\/acaweb.ca\/fr\/#website\",\"url\":\"https:\/\/acaweb.ca\/fr\/\",\"name\":\"Association canadienne des annonceurs\",\"description\":\"\",\"publisher\":{\"@id\":\"https:\/\/acaweb.ca\/fr\/#organization\"},\"potentialAction\":[{\"@type\":\"SearchAction\",\"target\":{\"@type\":\"EntryPoint\",\"urlTemplate\":\"https:\/\/acaweb.ca\/fr\/?s={search_term_string}\"},\"query-input\":{\"@type\":\"PropertyValueSpecification\",\"valueRequired\":true,\"valueName\":\"search_term_string\"}}],\"inLanguage\":\"fr-CA\"},{\"@type\":\"Organization\",\"@id\":\"https:\/\/acaweb.ca\/fr\/#organization\",\"name\":\"Association canadienne des annonceurs\",\"url\":\"https:\/\/acaweb.ca\/fr\/\",\"logo\":{\"@type\":\"ImageObject\",\"inLanguage\":\"fr-CA\",\"@id\":\"https:\/\/acaweb.ca\/fr\/#\/schema\/logo\/image\/\",\"url\":\"https:\/\/acaweb.ca\/fr\/wp-content\/uploads\/sites\/3\/2017\/10\/cropped-ACA-FR-logo-colour.png\",\"contentUrl\":\"https:\/\/acaweb.ca\/fr\/wp-content\/uploads\/sites\/3\/2017\/10\/cropped-ACA-FR-logo-colour.png\",\"width\":1595,\"height\":417,\"caption\":\"Association canadienne des annonceurs\"},\"image\":{\"@id\":\"https:\/\/acaweb.ca\/fr\/#\/schema\/logo\/image\/\"}}]}<\/script>\n<!-- \/ Yoast SEO plugin. -->","yoast_head_json":{"title":"Blocage de publicit\u00e9s Archives - Association canadienne des annonceurs","robots":{"index":"index","follow":"follow","max-snippet":"max-snippet:-1","max-image-preview":"max-image-preview:large","max-video-preview":"max-video-preview:-1"},"canonical":"https:\/\/acaweb.ca\/fr\/tag\/blocage-de-publicites\/","og_locale":"fr_CA","og_type":"article","og_title":"Blocage de publicit\u00e9s Archives - Association canadienne des annonceurs","og_url":"https:\/\/acaweb.ca\/fr\/tag\/blocage-de-publicites\/","og_site_name":"Association canadienne des annonceurs","twitter_card":"summary_large_image","schema":{"@context":"https:\/\/schema.org","@graph":[{"@type":"CollectionPage","@id":"https:\/\/acaweb.ca\/fr\/tag\/blocage-de-publicites\/","url":"https:\/\/acaweb.ca\/fr\/tag\/blocage-de-publicites\/","name":"Blocage de publicit\u00e9s Archives - Association canadienne des annonceurs","isPartOf":{"@id":"https:\/\/acaweb.ca\/fr\/#website"},"breadcrumb":{"@id":"https:\/\/acaweb.ca\/fr\/tag\/blocage-de-publicites\/#breadcrumb"},"inLanguage":"fr-CA"},{"@type":"BreadcrumbList","@id":"https:\/\/acaweb.ca\/fr\/tag\/blocage-de-publicites\/#breadcrumb","itemListElement":[{"@type":"ListItem","position":1,"name":"Accueil","item":"https:\/\/acaweb.ca\/fr\/"},{"@type":"ListItem","position":2,"name":"Blocage de publicit\u00e9s"}]},{"@type":"WebSite","@id":"https:\/\/acaweb.ca\/fr\/#website","url":"https:\/\/acaweb.ca\/fr\/","name":"Association canadienne des annonceurs","description":"","publisher":{"@id":"https:\/\/acaweb.ca\/fr\/#organization"},"potentialAction":[{"@type":"SearchAction","target":{"@type":"EntryPoint","urlTemplate":"https:\/\/acaweb.ca\/fr\/?s={search_term_string}"},"query-input":{"@type":"PropertyValueSpecification","valueRequired":true,"valueName":"search_term_string"}}],"inLanguage":"fr-CA"},{"@type":"Organization","@id":"https:\/\/acaweb.ca\/fr\/#organization","name":"Association canadienne des annonceurs","url":"https:\/\/acaweb.ca\/fr\/","logo":{"@type":"ImageObject","inLanguage":"fr-CA","@id":"https:\/\/acaweb.ca\/fr\/#\/schema\/logo\/image\/","url":"https:\/\/acaweb.ca\/fr\/wp-content\/uploads\/sites\/3\/2017\/10\/cropped-ACA-FR-logo-colour.png","contentUrl":"https:\/\/acaweb.ca\/fr\/wp-content\/uploads\/sites\/3\/2017\/10\/cropped-ACA-FR-logo-colour.png","width":1595,"height":417,"caption":"Association canadienne des annonceurs"},"image":{"@id":"https:\/\/acaweb.ca\/fr\/#\/schema\/logo\/image\/"}}]}},"_links":{"self":[{"href":"https:\/\/acaweb.ca\/fr\/wp-json\/wp\/v2\/pages\/76"}],"collection":[{"href":"https:\/\/acaweb.ca\/fr\/wp-json\/wp\/v2\/pages"}],"about":[{"href":"https:\/\/acaweb.ca\/fr\/wp-json\/wp\/v2\/types\/page"}],"author":[{"embeddable":true,"href":"https:\/\/acaweb.ca\/fr\/wp-json\/wp\/v2\/users\/1"}],"replies":[{"embeddable":true,"href":"https:\/\/acaweb.ca\/fr\/wp-json\/wp\/v2\/comments?post=76"}],"version-history":[{"count":0,"href":"https:\/\/acaweb.ca\/fr\/wp-json\/wp\/v2\/pages\/76\/revisions"}],"up":[{"embeddable":true,"href":"https:\/\/acaweb.ca\/fr\/wp-json\/wp\/v2\/pages\/52"}],"wp:attachment":[{"href":"https:\/\/acaweb.ca\/fr\/wp-json\/wp\/v2\/media?parent=76"}],"curies":[{"name":"wp","href":"https:\/\/api.w.org\/{rel}","templated":true}]}}