{"id":7580,"date":"2024-06-13T11:14:05","date_gmt":"2024-06-13T15:14:05","guid":{"rendered":"https:\/\/acaweb.ca\/fr\/?page_id=7580"},"modified":"2024-06-13T11:45:39","modified_gmt":"2024-06-13T15:45:39","slug":"actra-et-aca-ratifient-renouvellement-un-an-entente-annonces-publicitaires-canada","status":"publish","type":"page","link":"https:\/\/acaweb.ca\/fr\/a-propos-de-nous\/ressources-pour-les-medias\/actra-et-aca-ratifient-renouvellement-un-an-entente-annonces-publicitaires-canada\/","title":{"rendered":"Les artistes-interpr\u00e8tes de l&rsquo;ACTRA et les annonceurs de l&rsquo;ACA ratifient le renouvellement pour un an de l\u2019entente pour les Annonces Publicitaires au Canada"},"content":{"rendered":"<ul>\n<li>L&rsquo;Entente pour les Annonces Publicitaires (NCA) entre en vigueur du 12 juin 2024 au 31 mai 2025.<\/li>\n<li>La NCA \u00e9tablit les termes et conditions pour les artistes-interpr\u00e8tes devant la cam\u00e9ra et les voix hors champs engag\u00e9s dans une annonce publicitaire de langue anglaise.<\/li>\n<\/ul>\n<p><strong>TORONTO \u2013 13 juin 2024.<\/strong> \u2013 Les membres de l&rsquo;Alliance des artistes canadiens du cin\u00e9ma, de la t\u00e9l\u00e9vision et de la radio (ACTRA) et le conseil d&rsquo;administration de l&rsquo;Association Canadienne des Annonceurs (ACA) ont ratifi\u00e9 un renouvellement d&rsquo;un an de l&rsquo;Entente pour les Annonces Publicitaires (NCA) entrant en vigueur du 12 juin 2024 au 31 mai 2025.<\/p>\n<p>\u00a0\u00bb <em>Nos agences de publicit\u00e9 membres qui embauchent des artistes-interpr\u00e8tes de l&rsquo;ACTRA pour produire leurs publicit\u00e9s pourront le faire sans interruption \u00ab\u00a0, a d\u00e9clar\u00e9 Judy Davey, vice-pr\u00e9sidente de la politique des m\u00e9dias et des capacit\u00e9s de marketing \u00e0 l&rsquo;ACA. \u00ab\u00a0Nos annonceurs de l&rsquo;ACA reconnaissent la valeur que les artistes-interpr\u00e8tes de l&rsquo;ACTRA apportent \u00e0 chaque production publicitaire. Je suis heureuse que notre conseil d&rsquo;administration ait ratifi\u00e9 le renouvellement de la NCA<\/em> \u00ab\u00a0.<\/p>\n<p>Il y a deux ans, l&rsquo;ACA et l&rsquo;ACTRA ont conclu une entente apr\u00e8s que l&rsquo;Institut des Agences Canadiennes (ICA) s\u2019est retir\u00e9 de l&rsquo;entente et des n\u00e9gociations.<\/p>\n<p>\u00ab\u00a0<em>Je suis heureuse que les membres de l&rsquo;ACTRA aient vot\u00e9 pour ratifier le renouvellement de l&rsquo;entente pour les Annonces Publicitaires d&rsquo;un an<\/em> \u00ab\u00a0, a d\u00e9clar\u00e9 Marie Kelly, directrice ex\u00e9cutive nationale de l&rsquo;ACTRA et cheffe n\u00e9gociatrice. \u00ab\u00a0<em>Les deux derni\u00e8res ann\u00e9es ont \u00e9t\u00e9 difficiles pour les membres de l&rsquo;ACTRA en raison du lock-out des agences de l&rsquo; ICA. Ce renouvellement favorise la stabilit\u00e9 pour nos membres et comprend une augmentation g\u00e9n\u00e9rale de salaire sans pr\u00e9c\u00e9dent de cinq pour cent pour tous les artistes-interpr\u00e8tes de l&rsquo;ACTRA<\/em> \u00ab\u00a0.<\/p>\n<p>La NCA \u00e9tablit les termes et conditions pour les artistes-interpr\u00e8tes devant la cam\u00e9ra et les voix hors champs engag\u00e9s dans une annonce publicitaire de langue anglaise.<\/p>\n<p>Contacts :<br \/>\nPatrick Hotte, ACA Vice-Pr\u00e9sident Qu\u00e9bec <a href=\"mailto:photte@acaweb.ca\" target=\"_blank\" rel=\"noopener\">photte@acaweb.ca<\/a><br \/>\nCarol Taverner, ACTRA National Charg\u00e9e des Relations Publiques : <a href=\"mailto:ctaverner@actra.ca\" target=\"_blank\" rel=\"noopener\">ctaverner@actra.ca<\/a><\/p>\n<hr \/>\n<p><strong>\u00c0 PROPOS DE L\u2019ASSOCIATION CANADIENNE DES ANNONCEURS<\/strong><br \/>\nL\u2019ACA est l\u2019indispensable d\u00e9fenseur des annonceurs canadiens. \u00c0 ce titre, elle s\u2019impose comme leader d\u2019opinion et fid\u00e8le adepte d\u2019un march\u00e9 \u00e0 la fois transparent et responsable. Association nationale \u00e0 but non lucratif, celle-ci parle au nom de plus de 300 entreprises et divisions.<br \/>\n<a href=\"http:\/\/www.acaweb.ca\" target=\"_blank\" rel=\"noopener\">www.acaweb.ca<\/a><\/p>\n<p><strong>\u00c0 PROPOS DE L\u2019ACTRA<\/strong><br \/>\nL&rsquo;Alliance des artistes canadiens du cin\u00e9ma, de la t\u00e9l\u00e9vision et de la radio (ACTRA) est le syndicat national des artistes-interpr\u00e8tes professionnels travaillant dans les m\u00e9dias enregistr\u00e9s au Canada. L&rsquo;ACTRA repr\u00e9sente les int\u00e9r\u00eats de plus de 30 000 membres \u00e0 travers le pays &#8211; la base de la communaut\u00e9 des artistes-interpr\u00e8tes professionnels du Canada, qui jouit d&rsquo;une grande renomm\u00e9e.<br \/>\n<a href=\"http:\/\/www.actra.ca\" target=\"_blank\" rel=\"noopener\">www.actra.ca<\/a><\/p>\n","protected":false},"excerpt":{"rendered":"<p>L&rsquo;Entente pour les Annonces Publicitaires (NCA) entre en vigueur du 12 juin 2024 au 31 mai 2025. La NCA \u00e9tablit les termes et conditions pour les artistes-interpr\u00e8tes devant la cam\u00e9ra et les voix hors champs engag\u00e9s dans une annonce publicitaire de langue anglaise. TORONTO \u2013 13 juin 2024. \u2013 Les membres de l&rsquo;Alliance des artistes [&hellip;]<\/p>\n","protected":false},"author":1,"featured_media":0,"parent":52,"menu_order":0,"comment_status":"closed","ping_status":"closed","template":"","meta":{"_acf_changed":false,"content-type":"","footnotes":""},"acf":[],"yoast_head":"<!-- This site is optimized with the Yoast SEO plugin v23.4 - https:\/\/yoast.com\/wordpress\/plugins\/seo\/ -->\n<title>Association canadienne des annonceurs<\/title>\n<meta name=\"robots\" content=\"index, follow, max-snippet:-1, max-image-preview:large, max-video-preview:-1\" \/>\n<meta property=\"og:locale\" content=\"fr_CA\" \/>\n<meta property=\"og:type\" content=\"article\" \/>\n<meta property=\"og:site_name\" content=\"Association canadienne des annonceurs\" \/>\n<meta name=\"twitter:card\" content=\"summary_large_image\" \/>\n<script type=\"application\/ld+json\" class=\"yoast-schema-graph\">{\"@context\":\"https:\/\/schema.org\",\"@graph\":[{\"@type\":\"CollectionPage\",\"@id\":null,\"url\":\"\",\"name\":\"\",\"isPartOf\":{\"@id\":\"https:\/\/acaweb.ca\/fr\/#website\"},\"inLanguage\":\"fr-CA\"},{\"@type\":\"WebSite\",\"@id\":\"https:\/\/acaweb.ca\/fr\/#website\",\"url\":\"https:\/\/acaweb.ca\/fr\/\",\"name\":\"Association canadienne des annonceurs\",\"description\":\"\",\"publisher\":{\"@id\":\"https:\/\/acaweb.ca\/fr\/#organization\"},\"potentialAction\":[{\"@type\":\"SearchAction\",\"target\":{\"@type\":\"EntryPoint\",\"urlTemplate\":\"https:\/\/acaweb.ca\/fr\/?s={search_term_string}\"},\"query-input\":{\"@type\":\"PropertyValueSpecification\",\"valueRequired\":true,\"valueName\":\"search_term_string\"}}],\"inLanguage\":\"fr-CA\"},{\"@type\":\"Organization\",\"@id\":\"https:\/\/acaweb.ca\/fr\/#organization\",\"name\":\"Association canadienne des annonceurs\",\"url\":\"https:\/\/acaweb.ca\/fr\/\",\"logo\":{\"@type\":\"ImageObject\",\"inLanguage\":\"fr-CA\",\"@id\":\"https:\/\/acaweb.ca\/fr\/#\/schema\/logo\/image\/\",\"url\":\"https:\/\/acaweb.ca\/fr\/wp-content\/uploads\/sites\/3\/2017\/10\/cropped-ACA-FR-logo-colour.png\",\"contentUrl\":\"https:\/\/acaweb.ca\/fr\/wp-content\/uploads\/sites\/3\/2017\/10\/cropped-ACA-FR-logo-colour.png\",\"width\":1595,\"height\":417,\"caption\":\"Association canadienne des annonceurs\"},\"image\":{\"@id\":\"https:\/\/acaweb.ca\/fr\/#\/schema\/logo\/image\/\"}}]}<\/script>\n<!-- \/ Yoast SEO plugin. -->","yoast_head_json":{"title":"Association canadienne des annonceurs","robots":{"index":"index","follow":"follow","max-snippet":"max-snippet:-1","max-image-preview":"max-image-preview:large","max-video-preview":"max-video-preview:-1"},"og_locale":"fr_CA","og_type":"article","og_site_name":"Association canadienne des annonceurs","twitter_card":"summary_large_image","schema":{"@context":"https:\/\/schema.org","@graph":[{"@type":"CollectionPage","@id":null,"url":"","name":"","isPartOf":{"@id":"https:\/\/acaweb.ca\/fr\/#website"},"inLanguage":"fr-CA"},{"@type":"WebSite","@id":"https:\/\/acaweb.ca\/fr\/#website","url":"https:\/\/acaweb.ca\/fr\/","name":"Association canadienne des annonceurs","description":"","publisher":{"@id":"https:\/\/acaweb.ca\/fr\/#organization"},"potentialAction":[{"@type":"SearchAction","target":{"@type":"EntryPoint","urlTemplate":"https:\/\/acaweb.ca\/fr\/?s={search_term_string}"},"query-input":{"@type":"PropertyValueSpecification","valueRequired":true,"valueName":"search_term_string"}}],"inLanguage":"fr-CA"},{"@type":"Organization","@id":"https:\/\/acaweb.ca\/fr\/#organization","name":"Association canadienne des annonceurs","url":"https:\/\/acaweb.ca\/fr\/","logo":{"@type":"ImageObject","inLanguage":"fr-CA","@id":"https:\/\/acaweb.ca\/fr\/#\/schema\/logo\/image\/","url":"https:\/\/acaweb.ca\/fr\/wp-content\/uploads\/sites\/3\/2017\/10\/cropped-ACA-FR-logo-colour.png","contentUrl":"https:\/\/acaweb.ca\/fr\/wp-content\/uploads\/sites\/3\/2017\/10\/cropped-ACA-FR-logo-colour.png","width":1595,"height":417,"caption":"Association canadienne des annonceurs"},"image":{"@id":"https:\/\/acaweb.ca\/fr\/#\/schema\/logo\/image\/"}}]}},"_links":{"self":[{"href":"https:\/\/acaweb.ca\/fr\/wp-json\/wp\/v2\/pages\/7580"}],"collection":[{"href":"https:\/\/acaweb.ca\/fr\/wp-json\/wp\/v2\/pages"}],"about":[{"href":"https:\/\/acaweb.ca\/fr\/wp-json\/wp\/v2\/types\/page"}],"author":[{"embeddable":true,"href":"https:\/\/acaweb.ca\/fr\/wp-json\/wp\/v2\/users\/1"}],"replies":[{"embeddable":true,"href":"https:\/\/acaweb.ca\/fr\/wp-json\/wp\/v2\/comments?post=7580"}],"version-history":[{"count":1,"href":"https:\/\/acaweb.ca\/fr\/wp-json\/wp\/v2\/pages\/7580\/revisions"}],"predecessor-version":[{"id":7581,"href":"https:\/\/acaweb.ca\/fr\/wp-json\/wp\/v2\/pages\/7580\/revisions\/7581"}],"up":[{"embeddable":true,"href":"https:\/\/acaweb.ca\/fr\/wp-json\/wp\/v2\/pages\/52"}],"wp:attachment":[{"href":"https:\/\/acaweb.ca\/fr\/wp-json\/wp\/v2\/media?parent=7580"}],"curies":[{"name":"wp","href":"https:\/\/api.w.org\/{rel}","templated":true}]}}