{"id":74,"date":"2017-10-09T10:10:23","date_gmt":"2017-10-09T14:10:23","guid":{"rendered":"http:\/\/www.acaweb.ca\/fr\/?page_id=74"},"modified":"2017-11-14T21:38:55","modified_gmt":"2017-11-15T02:38:55","slug":"bill-moir-obtient-la-medaille-dor-de-laca-2014","status":"publish","type":"page","link":"https:\/\/acaweb.ca\/fr\/a-propos-de-nous\/ressources-pour-les-medias\/bill-moir-obtient-la-medaille-dor-de-laca-2014\/","title":{"rendered":"Bill Moir obtient la M\u00e9daille d\u2019or de l\u2019ACA 2014"},"content":{"rendered":"<div class=\"content\">\n<p><strong>Toronto, 5 mai 2014 : <\/strong>L\u2019Association canadienne des annonceurs (ACA) a annonc\u00e9 aujourd\u2019hui que Bill Moir, chef de la marque et des services marketing de Tim Hortons, \u00e9tait le r\u00e9cipiendaire de sa M\u00e9daille d\u2019or 2014. Attribu\u00e9e en 1941 pour la premi\u00e8re fois, celle-ci reconna\u00eet une personne ayant contribu\u00e9 de fa\u00e7on marquante au d\u00e9veloppement des communications marketing au Canada.<\/p>\n<p>M. Moir, qui a vu la cha\u00eene passer de 500 restaurants \u00e0 pr\u00e8s de 4 500 en 24 ans de carri\u00e8re chez Tim Hortons, recevra sa m\u00e9daille lors du gala des Prix Marketing, le 29 mai \u00e0 l\u2019h\u00f4tel The Carlu de Toronto.<\/p>\n<p>\u00ab On rapporte que Peter Drucker, le p\u00e8re des services-conseil d\u2019affaires, a d\u00e9j\u00e0 d\u00e9clar\u00e9 : \u2018Si le but du commerce est de cr\u00e9er la client\u00e8le, l\u2019entreprise commerciale n\u2019a donc que deux \u2013 et seulement deux \u2013 fonctions essentielles : la mise en march\u00e9 et l\u2019innovation. C\u2019est ce qui rapporte. Tout le reste fait partie des co\u00fbts\u2019. Sous la gouverne de Bill Moir, la cha\u00eene Tim Hortons a fait la d\u00e9monstration de la v\u00e9racit\u00e9 de cette assertion. Voil\u00e0 pourquoi il m\u00e9rite pleinement cet honneur \u00bb, affirme Ron Lund, pr\u00e9sident et chef de la direction de l\u2019ACA.<\/p>\n<p>\u00ab Je suis honor\u00e9 et tr\u00e8s heureux d\u2019obtenir une marque de reconnaissance si prestigieuse \u00bb, d\u00e9clare M. Moir. \u00ab J\u2019ai eu le bonheur de diriger les services marketing d\u2019une des marques les plus appr\u00e9ci\u00e9es au Canada. Je suis extr\u00eamement fier des succ\u00e8s remport\u00e9s par mon \u00e9quipe. \u00bb<\/p>\n<p>M. Moir s\u2019est joint \u00e0 Tim Hortons en 1990 en tant que vice-pr\u00e9sident, Marketing et a \u00e9t\u00e9 promu vice-pr\u00e9sident principal, Marketing en 1997. Il a assum\u00e9 sa position actuelle en 2008, date \u00e0 laquelle il est aussi devenu pr\u00e9sident de la Fondation pour les enfants Tim Hortons.<\/p>\n<p>Auparavant, il a travaill\u00e9 chez K-Tel, Shell et les Brasseries Labatt. Impliqu\u00e9 dans le milieu, M. Moir a \u00e9t\u00e9 directeur et pr\u00e9sident du conseil d\u2019administration de l\u2019Association canadienne du Caf\u00e9. Il a \u00e9t\u00e9 nomm\u00e9 \u00ab Global Marketer of the Year \u00bb en 2005 par la revue Advertising Age. Quant \u00e0 la cha\u00eene Tim Hortons, la maison de recherche d\u2019opinion APCO l\u2019a class\u00e9e dans son palmar\u00e8s \u00ab 100 Most Loved Companies in the World \u00bb, en deuxi\u00e8me position de la cat\u00e9gorie des \u00e9tablissements de restauration rapide.<\/p>\n<p>Cette ann\u00e9e marque le 50e anniversaire de la cha\u00eene et M. Moir a fait partie de son \u00e9quipe pour presque la moiti\u00e9 de cette p\u00e9riode. Il s\u2019est distingu\u00e9 comme l\u2019un des artisans essentiels qui en ont fait l\u2019une des marques pr\u00e9f\u00e9r\u00e9es du Canada, une marque qui a acquis une valeur symbolique dans l\u2019esprit des amateurs de caf\u00e9 canadiens \u2013 au m\u00eame titre que l\u2019\u00e9lan d\u2019Am\u00e9rique, les Rocheuses et la gendarmerie royale.<\/p>\n<p>Bill Moir d\u00e9laissera son poste de chef de la marque et des services marketing \u00e0 la fin ao\u00fbt, mais restera pr\u00e9sident de la Fondation pour les enfants Tim Hortons jusqu\u2019\u00e0 la fin 2015.<\/p>\n<p><strong>\u00c0 propos de la M\u00e9daille d\u2019or de l\u2019ACA<\/strong><\/p>\n<p>La M\u00e9daille d\u2019or de l\u2019ACA :<\/p>\n<ul>\n<li>S\u2019adresse \u00e0 toute personne dont les activit\u00e9s ont un impact sur les communications marketing au Canada (annonceurs, agences, m\u00e9dias, chercheurs, universitaires, associations et autres);<\/li>\n<li>Peut \u00eatre attribu\u00e9e pour souligner une contribution sp\u00e9cifique ou pour c\u00e9l\u00e9brer l\u2019ensemble d\u2019une carri\u00e8re;<\/li>\n<li>Est remise \u00e0 une personne ayant contribu\u00e9 de mani\u00e8re mesurable et distinctive \u00e0 l\u2019avancement de la pratique des communications marketing au Canada.<\/li>\n<\/ul>\n<p>Au fil des ans, l\u2019ACA a attribu\u00e9 sa M\u00e9daille d\u2019or \u00e0 un groupe remarquable de leaders et visionnaires. Vous en trouverez <a href=\"http:\/\/www.acaweb.ca\/fr\/a-propos-de-nous\/medaille-dor-de-laca\/\">une liste compl\u00e8te ici<\/a>.<\/p>\n<\/div>\n","protected":false},"excerpt":{"rendered":"<p>Toronto, 5 mai 2014 : L\u2019Association canadienne des annonceurs (ACA) a annonc\u00e9 aujourd\u2019hui que Bill Moir, chef de la marque et des services marketing de Tim Hortons, \u00e9tait le r\u00e9cipiendaire de sa M\u00e9daille d\u2019or 2014. Attribu\u00e9e en 1941 pour la premi\u00e8re fois, celle-ci reconna\u00eet une personne ayant contribu\u00e9 de fa\u00e7on marquante au d\u00e9veloppement des communications [&hellip;]<\/p>\n","protected":false},"author":1,"featured_media":0,"parent":52,"menu_order":0,"comment_status":"closed","ping_status":"closed","template":"","meta":{"_acf_changed":false,"content-type":"","footnotes":""},"acf":[],"yoast_head":"<!-- This site is optimized with the Yoast SEO plugin v23.4 - https:\/\/yoast.com\/wordpress\/plugins\/seo\/ -->\n<title>Association canadienne des annonceurs<\/title>\n<meta name=\"robots\" content=\"index, follow, max-snippet:-1, max-image-preview:large, max-video-preview:-1\" \/>\n<meta property=\"og:locale\" content=\"fr_CA\" \/>\n<meta property=\"og:type\" content=\"article\" \/>\n<meta property=\"og:site_name\" content=\"Association canadienne des annonceurs\" \/>\n<meta name=\"twitter:card\" content=\"summary_large_image\" \/>\n<script type=\"application\/ld+json\" class=\"yoast-schema-graph\">{\"@context\":\"https:\/\/schema.org\",\"@graph\":[{\"@type\":\"CollectionPage\",\"@id\":null,\"url\":\"\",\"name\":\"\",\"isPartOf\":{\"@id\":\"https:\/\/acaweb.ca\/fr\/#website\"},\"inLanguage\":\"fr-CA\"},{\"@type\":\"WebSite\",\"@id\":\"https:\/\/acaweb.ca\/fr\/#website\",\"url\":\"https:\/\/acaweb.ca\/fr\/\",\"name\":\"Association canadienne des annonceurs\",\"description\":\"\",\"publisher\":{\"@id\":\"https:\/\/acaweb.ca\/fr\/#organization\"},\"potentialAction\":[{\"@type\":\"SearchAction\",\"target\":{\"@type\":\"EntryPoint\",\"urlTemplate\":\"https:\/\/acaweb.ca\/fr\/?s={search_term_string}\"},\"query-input\":{\"@type\":\"PropertyValueSpecification\",\"valueRequired\":true,\"valueName\":\"search_term_string\"}}],\"inLanguage\":\"fr-CA\"},{\"@type\":\"Organization\",\"@id\":\"https:\/\/acaweb.ca\/fr\/#organization\",\"name\":\"Association canadienne des annonceurs\",\"url\":\"https:\/\/acaweb.ca\/fr\/\",\"logo\":{\"@type\":\"ImageObject\",\"inLanguage\":\"fr-CA\",\"@id\":\"https:\/\/acaweb.ca\/fr\/#\/schema\/logo\/image\/\",\"url\":\"https:\/\/acaweb.ca\/fr\/wp-content\/uploads\/sites\/3\/2017\/10\/cropped-ACA-FR-logo-colour.png\",\"contentUrl\":\"https:\/\/acaweb.ca\/fr\/wp-content\/uploads\/sites\/3\/2017\/10\/cropped-ACA-FR-logo-colour.png\",\"width\":1595,\"height\":417,\"caption\":\"Association canadienne des annonceurs\"},\"image\":{\"@id\":\"https:\/\/acaweb.ca\/fr\/#\/schema\/logo\/image\/\"}}]}<\/script>\n<!-- \/ Yoast SEO plugin. -->","yoast_head_json":{"title":"Association canadienne des annonceurs","robots":{"index":"index","follow":"follow","max-snippet":"max-snippet:-1","max-image-preview":"max-image-preview:large","max-video-preview":"max-video-preview:-1"},"og_locale":"fr_CA","og_type":"article","og_site_name":"Association canadienne des annonceurs","twitter_card":"summary_large_image","schema":{"@context":"https:\/\/schema.org","@graph":[{"@type":"CollectionPage","@id":null,"url":"","name":"","isPartOf":{"@id":"https:\/\/acaweb.ca\/fr\/#website"},"inLanguage":"fr-CA"},{"@type":"WebSite","@id":"https:\/\/acaweb.ca\/fr\/#website","url":"https:\/\/acaweb.ca\/fr\/","name":"Association canadienne des annonceurs","description":"","publisher":{"@id":"https:\/\/acaweb.ca\/fr\/#organization"},"potentialAction":[{"@type":"SearchAction","target":{"@type":"EntryPoint","urlTemplate":"https:\/\/acaweb.ca\/fr\/?s={search_term_string}"},"query-input":{"@type":"PropertyValueSpecification","valueRequired":true,"valueName":"search_term_string"}}],"inLanguage":"fr-CA"},{"@type":"Organization","@id":"https:\/\/acaweb.ca\/fr\/#organization","name":"Association canadienne des annonceurs","url":"https:\/\/acaweb.ca\/fr\/","logo":{"@type":"ImageObject","inLanguage":"fr-CA","@id":"https:\/\/acaweb.ca\/fr\/#\/schema\/logo\/image\/","url":"https:\/\/acaweb.ca\/fr\/wp-content\/uploads\/sites\/3\/2017\/10\/cropped-ACA-FR-logo-colour.png","contentUrl":"https:\/\/acaweb.ca\/fr\/wp-content\/uploads\/sites\/3\/2017\/10\/cropped-ACA-FR-logo-colour.png","width":1595,"height":417,"caption":"Association canadienne des annonceurs"},"image":{"@id":"https:\/\/acaweb.ca\/fr\/#\/schema\/logo\/image\/"}}]}},"_links":{"self":[{"href":"https:\/\/acaweb.ca\/fr\/wp-json\/wp\/v2\/pages\/74"}],"collection":[{"href":"https:\/\/acaweb.ca\/fr\/wp-json\/wp\/v2\/pages"}],"about":[{"href":"https:\/\/acaweb.ca\/fr\/wp-json\/wp\/v2\/types\/page"}],"author":[{"embeddable":true,"href":"https:\/\/acaweb.ca\/fr\/wp-json\/wp\/v2\/users\/1"}],"replies":[{"embeddable":true,"href":"https:\/\/acaweb.ca\/fr\/wp-json\/wp\/v2\/comments?post=74"}],"version-history":[{"count":0,"href":"https:\/\/acaweb.ca\/fr\/wp-json\/wp\/v2\/pages\/74\/revisions"}],"up":[{"embeddable":true,"href":"https:\/\/acaweb.ca\/fr\/wp-json\/wp\/v2\/pages\/52"}],"wp:attachment":[{"href":"https:\/\/acaweb.ca\/fr\/wp-json\/wp\/v2\/media?parent=74"}],"curies":[{"name":"wp","href":"https:\/\/api.w.org\/{rel}","templated":true}]}}