{"id":7373,"date":"2024-02-22T10:52:10","date_gmt":"2024-02-22T15:52:10","guid":{"rendered":"https:\/\/acaweb.ca\/fr\/?page_id=7373"},"modified":"2024-02-22T10:57:31","modified_gmt":"2024-02-22T15:57:31","slug":"depart-a-la-retraite-de-ron-lund","status":"publish","type":"page","link":"https:\/\/acaweb.ca\/fr\/a-propos-de-nous\/ressources-pour-les-medias\/depart-a-la-retraite-de-ron-lund\/","title":{"rendered":"D\u00e9part \u00e0 la retraite de Ron Lund"},"content":{"rendered":"<ul>\n<li>Ron Lund, pr\u00e9sident et chef de la direction de l\u2019Association canadienne des annonceurs (ACA), a annonc\u00e9 sa d\u00e9cision de prendre sa retraite \u00e0 la fin du mois (f\u00e9vrier 2024).<\/li>\n<\/ul>\n<p><strong>TORONTO \u2013 22 f\u00e9vrier 2024.<\/strong> \u2013 Apr\u00e8s plus de 20 ans aux commandes, Ron Lund, pr\u00e9sident et chef de la direction de l\u2019Association canadienne des annonceurs (ACA), a annonc\u00e9 sa d\u00e9cision de prendre sa retraite \u00e0 la fin du mois (f\u00e9vrier 2024).<\/p>\n<p>\u00ab <em>Cette d\u00e9cision s\u2019accompagne d\u2019\u00e9motions nuanc\u00e9es, mais apr\u00e8s plusieurs mois de r\u00e9flexion, il est devenu clair que le moment \u00e9tait venu pour moi de confier le leadership de cette organisation tr\u00e8s v\u00e9n\u00e9r\u00e9e \u00e0 une autre personne pour que la marque ACA continue de grandir dans ce monde postpand\u00e9mique<\/em> \u00bb, a d\u00e9clar\u00e9 M. Lund.<\/p>\n<p>Au fil des ans, les r\u00e9alisations de Ron Lund ont \u00e9t\u00e9 \u00e0 la fois nombreuses et significatives. Bien que la liste qui suit ne soit nullement exhaustive, nommons entre toutes ses r\u00e9alisations la direction de nombreux dossiers visant \u00e0 d\u00e9fendre vigoureusement les droits des annonceurs \u00e0 commercialiser leurs produits et services l\u00e9gaux de mani\u00e8re responsable; le plus notable d\u2019entre eux \u00e9tant celui pour s\u2019assurer que les entreprises d\u2019aliments et de boissons conservent leur \u00ab licence \u00bb pour diriger la publicit\u00e9 de leurs produits aux adultes. Ron a aussi travaill\u00e9 sans rel\u00e2che pour garantir un march\u00e9 publicitaire transparent et responsable. Son h\u00e9ritage se perp\u00e9tue non seulement dans le travail de l\u2019ACA, mais aussi par l\u2019entremise des organisations de l\u2019industrie aupr\u00e8s desquelles il a jou\u00e9 un r\u00f4le cl\u00e9 dans leur fondation, notamment le Bureau de la publicit\u00e9 interactive du Canada (IAB), le Conseil canadien de la commandite (SMCC) et l\u2019Alliance canadienne de la publicit\u00e9 num\u00e9rique (DAAC).<\/p>\n<p>\u00ab <em>C\u2019est avec regret, mais avec nos meilleurs v\u0153ux, que nous voyons Ron partir pour cette retraite bien m\u00e9rit\u00e9e <\/em>\u00bb, a d\u00e9clar\u00e9 Moya Brown, pr\u00e9sidente de l\u2019ACA au nom du conseil d\u2019administration. \u00ab <em>Le d\u00e9part de Ron marque la fin d\u2019une \u00e9poque pour l\u2019ACA et toute l\u2019industrie. Pendant que nous amor\u00e7ons cette transition, soyez assur\u00e9 que les services aux membres de l\u2019ACA et les initiatives cl\u00e9s de l\u2019industrie demeurent bien ma\u00eetris\u00e9es et g\u00e9r\u00e9es par la comp\u00e9tente \u00e9quipe de l\u2019ACA qui a les choses en mains<\/em>\u00a0\u00bb, ajoute Moya. Pour nous assister, Esther Benzie, ancienne membre du conseil d\u2019administration et leader du marketing tr\u00e8s respect\u00e9e, se joindra \u00e0 l\u2019\u00e9quipe en tant que conseill\u00e8re int\u00e9rimaire pour l\u2019ACA jusqu\u2019\u00e0 ce que le successeur de Ron soit annonc\u00e9.<\/p>\n<hr \/>\n<p><strong>\u00c0 PROPOS DE L\u2019ASSOCIATION CANADIENNE DES ANNONCEURS<\/strong><br \/>\nL\u2019ACA est l\u2019indispensable d\u00e9fenseur des annonceurs canadiens. \u00c0 ce titre, elle s\u2019impose comme leader d\u2019opinion et fid\u00e8le adepte d\u2019un march\u00e9 \u00e0 la fois transparent et responsable. Association nationale \u00e0 but non lucratif, celle-ci parle au nom de plus de 300 entreprises et divisions.<br \/>\n<a href=\"http:\/\/www.acaweb.ca\" target=\"_blank\" rel=\"noopener\">www.acaweb.ca<\/a><\/p>\n","protected":false},"excerpt":{"rendered":"<p>Ron Lund, pr\u00e9sident et chef de la direction de l\u2019Association canadienne des annonceurs (ACA), a annonc\u00e9 sa d\u00e9cision de prendre sa retraite \u00e0 la fin du mois (f\u00e9vrier 2024). TORONTO \u2013 22 f\u00e9vrier 2024. \u2013 Apr\u00e8s plus de 20 ans aux commandes, Ron Lund, pr\u00e9sident et chef de la direction de l\u2019Association canadienne des annonceurs [&hellip;]<\/p>\n","protected":false},"author":1,"featured_media":0,"parent":52,"menu_order":0,"comment_status":"closed","ping_status":"closed","template":"","meta":{"_acf_changed":false,"content-type":"","footnotes":""},"acf":[],"yoast_head":"<!-- This site is optimized with the Yoast SEO plugin v23.4 - https:\/\/yoast.com\/wordpress\/plugins\/seo\/ -->\n<title>Association canadienne des annonceurs<\/title>\n<meta name=\"robots\" content=\"index, follow, max-snippet:-1, max-image-preview:large, max-video-preview:-1\" \/>\n<meta property=\"og:locale\" content=\"fr_CA\" \/>\n<meta property=\"og:type\" content=\"article\" \/>\n<meta property=\"og:site_name\" content=\"Association canadienne des annonceurs\" \/>\n<meta name=\"twitter:card\" content=\"summary_large_image\" \/>\n<script type=\"application\/ld+json\" class=\"yoast-schema-graph\">{\"@context\":\"https:\/\/schema.org\",\"@graph\":[{\"@type\":\"CollectionPage\",\"@id\":null,\"url\":\"\",\"name\":\"\",\"isPartOf\":{\"@id\":\"https:\/\/acaweb.ca\/fr\/#website\"},\"inLanguage\":\"fr-CA\"},{\"@type\":\"WebSite\",\"@id\":\"https:\/\/acaweb.ca\/fr\/#website\",\"url\":\"https:\/\/acaweb.ca\/fr\/\",\"name\":\"Association canadienne des annonceurs\",\"description\":\"\",\"publisher\":{\"@id\":\"https:\/\/acaweb.ca\/fr\/#organization\"},\"potentialAction\":[{\"@type\":\"SearchAction\",\"target\":{\"@type\":\"EntryPoint\",\"urlTemplate\":\"https:\/\/acaweb.ca\/fr\/?s={search_term_string}\"},\"query-input\":{\"@type\":\"PropertyValueSpecification\",\"valueRequired\":true,\"valueName\":\"search_term_string\"}}],\"inLanguage\":\"fr-CA\"},{\"@type\":\"Organization\",\"@id\":\"https:\/\/acaweb.ca\/fr\/#organization\",\"name\":\"Association canadienne des annonceurs\",\"url\":\"https:\/\/acaweb.ca\/fr\/\",\"logo\":{\"@type\":\"ImageObject\",\"inLanguage\":\"fr-CA\",\"@id\":\"https:\/\/acaweb.ca\/fr\/#\/schema\/logo\/image\/\",\"url\":\"https:\/\/acaweb.ca\/fr\/wp-content\/uploads\/sites\/3\/2017\/10\/cropped-ACA-FR-logo-colour.png\",\"contentUrl\":\"https:\/\/acaweb.ca\/fr\/wp-content\/uploads\/sites\/3\/2017\/10\/cropped-ACA-FR-logo-colour.png\",\"width\":1595,\"height\":417,\"caption\":\"Association canadienne des annonceurs\"},\"image\":{\"@id\":\"https:\/\/acaweb.ca\/fr\/#\/schema\/logo\/image\/\"}}]}<\/script>\n<!-- \/ Yoast SEO plugin. -->","yoast_head_json":{"title":"Association canadienne des annonceurs","robots":{"index":"index","follow":"follow","max-snippet":"max-snippet:-1","max-image-preview":"max-image-preview:large","max-video-preview":"max-video-preview:-1"},"og_locale":"fr_CA","og_type":"article","og_site_name":"Association canadienne des annonceurs","twitter_card":"summary_large_image","schema":{"@context":"https:\/\/schema.org","@graph":[{"@type":"CollectionPage","@id":null,"url":"","name":"","isPartOf":{"@id":"https:\/\/acaweb.ca\/fr\/#website"},"inLanguage":"fr-CA"},{"@type":"WebSite","@id":"https:\/\/acaweb.ca\/fr\/#website","url":"https:\/\/acaweb.ca\/fr\/","name":"Association canadienne des annonceurs","description":"","publisher":{"@id":"https:\/\/acaweb.ca\/fr\/#organization"},"potentialAction":[{"@type":"SearchAction","target":{"@type":"EntryPoint","urlTemplate":"https:\/\/acaweb.ca\/fr\/?s={search_term_string}"},"query-input":{"@type":"PropertyValueSpecification","valueRequired":true,"valueName":"search_term_string"}}],"inLanguage":"fr-CA"},{"@type":"Organization","@id":"https:\/\/acaweb.ca\/fr\/#organization","name":"Association canadienne des annonceurs","url":"https:\/\/acaweb.ca\/fr\/","logo":{"@type":"ImageObject","inLanguage":"fr-CA","@id":"https:\/\/acaweb.ca\/fr\/#\/schema\/logo\/image\/","url":"https:\/\/acaweb.ca\/fr\/wp-content\/uploads\/sites\/3\/2017\/10\/cropped-ACA-FR-logo-colour.png","contentUrl":"https:\/\/acaweb.ca\/fr\/wp-content\/uploads\/sites\/3\/2017\/10\/cropped-ACA-FR-logo-colour.png","width":1595,"height":417,"caption":"Association canadienne des annonceurs"},"image":{"@id":"https:\/\/acaweb.ca\/fr\/#\/schema\/logo\/image\/"}}]}},"_links":{"self":[{"href":"https:\/\/acaweb.ca\/fr\/wp-json\/wp\/v2\/pages\/7373"}],"collection":[{"href":"https:\/\/acaweb.ca\/fr\/wp-json\/wp\/v2\/pages"}],"about":[{"href":"https:\/\/acaweb.ca\/fr\/wp-json\/wp\/v2\/types\/page"}],"author":[{"embeddable":true,"href":"https:\/\/acaweb.ca\/fr\/wp-json\/wp\/v2\/users\/1"}],"replies":[{"embeddable":true,"href":"https:\/\/acaweb.ca\/fr\/wp-json\/wp\/v2\/comments?post=7373"}],"version-history":[{"count":4,"href":"https:\/\/acaweb.ca\/fr\/wp-json\/wp\/v2\/pages\/7373\/revisions"}],"predecessor-version":[{"id":7383,"href":"https:\/\/acaweb.ca\/fr\/wp-json\/wp\/v2\/pages\/7373\/revisions\/7383"}],"up":[{"embeddable":true,"href":"https:\/\/acaweb.ca\/fr\/wp-json\/wp\/v2\/pages\/52"}],"wp:attachment":[{"href":"https:\/\/acaweb.ca\/fr\/wp-json\/wp\/v2\/media?parent=7373"}],"curies":[{"name":"wp","href":"https:\/\/api.w.org\/{rel}","templated":true}]}}