{"id":73,"date":"2017-10-09T10:10:23","date_gmt":"2017-10-09T14:10:23","guid":{"rendered":"http:\/\/www.acaweb.ca\/fr\/?page_id=73"},"modified":"2017-12-11T12:50:29","modified_gmt":"2017-12-11T17:50:29","slug":"entente-de-principe-entre-actra-et-lindustrie-canadienne-de-la-pub","status":"publish","type":"page","link":"https:\/\/acaweb.ca\/fr\/a-propos-de-nous\/ressources-pour-les-medias\/entente-de-principe-entre-actra-et-lindustrie-canadienne-de-la-pub\/","title":{"rendered":"Entente de principe entre ACTRA et l\u2019industrie canadienne de la pub"},"content":{"rendered":"<p><strong>29 juillet 2014 :<\/strong> L\u2019Association canadienne des annonceurs (ACA), l\u2019Institut des Communications et de la publicit\u00e9 (ICP) ont conclu un accord de principe avec l\u2019Alliance of Canadian Cinema, Television and Radio Artists (ACTRA) en vue du renouvellement de l\u2019Entente nationale sur la publicit\u00e9 (ENP). Les parties se sont finalement entendues apr\u00e8s 17 jours de n\u00e9gociations ardues qui ont requis l\u2019intervention d\u2019un m\u00e9diateur, Reg Pearson, sous-ministre adjoint du minist\u00e8re du Travail de l\u2019Ontario. L\u2019ENP r\u00e9git la production de messages publicitaires au Canada anglais. Les membres d\u2019ACTRA voteront sur les termes de la nouvelle entente au cours des semaines qui viennent.<\/p>\n<p>\u00ab Nous sommes heureux d\u2019avoir pu conclure avec l\u2019industrie de la publicit\u00e9 une entente dont les nouvelles clauses prennent acte de la transformation de la publicit\u00e9 au pays et permettront en m\u00eame temps d\u2019offrir plus de travail \u00e0 nos membres \u00bb, d\u00e9clare Stephen Waddell, directeur ex\u00e9cutif national et n\u00e9gociateur en chef de l\u2019ACTRA.<\/p>\n<p>\u00ab Notre industrie doit relever des d\u00e9fis bien r\u00e9els \u00e0 l\u2019heure actuelle. Je suis content que nous ayons pu arriver \u00e0 une entente \u00e9quitable avec l\u2019ACTRA. Cet accord reconna\u00eet la r\u00e9alit\u00e9 actuelle de la production publicitaire au pays et renforce la position concurrentielle de nos membres \u00bb, explique Henry Dinsdale, conseiller juridique principal de l\u2019ACA et de l\u2019ICP.<\/p>\n<p>L\u2019entente de principe pr\u00e9voit une hausse annuelle des cachets de 2 % pour sa dur\u00e9e de 3 ans. Si elle est accept\u00e9e, elle entrera en vigueur d\u00e8s le 25 ao\u00fbt, et elle se prolongera jusqu\u2019au 30 juin 2017. Le vote de ratification des membres d\u2019ACTRA aura lieu par Internet au cours des cinq prochaines semaines.<\/p>\n<p>L\u2019<a href=\"http:\/\/www.actra.ca\/main\/\">ACTRA<\/a> repr\u00e9sente les artistes travaillant dans la production m\u00e9dia canadienne anglaise. Ses quelques 22 000 membres r\u00e9partis d\u2019un bout \u00e0 l\u2019autre du pays forment la base de la communaut\u00e9 artistique anglophone du Canada.<\/p>\n<p>L\u2019ACA est la seule association nationale au Canada ayant pour mission de promouvoir exclusivement les int\u00e9r\u00eats des clients annonceurs. Elle aide ses membres \u00e0 maximiser la valeur de leurs investissements dans toutes les formes de communications marketing et leur propose une gamme exclusive de services de d\u00e9veloppement des comp\u00e9tences, de recherche et de consultation. L\u2019ACA d\u00e9fend la libert\u00e9 d\u2019expression commerciale des annonceurs et milite en faveur de l\u2019imputabilit\u00e9 du march\u00e9 publicitaire des services offerts aux annonceurs. Ses membres, plus de 200 entreprises et filiales canadiennes, affichent un chiffre d\u2019affaires collectif de quelque 350 milliards de dollars par ann\u00e9e.<\/p>\n<p>L\u2019<a href=\"http:\/\/www.icacanada.ca\">Institut des communications et de la publicit\u00e9<\/a> repr\u00e9sente les agences de communications et de publicit\u00e9 canadiennes. L\u2019ICP favorise des normes \u00e9lev\u00e9es de m\u00eame que des pratiques exemplaires et constitue la plus grande source d\u2019information, de conseil et de formation de l\u2019industrie de la publicit\u00e9 et des communications du Canada. Les agences membres de l\u2019ICP et leurs filiales repr\u00e9sentent \u00e0 elles seules plus de 80 % de la publicit\u00e9 nationale et g\u00e9n\u00e8rent des retomb\u00e9es \u00e9conomiques annuelles de plus de 15 milliards de dollars.<\/p>\n<p>-30-<\/p>\n<p>Contact pour les m\u00e9dias :<br \/>\nACA : Matthew Chung, Directeur, Communications et contenus 416-964-0432 \/ <a href=\"mailto:jyared@ACAweb.ca\">jyared@ACAweb.ca<\/a><br \/>\nACTRA : Karen Woolridge, agent de relations publiques, 416-937-1437 \/ <a href=\"mailto:kwoolridge@actratoronto.com\">kwoolridge@actratoronto.com<\/a><br \/>\nICP : Gillian Graham, chef de la direction, 416-482-1396 \/ <a href=\"mailto:ggraham@icacanada.ca\">ggraham@icacanada.ca<\/a><\/p>\n","protected":false},"excerpt":{"rendered":"<p>29 juillet 2014 : L\u2019Association canadienne des annonceurs (ACA), l\u2019Institut des Communications et de la publicit\u00e9 (ICP) ont conclu un accord de principe avec l\u2019Alliance of Canadian Cinema, Television and Radio Artists (ACTRA) en vue du renouvellement de l\u2019Entente nationale sur la publicit\u00e9 (ENP). Les parties se sont finalement entendues apr\u00e8s 17 jours de n\u00e9gociations [&hellip;]<\/p>\n","protected":false},"author":1,"featured_media":0,"parent":52,"menu_order":0,"comment_status":"closed","ping_status":"closed","template":"","meta":{"_acf_changed":false,"content-type":"","footnotes":""},"acf":[],"yoast_head":"<!-- This site is optimized with the Yoast SEO plugin v23.4 - https:\/\/yoast.com\/wordpress\/plugins\/seo\/ -->\n<title>Achats programmatiques Archives - Association canadienne des annonceurs<\/title>\n<meta name=\"robots\" content=\"index, follow, max-snippet:-1, max-image-preview:large, max-video-preview:-1\" \/>\n<link rel=\"canonical\" href=\"https:\/\/acaweb.ca\/fr\/tag\/achats-programmatiques\/\" \/>\n<meta property=\"og:locale\" content=\"fr_CA\" \/>\n<meta property=\"og:type\" content=\"article\" \/>\n<meta property=\"og:title\" content=\"Achats programmatiques Archives - Association canadienne des annonceurs\" \/>\n<meta property=\"og:url\" content=\"https:\/\/acaweb.ca\/fr\/tag\/achats-programmatiques\/\" \/>\n<meta property=\"og:site_name\" content=\"Association canadienne des annonceurs\" \/>\n<meta name=\"twitter:card\" content=\"summary_large_image\" \/>\n<script type=\"application\/ld+json\" class=\"yoast-schema-graph\">{\"@context\":\"https:\/\/schema.org\",\"@graph\":[{\"@type\":\"CollectionPage\",\"@id\":\"https:\/\/acaweb.ca\/fr\/tag\/achats-programmatiques\/\",\"url\":\"https:\/\/acaweb.ca\/fr\/tag\/achats-programmatiques\/\",\"name\":\"Achats programmatiques Archives - Association canadienne des annonceurs\",\"isPartOf\":{\"@id\":\"https:\/\/acaweb.ca\/fr\/#website\"},\"breadcrumb\":{\"@id\":\"https:\/\/acaweb.ca\/fr\/tag\/achats-programmatiques\/#breadcrumb\"},\"inLanguage\":\"fr-CA\"},{\"@type\":\"BreadcrumbList\",\"@id\":\"https:\/\/acaweb.ca\/fr\/tag\/achats-programmatiques\/#breadcrumb\",\"itemListElement\":[{\"@type\":\"ListItem\",\"position\":1,\"name\":\"Accueil\",\"item\":\"https:\/\/acaweb.ca\/fr\/\"},{\"@type\":\"ListItem\",\"position\":2,\"name\":\"Achats programmatiques\"}]},{\"@type\":\"WebSite\",\"@id\":\"https:\/\/acaweb.ca\/fr\/#website\",\"url\":\"https:\/\/acaweb.ca\/fr\/\",\"name\":\"Association canadienne des annonceurs\",\"description\":\"\",\"publisher\":{\"@id\":\"https:\/\/acaweb.ca\/fr\/#organization\"},\"potentialAction\":[{\"@type\":\"SearchAction\",\"target\":{\"@type\":\"EntryPoint\",\"urlTemplate\":\"https:\/\/acaweb.ca\/fr\/?s={search_term_string}\"},\"query-input\":{\"@type\":\"PropertyValueSpecification\",\"valueRequired\":true,\"valueName\":\"search_term_string\"}}],\"inLanguage\":\"fr-CA\"},{\"@type\":\"Organization\",\"@id\":\"https:\/\/acaweb.ca\/fr\/#organization\",\"name\":\"Association canadienne des annonceurs\",\"url\":\"https:\/\/acaweb.ca\/fr\/\",\"logo\":{\"@type\":\"ImageObject\",\"inLanguage\":\"fr-CA\",\"@id\":\"https:\/\/acaweb.ca\/fr\/#\/schema\/logo\/image\/\",\"url\":\"https:\/\/acaweb.ca\/fr\/wp-content\/uploads\/sites\/3\/2017\/10\/cropped-ACA-FR-logo-colour.png\",\"contentUrl\":\"https:\/\/acaweb.ca\/fr\/wp-content\/uploads\/sites\/3\/2017\/10\/cropped-ACA-FR-logo-colour.png\",\"width\":1595,\"height\":417,\"caption\":\"Association canadienne des annonceurs\"},\"image\":{\"@id\":\"https:\/\/acaweb.ca\/fr\/#\/schema\/logo\/image\/\"}}]}<\/script>\n<!-- \/ Yoast SEO plugin. -->","yoast_head_json":{"title":"Achats programmatiques Archives - Association canadienne des annonceurs","robots":{"index":"index","follow":"follow","max-snippet":"max-snippet:-1","max-image-preview":"max-image-preview:large","max-video-preview":"max-video-preview:-1"},"canonical":"https:\/\/acaweb.ca\/fr\/tag\/achats-programmatiques\/","og_locale":"fr_CA","og_type":"article","og_title":"Achats programmatiques Archives - Association canadienne des annonceurs","og_url":"https:\/\/acaweb.ca\/fr\/tag\/achats-programmatiques\/","og_site_name":"Association canadienne des annonceurs","twitter_card":"summary_large_image","schema":{"@context":"https:\/\/schema.org","@graph":[{"@type":"CollectionPage","@id":"https:\/\/acaweb.ca\/fr\/tag\/achats-programmatiques\/","url":"https:\/\/acaweb.ca\/fr\/tag\/achats-programmatiques\/","name":"Achats programmatiques Archives - Association canadienne des annonceurs","isPartOf":{"@id":"https:\/\/acaweb.ca\/fr\/#website"},"breadcrumb":{"@id":"https:\/\/acaweb.ca\/fr\/tag\/achats-programmatiques\/#breadcrumb"},"inLanguage":"fr-CA"},{"@type":"BreadcrumbList","@id":"https:\/\/acaweb.ca\/fr\/tag\/achats-programmatiques\/#breadcrumb","itemListElement":[{"@type":"ListItem","position":1,"name":"Accueil","item":"https:\/\/acaweb.ca\/fr\/"},{"@type":"ListItem","position":2,"name":"Achats programmatiques"}]},{"@type":"WebSite","@id":"https:\/\/acaweb.ca\/fr\/#website","url":"https:\/\/acaweb.ca\/fr\/","name":"Association canadienne des annonceurs","description":"","publisher":{"@id":"https:\/\/acaweb.ca\/fr\/#organization"},"potentialAction":[{"@type":"SearchAction","target":{"@type":"EntryPoint","urlTemplate":"https:\/\/acaweb.ca\/fr\/?s={search_term_string}"},"query-input":{"@type":"PropertyValueSpecification","valueRequired":true,"valueName":"search_term_string"}}],"inLanguage":"fr-CA"},{"@type":"Organization","@id":"https:\/\/acaweb.ca\/fr\/#organization","name":"Association canadienne des annonceurs","url":"https:\/\/acaweb.ca\/fr\/","logo":{"@type":"ImageObject","inLanguage":"fr-CA","@id":"https:\/\/acaweb.ca\/fr\/#\/schema\/logo\/image\/","url":"https:\/\/acaweb.ca\/fr\/wp-content\/uploads\/sites\/3\/2017\/10\/cropped-ACA-FR-logo-colour.png","contentUrl":"https:\/\/acaweb.ca\/fr\/wp-content\/uploads\/sites\/3\/2017\/10\/cropped-ACA-FR-logo-colour.png","width":1595,"height":417,"caption":"Association canadienne des annonceurs"},"image":{"@id":"https:\/\/acaweb.ca\/fr\/#\/schema\/logo\/image\/"}}]}},"_links":{"self":[{"href":"https:\/\/acaweb.ca\/fr\/wp-json\/wp\/v2\/pages\/73"}],"collection":[{"href":"https:\/\/acaweb.ca\/fr\/wp-json\/wp\/v2\/pages"}],"about":[{"href":"https:\/\/acaweb.ca\/fr\/wp-json\/wp\/v2\/types\/page"}],"author":[{"embeddable":true,"href":"https:\/\/acaweb.ca\/fr\/wp-json\/wp\/v2\/users\/1"}],"replies":[{"embeddable":true,"href":"https:\/\/acaweb.ca\/fr\/wp-json\/wp\/v2\/comments?post=73"}],"version-history":[{"count":0,"href":"https:\/\/acaweb.ca\/fr\/wp-json\/wp\/v2\/pages\/73\/revisions"}],"up":[{"embeddable":true,"href":"https:\/\/acaweb.ca\/fr\/wp-json\/wp\/v2\/pages\/52"}],"wp:attachment":[{"href":"https:\/\/acaweb.ca\/fr\/wp-json\/wp\/v2\/media?parent=73"}],"curies":[{"name":"wp","href":"https:\/\/api.w.org\/{rel}","templated":true}]}}