{"id":7274,"date":"2023-12-14T12:45:49","date_gmt":"2023-12-14T17:45:49","guid":{"rendered":"https:\/\/acaweb.ca\/fr\/?page_id=7274"},"modified":"2023-12-14T12:48:23","modified_gmt":"2023-12-14T17:48:23","slug":"nouvelle-entente-collective-production-publicitaire-apc-uda","status":"publish","type":"page","link":"https:\/\/acaweb.ca\/fr\/a-propos-de-nous\/ressources-pour-les-medias\/nouvelle-entente-collective-production-publicitaire-apc-uda\/","title":{"rendered":"Nouvelle entente collective en production publicitaire entre l\u2019APC et l\u2019UDA"},"content":{"rendered":"<ul>\n<li>L&rsquo;accord modernise et fusionne les conventions collectives de la t\u00e9l\u00e9vision, de la radio et de l&rsquo;Internet\/nouveaux m\u00e9dias.<\/li>\n<\/ul>\n<p><strong>TORONTO \u2013 13 d\u00e9cembre 2023.<\/strong> \u2013 Apr\u00e8s des ann\u00e9es de n\u00e9gociation, l\u2019Association des producteurs conjoints (APC) et l\u2019Union des artistes (UDA) ont conclu une entente de principe pour la modernisation et la jonction des ententes collectives TV-radio et Internet et nouveaux m\u00e9dias. Avec la ratification par les membres de l\u2019UDA et par les conseils d\u2019administration de l\u2019A2C et de l\u2019ACA, c\u2019est l\u2019ensemble de l\u2019industrie qui profitera de conditions justes, de flexibilit\u00e9 dans l\u2019utilisation des diff\u00e9rents formats publicitaires et d\u2019une entente mieux adapt\u00e9e au d\u00e9veloppement des m\u00e9dias d\u2019ici.<\/p>\n<p>Malgr\u00e9 l\u2019ampleur des enjeux pr\u00e9sent\u00e9s de part et d\u2019autre, complexifi\u00e9e par le ralentissement \u00e9conomique, les deux comit\u00e9s de n\u00e9gociation ont multipli\u00e9 les efforts pour trouver les compromis n\u00e9cessaires pour en venir \u00e0 une entente b\u00e9n\u00e9fique.<\/p>\n<p>\u00ab Cette entente est importante pour l\u2019ensemble de l\u2019\u00e9cosyst\u00e8me publicitaire \u00e9tant la 2e source de revenus des artistes UDA. La modernisation de l\u2019entente permettra de poursuivre le travail en collaboration pour produire davantage au Qu\u00e9bec au b\u00e9n\u00e9fice de tous. Avec la crise actuelle des m\u00e9dias, cette entente permet une stabilit\u00e9 de production pour l\u2019ensemble de l\u2019industrie. \u00bb souligne Dominique Villeneuve, pr\u00e9sidente-directrice g\u00e9n\u00e9rale de l\u2019Association des agences de communication cr\u00e9ative (A2C).<\/p>\n<p>\u00ab Apr\u00e8s plusieurs ann\u00e9es de n\u00e9gociations et au travers de plusieurs discussions difficiles, nous sommes fiers du travail accompli et de la diligence des parties pour relever le d\u00e9fi de moderniser et simplifier une entente qui pr\u00e9sente la flexibilit\u00e9 et les principes n\u00e9cessaires pour contribuer \u00e0 un \u00e9cosyst\u00e8me publicitaire en sant\u00e9 au Qu\u00e9bec. \u00bb ajoute Patrick Hotte, vice-pr\u00e9sident, Qu\u00e9bec, Association canadienne des annonceurs (ACA).<\/p>\n<p>L\u2019entente entrera en vigueur d\u2019ici quatre mois et des formations auront lieu en 2024 pour bien expliquer la nouvelle entente et les changements apport\u00e9s.<\/p>\n<hr \/>\n<p><strong>\u00c0 PROPOS DE L\u2019ASSOCIATION CANADIENNE DES ANNONCEURS<\/strong><br \/>\nL&rsquo;Association canadienne des annonceurs, fond\u00e9e en 1914, est le seul organisme au pays exclusivement vou\u00e9 \u00e0 la d\u00e9fense des int\u00e9r\u00eats des entreprises qui font la publicit\u00e9 des biens, produits et services qu\u2019ils commercialisent et vendent au Canada (\u00ab Annonceurs \u00bb). Ses membres comptent plus de 300 entreprises et divisions au Canada, dont pr\u00e8s du tiers ont leur si\u00e8ge social au Qu\u00e9bec et dont plusieurs font partie des fleurons qu\u00e9b\u00e9cois. Ce sont pr\u00e8s de 20 milliards de dollars que les annonceurs consacrent aux produits m\u00e9diatiques canadiens, dont une bonne partie au Qu\u00e9bec, qui soutiennent directement les artistes, les cr\u00e9ateurs de contenu, les journalistes et l&rsquo;innovation de l\u2019\u00e9cosyst\u00e8me m\u00e9dia. <a href=\"http:\/\/www.acaweb.ca\" target=\"_blank\" rel=\"noopener\">www.acaweb.ca<\/a><\/p>\n<p><strong>\u00c0 PROPOS DE L\u2019ASSOCIATION DES PRODUCTEURS CONJOINTS<\/strong><br \/>\nL\u2019Association des producteurs conjoints (APC) est form\u00e9e de l\u2019Association des agences de communication cr\u00e9ative (A2C), l\u2019Association canadienne des annonceurs (ACA) et l\u2019Institute of Canadian Agencies (ICA). Elle n\u00e9gocie les conditions minimales de travail pour l\u2019embauche d\u2019artistes dans le cadre de la production d\u2019annonces publicitaires.<\/p>\n<p><strong>\u00c0 PROPOS DE L\u2019A2C<\/strong><br \/>\nL&rsquo;A2C, fond\u00e9e en 1988, se consacre \u00e0 favoriser l&rsquo;excellence, faire rayonner et d\u00e9fendre les int\u00e9r\u00eats de ses 100 agences membres. Son ambition est de faire de l\u2019industrie de la communication strat\u00e9gique et cr\u00e9ative un incontournable dans la cr\u00e9ation de valeur \u00e9conomique, sociale et culturelle. <a href=\"https:\/\/a2c.quebec\/\" target=\"_blank\" rel=\"noopener\">a2c.quebec<\/a><\/p>\n","protected":false},"excerpt":{"rendered":"<p>l\u2019Association des producteurs conjoints (APC) et l\u2019Union des artistes (UDA) ont conclu une entente de principe pour la modernisation et la jonction des ententes collectives TV-radio et Internet et nouveaux m\u00e9dias.<\/p>\n","protected":false},"author":1,"featured_media":7275,"parent":52,"menu_order":0,"comment_status":"closed","ping_status":"closed","template":"","meta":{"_acf_changed":false,"content-type":"","footnotes":""},"acf":[],"yoast_head":"<!-- This site is optimized with the Yoast SEO plugin v23.4 - https:\/\/yoast.com\/wordpress\/plugins\/seo\/ -->\n<title>Association canadienne des annonceurs<\/title>\n<meta name=\"robots\" content=\"index, follow, max-snippet:-1, max-image-preview:large, max-video-preview:-1\" \/>\n<meta property=\"og:locale\" content=\"fr_CA\" \/>\n<meta property=\"og:type\" content=\"article\" \/>\n<meta property=\"og:site_name\" content=\"Association canadienne des annonceurs\" \/>\n<meta name=\"twitter:card\" content=\"summary_large_image\" \/>\n<script type=\"application\/ld+json\" class=\"yoast-schema-graph\">{\"@context\":\"https:\/\/schema.org\",\"@graph\":[{\"@type\":\"CollectionPage\",\"@id\":null,\"url\":\"\",\"name\":\"\",\"isPartOf\":{\"@id\":\"https:\/\/acaweb.ca\/fr\/#website\"},\"inLanguage\":\"fr-CA\"},{\"@type\":\"WebSite\",\"@id\":\"https:\/\/acaweb.ca\/fr\/#website\",\"url\":\"https:\/\/acaweb.ca\/fr\/\",\"name\":\"Association canadienne des annonceurs\",\"description\":\"\",\"publisher\":{\"@id\":\"https:\/\/acaweb.ca\/fr\/#organization\"},\"potentialAction\":[{\"@type\":\"SearchAction\",\"target\":{\"@type\":\"EntryPoint\",\"urlTemplate\":\"https:\/\/acaweb.ca\/fr\/?s={search_term_string}\"},\"query-input\":{\"@type\":\"PropertyValueSpecification\",\"valueRequired\":true,\"valueName\":\"search_term_string\"}}],\"inLanguage\":\"fr-CA\"},{\"@type\":\"Organization\",\"@id\":\"https:\/\/acaweb.ca\/fr\/#organization\",\"name\":\"Association canadienne des annonceurs\",\"url\":\"https:\/\/acaweb.ca\/fr\/\",\"logo\":{\"@type\":\"ImageObject\",\"inLanguage\":\"fr-CA\",\"@id\":\"https:\/\/acaweb.ca\/fr\/#\/schema\/logo\/image\/\",\"url\":\"https:\/\/acaweb.ca\/fr\/wp-content\/uploads\/sites\/3\/2017\/10\/cropped-ACA-FR-logo-colour.png\",\"contentUrl\":\"https:\/\/acaweb.ca\/fr\/wp-content\/uploads\/sites\/3\/2017\/10\/cropped-ACA-FR-logo-colour.png\",\"width\":1595,\"height\":417,\"caption\":\"Association canadienne des annonceurs\"},\"image\":{\"@id\":\"https:\/\/acaweb.ca\/fr\/#\/schema\/logo\/image\/\"}}]}<\/script>\n<!-- \/ Yoast SEO plugin. -->","yoast_head_json":{"title":"Association canadienne des annonceurs","robots":{"index":"index","follow":"follow","max-snippet":"max-snippet:-1","max-image-preview":"max-image-preview:large","max-video-preview":"max-video-preview:-1"},"og_locale":"fr_CA","og_type":"article","og_site_name":"Association canadienne des annonceurs","twitter_card":"summary_large_image","schema":{"@context":"https:\/\/schema.org","@graph":[{"@type":"CollectionPage","@id":null,"url":"","name":"","isPartOf":{"@id":"https:\/\/acaweb.ca\/fr\/#website"},"inLanguage":"fr-CA"},{"@type":"WebSite","@id":"https:\/\/acaweb.ca\/fr\/#website","url":"https:\/\/acaweb.ca\/fr\/","name":"Association canadienne des annonceurs","description":"","publisher":{"@id":"https:\/\/acaweb.ca\/fr\/#organization"},"potentialAction":[{"@type":"SearchAction","target":{"@type":"EntryPoint","urlTemplate":"https:\/\/acaweb.ca\/fr\/?s={search_term_string}"},"query-input":{"@type":"PropertyValueSpecification","valueRequired":true,"valueName":"search_term_string"}}],"inLanguage":"fr-CA"},{"@type":"Organization","@id":"https:\/\/acaweb.ca\/fr\/#organization","name":"Association canadienne des annonceurs","url":"https:\/\/acaweb.ca\/fr\/","logo":{"@type":"ImageObject","inLanguage":"fr-CA","@id":"https:\/\/acaweb.ca\/fr\/#\/schema\/logo\/image\/","url":"https:\/\/acaweb.ca\/fr\/wp-content\/uploads\/sites\/3\/2017\/10\/cropped-ACA-FR-logo-colour.png","contentUrl":"https:\/\/acaweb.ca\/fr\/wp-content\/uploads\/sites\/3\/2017\/10\/cropped-ACA-FR-logo-colour.png","width":1595,"height":417,"caption":"Association canadienne des annonceurs"},"image":{"@id":"https:\/\/acaweb.ca\/fr\/#\/schema\/logo\/image\/"}}]}},"_links":{"self":[{"href":"https:\/\/acaweb.ca\/fr\/wp-json\/wp\/v2\/pages\/7274"}],"collection":[{"href":"https:\/\/acaweb.ca\/fr\/wp-json\/wp\/v2\/pages"}],"about":[{"href":"https:\/\/acaweb.ca\/fr\/wp-json\/wp\/v2\/types\/page"}],"author":[{"embeddable":true,"href":"https:\/\/acaweb.ca\/fr\/wp-json\/wp\/v2\/users\/1"}],"replies":[{"embeddable":true,"href":"https:\/\/acaweb.ca\/fr\/wp-json\/wp\/v2\/comments?post=7274"}],"version-history":[{"count":1,"href":"https:\/\/acaweb.ca\/fr\/wp-json\/wp\/v2\/pages\/7274\/revisions"}],"predecessor-version":[{"id":7276,"href":"https:\/\/acaweb.ca\/fr\/wp-json\/wp\/v2\/pages\/7274\/revisions\/7276"}],"up":[{"embeddable":true,"href":"https:\/\/acaweb.ca\/fr\/wp-json\/wp\/v2\/pages\/52"}],"wp:featuredmedia":[{"embeddable":true,"href":"https:\/\/acaweb.ca\/fr\/wp-json\/wp\/v2\/media\/7275"}],"wp:attachment":[{"href":"https:\/\/acaweb.ca\/fr\/wp-json\/wp\/v2\/media?parent=7274"}],"curies":[{"name":"wp","href":"https:\/\/api.w.org\/{rel}","templated":true}]}}