{"id":7207,"date":"2023-10-06T11:06:24","date_gmt":"2023-10-06T15:06:24","guid":{"rendered":"https:\/\/acaweb.ca\/fr\/?page_id=7207"},"modified":"2025-08-20T12:07:07","modified_gmt":"2025-08-20T16:07:07","slug":"la-medaille-dor-de-laca-decernee-au-chef-de-la-direction-de-tennis-canada-michael-downey","status":"publish","type":"page","link":"https:\/\/acaweb.ca\/fr\/a-propos-de-nous\/ressources-pour-les-medias\/la-medaille-dor-de-laca-decernee-au-chef-de-la-direction-de-tennis-canada-michael-downey\/","title":{"rendered":"La m\u00e9daille d\u2019or de l\u2019ACA d\u00e9cern\u00e9e au chef de la direction de Tennis Canada, Michael Downey"},"content":{"rendered":"<h3>\n<ul>\n<li>M. Downey recevra son prix lors de la pr\u00e9sentation des prix Strategy le 3 octobre \u00e0 Toronto<\/li>\n<li>Son nom s\u2019ajoute \u00e0 la prestigieuse liste des c\u00e9l\u00e8bres dirigeants de l\u2019industrie du marketing et d\u2019agences Canadiens<\/li>\n<\/ul>\n<\/h3>\n<p>Toronto, le 27 septembre 2023 &#8211; Michael Downey, un homme visionnaire avec une feuille de route exceptionnelle en tant que leader important dans les domaines du marketing et des commandites, a \u00e9t\u00e9 choisi pour recevoir la prestigieuse m\u00e9daille d\u2019or 2023 de l\u2019Association canadienne des annonceurs (ACA). Cette honorable distinction reconna\u00eet les personnes qui ont apport\u00e9 une contribution extraordinaire \u00e0 l\u2019avancement des communications marketing au Canada.<\/p>\n<p>Michael a connu une carri\u00e8re en marketing tout simplement illustre. Fort d\u2019une exp\u00e9rience riche et diversifi\u00e9e dans des r\u00f4les de leadership, il a apport\u00e9 une contribution importante \u00e0 plusieurs organisations de premier plan, nomm\u00e9ment les Raptors de Toronto, Maple Leaf Sports &#038; Entertainment, Molson Canada et Tennis Canada o\u00f9 il a occup\u00e9 des postes de direction.<\/p>\n<p>Michael a \u00e9t\u00e9 une force motrice derri\u00e8re plusieurs des campagnes et des \u00e9v\u00e9nements de marketing les plus influents et les plus reconnaissables du Canada. On n\u2019a qu\u2019\u00e0 penser aux publicit\u00e9s nostalgiques de la gomme Trident dans les ann\u00e9es 1980 et aux campagnes promotionnelles novatrices des Raptors de Toronto, sans oublier la campagne prim\u00e9e \u00ab I am Canadian \u00bb de Molson Canadian et celle du festival b\u00e9n\u00e9fice Molson Canadian Rocks for Toronto, plus commun\u00e9ment connu sous le nom de SARSFest. Ce festival a attir\u00e9 450 000 personnes au parc Downsview et demeure \u00e0 ce jour le plus grand concert jamais donn\u00e9 au Canada. Michael a aussi veill\u00e9 \u00e0 ce que Tennis Canada utilise le succ\u00e8s mondial des vedettes du tennis canadien, comme Milos Raonic dans les publicit\u00e9s d\u2019int\u00e9r\u00eat public \u00ab Tennis pour enfants \u00bb et, plus r\u00e9cemment, Bianca Andreescu dans la campagne Girls Set Match qui, dans le cadre des efforts de Tennis Canada et de Banque Nationale en mati\u00e8re d\u2019\u00e9quit\u00e9 des genres, aidait \u00e9galement \u00e0 rehausser le profil du tennis au Canada.<\/p>\n<p>En tant que PDG, il s\u2019est lanc\u00e9 dans une mission transformatrice, red\u00e9finissant l\u2019identit\u00e9 de l\u2019organisation, la faisant passer d\u2019un simple h\u00f4te de tournoi \u00e0 celle d\u2019un pionnier du d\u00e9veloppement des talents, du rendement exceptionnel et de l\u2019excellence.<\/p>\n<p>Son mandat a \u00e9t\u00e9 marqu\u00e9 par un changement important dans la culture organisationnelle alors qu\u2019il dirigeait l\u2019\u00e9laboration d\u2019un plan audacieux visant \u00e0 s\u2019engager \u00e0 investir consid\u00e9rablement dans les talents \u00e9mergents. Sous sa direction, Tennis Canada a jou\u00e9 un r\u00f4le central dans la prise en charge et le perfectionnement des habilet\u00e9s de sommit\u00e9s du tennis comme Bianca Andreescu, Eugenie Bouchard, Milos Raonic et F\u00e9lix Auger-Aliassime. Leurs performances extraordinaires sur la sc\u00e8ne mondiale ont \u00e0 la fois \u00e9lev\u00e9 leur propre carri\u00e8re et propuls\u00e9 Tennis Canada vers des sommets sans pr\u00e9c\u00e9dent, l\u2019\u00e9tablissant comme une nation de tennis de calibre mondial.<\/p>\n<p>\u00ab L\u2019impact de la carri\u00e8re de Michael en marketing et dans l\u2019avancement du tennis canadien sur la sc\u00e8ne mondiale est un h\u00e9ritage qui r\u00e9sistera \u00e0 l\u2019\u00e9preuve du temps \u00bb, a d\u00e9clar\u00e9 Ron Lund, pr\u00e9sident et chef de la direction de l\u2019Association canadienne des annonceurs.<\/p>\n<p>\u00ab C\u2019est sinc\u00e8rement un \u00e9norme privil\u00e8ge de recevoir ce prestigieux prix de l\u2019ACA \u00bb, a comment\u00e9 M. Downey. \u00ab Me retrouver dans le m\u00eame groupe que des ic\u00f4nes et des l\u00e9gendes du marketing est un v\u00e9ritable honneur. Par contre, ce succ\u00e8s n\u2019appartient pas qu\u2019\u00e0 moi puisque j\u2019ai eu le privil\u00e8ge de travailler pour et avec un grand nombre de personnes inspirantes et exceptionnellement talentueuses au cours des quatre derni\u00e8res d\u00e9cennies. La liste est trop longue pour les nommer, mais ces personnes se reconna\u00eetront !<\/p>\n<p>\u00ab J\u2019ai \u00e9galement \u00e9t\u00e9 form\u00e9 d\u00e8s ma sortie de l\u2019universit\u00e9 en 1980 par les meilleures chefs de produit qui soient, Mary Hurst et Moira Bell chez Warner Lambert \u00bb, a-t-il ajout\u00e9. Ces \u00ab professeurs \u00bb en marketing de produits emball\u00e9s ont veill\u00e9 \u00e0 ce que cette recrue \u00ab au nombril pas encore sec \u00bb soit pleinement pr\u00e9par\u00e9e \u00e0 relever les d\u00e9fis et \u00e0 saisir les opportunit\u00e9s avec de grandes marques canadiennes comme Labatt Bleue, les Raptors de Toronto et les Maple Leafs de Toronto, Molson pour l\u2019ensemble de ses marques et, bien s\u00fbr, Tennis Canada et sa s\u00e9rie de tournois principaux de renomm\u00e9e mondiale, l\u2019Omnium Banque Nationale (anciennement la Coupe Rogers) \u00e0 Toronto et \u00e0 Montr\u00e9al. \u00bb<\/p>\n<p>Sous sa direction, dans un contexte de COVID-19, Michael a men\u00e9 les n\u00e9gociations pour conclure des ententes de partenariat d\u2019entreprise de dix et sept ans avec la Banque Nationale et Rogers respectivement, ce qui a consolid\u00e9 l\u2019avenir du tennis canadien \u00e0 un moment de grande incertitude.<\/p>\n<p>De plus, un engagement historique a \u00e9t\u00e9 convenu portant sur le montant des bourses qui deviendra \u00e9gal pour les femmes et les hommes \u00e0 compter de 2027 lors de l\u2019Omnium Banque Nationale pr\u00e9sent\u00e9 par Rogers.<\/p>\n<p>Ces initiatives transformatrices ont non seulement \u00e9lev\u00e9 Tennis Canada, mais ont \u00e9galement propuls\u00e9 le sport vers un avenir plus inclusif et \u00e9quitable, laissant un h\u00e9ritage durable de changements positifs.<\/p>\n<p>Le parcours de Michael Downey dans le tennis, marqu\u00e9 par un leadership transformateur, a laiss\u00e9 une marque durable, fa\u00e7onnant le sport et son avenir au Canada.<\/p>\n<p>Michael recevra sa m\u00e9daille d\u2019or lors de la pr\u00e9sentation des prix <em>Strategy<\/em> qui se tiendra le 3 octobre \u00e0 The Arcadian Court \u00e0 Toronto.<\/p>\n<p><strong>\u00c0 propos de la M\u00e9daille d\u2019or de l\u2019ACA<\/strong><\/p>\n<p>La M\u00e9daille d\u2019or de l\u2019ACA :<\/p>\n<ul>\n<li>S\u2019adresse \u00e0 toute personne dont les organisations ont un impact sur les communications marketing au Canada (clients-annonceurs, agences, m\u00e9dias, maisons de recherche, universit\u00e9s, associations, etc.)<\/li>\n<li>Peut \u00eatre attribu\u00e9e pour souligner une contribution sp\u00e9cifique ou pour c\u00e9l\u00e9brer l\u2019ensemble d\u2019une carri\u00e8re.<\/li>\n<li>Est remise \u00e0 une personne ayant contribu\u00e9 de mani\u00e8re mesurable et distinctive \u00e0 l\u2019avancement de la pratique des communications marketing au Canada.<\/li>\n<\/ul>\n<p>Depuis sa cr\u00e9ation, la M\u00e9daille d\u2019or de l\u2019ACA a \u00e9t\u00e9 attribu\u00e9e \u00e0 une s\u00e9rie prestigieuse de chefs de file de l\u2019industrie et de visionnaires. Consultez <a href=\"https:\/\/acaweb.ca\/fr\/a-propos-de-nous\/medaille-dor-de-laca\/\">la liste des r\u00e9cipiendaires<\/a>.<\/p>\n","protected":false},"excerpt":{"rendered":"<p>M. Downey recevra son prix lors de la pr\u00e9sentation des prix Strategy le 3 octobre \u00e0 Toronto Son nom s\u2019ajoute \u00e0 la prestigieuse liste des c\u00e9l\u00e8bres dirigeants de l\u2019industrie du marketing et d\u2019agences Canadiens Toronto, le 27 septembre 2023 &#8211; Michael Downey, un homme visionnaire avec une feuille de route exceptionnelle en tant que leader [&hellip;]<\/p>\n","protected":false},"author":1,"featured_media":0,"parent":52,"menu_order":2,"comment_status":"closed","ping_status":"closed","template":"","meta":{"_acf_changed":false,"content-type":"","footnotes":""},"acf":[],"yoast_head":"<!-- This site is optimized with the Yoast SEO plugin v23.4 - https:\/\/yoast.com\/wordpress\/plugins\/seo\/ -->\n<title>Association canadienne des annonceurs<\/title>\n<meta name=\"robots\" content=\"index, follow, max-snippet:-1, max-image-preview:large, max-video-preview:-1\" \/>\n<meta property=\"og:locale\" content=\"fr_CA\" \/>\n<meta property=\"og:type\" content=\"article\" \/>\n<meta property=\"og:site_name\" content=\"Association canadienne des annonceurs\" \/>\n<meta name=\"twitter:card\" content=\"summary_large_image\" \/>\n<script type=\"application\/ld+json\" class=\"yoast-schema-graph\">{\"@context\":\"https:\/\/schema.org\",\"@graph\":[{\"@type\":\"CollectionPage\",\"@id\":null,\"url\":\"\",\"name\":\"\",\"isPartOf\":{\"@id\":\"https:\/\/acaweb.ca\/fr\/#website\"},\"inLanguage\":\"fr-CA\"},{\"@type\":\"WebSite\",\"@id\":\"https:\/\/acaweb.ca\/fr\/#website\",\"url\":\"https:\/\/acaweb.ca\/fr\/\",\"name\":\"Association canadienne des annonceurs\",\"description\":\"\",\"publisher\":{\"@id\":\"https:\/\/acaweb.ca\/fr\/#organization\"},\"potentialAction\":[{\"@type\":\"SearchAction\",\"target\":{\"@type\":\"EntryPoint\",\"urlTemplate\":\"https:\/\/acaweb.ca\/fr\/?s={search_term_string}\"},\"query-input\":{\"@type\":\"PropertyValueSpecification\",\"valueRequired\":true,\"valueName\":\"search_term_string\"}}],\"inLanguage\":\"fr-CA\"},{\"@type\":\"Organization\",\"@id\":\"https:\/\/acaweb.ca\/fr\/#organization\",\"name\":\"Association canadienne des annonceurs\",\"url\":\"https:\/\/acaweb.ca\/fr\/\",\"logo\":{\"@type\":\"ImageObject\",\"inLanguage\":\"fr-CA\",\"@id\":\"https:\/\/acaweb.ca\/fr\/#\/schema\/logo\/image\/\",\"url\":\"https:\/\/acaweb.ca\/fr\/wp-content\/uploads\/sites\/3\/2017\/10\/cropped-ACA-FR-logo-colour.png\",\"contentUrl\":\"https:\/\/acaweb.ca\/fr\/wp-content\/uploads\/sites\/3\/2017\/10\/cropped-ACA-FR-logo-colour.png\",\"width\":1595,\"height\":417,\"caption\":\"Association canadienne des annonceurs\"},\"image\":{\"@id\":\"https:\/\/acaweb.ca\/fr\/#\/schema\/logo\/image\/\"}}]}<\/script>\n<!-- \/ Yoast SEO plugin. -->","yoast_head_json":{"title":"Association canadienne des annonceurs","robots":{"index":"index","follow":"follow","max-snippet":"max-snippet:-1","max-image-preview":"max-image-preview:large","max-video-preview":"max-video-preview:-1"},"og_locale":"fr_CA","og_type":"article","og_site_name":"Association canadienne des annonceurs","twitter_card":"summary_large_image","schema":{"@context":"https:\/\/schema.org","@graph":[{"@type":"CollectionPage","@id":null,"url":"","name":"","isPartOf":{"@id":"https:\/\/acaweb.ca\/fr\/#website"},"inLanguage":"fr-CA"},{"@type":"WebSite","@id":"https:\/\/acaweb.ca\/fr\/#website","url":"https:\/\/acaweb.ca\/fr\/","name":"Association canadienne des annonceurs","description":"","publisher":{"@id":"https:\/\/acaweb.ca\/fr\/#organization"},"potentialAction":[{"@type":"SearchAction","target":{"@type":"EntryPoint","urlTemplate":"https:\/\/acaweb.ca\/fr\/?s={search_term_string}"},"query-input":{"@type":"PropertyValueSpecification","valueRequired":true,"valueName":"search_term_string"}}],"inLanguage":"fr-CA"},{"@type":"Organization","@id":"https:\/\/acaweb.ca\/fr\/#organization","name":"Association canadienne des annonceurs","url":"https:\/\/acaweb.ca\/fr\/","logo":{"@type":"ImageObject","inLanguage":"fr-CA","@id":"https:\/\/acaweb.ca\/fr\/#\/schema\/logo\/image\/","url":"https:\/\/acaweb.ca\/fr\/wp-content\/uploads\/sites\/3\/2017\/10\/cropped-ACA-FR-logo-colour.png","contentUrl":"https:\/\/acaweb.ca\/fr\/wp-content\/uploads\/sites\/3\/2017\/10\/cropped-ACA-FR-logo-colour.png","width":1595,"height":417,"caption":"Association canadienne des annonceurs"},"image":{"@id":"https:\/\/acaweb.ca\/fr\/#\/schema\/logo\/image\/"}}]}},"_links":{"self":[{"href":"https:\/\/acaweb.ca\/fr\/wp-json\/wp\/v2\/pages\/7207"}],"collection":[{"href":"https:\/\/acaweb.ca\/fr\/wp-json\/wp\/v2\/pages"}],"about":[{"href":"https:\/\/acaweb.ca\/fr\/wp-json\/wp\/v2\/types\/page"}],"author":[{"embeddable":true,"href":"https:\/\/acaweb.ca\/fr\/wp-json\/wp\/v2\/users\/1"}],"replies":[{"embeddable":true,"href":"https:\/\/acaweb.ca\/fr\/wp-json\/wp\/v2\/comments?post=7207"}],"version-history":[{"count":1,"href":"https:\/\/acaweb.ca\/fr\/wp-json\/wp\/v2\/pages\/7207\/revisions"}],"predecessor-version":[{"id":7209,"href":"https:\/\/acaweb.ca\/fr\/wp-json\/wp\/v2\/pages\/7207\/revisions\/7209"}],"up":[{"embeddable":true,"href":"https:\/\/acaweb.ca\/fr\/wp-json\/wp\/v2\/pages\/52"}],"wp:attachment":[{"href":"https:\/\/acaweb.ca\/fr\/wp-json\/wp\/v2\/media?parent=7207"}],"curies":[{"name":"wp","href":"https:\/\/api.w.org\/{rel}","templated":true}]}}