{"id":71,"date":"2017-10-09T10:10:23","date_gmt":"2017-10-09T14:10:23","guid":{"rendered":"http:\/\/www.acaweb.ca\/fr\/?page_id=71"},"modified":"2017-10-09T10:10:23","modified_gmt":"2017-10-09T14:10:23","slug":"conseil-dadministration-2014-2015-de-laca","status":"publish","type":"page","link":"https:\/\/acaweb.ca\/fr\/a-propos-de-nous\/ressources-pour-les-medias\/conseil-dadministration-2014-2015-de-laca\/","title":{"rendered":"Conseil d\u2019administration 2014-2015 de l\u2019ACA"},"content":{"rendered":"<div class=\"content\">\n<p><strong>Toronto, 9 octobre 2014 :<\/strong> L\u2019Association canadienne des annonceurs (ACA) vient d\u2019annoncer la composition de son conseil d\u2019administration 2014-2015. La nomination des membres du conseil a \u00e9t\u00e9 ratifi\u00e9e lors de l\u2019assembl\u00e9e g\u00e9n\u00e9rale annuelle de l\u2019ACA, qui avait lieu le 7 octobre \u00e0 Toronto.<\/p>\n<p><strong>Lauri Feser<\/strong>, pr\u00e9sidente, vice-pr\u00e9sidente, Marketing, WestJet Airlines, voit son mandat renouvel\u00e9 \u00e0 la t\u00eate du conseil d\u2019administration, position qu\u2019elle occuper depuis novembre 2013. Pour sa part, <strong>Patrick Dickinson<\/strong>, vice-pr\u00e9sident principal, marketing institutionnel et strat\u00e9gie de marque, Compagnie de la Baie d\u2019Hudson revient en tant que Tr\u00e9sorier de l\u2019association. Les autres membres du conseil sont :<\/p>\n<ul>\n<li><strong>Stephane B\u00e9rub\u00e9<\/strong>, chef des services marketing, L\u2019Or\u00e9al Canada<\/li>\n<li><strong>Moya Brown<\/strong>, vice-pr\u00e9sident, marketing, Compagnie Campbell du Canada<\/li>\n<li><strong>Dan D\u2019Alessandro<\/strong>, vice-pr\u00e9sident marketing, fromages et produits laitiers, Kraft Canada<\/li>\n<li><strong>Jennifer Davidson<\/strong>, directrice g\u00e9n\u00e9rale, Six Pints Specialty Beer Co.<\/li>\n<li><strong>D\u2019Arcy Finley<\/strong>, vice-pr\u00e9sident, marketing int\u00e9gr\u00e9, Aliments Maple Leaf Inc.<\/li>\n<li><strong>Glenn Hollis<\/strong>, vice-pr\u00e9sident, marketing \u2013 strat\u00e9gie, innovation, services num\u00e9riques et fid\u00e9lisation pour le Canada, les \u00c9tats-Unis et les march\u00e9s internationaux, Tim Hortons<\/li>\n<li><strong>Anne-Marie Laberge<\/strong>, vice-pr\u00e9sidente, communications marketing et de marque, TELUS<\/li>\n<li><strong>Alison Leung<\/strong>, directrice du marketing, produits alimentaires, Unilever Canada<\/li>\n<li><strong>Kathryn Matheson<\/strong>, vice-pr\u00e9sidente, marketing de la marque, Aliments PepsiCo Canada<\/li>\n<li><strong>Scott McWilliam<\/strong>, vice-pr\u00e9sident, ventes et Marketing, Atlantic Lottery Corporation<\/li>\n<li><strong>Doug Milne<\/strong>, vice-pr\u00e9sident, marketing, succursales et m\u00e9dias communautaires, Groupe bancaire TD<\/li>\n<li><strong>Kyle Norrington<\/strong>, vice-pr\u00e9sident, marketing, Canada, Brasseries Labatt du Canada \u2013 AB InBev<\/li>\n<li><strong>Ronald S. Lund<\/strong>, pr\u00e9sident et chef de la direction, Association canadienne des annonceurs<\/li>\n<\/ul>\n<\/div>\n","protected":false},"excerpt":{"rendered":"<p>Toronto, 9 octobre 2014 : L\u2019Association canadienne des annonceurs (ACA) vient d\u2019annoncer la composition de son conseil d\u2019administration 2014-2015. La nomination des membres du conseil a \u00e9t\u00e9 ratifi\u00e9e lors de l\u2019assembl\u00e9e g\u00e9n\u00e9rale annuelle de l\u2019ACA, qui avait lieu le 7 octobre \u00e0 Toronto. Lauri Feser, pr\u00e9sidente, vice-pr\u00e9sidente, Marketing, WestJet Airlines, voit son mandat renouvel\u00e9 \u00e0 [&hellip;]<\/p>\n","protected":false},"author":1,"featured_media":0,"parent":52,"menu_order":0,"comment_status":"closed","ping_status":"closed","template":"","meta":{"_acf_changed":false,"content-type":"","footnotes":""},"acf":[],"yoast_head":"<!-- This site is optimized with the Yoast SEO plugin v23.4 - https:\/\/yoast.com\/wordpress\/plugins\/seo\/ -->\n<title>visibilit\u00e9 Archives - Association canadienne des annonceurs<\/title>\n<meta name=\"robots\" content=\"index, follow, max-snippet:-1, max-image-preview:large, max-video-preview:-1\" \/>\n<link rel=\"canonical\" href=\"https:\/\/acaweb.ca\/fr\/tag\/visibilite\/\" \/>\n<meta property=\"og:locale\" content=\"fr_CA\" \/>\n<meta property=\"og:type\" content=\"article\" \/>\n<meta property=\"og:title\" content=\"visibilit\u00e9 Archives - Association canadienne des annonceurs\" \/>\n<meta property=\"og:url\" content=\"https:\/\/acaweb.ca\/fr\/tag\/visibilite\/\" \/>\n<meta property=\"og:site_name\" content=\"Association canadienne des annonceurs\" \/>\n<meta name=\"twitter:card\" content=\"summary_large_image\" \/>\n<script type=\"application\/ld+json\" class=\"yoast-schema-graph\">{\"@context\":\"https:\/\/schema.org\",\"@graph\":[{\"@type\":\"CollectionPage\",\"@id\":\"https:\/\/acaweb.ca\/fr\/tag\/visibilite\/\",\"url\":\"https:\/\/acaweb.ca\/fr\/tag\/visibilite\/\",\"name\":\"visibilit\u00e9 Archives - Association canadienne des annonceurs\",\"isPartOf\":{\"@id\":\"https:\/\/acaweb.ca\/fr\/#website\"},\"breadcrumb\":{\"@id\":\"https:\/\/acaweb.ca\/fr\/tag\/visibilite\/#breadcrumb\"},\"inLanguage\":\"fr-CA\"},{\"@type\":\"BreadcrumbList\",\"@id\":\"https:\/\/acaweb.ca\/fr\/tag\/visibilite\/#breadcrumb\",\"itemListElement\":[{\"@type\":\"ListItem\",\"position\":1,\"name\":\"Accueil\",\"item\":\"https:\/\/acaweb.ca\/fr\/\"},{\"@type\":\"ListItem\",\"position\":2,\"name\":\"visibilit\u00e9\"}]},{\"@type\":\"WebSite\",\"@id\":\"https:\/\/acaweb.ca\/fr\/#website\",\"url\":\"https:\/\/acaweb.ca\/fr\/\",\"name\":\"Association canadienne des annonceurs\",\"description\":\"\",\"publisher\":{\"@id\":\"https:\/\/acaweb.ca\/fr\/#organization\"},\"potentialAction\":[{\"@type\":\"SearchAction\",\"target\":{\"@type\":\"EntryPoint\",\"urlTemplate\":\"https:\/\/acaweb.ca\/fr\/?s={search_term_string}\"},\"query-input\":{\"@type\":\"PropertyValueSpecification\",\"valueRequired\":true,\"valueName\":\"search_term_string\"}}],\"inLanguage\":\"fr-CA\"},{\"@type\":\"Organization\",\"@id\":\"https:\/\/acaweb.ca\/fr\/#organization\",\"name\":\"Association canadienne des annonceurs\",\"url\":\"https:\/\/acaweb.ca\/fr\/\",\"logo\":{\"@type\":\"ImageObject\",\"inLanguage\":\"fr-CA\",\"@id\":\"https:\/\/acaweb.ca\/fr\/#\/schema\/logo\/image\/\",\"url\":\"https:\/\/acaweb.ca\/fr\/wp-content\/uploads\/sites\/3\/2017\/10\/cropped-ACA-FR-logo-colour.png\",\"contentUrl\":\"https:\/\/acaweb.ca\/fr\/wp-content\/uploads\/sites\/3\/2017\/10\/cropped-ACA-FR-logo-colour.png\",\"width\":1595,\"height\":417,\"caption\":\"Association canadienne des annonceurs\"},\"image\":{\"@id\":\"https:\/\/acaweb.ca\/fr\/#\/schema\/logo\/image\/\"}}]}<\/script>\n<!-- \/ Yoast SEO plugin. -->","yoast_head_json":{"title":"visibilit\u00e9 Archives - Association canadienne des annonceurs","robots":{"index":"index","follow":"follow","max-snippet":"max-snippet:-1","max-image-preview":"max-image-preview:large","max-video-preview":"max-video-preview:-1"},"canonical":"https:\/\/acaweb.ca\/fr\/tag\/visibilite\/","og_locale":"fr_CA","og_type":"article","og_title":"visibilit\u00e9 Archives - Association canadienne des annonceurs","og_url":"https:\/\/acaweb.ca\/fr\/tag\/visibilite\/","og_site_name":"Association canadienne des annonceurs","twitter_card":"summary_large_image","schema":{"@context":"https:\/\/schema.org","@graph":[{"@type":"CollectionPage","@id":"https:\/\/acaweb.ca\/fr\/tag\/visibilite\/","url":"https:\/\/acaweb.ca\/fr\/tag\/visibilite\/","name":"visibilit\u00e9 Archives - Association canadienne des annonceurs","isPartOf":{"@id":"https:\/\/acaweb.ca\/fr\/#website"},"breadcrumb":{"@id":"https:\/\/acaweb.ca\/fr\/tag\/visibilite\/#breadcrumb"},"inLanguage":"fr-CA"},{"@type":"BreadcrumbList","@id":"https:\/\/acaweb.ca\/fr\/tag\/visibilite\/#breadcrumb","itemListElement":[{"@type":"ListItem","position":1,"name":"Accueil","item":"https:\/\/acaweb.ca\/fr\/"},{"@type":"ListItem","position":2,"name":"visibilit\u00e9"}]},{"@type":"WebSite","@id":"https:\/\/acaweb.ca\/fr\/#website","url":"https:\/\/acaweb.ca\/fr\/","name":"Association canadienne des annonceurs","description":"","publisher":{"@id":"https:\/\/acaweb.ca\/fr\/#organization"},"potentialAction":[{"@type":"SearchAction","target":{"@type":"EntryPoint","urlTemplate":"https:\/\/acaweb.ca\/fr\/?s={search_term_string}"},"query-input":{"@type":"PropertyValueSpecification","valueRequired":true,"valueName":"search_term_string"}}],"inLanguage":"fr-CA"},{"@type":"Organization","@id":"https:\/\/acaweb.ca\/fr\/#organization","name":"Association canadienne des annonceurs","url":"https:\/\/acaweb.ca\/fr\/","logo":{"@type":"ImageObject","inLanguage":"fr-CA","@id":"https:\/\/acaweb.ca\/fr\/#\/schema\/logo\/image\/","url":"https:\/\/acaweb.ca\/fr\/wp-content\/uploads\/sites\/3\/2017\/10\/cropped-ACA-FR-logo-colour.png","contentUrl":"https:\/\/acaweb.ca\/fr\/wp-content\/uploads\/sites\/3\/2017\/10\/cropped-ACA-FR-logo-colour.png","width":1595,"height":417,"caption":"Association canadienne des annonceurs"},"image":{"@id":"https:\/\/acaweb.ca\/fr\/#\/schema\/logo\/image\/"}}]}},"_links":{"self":[{"href":"https:\/\/acaweb.ca\/fr\/wp-json\/wp\/v2\/pages\/71"}],"collection":[{"href":"https:\/\/acaweb.ca\/fr\/wp-json\/wp\/v2\/pages"}],"about":[{"href":"https:\/\/acaweb.ca\/fr\/wp-json\/wp\/v2\/types\/page"}],"author":[{"embeddable":true,"href":"https:\/\/acaweb.ca\/fr\/wp-json\/wp\/v2\/users\/1"}],"replies":[{"embeddable":true,"href":"https:\/\/acaweb.ca\/fr\/wp-json\/wp\/v2\/comments?post=71"}],"version-history":[{"count":0,"href":"https:\/\/acaweb.ca\/fr\/wp-json\/wp\/v2\/pages\/71\/revisions"}],"up":[{"embeddable":true,"href":"https:\/\/acaweb.ca\/fr\/wp-json\/wp\/v2\/pages\/52"}],"wp:attachment":[{"href":"https:\/\/acaweb.ca\/fr\/wp-json\/wp\/v2\/media?parent=71"}],"curies":[{"name":"wp","href":"https:\/\/api.w.org\/{rel}","templated":true}]}}