{"id":7092,"date":"2023-06-27T09:30:34","date_gmt":"2023-06-27T13:30:34","guid":{"rendered":"https:\/\/acaweb.ca\/fr\/?page_id=7092"},"modified":"2023-06-27T12:13:39","modified_gmt":"2023-06-27T16:13:39","slug":"nouvelles-restrictions-relativement-a-la-publicite-sur-les-aliments-destinee-aux-enfants-entrant-en-vigueur-le-28-juin","status":"publish","type":"page","link":"https:\/\/acaweb.ca\/fr\/a-propos-de-nous\/ressources-pour-les-medias\/nouvelles-restrictions-relativement-a-la-publicite-sur-les-aliments-destinee-aux-enfants-entrant-en-vigueur-le-28-juin\/","title":{"rendered":"Nouvelles restrictions relativement \u00e0 la publicit\u00e9 sur les aliments destin\u00e9e aux enfants entrant en vigueur le 28 juin"},"content":{"rendered":"<ul>\n<li>Le programme \u00e0 l\u2019\u00e9chelle de l\u2019industrie s\u2019adresse \u00e0 l\u2019ensemble des annonceurs et des m\u00e9dias<\/li>\n<li>Elles r\u00e9alisent les objectifs du gouvernement en limitant la publicit\u00e9 sur les aliments et les boissons destin\u00e9e aux enfants<\/li>\n<\/ul>\n<p><strong>TORONTO \u2013 27 juin 2023.<\/strong> \u2013 Apr\u00e8s son introduction en juin 2021, le <em><a href=\"https:\/\/acaweb.ca\/fr\/resource\/code-guide-pratiques-responsables-publicite-aliments-boissons-destinee-aux-enfants\/\" rel=\"noopener\" target=\"_blank\">code et guide des pratiques responsables en mati\u00e8re de publicit\u00e9 sur les aliments et les boissons destin\u00e9e aux enfants<\/a><\/em> (le \u00ab Code \u00bb et le \u00ab Guide \u00bb) devraient \u00eatre mis en \u0153uvre dans les d\u00e9lais pr\u00e9vus. <\/p>\n<p>\u00c9labor\u00e9s sur une p\u00e9riode de deux ans par l\u2019Association canadienne des annonceurs (ACA), Produits alimentaires, de sant\u00e9 et de consommation du Canada (PASC), l\u2019Association canadienne des boissons (ACB) et Restaurants Canada, en collaboration avec le gouvernement et un groupe diversifi\u00e9 d\u2019intervenants, le Code et le Guide r\u00e9alisent les objectifs du gouvernement en restreignant la publicit\u00e9 sur les aliments et les boissons destin\u00e9e aux enfants.<\/p>\n<p>Le Code et le Guide fixent les r\u00e8gles pour les annonceurs de produits alimentaires et de boissons et exige une approche responsable face aux auditoires compos\u00e9s d\u2019enfants. En vertu de cette nouvelle norme, seuls les aliments qui satisfont \u00e0 des crit\u00e8res nutritionnels sp\u00e9cifiques peuvent \u00eatre annonc\u00e9s d\u2019une mani\u00e8re qui s\u2019adresse principalement aux enfants de moins de 13 ans. <\/p>\n<p>\u00ab Ce programme, sans doute l\u2019un des plus rigoureux et complets au monde, devrait permettre de r\u00e9duire consid\u00e9rablement l\u2019exposition des enfants \u00e0 la publicit\u00e9 sur les aliments et les boissons qui leur est destin\u00e9e \u00bb, a d\u00e9clar\u00e9 Ron Lund, pr\u00e9sident et chef de la direction de l\u2019ACA.<\/p>\n<p>\u00ab Sa restriction est sans \u00e9quivoque, ajoute la di\u00e9t\u00e9tiste Michi Furuya Chang, Vice-pr\u00e9sidente s\u00e9nior, Politique et affaires r\u00e9glementaires de PASC. La publicit\u00e9 sur un produit alimentaire ou sur une boisson ne peut \u00eatre destin\u00e9e principalement aux personnes de moins de treize ans, \u00e0 moins que le produit ne satisfasse aux crit\u00e8res nutritionnels \u00e9tablis pour la publicit\u00e9 aux enfants. \u00bb<\/p>\n<p>D\u00e8s le 28 juin 2023, les Normes de la publicit\u00e9 mettront pleinement en \u0153uvre leur rigoureux m\u00e9canisme de pr\u00e9approbation pr\u00e9vu en vertu du Code et du Guide.  Les Normes canadiennes de la publicit\u00e9 est un organisme ind\u00e9pendant \u00e0 but non lucratif qui, depuis plus de soixante ans, veille au respect des normes de l\u2019industrie de la publicit\u00e9. <\/p>\n<p>Les annonceurs sont encourag\u00e9s \u00e0 soumettre toutes les publicit\u00e9s sur les aliments et les boissons, peu importe le m\u00e9dia, au processus d\u2019examen et de pr\u00e9approbation des Normes de la publicit\u00e9, afin d\u2019en v\u00e9rifier la conformit\u00e9, dans la mesure o\u00f9 ces publicit\u00e9s pourraient raisonnablement \u00eatre consid\u00e9r\u00e9es comme \u00e9tant principalement destin\u00e9es aux enfants. <\/p>\n<p>Pour d\u00e9terminer si une publicit\u00e9 est destin\u00e9e principalement aux enfants, les Normes de la publicit\u00e9 tiendront compte de trois crit\u00e8res : (a) la nature et la destination du produit alimentaire ou de la boisson annonc\u00e9s, (b) la mani\u00e8re de pr\u00e9senter le message publicitaire, et (c) le moment et l\u2019endroit o\u00f9 il sera diffus\u00e9. La pr\u00e9approbation est accessible non seulement aux membres des Normes de la publicit\u00e9 et aux intervenants responsables de l\u2019\u00e9laboration du Code et du Guide, mais \u00e9galement \u00e0 tous les annonceurs.<\/p>\n<p>\u00ab Il importe de comprendre que ce code s\u2019applique \u00e0 l\u2019ensemble de l\u2019industrie, d\u00e9clare Krista Scaldwell, pr\u00e9sidente de l\u2019ACB. Le nouveau syst\u00e8me de pr\u00e9approbation et d\u2019ex\u00e9cution s\u2019appliquera \u00e0 tous les annonceurs et \u00e0 tous les m\u00e9dias. Les nouvelles restrictions t\u00e9moignent une fois de plus de l\u2019engagement des secteurs de l\u2019alimentation et des boissons envers nos consommateurs. \u00bb<\/p>\n<p>Les Normes de la publicit\u00e9 feront respecter le Code et le Guide par le biais d\u2019un m\u00e9canisme fond\u00e9 sur les plaintes applicable \u00e0 tous les annonceurs. Si une publicit\u00e9 a \u00e9t\u00e9 pr\u00e9approuv\u00e9e par les Normes de la publicit\u00e9 en vertu du Code et du Guide, le plaignant sera inform\u00e9 de la conformit\u00e9 de cette publicit\u00e9, et aucune autre mesure ne sera prise. <\/p>\n<p>Pour en savoir plus, veuillez consulter le <a href=\"https:\/\/adstandards.ca\/fr\/ressources\/centre-de-documentation-des-normes-de-la-publicite\/code-pratiques-responsables-publicite-aliments-boissons-enfants\/\" rel=\"noopener\" target=\"_blank\">site Web<\/a> des Normes de la publicit\u00e9.<\/p>\n<hr \/>\n<p><strong>\u00c0 PROPOS DE L\u2019ASSOCIATION CANADIENNE DES ANNONCEURS<\/strong><br \/>\nL\u2019ACA est l\u2019indispensable d\u00e9fenseur des annonceurs canadiens. \u00c0 ce titre, elle s\u2019impose comme leader d\u2019opinion et fid\u00e8le adepte d\u2019un march\u00e9 \u00e0 la fois transparent et responsable. Association nationale \u00e0 but non lucratif, celle-ci parle au nom de plus de 200\u202fentreprises et divisions. <a href=\"http:\/\/www.acaweb.ca\" rel=\"noopener\" target=\"_blank\">www.acaweb.ca<\/a> <\/p>\n<p><strong>PRODUITS ALIMENTAIRES, DE SANT\u00c9 ET DE CONSOMMATION DU CANADA PRODUITS ALIMENTAIRES, DE SANT\u00c9 ET DE CONSOMMATION DU CANADA<\/strong><br \/>\nProduits alimentaires, de sant\u00e9 et de consommation du Canada (PASC) est le porte-parole des principaux fabricants canadiens de produits alimentaires, de sant\u00e9 et de consommation. Notre industrie emploie plus de gens que tout autre secteur manufacturier au Canada, dans des entreprises de toutes tailles qui fabriquent et distribuent des produits s\u00fbrs et de haute qualit\u00e9 pour promouvoir la sant\u00e9 de nos foyers, de nos collectivit\u00e9s et du Canada tout entier. <a href=\"http:\/\/www.fhcp.ca\" rel=\"noopener\" target=\"_blank\">www.fhcp.ca<\/a><\/p>\n<p><strong>\u00c0 PROPOS DE L\u2019ASSOCIATION CANADIENNE DES BOISSONS<\/strong><br \/>\nL\u2019Association canadienne des boissons est l\u2019association professionnelle nationale qui repr\u00e9sente le large \u00e9ventail de marques et d\u2019entreprises qui produisent et distribuent la plupart des boissons rafra\u00eechissantes non alcoolis\u00e9es consomm\u00e9es au Canada. L\u2019industrie canadienne des boissons emploie plus de 58 000 personnes directement, indirectement et par emplois induits. <a href=\"http:\/\/www.associationcanadiennedesboissons.ca\" rel=\"noopener\" target=\"_blank\">www.associationcanadiennedesboissons.ca<\/a><\/p>\n<p><strong>\u00c0 PROPOSE DE RESTAURANTS CANADA<\/strong><br \/>\nRestaurants Canada est une association professionnelle nationale sans but lucratif, constitu\u00e9e de membres, qui contribue \u00e0 faire progresser le potentiel de l\u2019industrie diversifi\u00e9e et dynamique de la restauration au Canada gr\u00e2ce \u00e0 des programmes destin\u00e9s aux membres, \u00e0 la recherche, \u00e0 la d\u00e9fense des int\u00e9r\u00eats, aux ressources et aux \u00e9v\u00e9nements. Le secteur des services alimentaires au Canada est une industrie de 100 milliards de dollars qui sert chaque jour 22 millions de clients partout au pays. En tant que quatri\u00e8me employeur du secteur priv\u00e9, la restauration au Canada emploie directement 1,2 million de personnes et soutient indirectement plus de 290 000 emplois suppl\u00e9mentaires dans les industries connexes, avec 32 milliards de dollars en produits alimentaires et boissons achet\u00e9s chaque ann\u00e9e. <a href=\"http:\/\/www.restaurantscanada.org\" rel=\"noopener\" target=\"_blank\">www.restaurantscanada.org<\/a><\/p>\n","protected":false},"excerpt":{"rendered":"<p>Le programme \u00e0 l\u2019\u00e9chelle de l\u2019industrie s\u2019adresse \u00e0 l\u2019ensemble des annonceurs et des m\u00e9dias Elles r\u00e9alisent les objectifs du gouvernement en limitant la publicit\u00e9 sur les aliments et les boissons destin\u00e9e aux enfants TORONTO \u2013 27 juin 2023. \u2013 Apr\u00e8s son introduction en juin 2021, le code et guide des pratiques responsables en mati\u00e8re de [&hellip;]<\/p>\n","protected":false},"author":1,"featured_media":7102,"parent":52,"menu_order":0,"comment_status":"closed","ping_status":"closed","template":"","meta":{"_acf_changed":false,"content-type":"","footnotes":""},"acf":[],"yoast_head":"<!-- This site is optimized with the Yoast SEO plugin v23.4 - https:\/\/yoast.com\/wordpress\/plugins\/seo\/ -->\n<title>Association canadienne des annonceurs<\/title>\n<meta name=\"robots\" content=\"index, follow, max-snippet:-1, max-image-preview:large, max-video-preview:-1\" \/>\n<meta property=\"og:locale\" content=\"fr_CA\" \/>\n<meta property=\"og:type\" content=\"article\" \/>\n<meta property=\"og:site_name\" content=\"Association canadienne des annonceurs\" \/>\n<meta name=\"twitter:card\" content=\"summary_large_image\" \/>\n<script type=\"application\/ld+json\" class=\"yoast-schema-graph\">{\"@context\":\"https:\/\/schema.org\",\"@graph\":[{\"@type\":\"CollectionPage\",\"@id\":null,\"url\":\"\",\"name\":\"\",\"isPartOf\":{\"@id\":\"https:\/\/acaweb.ca\/fr\/#website\"},\"inLanguage\":\"fr-CA\"},{\"@type\":\"WebSite\",\"@id\":\"https:\/\/acaweb.ca\/fr\/#website\",\"url\":\"https:\/\/acaweb.ca\/fr\/\",\"name\":\"Association canadienne des annonceurs\",\"description\":\"\",\"publisher\":{\"@id\":\"https:\/\/acaweb.ca\/fr\/#organization\"},\"potentialAction\":[{\"@type\":\"SearchAction\",\"target\":{\"@type\":\"EntryPoint\",\"urlTemplate\":\"https:\/\/acaweb.ca\/fr\/?s={search_term_string}\"},\"query-input\":{\"@type\":\"PropertyValueSpecification\",\"valueRequired\":true,\"valueName\":\"search_term_string\"}}],\"inLanguage\":\"fr-CA\"},{\"@type\":\"Organization\",\"@id\":\"https:\/\/acaweb.ca\/fr\/#organization\",\"name\":\"Association canadienne des annonceurs\",\"url\":\"https:\/\/acaweb.ca\/fr\/\",\"logo\":{\"@type\":\"ImageObject\",\"inLanguage\":\"fr-CA\",\"@id\":\"https:\/\/acaweb.ca\/fr\/#\/schema\/logo\/image\/\",\"url\":\"https:\/\/acaweb.ca\/fr\/wp-content\/uploads\/sites\/3\/2017\/10\/cropped-ACA-FR-logo-colour.png\",\"contentUrl\":\"https:\/\/acaweb.ca\/fr\/wp-content\/uploads\/sites\/3\/2017\/10\/cropped-ACA-FR-logo-colour.png\",\"width\":1595,\"height\":417,\"caption\":\"Association canadienne des annonceurs\"},\"image\":{\"@id\":\"https:\/\/acaweb.ca\/fr\/#\/schema\/logo\/image\/\"}}]}<\/script>\n<!-- \/ Yoast SEO plugin. -->","yoast_head_json":{"title":"Association canadienne des annonceurs","robots":{"index":"index","follow":"follow","max-snippet":"max-snippet:-1","max-image-preview":"max-image-preview:large","max-video-preview":"max-video-preview:-1"},"og_locale":"fr_CA","og_type":"article","og_site_name":"Association canadienne des annonceurs","twitter_card":"summary_large_image","schema":{"@context":"https:\/\/schema.org","@graph":[{"@type":"CollectionPage","@id":null,"url":"","name":"","isPartOf":{"@id":"https:\/\/acaweb.ca\/fr\/#website"},"inLanguage":"fr-CA"},{"@type":"WebSite","@id":"https:\/\/acaweb.ca\/fr\/#website","url":"https:\/\/acaweb.ca\/fr\/","name":"Association canadienne des annonceurs","description":"","publisher":{"@id":"https:\/\/acaweb.ca\/fr\/#organization"},"potentialAction":[{"@type":"SearchAction","target":{"@type":"EntryPoint","urlTemplate":"https:\/\/acaweb.ca\/fr\/?s={search_term_string}"},"query-input":{"@type":"PropertyValueSpecification","valueRequired":true,"valueName":"search_term_string"}}],"inLanguage":"fr-CA"},{"@type":"Organization","@id":"https:\/\/acaweb.ca\/fr\/#organization","name":"Association canadienne des annonceurs","url":"https:\/\/acaweb.ca\/fr\/","logo":{"@type":"ImageObject","inLanguage":"fr-CA","@id":"https:\/\/acaweb.ca\/fr\/#\/schema\/logo\/image\/","url":"https:\/\/acaweb.ca\/fr\/wp-content\/uploads\/sites\/3\/2017\/10\/cropped-ACA-FR-logo-colour.png","contentUrl":"https:\/\/acaweb.ca\/fr\/wp-content\/uploads\/sites\/3\/2017\/10\/cropped-ACA-FR-logo-colour.png","width":1595,"height":417,"caption":"Association canadienne des annonceurs"},"image":{"@id":"https:\/\/acaweb.ca\/fr\/#\/schema\/logo\/image\/"}}]}},"_links":{"self":[{"href":"https:\/\/acaweb.ca\/fr\/wp-json\/wp\/v2\/pages\/7092"}],"collection":[{"href":"https:\/\/acaweb.ca\/fr\/wp-json\/wp\/v2\/pages"}],"about":[{"href":"https:\/\/acaweb.ca\/fr\/wp-json\/wp\/v2\/types\/page"}],"author":[{"embeddable":true,"href":"https:\/\/acaweb.ca\/fr\/wp-json\/wp\/v2\/users\/1"}],"replies":[{"embeddable":true,"href":"https:\/\/acaweb.ca\/fr\/wp-json\/wp\/v2\/comments?post=7092"}],"version-history":[{"count":4,"href":"https:\/\/acaweb.ca\/fr\/wp-json\/wp\/v2\/pages\/7092\/revisions"}],"predecessor-version":[{"id":7098,"href":"https:\/\/acaweb.ca\/fr\/wp-json\/wp\/v2\/pages\/7092\/revisions\/7098"}],"up":[{"embeddable":true,"href":"https:\/\/acaweb.ca\/fr\/wp-json\/wp\/v2\/pages\/52"}],"wp:featuredmedia":[{"embeddable":true,"href":"https:\/\/acaweb.ca\/fr\/wp-json\/wp\/v2\/media\/7102"}],"wp:attachment":[{"href":"https:\/\/acaweb.ca\/fr\/wp-json\/wp\/v2\/media?parent=7092"}],"curies":[{"name":"wp","href":"https:\/\/api.w.org\/{rel}","templated":true}]}}