{"id":7022,"date":"2023-05-16T13:38:49","date_gmt":"2023-05-16T17:38:49","guid":{"rendered":"https:\/\/acaweb.ca\/fr\/?page_id=7022"},"modified":"2023-05-16T13:56:29","modified_gmt":"2023-05-16T17:56:29","slug":"lassociation-canadienne-des-annonceurs-et-lactra-conviennent-dune-nouvelle-entente-2","status":"publish","type":"page","link":"https:\/\/acaweb.ca\/fr\/a-propos-de-nous\/ressources-pour-les-medias\/lassociation-canadienne-des-annonceurs-et-lactra-conviennent-dune-nouvelle-entente-2\/","title":{"rendered":"L\u2019Association canadienne des annonceurs et l\u2019ACTRA conviennent d\u2019une nouvelle entente"},"content":{"rendered":"<p><strong>TORONTO, le 16\u00a0mai\u00a02023.<\/strong> \u2013\u00a0Les \u00e9quipes de n\u00e9gociation de l\u2019Association canadienne des annonceurs (ACA) et de l\u2019Alliance des artistes canadiens du cin\u00e9ma, de la t\u00e9l\u00e9vision et de la radio (ACTRA) ont convenu aujourd\u2019hui d\u2019une nouvelle entente, qui entrera en vigueur \u00e0 compter du 1er juin 2023. Cette entente assure la stabilit\u00e9 de l\u2019industrie pour une autre ann\u00e9e.<\/p>\n<p>L\u2019entente pr\u00e9voit une augmentation salariale et \u00e9nonce les \u00e9tapes \u00e0 suivre pour moderniser et simplifier l\u2019entente au moyen de consultations \u00e0 l\u2019\u00e9chelle de l\u2019industrie qui auront lieu au cours de la prochaine ann\u00e9e.<\/p>\n<p>\u00ab Nous sommes tr\u00e8s heureux du succ\u00e8s de ces n\u00e9gociations \u00bb, a d\u00e9clar\u00e9 Ron Lund, pr\u00e9sident et chef de la direction de l\u2019ACA. \u00ab Nos membres sont les principaux annonceurs du Canada \u2013 les personnes qui commandent et paient pour ce travail. Ils veulent de la stabilit\u00e9 et de la collaboration dans cette relation et cet accord le permet. \u00bb <\/p>\n<p>L\u2019ACA est extr\u00eamement reconnaissante de la participation et de la collaboration des agences qui ont travaill\u00e9 avec nous dans la n\u00e9gociation, y compris, en tant qu\u2019observatrice, l\u2019A2C. Nous avons aussi bien h\u00e2te de travailler avec l\u2019ICA et l\u2019A2C \u00e0 l\u2019\u00e9laboration d\u2019un accord simplifi\u00e9 et modernis\u00e9.<\/p>\n<p>Les nouvelles conditions seront maintenant soumises au conseil d\u2019administration de l\u2019ACA et aux membres de l\u2019ACTRA pour ratification. Les n\u00e9gociateurs des deux parties recommanderont la ratification.<\/p>\n<p>L\u2019ACA repr\u00e9sente les sp\u00e9cialistes du marketing du Canada depuis plus de cent ans.<\/p>\n<p style=\"text-align: center;\">-30-<\/p>\n<p>Pour plus de renseignements, contactez :<\/p>\n<p>L\u2019ACA : Darren McAlmont; 647 495-1271; <a href=\"mailto:dmcalmont@acaweb.ca\">dmcalmont@acaweb.ca<\/a><br \/>\nL\u2019ACTRA : Carol Taverner; 416 644-1519; <a href=\"mailto:ctaverner@actra.ca\">ctaverner@actra.ca<\/a><\/p>\n","protected":false},"excerpt":{"rendered":"<p>TORONTO, le 16\u00a0mai\u00a02023. \u2013\u00a0Les \u00e9quipes de n\u00e9gociation de l\u2019Association canadienne des annonceurs (ACA) et de l\u2019Alliance des artistes canadiens du cin\u00e9ma, de la t\u00e9l\u00e9vision et de la radio (ACTRA) ont convenu aujourd\u2019hui d\u2019une nouvelle entente, qui entrera en vigueur \u00e0 compter du 1er juin 2023. Cette entente assure la stabilit\u00e9 de l\u2019industrie pour une autre [&hellip;]<\/p>\n","protected":false},"author":1,"featured_media":0,"parent":52,"menu_order":0,"comment_status":"closed","ping_status":"closed","template":"","meta":{"_acf_changed":false,"content-type":"","footnotes":""},"acf":[],"yoast_head":"<!-- This site is optimized with the Yoast SEO plugin v23.4 - https:\/\/yoast.com\/wordpress\/plugins\/seo\/ -->\n<title>Association canadienne des annonceurs<\/title>\n<meta name=\"robots\" content=\"index, follow, max-snippet:-1, max-image-preview:large, max-video-preview:-1\" \/>\n<meta property=\"og:locale\" content=\"fr_CA\" \/>\n<meta property=\"og:type\" content=\"article\" \/>\n<meta property=\"og:site_name\" content=\"Association canadienne des annonceurs\" \/>\n<meta name=\"twitter:card\" content=\"summary_large_image\" \/>\n<script type=\"application\/ld+json\" class=\"yoast-schema-graph\">{\"@context\":\"https:\/\/schema.org\",\"@graph\":[{\"@type\":\"CollectionPage\",\"@id\":null,\"url\":\"\",\"name\":\"\",\"isPartOf\":{\"@id\":\"https:\/\/acaweb.ca\/fr\/#website\"},\"inLanguage\":\"fr-CA\"},{\"@type\":\"WebSite\",\"@id\":\"https:\/\/acaweb.ca\/fr\/#website\",\"url\":\"https:\/\/acaweb.ca\/fr\/\",\"name\":\"Association canadienne des annonceurs\",\"description\":\"\",\"publisher\":{\"@id\":\"https:\/\/acaweb.ca\/fr\/#organization\"},\"potentialAction\":[{\"@type\":\"SearchAction\",\"target\":{\"@type\":\"EntryPoint\",\"urlTemplate\":\"https:\/\/acaweb.ca\/fr\/?s={search_term_string}\"},\"query-input\":{\"@type\":\"PropertyValueSpecification\",\"valueRequired\":true,\"valueName\":\"search_term_string\"}}],\"inLanguage\":\"fr-CA\"},{\"@type\":\"Organization\",\"@id\":\"https:\/\/acaweb.ca\/fr\/#organization\",\"name\":\"Association canadienne des annonceurs\",\"url\":\"https:\/\/acaweb.ca\/fr\/\",\"logo\":{\"@type\":\"ImageObject\",\"inLanguage\":\"fr-CA\",\"@id\":\"https:\/\/acaweb.ca\/fr\/#\/schema\/logo\/image\/\",\"url\":\"https:\/\/acaweb.ca\/fr\/wp-content\/uploads\/sites\/3\/2017\/10\/cropped-ACA-FR-logo-colour.png\",\"contentUrl\":\"https:\/\/acaweb.ca\/fr\/wp-content\/uploads\/sites\/3\/2017\/10\/cropped-ACA-FR-logo-colour.png\",\"width\":1595,\"height\":417,\"caption\":\"Association canadienne des annonceurs\"},\"image\":{\"@id\":\"https:\/\/acaweb.ca\/fr\/#\/schema\/logo\/image\/\"}}]}<\/script>\n<!-- \/ Yoast SEO plugin. -->","yoast_head_json":{"title":"Association canadienne des annonceurs","robots":{"index":"index","follow":"follow","max-snippet":"max-snippet:-1","max-image-preview":"max-image-preview:large","max-video-preview":"max-video-preview:-1"},"og_locale":"fr_CA","og_type":"article","og_site_name":"Association canadienne des annonceurs","twitter_card":"summary_large_image","schema":{"@context":"https:\/\/schema.org","@graph":[{"@type":"CollectionPage","@id":null,"url":"","name":"","isPartOf":{"@id":"https:\/\/acaweb.ca\/fr\/#website"},"inLanguage":"fr-CA"},{"@type":"WebSite","@id":"https:\/\/acaweb.ca\/fr\/#website","url":"https:\/\/acaweb.ca\/fr\/","name":"Association canadienne des annonceurs","description":"","publisher":{"@id":"https:\/\/acaweb.ca\/fr\/#organization"},"potentialAction":[{"@type":"SearchAction","target":{"@type":"EntryPoint","urlTemplate":"https:\/\/acaweb.ca\/fr\/?s={search_term_string}"},"query-input":{"@type":"PropertyValueSpecification","valueRequired":true,"valueName":"search_term_string"}}],"inLanguage":"fr-CA"},{"@type":"Organization","@id":"https:\/\/acaweb.ca\/fr\/#organization","name":"Association canadienne des annonceurs","url":"https:\/\/acaweb.ca\/fr\/","logo":{"@type":"ImageObject","inLanguage":"fr-CA","@id":"https:\/\/acaweb.ca\/fr\/#\/schema\/logo\/image\/","url":"https:\/\/acaweb.ca\/fr\/wp-content\/uploads\/sites\/3\/2017\/10\/cropped-ACA-FR-logo-colour.png","contentUrl":"https:\/\/acaweb.ca\/fr\/wp-content\/uploads\/sites\/3\/2017\/10\/cropped-ACA-FR-logo-colour.png","width":1595,"height":417,"caption":"Association canadienne des annonceurs"},"image":{"@id":"https:\/\/acaweb.ca\/fr\/#\/schema\/logo\/image\/"}}]}},"_links":{"self":[{"href":"https:\/\/acaweb.ca\/fr\/wp-json\/wp\/v2\/pages\/7022"}],"collection":[{"href":"https:\/\/acaweb.ca\/fr\/wp-json\/wp\/v2\/pages"}],"about":[{"href":"https:\/\/acaweb.ca\/fr\/wp-json\/wp\/v2\/types\/page"}],"author":[{"embeddable":true,"href":"https:\/\/acaweb.ca\/fr\/wp-json\/wp\/v2\/users\/1"}],"replies":[{"embeddable":true,"href":"https:\/\/acaweb.ca\/fr\/wp-json\/wp\/v2\/comments?post=7022"}],"version-history":[{"count":3,"href":"https:\/\/acaweb.ca\/fr\/wp-json\/wp\/v2\/pages\/7022\/revisions"}],"predecessor-version":[{"id":7050,"href":"https:\/\/acaweb.ca\/fr\/wp-json\/wp\/v2\/pages\/7022\/revisions\/7050"}],"up":[{"embeddable":true,"href":"https:\/\/acaweb.ca\/fr\/wp-json\/wp\/v2\/pages\/52"}],"wp:attachment":[{"href":"https:\/\/acaweb.ca\/fr\/wp-json\/wp\/v2\/media?parent=7022"}],"curies":[{"name":"wp","href":"https:\/\/api.w.org\/{rel}","templated":true}]}}