{"id":6983,"date":"2023-03-15T07:00:07","date_gmt":"2023-03-15T11:00:07","guid":{"rendered":"https:\/\/acaweb.ca\/fr\/?page_id=6983"},"modified":"2023-05-16T13:30:20","modified_gmt":"2023-05-16T17:30:20","slug":"laca-dirige-le-deuxieme-sondage-mondial-sur-la-dei-pour-lindustrie-canadienne-du-marketing","status":"publish","type":"page","link":"https:\/\/acaweb.ca\/fr\/a-propos-de-nous\/ressources-pour-les-medias\/laca-dirige-le-deuxieme-sondage-mondial-sur-la-dei-pour-lindustrie-canadienne-du-marketing\/","title":{"rendered":"L\u2019ACA dirige le deuxi\u00e8me sondage mondial sur la DEI pour l\u2019industrie canadienne du marketing"},"content":{"rendered":"<ul>\n<li>L\u2019ACA dirige le deuxi\u00e8me sondage mondial sur la DEI pour l\u2019industrie canadienne du marketing<\/li>\n<\/ul>\n<p><strong>Toronto, le 15 mars 2023. \u2013<\/strong> L\u2019industrie mondiale de la publicit\u00e9 et du marketing se tend un miroir et lance un deuxi\u00e8me sondage mondial sur la DEI. L\u2019initiative est supervis\u00e9e par la F\u00e9d\u00e9ration mondiale des annonceurs (WFA) \u00e0 l\u2019\u00e9chelle mondiale, mais l\u2019Association canadienne des annonceurs (ACA) la dirige au Canada.<\/p>\n<p>S\u2019appuyant sur le succ\u00e8s du sondage inaugural de 2021, cette nouvelle recherche nous donnera un point de r\u00e9f\u00e9rence plus complet de la perception des gens \u00e0 l\u2019\u00e9gard de la diversit\u00e9 et de l\u2019inclusion en milieu de travail, de leur sentiment d\u2019appartenance, et du niveau de discrimination dans notre industrie.<\/p>\n<p>En 2021, les donn\u00e9es du sondage ont r\u00e9v\u00e9l\u00e9 qu\u2019une personne sur sept quitterait probablement l\u2019industrie de la publicit\u00e9 et du marketing en raison du manque de diversit\u00e9 et d\u2019inclusion. Ce deuxi\u00e8me sondage nous permettra de suivre les progr\u00e8s.<\/p>\n<p>\u00ab Ce deuxi\u00e8me sondage s&rsquo;av\u00e8re encore plus important que le premier, car il nous permettra de mesurer les progr\u00e8s r\u00e9alis\u00e9s par l\u2019industrie au cours des deux derni\u00e8res ann\u00e9es, si tel est le cas \u00bb, a d\u00e9clar\u00e9 Ron Lund, pr\u00e9sident et chef de la direction de l\u2019ACA. \u00ab Il est important aussi de noter que les donn\u00e9es de cette recherche aideront \u00e0 \u00e9laborer un plan d\u2019action pour un changement positif continu \u00bb, a-t-il poursuivi. <\/p>\n<p>L\u2019ACA est heureuse d\u2019accueillir de nouveau ses partenaires, dont les Normes canadiennes de la publicit\u00e9 (NCP), Association des agences de communication cr\u00e9ative (A2C), le Grenier aux nouvelles, le Conseil des directeurs m\u00e9dias du Canada (CMDC), l\u2019Alliance de la publicit\u00e9 num\u00e9rique du Canada (DAAC), IAB Canada, la Multicultural Marketing Alliance Canada (MMAC), thinkTV, et ses partenaires m\u00e9dias, Strategy et Marketing News Canada, qui contribueront tous \u00e0 accro\u00eetre la notori\u00e9t\u00e9 du sondage et \u00e0 susciter la participation. <\/p>\n<p>Le sondage de cette ann\u00e9e couvrira <strong>33 march\u00e9s<\/strong>, dont le Canada. L\u2019intention sur le plan mondial et local est de g\u00e9n\u00e9rer l\u2019\u00e9chantillon le plus large et le plus repr\u00e9sentatif possible.<\/p>\n<p>\u00ab Ce qui est mesur\u00e9 est n\u00e9cessairement g\u00e9r\u00e9. Notre industrie est confront\u00e9e \u00e0 une crise des talents bien document\u00e9e. Veiller \u00e0 ce que notre industrie soit plus diversifi\u00e9e, \u00e9quitable et inclusive contribuera grandement \u00e0 relever ce d\u00e9fi. Il existe des arguments moraux et commerciaux \u00e9vidents pour expliquer pourquoi notre industrie doit mieux refl\u00e9ter la diversit\u00e9 des consommateurs que nous visons tous. C\u2019est pourquoi cet exercice se r\u00e9v\u00e8le si important \u00bb, a d\u00e9clar\u00e9 Stephan Loerke, PDG de WFA.<\/p>\n<p>Le sondage sera accessible entre le 15 mars et le 15 avril. Les r\u00e9sultats seront compil\u00e9s et analys\u00e9s par Kantar, et les principales conclusions mondiales seront publi\u00e9es plus tard au printemps par le r\u00e9seau mondial d\u2019\u00e9dition Campaign. Les conclusions propres au Canada seront publi\u00e9es par Strat\u00e9gie. <\/p>\n<p>Dans le m\u00eame ordre d\u2019id\u00e9es, l\u2019ACA a form\u00e9 un <a href=\"https:\/\/acaweb.ca\/fr\/leadership\/initiatives-actuelles\/diversite-equite-et-inclusion\/\" rel=\"noopener\" target=\"_blank\">Comit\u00e9 sur la diversit\u00e9, l\u2019\u00e9quit\u00e9 et l\u2019inclusion<\/a> en 2020 et a r\u00e9cemment lanc\u00e9 une s\u00e9rie de blogues intitul\u00e9e <em>Mission possible : Soutenir la DEI<\/em>, qui fournit \u00e0 nos membres et \u00e0 la communaut\u00e9 du marketing des outils concrets pour cultiver et faire progresser la diversit\u00e9, l\u2019\u00e9quit\u00e9 et l\u2019inclusion au Canada. <\/p>\n<p style=\"text-align: center;\">-32-<\/p>\n","protected":false},"excerpt":{"rendered":"<p>L\u2019industrie mondiale de la publicit\u00e9 et du marketing se tend un miroir et lance un deuxi\u00e8me sondage mondial sur la DEI. L\u2019initiative est supervis\u00e9e par la F\u00e9d\u00e9ration mondiale des annonceurs (WFA) \u00e0 l\u2019\u00e9chelle mondiale, mais l\u2019Association canadienne des annonceurs (ACA) la dirige au Canada.<\/p>\n","protected":false},"author":1,"featured_media":0,"parent":52,"menu_order":0,"comment_status":"closed","ping_status":"closed","template":"","meta":{"_acf_changed":false,"content-type":"","footnotes":""},"acf":[],"yoast_head":"<!-- This site is optimized with the Yoast SEO plugin v23.4 - https:\/\/yoast.com\/wordpress\/plugins\/seo\/ -->\n<title>Association canadienne des annonceurs<\/title>\n<meta name=\"robots\" content=\"index, follow, max-snippet:-1, max-image-preview:large, max-video-preview:-1\" \/>\n<meta property=\"og:locale\" content=\"fr_CA\" \/>\n<meta property=\"og:type\" content=\"article\" \/>\n<meta property=\"og:site_name\" content=\"Association canadienne des annonceurs\" \/>\n<meta name=\"twitter:card\" content=\"summary_large_image\" \/>\n<script type=\"application\/ld+json\" class=\"yoast-schema-graph\">{\"@context\":\"https:\/\/schema.org\",\"@graph\":[{\"@type\":\"CollectionPage\",\"@id\":null,\"url\":\"\",\"name\":\"\",\"isPartOf\":{\"@id\":\"https:\/\/acaweb.ca\/fr\/#website\"},\"inLanguage\":\"fr-CA\"},{\"@type\":\"WebSite\",\"@id\":\"https:\/\/acaweb.ca\/fr\/#website\",\"url\":\"https:\/\/acaweb.ca\/fr\/\",\"name\":\"Association canadienne des annonceurs\",\"description\":\"\",\"publisher\":{\"@id\":\"https:\/\/acaweb.ca\/fr\/#organization\"},\"potentialAction\":[{\"@type\":\"SearchAction\",\"target\":{\"@type\":\"EntryPoint\",\"urlTemplate\":\"https:\/\/acaweb.ca\/fr\/?s={search_term_string}\"},\"query-input\":{\"@type\":\"PropertyValueSpecification\",\"valueRequired\":true,\"valueName\":\"search_term_string\"}}],\"inLanguage\":\"fr-CA\"},{\"@type\":\"Organization\",\"@id\":\"https:\/\/acaweb.ca\/fr\/#organization\",\"name\":\"Association canadienne des annonceurs\",\"url\":\"https:\/\/acaweb.ca\/fr\/\",\"logo\":{\"@type\":\"ImageObject\",\"inLanguage\":\"fr-CA\",\"@id\":\"https:\/\/acaweb.ca\/fr\/#\/schema\/logo\/image\/\",\"url\":\"https:\/\/acaweb.ca\/fr\/wp-content\/uploads\/sites\/3\/2017\/10\/cropped-ACA-FR-logo-colour.png\",\"contentUrl\":\"https:\/\/acaweb.ca\/fr\/wp-content\/uploads\/sites\/3\/2017\/10\/cropped-ACA-FR-logo-colour.png\",\"width\":1595,\"height\":417,\"caption\":\"Association canadienne des annonceurs\"},\"image\":{\"@id\":\"https:\/\/acaweb.ca\/fr\/#\/schema\/logo\/image\/\"}}]}<\/script>\n<!-- \/ Yoast SEO plugin. -->","yoast_head_json":{"title":"Association canadienne des annonceurs","robots":{"index":"index","follow":"follow","max-snippet":"max-snippet:-1","max-image-preview":"max-image-preview:large","max-video-preview":"max-video-preview:-1"},"og_locale":"fr_CA","og_type":"article","og_site_name":"Association canadienne des annonceurs","twitter_card":"summary_large_image","schema":{"@context":"https:\/\/schema.org","@graph":[{"@type":"CollectionPage","@id":null,"url":"","name":"","isPartOf":{"@id":"https:\/\/acaweb.ca\/fr\/#website"},"inLanguage":"fr-CA"},{"@type":"WebSite","@id":"https:\/\/acaweb.ca\/fr\/#website","url":"https:\/\/acaweb.ca\/fr\/","name":"Association canadienne des annonceurs","description":"","publisher":{"@id":"https:\/\/acaweb.ca\/fr\/#organization"},"potentialAction":[{"@type":"SearchAction","target":{"@type":"EntryPoint","urlTemplate":"https:\/\/acaweb.ca\/fr\/?s={search_term_string}"},"query-input":{"@type":"PropertyValueSpecification","valueRequired":true,"valueName":"search_term_string"}}],"inLanguage":"fr-CA"},{"@type":"Organization","@id":"https:\/\/acaweb.ca\/fr\/#organization","name":"Association canadienne des annonceurs","url":"https:\/\/acaweb.ca\/fr\/","logo":{"@type":"ImageObject","inLanguage":"fr-CA","@id":"https:\/\/acaweb.ca\/fr\/#\/schema\/logo\/image\/","url":"https:\/\/acaweb.ca\/fr\/wp-content\/uploads\/sites\/3\/2017\/10\/cropped-ACA-FR-logo-colour.png","contentUrl":"https:\/\/acaweb.ca\/fr\/wp-content\/uploads\/sites\/3\/2017\/10\/cropped-ACA-FR-logo-colour.png","width":1595,"height":417,"caption":"Association canadienne des annonceurs"},"image":{"@id":"https:\/\/acaweb.ca\/fr\/#\/schema\/logo\/image\/"}}]}},"_links":{"self":[{"href":"https:\/\/acaweb.ca\/fr\/wp-json\/wp\/v2\/pages\/6983"}],"collection":[{"href":"https:\/\/acaweb.ca\/fr\/wp-json\/wp\/v2\/pages"}],"about":[{"href":"https:\/\/acaweb.ca\/fr\/wp-json\/wp\/v2\/types\/page"}],"author":[{"embeddable":true,"href":"https:\/\/acaweb.ca\/fr\/wp-json\/wp\/v2\/users\/1"}],"replies":[{"embeddable":true,"href":"https:\/\/acaweb.ca\/fr\/wp-json\/wp\/v2\/comments?post=6983"}],"version-history":[{"count":5,"href":"https:\/\/acaweb.ca\/fr\/wp-json\/wp\/v2\/pages\/6983\/revisions"}],"predecessor-version":[{"id":7023,"href":"https:\/\/acaweb.ca\/fr\/wp-json\/wp\/v2\/pages\/6983\/revisions\/7023"}],"up":[{"embeddable":true,"href":"https:\/\/acaweb.ca\/fr\/wp-json\/wp\/v2\/pages\/52"}],"wp:attachment":[{"href":"https:\/\/acaweb.ca\/fr\/wp-json\/wp\/v2\/media?parent=6983"}],"curies":[{"name":"wp","href":"https:\/\/api.w.org\/{rel}","templated":true}]}}