{"id":68,"date":"2017-10-09T10:10:23","date_gmt":"2017-10-09T14:10:23","guid":{"rendered":"http:\/\/www.acaweb.ca\/fr\/?page_id=68"},"modified":"2021-07-29T17:58:28","modified_gmt":"2021-07-29T21:58:28","slug":"laca-attribue-sa-medaille-dor-a-paul-lavoie-fondateur-de-taxi","status":"publish","type":"page","link":"https:\/\/acaweb.ca\/fr\/a-propos-de-nous\/ressources-pour-les-medias\/laca-attribue-sa-medaille-dor-a-paul-lavoie-fondateur-de-taxi\/","title":{"rendered":"L\u2019ACA attribue sa M\u00e9daille d\u2019or \u00e0 Paul Lavoie, fondateur de Taxi"},"content":{"rendered":"<p><strong>Toronto, 14 mai 2015 :<\/strong> Cr\u00e9ateur, designer, entrepreneur, promoteur, mentor, pionnier\u2026 Paul Lavoie est tout cela et plus encore. Ceci est particuli\u00e8rement appropri\u00e9 pour une personne ayant mis en pratique la devise \u00ab Refuser le conventionnel \u00bb tout au long de ses 30 ann\u00e9es en publicit\u00e9.<\/p>\n<p>Paul Lavoie peut maintenant ajouter \u00ab r\u00e9cipiendaire de la M\u00e9daille d\u2019or de l\u2019ACA \u00bb \u00e0 cette liste de qualificatifs. L\u2019Association canadienne des annonceurs a, en effet, annonc\u00e9 aujourd\u2019hui qu\u2019il devenait le plus r\u00e9cent gagnant de ce prix attribu\u00e9 pour la premi\u00e8re fois en 1941 et qui vise \u00e0 reconna\u00eetre des personnes ayant contribu\u00e9 de fa\u00e7on exceptionnelle \u00e0 l\u2019avancement des communications marketing au Canada.<\/p>\n<p>\u00ab Paul a certes eu un impact majeur sur les communications marketing au Canada, mais \u2013 plus encore \u2013 il en a fait une cause personnelle \u00bb, d\u00e9clarait Ron Lund, pr\u00e9sident et chef de la direction de l\u2019ACA. \u00ab Il a encourag\u00e9 le d\u00e9veloppement de la prochaine g\u00e9n\u00e9ration de publicitaires avec la m\u00eame passion qu\u2019il met dans l\u2019exploitation du pouvoir du design en publicit\u00e9. \u00bb<\/p>\n<p>\u00ab J\u2019adore cette business. Elle a \u00e9t\u00e9 tr\u00e8s bonne pour moi \u00bb, affirme Paul Lavoie, chef des services cr\u00e9atifs et pr\u00e9sident du conseil d\u2019administration de Taxi. \u00ab Si cette reconnaissance signifie que j\u2019ai eu une influence positive \u2013 je ne peux en demander plus. \u00bb<\/p>\n<p>Paul Lavoie a fond\u00e9 l\u2019agence de publicit\u00e9 <a href=\"http:\/\/www.taxi.ca\/fr\/\" target=\"_blank\" rel=\"noopener\">Taxi<\/a> en 1992 \u00e0 Montr\u00e9al avec son associ\u00e9e Jane Hope. Depuis, il en a fait une entreprise maintes fois prim\u00e9e ayant maintenant des bureaux \u00e0 Montr\u00e9al, Toronto, New York et Vancouver.<\/p>\n<p>Lui qui a remport\u00e9 de nombreux prix et devenu le plus jeune membre du temple du Hall of Legends de Marketing. En 2008, la revue Marketing l\u2019a nomm\u00e9 comme l\u2019un des 10 pionniers du marketing les plus influents du si\u00e8cle dernier au Canada. Il a cofond\u00e9 la conf\u00e9rence Leadership Nouveau sur la gestion des arts et de la culture qui a lieu annuellement \u00e0 New York; est le seul Canadien ayant pr\u00e9sid\u00e9 le Art Directors Club de New York et a \u00e9t\u00e9 membre du conseil marketing du Museum of Modern Art.<\/p>\n<p>Paul Lavoie a contribu\u00e9 \u00e0 la renomm\u00e9e des publicitaires canadiens dans le monde entier. En 1994, apr\u00e8s avoir constat\u00e9 \u00e0 quel point le Canada \u00e9tait peu pr\u00e9sent au festival international de la cr\u00e9ativit\u00e9 de Cannes, il a contribu\u00e9 \u00e0 la cr\u00e9ation de la campagne \u00ab Canada Cannes \u00bb visant \u00e0 promouvoir la participation des cr\u00e9atifs canadiens. Il est, par la suite, devenu en 2009, le premier Canadien \u00e0 faire partie du jury du festival.<\/p>\n<p>L\u2019ACA lui remettra sa M\u00e9daille d\u2019or lors du gala <a href=\"http:\/\/www.marketingmag.ca\/microsite\/the-2015-marketing-awards\" target=\"_blank\" rel=\"noopener\">Marketing Awards<\/a> qui aura lieu le 4 juin \u00e0 l\u2019h\u00f4tel Carlu de Toronto.<\/p>\n<h3><strong>\u00c0 propos de la M\u00e9daille d\u2019or de l\u2019ACA<\/strong><\/h3>\n<p>La M\u00e9daille d\u2019or de l\u2019ACA :<\/p>\n<ul>\n<li>S\u2019adresse \u00e0 toute personne dont les activit\u00e9s ont un impact sur les communications marketing au Canada (annonceurs, agences, m\u00e9dias, chercheurs, universitaires, associations et autres);<\/li>\n<li>Peut \u00eatre attribu\u00e9e pour souligner une contribution sp\u00e9cifique ou pour c\u00e9l\u00e9brer l\u2019ensemble d\u2019une carri\u00e8re;<\/li>\n<li>Est remise \u00e0 une personne ayant contribu\u00e9 de mani\u00e8re mesurable et distinctive \u00e0 l\u2019avancement de la pratique des communications marketing au Canada.<\/li>\n<\/ul>\n<p>Au fil des ans, l\u2019ACA a attribu\u00e9 sa M\u00e9daille d\u2019or \u00e0 un groupe remarquable de leaders et visionnaires. Vous en trouverez une <a href=\"http:\/\/www.acaweb.ca\/fr\/a-propos-de-nous\/medaille-dor-de-laca\/\" target=\"_blank\" rel=\"noopener\">liste compl\u00e8te<\/a> dans le site Web de l\u2019ACA.<\/p>\n","protected":false},"excerpt":{"rendered":"<p>Toronto, 14 mai 2015 : Cr\u00e9ateur, designer, entrepreneur, promoteur, mentor, pionnier\u2026 Paul Lavoie est tout cela et plus encore. Ceci est particuli\u00e8rement appropri\u00e9 pour une personne ayant mis en pratique la devise \u00ab Refuser le conventionnel \u00bb tout au long de ses 30 ann\u00e9es en publicit\u00e9. Paul Lavoie peut maintenant ajouter \u00ab r\u00e9cipiendaire de la [&hellip;]<\/p>\n","protected":false},"author":1,"featured_media":0,"parent":52,"menu_order":0,"comment_status":"closed","ping_status":"closed","template":"","meta":{"_acf_changed":false,"content-type":"","footnotes":""},"acf":[],"yoast_head":"<!-- This site is optimized with the Yoast SEO plugin v23.4 - https:\/\/yoast.com\/wordpress\/plugins\/seo\/ -->\n<title>blocage des annonces Archives - Association canadienne des annonceurs<\/title>\n<meta name=\"robots\" content=\"index, follow, max-snippet:-1, max-image-preview:large, max-video-preview:-1\" \/>\n<link rel=\"canonical\" href=\"https:\/\/acaweb.ca\/fr\/tag\/blocage-des-annonces\/\" \/>\n<meta property=\"og:locale\" content=\"fr_CA\" \/>\n<meta property=\"og:type\" content=\"article\" \/>\n<meta property=\"og:title\" content=\"blocage des annonces Archives - Association canadienne des annonceurs\" \/>\n<meta property=\"og:url\" content=\"https:\/\/acaweb.ca\/fr\/tag\/blocage-des-annonces\/\" \/>\n<meta property=\"og:site_name\" content=\"Association canadienne des annonceurs\" \/>\n<meta name=\"twitter:card\" content=\"summary_large_image\" \/>\n<script type=\"application\/ld+json\" class=\"yoast-schema-graph\">{\"@context\":\"https:\/\/schema.org\",\"@graph\":[{\"@type\":\"CollectionPage\",\"@id\":\"https:\/\/acaweb.ca\/fr\/tag\/blocage-des-annonces\/\",\"url\":\"https:\/\/acaweb.ca\/fr\/tag\/blocage-des-annonces\/\",\"name\":\"blocage des annonces Archives - Association canadienne des annonceurs\",\"isPartOf\":{\"@id\":\"https:\/\/acaweb.ca\/fr\/#website\"},\"breadcrumb\":{\"@id\":\"https:\/\/acaweb.ca\/fr\/tag\/blocage-des-annonces\/#breadcrumb\"},\"inLanguage\":\"fr-CA\"},{\"@type\":\"BreadcrumbList\",\"@id\":\"https:\/\/acaweb.ca\/fr\/tag\/blocage-des-annonces\/#breadcrumb\",\"itemListElement\":[{\"@type\":\"ListItem\",\"position\":1,\"name\":\"Accueil\",\"item\":\"https:\/\/acaweb.ca\/fr\/\"},{\"@type\":\"ListItem\",\"position\":2,\"name\":\"blocage des annonces\"}]},{\"@type\":\"WebSite\",\"@id\":\"https:\/\/acaweb.ca\/fr\/#website\",\"url\":\"https:\/\/acaweb.ca\/fr\/\",\"name\":\"Association canadienne des annonceurs\",\"description\":\"\",\"publisher\":{\"@id\":\"https:\/\/acaweb.ca\/fr\/#organization\"},\"potentialAction\":[{\"@type\":\"SearchAction\",\"target\":{\"@type\":\"EntryPoint\",\"urlTemplate\":\"https:\/\/acaweb.ca\/fr\/?s={search_term_string}\"},\"query-input\":{\"@type\":\"PropertyValueSpecification\",\"valueRequired\":true,\"valueName\":\"search_term_string\"}}],\"inLanguage\":\"fr-CA\"},{\"@type\":\"Organization\",\"@id\":\"https:\/\/acaweb.ca\/fr\/#organization\",\"name\":\"Association canadienne des annonceurs\",\"url\":\"https:\/\/acaweb.ca\/fr\/\",\"logo\":{\"@type\":\"ImageObject\",\"inLanguage\":\"fr-CA\",\"@id\":\"https:\/\/acaweb.ca\/fr\/#\/schema\/logo\/image\/\",\"url\":\"https:\/\/acaweb.ca\/fr\/wp-content\/uploads\/sites\/3\/2017\/10\/cropped-ACA-FR-logo-colour.png\",\"contentUrl\":\"https:\/\/acaweb.ca\/fr\/wp-content\/uploads\/sites\/3\/2017\/10\/cropped-ACA-FR-logo-colour.png\",\"width\":1595,\"height\":417,\"caption\":\"Association canadienne des annonceurs\"},\"image\":{\"@id\":\"https:\/\/acaweb.ca\/fr\/#\/schema\/logo\/image\/\"}}]}<\/script>\n<!-- \/ Yoast SEO plugin. -->","yoast_head_json":{"title":"blocage des annonces Archives - Association canadienne des annonceurs","robots":{"index":"index","follow":"follow","max-snippet":"max-snippet:-1","max-image-preview":"max-image-preview:large","max-video-preview":"max-video-preview:-1"},"canonical":"https:\/\/acaweb.ca\/fr\/tag\/blocage-des-annonces\/","og_locale":"fr_CA","og_type":"article","og_title":"blocage des annonces Archives - Association canadienne des annonceurs","og_url":"https:\/\/acaweb.ca\/fr\/tag\/blocage-des-annonces\/","og_site_name":"Association canadienne des annonceurs","twitter_card":"summary_large_image","schema":{"@context":"https:\/\/schema.org","@graph":[{"@type":"CollectionPage","@id":"https:\/\/acaweb.ca\/fr\/tag\/blocage-des-annonces\/","url":"https:\/\/acaweb.ca\/fr\/tag\/blocage-des-annonces\/","name":"blocage des annonces Archives - Association canadienne des annonceurs","isPartOf":{"@id":"https:\/\/acaweb.ca\/fr\/#website"},"breadcrumb":{"@id":"https:\/\/acaweb.ca\/fr\/tag\/blocage-des-annonces\/#breadcrumb"},"inLanguage":"fr-CA"},{"@type":"BreadcrumbList","@id":"https:\/\/acaweb.ca\/fr\/tag\/blocage-des-annonces\/#breadcrumb","itemListElement":[{"@type":"ListItem","position":1,"name":"Accueil","item":"https:\/\/acaweb.ca\/fr\/"},{"@type":"ListItem","position":2,"name":"blocage des annonces"}]},{"@type":"WebSite","@id":"https:\/\/acaweb.ca\/fr\/#website","url":"https:\/\/acaweb.ca\/fr\/","name":"Association canadienne des annonceurs","description":"","publisher":{"@id":"https:\/\/acaweb.ca\/fr\/#organization"},"potentialAction":[{"@type":"SearchAction","target":{"@type":"EntryPoint","urlTemplate":"https:\/\/acaweb.ca\/fr\/?s={search_term_string}"},"query-input":{"@type":"PropertyValueSpecification","valueRequired":true,"valueName":"search_term_string"}}],"inLanguage":"fr-CA"},{"@type":"Organization","@id":"https:\/\/acaweb.ca\/fr\/#organization","name":"Association canadienne des annonceurs","url":"https:\/\/acaweb.ca\/fr\/","logo":{"@type":"ImageObject","inLanguage":"fr-CA","@id":"https:\/\/acaweb.ca\/fr\/#\/schema\/logo\/image\/","url":"https:\/\/acaweb.ca\/fr\/wp-content\/uploads\/sites\/3\/2017\/10\/cropped-ACA-FR-logo-colour.png","contentUrl":"https:\/\/acaweb.ca\/fr\/wp-content\/uploads\/sites\/3\/2017\/10\/cropped-ACA-FR-logo-colour.png","width":1595,"height":417,"caption":"Association canadienne des annonceurs"},"image":{"@id":"https:\/\/acaweb.ca\/fr\/#\/schema\/logo\/image\/"}}]}},"_links":{"self":[{"href":"https:\/\/acaweb.ca\/fr\/wp-json\/wp\/v2\/pages\/68"}],"collection":[{"href":"https:\/\/acaweb.ca\/fr\/wp-json\/wp\/v2\/pages"}],"about":[{"href":"https:\/\/acaweb.ca\/fr\/wp-json\/wp\/v2\/types\/page"}],"author":[{"embeddable":true,"href":"https:\/\/acaweb.ca\/fr\/wp-json\/wp\/v2\/users\/1"}],"replies":[{"embeddable":true,"href":"https:\/\/acaweb.ca\/fr\/wp-json\/wp\/v2\/comments?post=68"}],"version-history":[{"count":1,"href":"https:\/\/acaweb.ca\/fr\/wp-json\/wp\/v2\/pages\/68\/revisions"}],"predecessor-version":[{"id":6130,"href":"https:\/\/acaweb.ca\/fr\/wp-json\/wp\/v2\/pages\/68\/revisions\/6130"}],"up":[{"embeddable":true,"href":"https:\/\/acaweb.ca\/fr\/wp-json\/wp\/v2\/pages\/52"}],"wp:attachment":[{"href":"https:\/\/acaweb.ca\/fr\/wp-json\/wp\/v2\/media?parent=68"}],"curies":[{"name":"wp","href":"https:\/\/api.w.org\/{rel}","templated":true}]}}