{"id":6626,"date":"2022-05-03T08:34:44","date_gmt":"2022-05-03T12:34:44","guid":{"rendered":"https:\/\/acaweb.ca\/fr\/?page_id=6626"},"modified":"2022-05-03T08:35:43","modified_gmt":"2022-05-03T12:35:43","slug":"le-conseil-dadministration-de-laca-ratifie-lentente-de-lactra","status":"publish","type":"page","link":"https:\/\/acaweb.ca\/fr\/a-propos-de-nous\/ressources-pour-les-medias\/le-conseil-dadministration-de-laca-ratifie-lentente-de-lactra\/","title":{"rendered":"Le conseil d\u2019administration de l\u2019ACA ratifie l\u2019entente de l\u2019ACTRA"},"content":{"rendered":"<p><strong>TORONTO, le 3 mai 2022.<\/strong> \u2013 C\u2019est avec grand plaisir que le conseil d\u2019administration de l\u2019ACA annonce la ratification de la nouvelle entente intervenue r\u00e9cemment avec l\u2019ACTRA, entente qui assure la stabilit\u00e9 de l\u2019industrie pour la prochaine ann\u00e9e.<\/p>\n<p>En attendant la ratification de l\u2019entente par les membres de l\u2019ACTRA, notons qu\u2019elle pr\u00e9voit une augmentation de salaire et, surtout, donne aux parties une fen\u00eatre pour travailler conjointement \u00e0 la modernisation et \u00e0 la simplification de l\u2019entente existante.<\/p>\n<p>\u00ab\u00a0Je suis tr\u00e8s heureux que notre conseil d\u2019administration ait ratifi\u00e9 cette entente\u00a0\u00bb, a d\u00e9clar\u00e9 Ron Lund, pr\u00e9sident et chef de la direction de l\u2019ACA. \u00ab\u00a0Nos membres sont les principaux annonceurs du Canada, c\u2019est-\u00e0-dire les personnes qui commandent et paient pour ce travail. Il est essentiel qu\u2019il y ait un cadre de travail en place pour assurer l\u2019embauche des artistes de l\u2019ACTRA.\u00a0\u00bb<\/p>\n<p>La nouvelle entente de douze mois entre en vigueur le 1<sup>er<\/sup>\u00a0juin\u00a02022. Rien ne change dans l\u2019entente autre que de supprimer les r\u00e9f\u00e9rences \u00e0 l\u2019ICA.<\/p>\n<p>\u00ab\u00a0Alors que nous irons de l\u2019avant au cours des prochains mois, il est crucial de simplifier et de moderniser l\u2019entente pour nous assurer qu\u2019il refl\u00e8te les mod\u00e8les de production et de m\u00e9dia qui changent sans cesse\u00a0\u00bb, a r\u00e9it\u00e9r\u00e9 Ron Lund. Pour atteindre cet objectif, l\u2019ACA invite l\u2019ensemble de la communaut\u00e9 des agences de publicit\u00e9 qui utilisent les artistes de l\u2019ACTRA \u00e0 \u00eatre un partenaire, y compris les agences membres de l\u2019ICA. Ron Lund a ajout\u00e9 \u00ab\u00a0l\u2019ACA est une grande organisation parapluie et nous avons besoin des voix de toute la communaut\u00e9, de partout au pays, pour nous aider \u00e0 fa\u00e7onner une nouvelle entente.\u00a0\u00bb<\/p>\n<p style=\"text-align: center;\">-30-<\/p>\n<p>Pour plus de renseignements, contactez :<\/p>\n<p>Darren McAlmont; 647 495-1271; <a href=\"mailto:dmcalmont@acaweb.ca\">dmcalmont@acaweb.ca<\/a><\/p>\n","protected":false},"excerpt":{"rendered":"<p>C\u2019est avec grand plaisir que le conseil d\u2019administration de l\u2019ACA annonce la ratification de la nouvelle entente intervenue r\u00e9cemment avec l\u2019ACTRA, entente qui assure la stabilit\u00e9 de l\u2019industrie pour la prochaine ann\u00e9e.<\/p>\n<p>En attendant la ratification de l\u2019entente par les membres de l\u2019ACTRA, notons qu\u2019elle pr\u00e9voit une augmentation de salaire et, surtout, donne aux parties une fen\u00eatre pour travailler conjointement \u00e0 la modernisation et \u00e0 la simplification de l\u2019entente existante.<\/p>\n","protected":false},"author":1,"featured_media":0,"parent":52,"menu_order":0,"comment_status":"closed","ping_status":"closed","template":"","meta":{"_acf_changed":false,"content-type":"","footnotes":""},"acf":[],"yoast_head":"<!-- This site is optimized with the Yoast SEO plugin v23.4 - https:\/\/yoast.com\/wordpress\/plugins\/seo\/ -->\n<title>Association canadienne des annonceurs<\/title>\n<meta name=\"robots\" content=\"index, follow, max-snippet:-1, max-image-preview:large, max-video-preview:-1\" \/>\n<meta property=\"og:locale\" content=\"fr_CA\" \/>\n<meta property=\"og:type\" content=\"article\" \/>\n<meta property=\"og:site_name\" content=\"Association canadienne des annonceurs\" \/>\n<meta name=\"twitter:card\" content=\"summary_large_image\" \/>\n<script type=\"application\/ld+json\" class=\"yoast-schema-graph\">{\"@context\":\"https:\/\/schema.org\",\"@graph\":[{\"@type\":\"CollectionPage\",\"@id\":null,\"url\":\"\",\"name\":\"\",\"isPartOf\":{\"@id\":\"https:\/\/acaweb.ca\/fr\/#website\"},\"inLanguage\":\"fr-CA\"},{\"@type\":\"WebSite\",\"@id\":\"https:\/\/acaweb.ca\/fr\/#website\",\"url\":\"https:\/\/acaweb.ca\/fr\/\",\"name\":\"Association canadienne des annonceurs\",\"description\":\"\",\"publisher\":{\"@id\":\"https:\/\/acaweb.ca\/fr\/#organization\"},\"potentialAction\":[{\"@type\":\"SearchAction\",\"target\":{\"@type\":\"EntryPoint\",\"urlTemplate\":\"https:\/\/acaweb.ca\/fr\/?s={search_term_string}\"},\"query-input\":{\"@type\":\"PropertyValueSpecification\",\"valueRequired\":true,\"valueName\":\"search_term_string\"}}],\"inLanguage\":\"fr-CA\"},{\"@type\":\"Organization\",\"@id\":\"https:\/\/acaweb.ca\/fr\/#organization\",\"name\":\"Association canadienne des annonceurs\",\"url\":\"https:\/\/acaweb.ca\/fr\/\",\"logo\":{\"@type\":\"ImageObject\",\"inLanguage\":\"fr-CA\",\"@id\":\"https:\/\/acaweb.ca\/fr\/#\/schema\/logo\/image\/\",\"url\":\"https:\/\/acaweb.ca\/fr\/wp-content\/uploads\/sites\/3\/2017\/10\/cropped-ACA-FR-logo-colour.png\",\"contentUrl\":\"https:\/\/acaweb.ca\/fr\/wp-content\/uploads\/sites\/3\/2017\/10\/cropped-ACA-FR-logo-colour.png\",\"width\":1595,\"height\":417,\"caption\":\"Association canadienne des annonceurs\"},\"image\":{\"@id\":\"https:\/\/acaweb.ca\/fr\/#\/schema\/logo\/image\/\"}}]}<\/script>\n<!-- \/ Yoast SEO plugin. -->","yoast_head_json":{"title":"Association canadienne des annonceurs","robots":{"index":"index","follow":"follow","max-snippet":"max-snippet:-1","max-image-preview":"max-image-preview:large","max-video-preview":"max-video-preview:-1"},"og_locale":"fr_CA","og_type":"article","og_site_name":"Association canadienne des annonceurs","twitter_card":"summary_large_image","schema":{"@context":"https:\/\/schema.org","@graph":[{"@type":"CollectionPage","@id":null,"url":"","name":"","isPartOf":{"@id":"https:\/\/acaweb.ca\/fr\/#website"},"inLanguage":"fr-CA"},{"@type":"WebSite","@id":"https:\/\/acaweb.ca\/fr\/#website","url":"https:\/\/acaweb.ca\/fr\/","name":"Association canadienne des annonceurs","description":"","publisher":{"@id":"https:\/\/acaweb.ca\/fr\/#organization"},"potentialAction":[{"@type":"SearchAction","target":{"@type":"EntryPoint","urlTemplate":"https:\/\/acaweb.ca\/fr\/?s={search_term_string}"},"query-input":{"@type":"PropertyValueSpecification","valueRequired":true,"valueName":"search_term_string"}}],"inLanguage":"fr-CA"},{"@type":"Organization","@id":"https:\/\/acaweb.ca\/fr\/#organization","name":"Association canadienne des annonceurs","url":"https:\/\/acaweb.ca\/fr\/","logo":{"@type":"ImageObject","inLanguage":"fr-CA","@id":"https:\/\/acaweb.ca\/fr\/#\/schema\/logo\/image\/","url":"https:\/\/acaweb.ca\/fr\/wp-content\/uploads\/sites\/3\/2017\/10\/cropped-ACA-FR-logo-colour.png","contentUrl":"https:\/\/acaweb.ca\/fr\/wp-content\/uploads\/sites\/3\/2017\/10\/cropped-ACA-FR-logo-colour.png","width":1595,"height":417,"caption":"Association canadienne des annonceurs"},"image":{"@id":"https:\/\/acaweb.ca\/fr\/#\/schema\/logo\/image\/"}}]}},"_links":{"self":[{"href":"https:\/\/acaweb.ca\/fr\/wp-json\/wp\/v2\/pages\/6626"}],"collection":[{"href":"https:\/\/acaweb.ca\/fr\/wp-json\/wp\/v2\/pages"}],"about":[{"href":"https:\/\/acaweb.ca\/fr\/wp-json\/wp\/v2\/types\/page"}],"author":[{"embeddable":true,"href":"https:\/\/acaweb.ca\/fr\/wp-json\/wp\/v2\/users\/1"}],"replies":[{"embeddable":true,"href":"https:\/\/acaweb.ca\/fr\/wp-json\/wp\/v2\/comments?post=6626"}],"version-history":[{"count":1,"href":"https:\/\/acaweb.ca\/fr\/wp-json\/wp\/v2\/pages\/6626\/revisions"}],"predecessor-version":[{"id":6627,"href":"https:\/\/acaweb.ca\/fr\/wp-json\/wp\/v2\/pages\/6626\/revisions\/6627"}],"up":[{"embeddable":true,"href":"https:\/\/acaweb.ca\/fr\/wp-json\/wp\/v2\/pages\/52"}],"wp:attachment":[{"href":"https:\/\/acaweb.ca\/fr\/wp-json\/wp\/v2\/media?parent=6626"}],"curies":[{"name":"wp","href":"https:\/\/api.w.org\/{rel}","templated":true}]}}