{"id":6619,"date":"2022-04-26T14:06:00","date_gmt":"2022-04-26T18:06:00","guid":{"rendered":"https:\/\/acaweb.ca\/fr\/?page_id=6619"},"modified":"2023-05-16T14:01:19","modified_gmt":"2023-05-16T18:01:19","slug":"lassociation-canadienne-des-annonceurs-et-lactra-conviennent-dune-nouvelle-entente","status":"publish","type":"page","link":"https:\/\/acaweb.ca\/fr\/a-propos-de-nous\/ressources-pour-les-medias\/lassociation-canadienne-des-annonceurs-et-lactra-conviennent-dune-nouvelle-entente\/","title":{"rendered":"L\u2019Association canadienne des annonceurs et l\u2019ACTRA conviennent d\u2019une nouvelle entente"},"content":{"rendered":"<p><strong>TORONTO, le 26\u00a0avril\u00a02022.<\/strong> \u2013\u00a0Les \u00e9quipes de n\u00e9gociation de l\u2019Association canadienne des annonceurs (ACA) et de l\u2019Alliance des artistes canadiens du cin\u00e9ma, de la t\u00e9l\u00e9vision et de la radio (ACTRA) ont conclu aujourd\u2019hui une nouvelle entente qui assure la stabilit\u00e9 de l\u2019industrie pour la prochaine ann\u00e9e.<\/p>\n<p>L\u2019entente pr\u00e9voit une augmentation de salaire et, surtout, donne aux parties une fen\u00eatre pour travailler conjointement \u00e0 la modernisation et \u00e0 la simplification de l\u2019entente existante en s\u2019inspirant d\u2019un accord r\u00e9cent entre les annonceurs et la Screen Actors&rsquo; Guild aux \u00c9tats-Unis.<\/p>\n<p>Nous sommes tr\u00e8s heureux d\u2019avoir men\u00e9 \u00e0 bien ces n\u00e9gociations \u00bb, a d\u00e9clar\u00e9 Ron Lund, pr\u00e9sident et chef de la direction de l\u2019ACA. \u00ab Nos membres sont les principaux annonceurs du Canada, c\u2019est-\u00e0-dire les personnes qui commandent et paient pour ce travail. Alors que l\u2019\u00e9conomie \u00e9merge de la pand\u00e9mie de COVID, nos membres veulent se concentrer sur le marketing et l\u2019\u00e9tablissement d\u2019une relation avec leur client\u00e8le. Cela signifie qu\u2019ils souhaitent retrouver de la stabilit\u00e9, de l\u2019excellence et de la collaboration dans cette relation, et ce que nous avons accompli aujourd\u2019hui leur permettra d\u2019atteindre cet objectif.<\/p>\n<p>Nos membres apparaissent dans des milliers de publicit\u00e9s professionnelles chaque ann\u00e9e \u00bb, affirme Eleanor Noble, pr\u00e9sidente de l\u2019ACTRA National. Cette entente garantit que nous continuerons d\u2019\u00eatre pay\u00e9s \u00e9quitablement et de travailler en toute s\u00e9curit\u00e9, dans une industrie stable et collaborative. Comme nos partenaires de l\u2019industrie de la publicit\u00e9, nous d\u00e9sirons tous travailler conjointement pour montrer ce que nous pouvons faire, c\u2019est-\u00e0-dire produire des publicit\u00e9s de qualit\u00e9 mondiale, tourn\u00e9es ici m\u00eame au Canada. \u00bb<\/p>\n<p>Il s\u2019agit d\u2019une entente d\u2019un an pendant lequel l\u2019ACA et l\u2019ACTRA discuteront d\u2019autres am\u00e9liorations et modernisations.<\/p>\n<p>L\u2019Institut des agences canadiennes (ICA) n\u2019agira pas en tant que coadministrateur de cette entente avec l\u2019ACA puisque, sous la direction de son chef de la direction actuel, les conditions qu\u2019il d\u00e9fendait n\u2019\u00e9taient acceptables ni pour l\u2019ACA ni pour l\u2019ACTRA.<\/p>\n<p>En fin de compte, les agences de publicit\u00e9 que nos membres embauchent pour produire leurs publicit\u00e9s, n\u2019auront \u00e0 subir aucune interruption dans leur travail, et c\u2019est cette entente, administr\u00e9e par l\u2019ACA, qui rend cela possible \u00bb, confirme M. Lund.<\/p>\n<p>Les nouvelles conditions seront maintenant soumises au conseil d\u2019administration de l\u2019ACA et aux membres de l\u2019ACTRA pour ratification. Les n\u00e9gociateurs des deux parties recommanderont la ratification.<\/p>\n<p>L\u2019ACA repr\u00e9sente les sp\u00e9cialistes du marketing du Canada depuis plus de cent ans.<\/p>\n<p>L\u2019ACTRA est le syndicat national de plus de 27\u2009000\u00a0artistes professionnels travaillant dans les m\u00e9dias enregistr\u00e9s de langue anglaise au Canada, y compris la t\u00e9l\u00e9vision, le cin\u00e9ma, la radio et les m\u00e9dias num\u00e9riques.<\/p>\n<p style=\"text-align: center;\">-30-<\/p>\n<p>Pour plus de renseignements, contactez :<\/p>\n<p>L\u2019ACA : Darren McAlmont; 647 495-1271; <a href=\"mailto:dmcalmont@acaweb.ca\">dmcalmont@acaweb.ca<\/a><br \/>\nL\u2019ACTRA : Carol Taverner; 416 644-1519; <a href=\"mailto:ctaverner@actra.ca\">ctaverner@actra.ca<\/a><\/p>\n","protected":false},"excerpt":{"rendered":"<p>Les \u00e9quipes de n\u00e9gociation de l\u2019Association canadienne des annonceurs (ACA) et de l\u2019Alliance des artistes canadiens du cin\u00e9ma, de la t\u00e9l\u00e9vision et de la radio (ACTRA) ont conclu aujourd\u2019hui une nouvelle entente qui assure la stabilit\u00e9 de l\u2019industrie pour la prochaine ann\u00e9e.<\/p>\n","protected":false},"author":1,"featured_media":0,"parent":52,"menu_order":0,"comment_status":"closed","ping_status":"closed","template":"","meta":{"_acf_changed":false,"content-type":"","footnotes":""},"acf":[],"yoast_head":"<!-- This site is optimized with the Yoast SEO plugin v23.4 - https:\/\/yoast.com\/wordpress\/plugins\/seo\/ -->\n<title>Association canadienne des annonceurs<\/title>\n<meta name=\"robots\" content=\"index, follow, max-snippet:-1, max-image-preview:large, max-video-preview:-1\" \/>\n<meta property=\"og:locale\" content=\"fr_CA\" \/>\n<meta property=\"og:type\" content=\"article\" \/>\n<meta property=\"og:site_name\" content=\"Association canadienne des annonceurs\" \/>\n<meta name=\"twitter:card\" content=\"summary_large_image\" \/>\n<script type=\"application\/ld+json\" class=\"yoast-schema-graph\">{\"@context\":\"https:\/\/schema.org\",\"@graph\":[{\"@type\":\"CollectionPage\",\"@id\":null,\"url\":\"\",\"name\":\"\",\"isPartOf\":{\"@id\":\"https:\/\/acaweb.ca\/fr\/#website\"},\"inLanguage\":\"fr-CA\"},{\"@type\":\"WebSite\",\"@id\":\"https:\/\/acaweb.ca\/fr\/#website\",\"url\":\"https:\/\/acaweb.ca\/fr\/\",\"name\":\"Association canadienne des annonceurs\",\"description\":\"\",\"publisher\":{\"@id\":\"https:\/\/acaweb.ca\/fr\/#organization\"},\"potentialAction\":[{\"@type\":\"SearchAction\",\"target\":{\"@type\":\"EntryPoint\",\"urlTemplate\":\"https:\/\/acaweb.ca\/fr\/?s={search_term_string}\"},\"query-input\":{\"@type\":\"PropertyValueSpecification\",\"valueRequired\":true,\"valueName\":\"search_term_string\"}}],\"inLanguage\":\"fr-CA\"},{\"@type\":\"Organization\",\"@id\":\"https:\/\/acaweb.ca\/fr\/#organization\",\"name\":\"Association canadienne des annonceurs\",\"url\":\"https:\/\/acaweb.ca\/fr\/\",\"logo\":{\"@type\":\"ImageObject\",\"inLanguage\":\"fr-CA\",\"@id\":\"https:\/\/acaweb.ca\/fr\/#\/schema\/logo\/image\/\",\"url\":\"https:\/\/acaweb.ca\/fr\/wp-content\/uploads\/sites\/3\/2017\/10\/cropped-ACA-FR-logo-colour.png\",\"contentUrl\":\"https:\/\/acaweb.ca\/fr\/wp-content\/uploads\/sites\/3\/2017\/10\/cropped-ACA-FR-logo-colour.png\",\"width\":1595,\"height\":417,\"caption\":\"Association canadienne des annonceurs\"},\"image\":{\"@id\":\"https:\/\/acaweb.ca\/fr\/#\/schema\/logo\/image\/\"}}]}<\/script>\n<!-- \/ Yoast SEO plugin. -->","yoast_head_json":{"title":"Association canadienne des annonceurs","robots":{"index":"index","follow":"follow","max-snippet":"max-snippet:-1","max-image-preview":"max-image-preview:large","max-video-preview":"max-video-preview:-1"},"og_locale":"fr_CA","og_type":"article","og_site_name":"Association canadienne des annonceurs","twitter_card":"summary_large_image","schema":{"@context":"https:\/\/schema.org","@graph":[{"@type":"CollectionPage","@id":null,"url":"","name":"","isPartOf":{"@id":"https:\/\/acaweb.ca\/fr\/#website"},"inLanguage":"fr-CA"},{"@type":"WebSite","@id":"https:\/\/acaweb.ca\/fr\/#website","url":"https:\/\/acaweb.ca\/fr\/","name":"Association canadienne des annonceurs","description":"","publisher":{"@id":"https:\/\/acaweb.ca\/fr\/#organization"},"potentialAction":[{"@type":"SearchAction","target":{"@type":"EntryPoint","urlTemplate":"https:\/\/acaweb.ca\/fr\/?s={search_term_string}"},"query-input":{"@type":"PropertyValueSpecification","valueRequired":true,"valueName":"search_term_string"}}],"inLanguage":"fr-CA"},{"@type":"Organization","@id":"https:\/\/acaweb.ca\/fr\/#organization","name":"Association canadienne des annonceurs","url":"https:\/\/acaweb.ca\/fr\/","logo":{"@type":"ImageObject","inLanguage":"fr-CA","@id":"https:\/\/acaweb.ca\/fr\/#\/schema\/logo\/image\/","url":"https:\/\/acaweb.ca\/fr\/wp-content\/uploads\/sites\/3\/2017\/10\/cropped-ACA-FR-logo-colour.png","contentUrl":"https:\/\/acaweb.ca\/fr\/wp-content\/uploads\/sites\/3\/2017\/10\/cropped-ACA-FR-logo-colour.png","width":1595,"height":417,"caption":"Association canadienne des annonceurs"},"image":{"@id":"https:\/\/acaweb.ca\/fr\/#\/schema\/logo\/image\/"}}]}},"_links":{"self":[{"href":"https:\/\/acaweb.ca\/fr\/wp-json\/wp\/v2\/pages\/6619"}],"collection":[{"href":"https:\/\/acaweb.ca\/fr\/wp-json\/wp\/v2\/pages"}],"about":[{"href":"https:\/\/acaweb.ca\/fr\/wp-json\/wp\/v2\/types\/page"}],"author":[{"embeddable":true,"href":"https:\/\/acaweb.ca\/fr\/wp-json\/wp\/v2\/users\/1"}],"replies":[{"embeddable":true,"href":"https:\/\/acaweb.ca\/fr\/wp-json\/wp\/v2\/comments?post=6619"}],"version-history":[{"count":1,"href":"https:\/\/acaweb.ca\/fr\/wp-json\/wp\/v2\/pages\/6619\/revisions"}],"predecessor-version":[{"id":6620,"href":"https:\/\/acaweb.ca\/fr\/wp-json\/wp\/v2\/pages\/6619\/revisions\/6620"}],"up":[{"embeddable":true,"href":"https:\/\/acaweb.ca\/fr\/wp-json\/wp\/v2\/pages\/52"}],"wp:attachment":[{"href":"https:\/\/acaweb.ca\/fr\/wp-json\/wp\/v2\/media?parent=6619"}],"curies":[{"name":"wp","href":"https:\/\/api.w.org\/{rel}","templated":true}]}}