{"id":65,"date":"2017-10-09T10:10:24","date_gmt":"2017-10-09T14:10:24","guid":{"rendered":"http:\/\/www.acaweb.ca\/fr\/?page_id=65"},"modified":"2017-11-14T21:32:52","modified_gmt":"2017-11-15T02:32:52","slug":"laca-lance-les-mises-en-nomination-pour-la-distinction-la-plus-en-vue-de-lindustrie","status":"publish","type":"page","link":"https:\/\/acaweb.ca\/fr\/a-propos-de-nous\/ressources-pour-les-medias\/laca-lance-les-mises-en-nomination-pour-la-distinction-la-plus-en-vue-de-lindustrie\/","title":{"rendered":"L\u2019ACA lance les mises en nomination pour la distinction la plus en vue de l\u2019industrie"},"content":{"rendered":"<p>&nbsp;<\/p>\n<p style=\"text-align: center;\">LA M\u00c9DAILLE D\u2019OR DE L\u2019ACA SERA REMISE LE 2 JUIN, LORS DU GALA DES MARKETING AWARDS<\/p>\n<p><strong>Toronto, 1 mars 2016 :<\/strong> L\u2019Association canadienne des annonceurs (ACA) d\u00e9clare ouverte la p\u00e9riode des mises en nomination en vue de la remise de la <strong>M\u00e9daille d\u2019or 2016<\/strong>. Attribu\u00e9e pour la premi\u00e8re fois en 1941, celle-ci reconna\u00eet une personne ayant marqu\u00e9 le d\u00e9veloppement des communications marketing au Canada. Cette ann\u00e9e, la date limite pour soumettre une candidature est le <strong>8 avril 2016<\/strong>.<\/p>\n<p>\u00ab Au cours de ses 75 ans d\u2019histoire, la M\u00e9daille d\u2019or de l\u2019ACA a honor\u00e9 plusieurs chefs de file de notre industrie \u00bb, souligne Ron Lund, pr\u00e9sident et chef de la direction de l\u2019ACA. \u00ab J\u2019envisage avec enthousiasme le fait de relancer le processus visant \u00e0 ajouter un nom \u00e0 la liste de ces illustres personnages. \u00bb<\/p>\n<p>La c\u00e9r\u00e9monie de remise de la M\u00e9daille d\u2019or de l\u2019ACA 2016 se d\u00e9roulera dans le cadre du gala des prix Marketing Awards, qui aura lieu le 2 juin prochain \u00e0 l\u2019h\u00f4tel The Carlu de Toronto.<\/p>\n<p>Pour soumettre une candidature, veuillez remplir le formulaire se trouvant dans le site de l\u2019ACA.<\/p>\n<p>La M\u00e9daille d\u2019or de l\u2019ACA :<\/p>\n<ul>\n<li>S\u2019adresse \u00e0 toute personne dont les activit\u00e9s ont eu un impact sur les communications marketing au Canada (annonceurs, agences, m\u00e9dias, chercheurs, universitaires, associations et autres);<\/li>\n<li>Peut \u00eatre attribu\u00e9e pour souligner une contribution sp\u00e9cifique ou pour c\u00e9l\u00e9brer l\u2019ensemble d\u2019une carri\u00e8re;<\/li>\n<li>Est remise \u00e0 une personne ayant contribu\u00e9 de mani\u00e8re mesurable et distinctive \u00e0 l\u2019avancement de la pratique des communications marketing au Canada.<\/li>\n<\/ul>\n<p>En 2015, la M\u00e9daille d\u2019or de l\u2019ACA a \u00e9t\u00e9 attribu\u00e9e \u00e0 Paul Lavoie, chef des services cr\u00e9atifs et pr\u00e9sident du conseil d\u2019administration de TAXI. Vous trouverez la liste compl\u00e8te des r\u00e9cipiendaires pass\u00e9s dans le site Web de l\u2019ACA.<\/p>\n<p>-30-<\/p>\n<p><strong>L\u2019Association canadienne des annonceurs<\/strong><\/p>\n<p>L\u2019ACA est la ressource de choix pour les clients annonceurs. Elle aide ses membres \u00e0 maximiser la valeur de leurs investissements en communications marketing. L\u2019ACA est une organisation sans but lucratif d\u2019envergure nationale fond\u00e9e en 1914. Elle parle au nom de plus de 200 entreprises et divisions.<\/p>\n<p>&nbsp;<\/p>\n","protected":false},"excerpt":{"rendered":"<p>&nbsp; LA M\u00c9DAILLE D\u2019OR DE L\u2019ACA SERA REMISE LE 2 JUIN, LORS DU GALA DES MARKETING AWARDS Toronto, 1 mars 2016 : L\u2019Association canadienne des annonceurs (ACA) d\u00e9clare ouverte la p\u00e9riode des mises en nomination en vue de la remise de la M\u00e9daille d\u2019or 2016. Attribu\u00e9e pour la premi\u00e8re fois en 1941, celle-ci reconna\u00eet une [&hellip;]<\/p>\n","protected":false},"author":1,"featured_media":0,"parent":52,"menu_order":0,"comment_status":"closed","ping_status":"closed","template":"","meta":{"_acf_changed":false,"content-type":"","footnotes":""},"acf":[],"yoast_head":"<!-- This site is optimized with the Yoast SEO plugin v23.4 - https:\/\/yoast.com\/wordpress\/plugins\/seo\/ -->\n<title>\u00e9valuation Archives - Association canadienne des annonceurs<\/title>\n<meta name=\"robots\" content=\"index, follow, max-snippet:-1, max-image-preview:large, max-video-preview:-1\" \/>\n<link rel=\"canonical\" href=\"https:\/\/acaweb.ca\/fr\/tag\/evaluation\/\" \/>\n<meta property=\"og:locale\" content=\"fr_CA\" \/>\n<meta property=\"og:type\" content=\"article\" \/>\n<meta property=\"og:title\" content=\"\u00e9valuation Archives - Association canadienne des annonceurs\" \/>\n<meta property=\"og:url\" content=\"https:\/\/acaweb.ca\/fr\/tag\/evaluation\/\" \/>\n<meta property=\"og:site_name\" content=\"Association canadienne des annonceurs\" \/>\n<meta name=\"twitter:card\" content=\"summary_large_image\" \/>\n<script type=\"application\/ld+json\" class=\"yoast-schema-graph\">{\"@context\":\"https:\/\/schema.org\",\"@graph\":[{\"@type\":\"CollectionPage\",\"@id\":\"https:\/\/acaweb.ca\/fr\/tag\/evaluation\/\",\"url\":\"https:\/\/acaweb.ca\/fr\/tag\/evaluation\/\",\"name\":\"\u00e9valuation Archives - Association canadienne des annonceurs\",\"isPartOf\":{\"@id\":\"https:\/\/acaweb.ca\/fr\/#website\"},\"breadcrumb\":{\"@id\":\"https:\/\/acaweb.ca\/fr\/tag\/evaluation\/#breadcrumb\"},\"inLanguage\":\"fr-CA\"},{\"@type\":\"BreadcrumbList\",\"@id\":\"https:\/\/acaweb.ca\/fr\/tag\/evaluation\/#breadcrumb\",\"itemListElement\":[{\"@type\":\"ListItem\",\"position\":1,\"name\":\"Accueil\",\"item\":\"https:\/\/acaweb.ca\/fr\/\"},{\"@type\":\"ListItem\",\"position\":2,\"name\":\"\u00e9valuation\"}]},{\"@type\":\"WebSite\",\"@id\":\"https:\/\/acaweb.ca\/fr\/#website\",\"url\":\"https:\/\/acaweb.ca\/fr\/\",\"name\":\"Association canadienne des annonceurs\",\"description\":\"\",\"publisher\":{\"@id\":\"https:\/\/acaweb.ca\/fr\/#organization\"},\"potentialAction\":[{\"@type\":\"SearchAction\",\"target\":{\"@type\":\"EntryPoint\",\"urlTemplate\":\"https:\/\/acaweb.ca\/fr\/?s={search_term_string}\"},\"query-input\":{\"@type\":\"PropertyValueSpecification\",\"valueRequired\":true,\"valueName\":\"search_term_string\"}}],\"inLanguage\":\"fr-CA\"},{\"@type\":\"Organization\",\"@id\":\"https:\/\/acaweb.ca\/fr\/#organization\",\"name\":\"Association canadienne des annonceurs\",\"url\":\"https:\/\/acaweb.ca\/fr\/\",\"logo\":{\"@type\":\"ImageObject\",\"inLanguage\":\"fr-CA\",\"@id\":\"https:\/\/acaweb.ca\/fr\/#\/schema\/logo\/image\/\",\"url\":\"https:\/\/acaweb.ca\/fr\/wp-content\/uploads\/sites\/3\/2017\/10\/cropped-ACA-FR-logo-colour.png\",\"contentUrl\":\"https:\/\/acaweb.ca\/fr\/wp-content\/uploads\/sites\/3\/2017\/10\/cropped-ACA-FR-logo-colour.png\",\"width\":1595,\"height\":417,\"caption\":\"Association canadienne des annonceurs\"},\"image\":{\"@id\":\"https:\/\/acaweb.ca\/fr\/#\/schema\/logo\/image\/\"}}]}<\/script>\n<!-- \/ Yoast SEO plugin. -->","yoast_head_json":{"title":"\u00e9valuation Archives - Association canadienne des annonceurs","robots":{"index":"index","follow":"follow","max-snippet":"max-snippet:-1","max-image-preview":"max-image-preview:large","max-video-preview":"max-video-preview:-1"},"canonical":"https:\/\/acaweb.ca\/fr\/tag\/evaluation\/","og_locale":"fr_CA","og_type":"article","og_title":"\u00e9valuation Archives - Association canadienne des annonceurs","og_url":"https:\/\/acaweb.ca\/fr\/tag\/evaluation\/","og_site_name":"Association canadienne des annonceurs","twitter_card":"summary_large_image","schema":{"@context":"https:\/\/schema.org","@graph":[{"@type":"CollectionPage","@id":"https:\/\/acaweb.ca\/fr\/tag\/evaluation\/","url":"https:\/\/acaweb.ca\/fr\/tag\/evaluation\/","name":"\u00e9valuation Archives - Association canadienne des annonceurs","isPartOf":{"@id":"https:\/\/acaweb.ca\/fr\/#website"},"breadcrumb":{"@id":"https:\/\/acaweb.ca\/fr\/tag\/evaluation\/#breadcrumb"},"inLanguage":"fr-CA"},{"@type":"BreadcrumbList","@id":"https:\/\/acaweb.ca\/fr\/tag\/evaluation\/#breadcrumb","itemListElement":[{"@type":"ListItem","position":1,"name":"Accueil","item":"https:\/\/acaweb.ca\/fr\/"},{"@type":"ListItem","position":2,"name":"\u00e9valuation"}]},{"@type":"WebSite","@id":"https:\/\/acaweb.ca\/fr\/#website","url":"https:\/\/acaweb.ca\/fr\/","name":"Association canadienne des annonceurs","description":"","publisher":{"@id":"https:\/\/acaweb.ca\/fr\/#organization"},"potentialAction":[{"@type":"SearchAction","target":{"@type":"EntryPoint","urlTemplate":"https:\/\/acaweb.ca\/fr\/?s={search_term_string}"},"query-input":{"@type":"PropertyValueSpecification","valueRequired":true,"valueName":"search_term_string"}}],"inLanguage":"fr-CA"},{"@type":"Organization","@id":"https:\/\/acaweb.ca\/fr\/#organization","name":"Association canadienne des annonceurs","url":"https:\/\/acaweb.ca\/fr\/","logo":{"@type":"ImageObject","inLanguage":"fr-CA","@id":"https:\/\/acaweb.ca\/fr\/#\/schema\/logo\/image\/","url":"https:\/\/acaweb.ca\/fr\/wp-content\/uploads\/sites\/3\/2017\/10\/cropped-ACA-FR-logo-colour.png","contentUrl":"https:\/\/acaweb.ca\/fr\/wp-content\/uploads\/sites\/3\/2017\/10\/cropped-ACA-FR-logo-colour.png","width":1595,"height":417,"caption":"Association canadienne des annonceurs"},"image":{"@id":"https:\/\/acaweb.ca\/fr\/#\/schema\/logo\/image\/"}}]}},"_links":{"self":[{"href":"https:\/\/acaweb.ca\/fr\/wp-json\/wp\/v2\/pages\/65"}],"collection":[{"href":"https:\/\/acaweb.ca\/fr\/wp-json\/wp\/v2\/pages"}],"about":[{"href":"https:\/\/acaweb.ca\/fr\/wp-json\/wp\/v2\/types\/page"}],"author":[{"embeddable":true,"href":"https:\/\/acaweb.ca\/fr\/wp-json\/wp\/v2\/users\/1"}],"replies":[{"embeddable":true,"href":"https:\/\/acaweb.ca\/fr\/wp-json\/wp\/v2\/comments?post=65"}],"version-history":[{"count":0,"href":"https:\/\/acaweb.ca\/fr\/wp-json\/wp\/v2\/pages\/65\/revisions"}],"up":[{"embeddable":true,"href":"https:\/\/acaweb.ca\/fr\/wp-json\/wp\/v2\/pages\/52"}],"wp:attachment":[{"href":"https:\/\/acaweb.ca\/fr\/wp-json\/wp\/v2\/media?parent=65"}],"curies":[{"name":"wp","href":"https:\/\/api.w.org\/{rel}","templated":true}]}}