{"id":64,"date":"2017-10-09T10:10:24","date_gmt":"2017-10-09T14:10:24","guid":{"rendered":"http:\/\/www.acaweb.ca\/fr\/?page_id=64"},"modified":"2017-11-15T16:45:07","modified_gmt":"2017-11-15T21:45:07","slug":"la-federation-mondiale-des-annonceurs-tiendra-la-semaine-mondiale-des-annonceurs-2017-a-toronto","status":"publish","type":"page","link":"https:\/\/acaweb.ca\/fr\/a-propos-de-nous\/ressources-pour-les-medias\/la-federation-mondiale-des-annonceurs-tiendra-la-semaine-mondiale-des-annonceurs-2017-a-toronto\/","title":{"rendered":"La F\u00e9d\u00e9ration mondiale des annonceurs tiendra la Semaine mondiale des annonceurs 2017 \u00e0 Toronto"},"content":{"rendered":"<div class=\"content\">\n<p style=\"text-align: center;\"><strong>L\u2019\u00e9v\u00e9nement co\u00efncidera avec le centenaire de l\u2019incorporation <\/strong><strong>de l\u2019Association canadienne des annonceurs (ACA) et <\/strong><strong>le 150e anniversaire de la fondation du Canada, <\/strong><strong>en plus de marquer son retour en Am\u00e9rique du Nord.<\/strong><br \/>\n<strong> Depuis 2012, il a eu lieu \u00e0 Bruxelles, Sydney, Marrakech et Kuala Lumpur.<\/strong><\/p>\n<p>La F\u00e9d\u00e9ration mondiale des annonceurs (WFA) annonce qu\u2019elle tiendra la Semaine mondiale des annonceurs de l\u2019an prochain en collaboration avec l\u2019ACA.<\/p>\n<p>L\u2019\u00e9v\u00e9nement marquera le retour en Am\u00e9rique du Nord de la Semaine mondiale des annonceurs, depuis sa tenue \u00e0 New York il y a cinq ans. Elle a d\u00e9j\u00e0 eu lieu \u00e0 Toronto en 2007 et se d\u00e9roulera \u00e0 Toronto en 2017.<\/p>\n<p>L\u2019Am\u00e9rique du Nord repr\u00e9sente la r\u00e9gion o\u00f9 les budgets marketing sont les plus importants dans le monde. Selon WARC.com, ils comptent pour environ le tiers des d\u00e9penses publicitaires mondiales et constituent encore une source de strat\u00e9gies d\u2019avant-garde et un laboratoire d\u2019exp\u00e9rimentation des nouvelles technologies. Leur l\u2019\u00e9volution t\u00e9moigne aussi tr\u00e8s souvent de la m\u00e9tamorphose rapide des habitudes de consommation.<\/p>\n<p>La Semaine mondiale des annonceurs offrira \u00e9galement la chance de c\u00e9l\u00e9brer l\u2019histoire de l\u2019ACA, l\u2019une des plus anciennes associations d\u2019annonceurs dans le monde. Celle-ci a \u00e9t\u00e9 fond\u00e9e en 1914 par onze des plus grandes marques de l\u2019\u00e9poque au Canada lors d\u2019une r\u00e9union tenue \u00e0 Toronto dans la salle du conseil de la Goodyear Tire and Rubber Company, puis incorpor\u00e9e formellement en tant qu\u2019association en 1917.<\/p>\n<p>Les membres fondateurs de l\u2019ACA \u00e9taient les Aliments Best Foods, la Banque Royale, les Boissons Cadbury, Ford, General Motors, Gillette, Goodyear, Kodak, Lever Brothers, Nabisco et les P\u00e9troles Esso. Plusieurs de ces entreprises sont encore membres de l\u2019ACA et de la WFA, \u00e0 laquelle l\u2019ACA s\u2019est jointe en 1959. Pour sa part, la WFA a \u00e9t\u00e9 fond\u00e9e en 1953.<\/p>\n<p>La Semaine mondiale des annonceurs aura lieu en avril 2017. L\u2019activit\u00e9 marquante en sera la Conf\u00e9rence mondiale des annonceurs. Organis\u00e9e conjointement par l\u2019ACA et la WFA, elle rassemblera plusieurs des chefs de file de l\u2019industrie dans le monde et leur permettra de partager leurs strat\u00e9gies de croissance dans un univers num\u00e9rique en \u00e9volution constante.<\/p>\n<p>La semaine comportera aussi plusieurs autres activit\u00e9s \u00e0 l\u2019intention des sp\u00e9cialistes des relations publiques et du marketing. Celles-ci auront pour objectif de montrer comment les annonceurs doivent int\u00e9grer les priorit\u00e9s d\u2019affaires publiques de leurs entreprises dans leurs strat\u00e9gies marketing afin de maintenir les liens avec les divers groupes de consommateurs en transformation constante. Ces activit\u00e9s voudront aussi constituer une source d\u2019inspiration pour les participants en leur pr\u00e9sentant des strat\u00e9gies nouvelles et des concepts originaux de mise en march\u00e9 des marques et ce, pour un large \u00e9ventail de cat\u00e9gories de produits, de canaux m\u00e9dia et de r\u00e9gions.<\/p>\n<p>La Semaine mondiale des annonceurs a lieu dans une ville diff\u00e9rente chaque ann\u00e9e. En 2016, elle a \u00e9t\u00e9 accueillie par Kuala Lumpur, Malaisie, et auparavant par Marrakech, Sydney, Bruxelles, New York, Beijing, Istanbul, Sao Paulo\/Rio de Janeiro et Mumbai.<\/p>\n<p><em>\u00ab Il nous appara\u00eet particuli\u00e8rement pertinent et appropri\u00e9 de retourner en Am\u00e9rique du Nord, et plus particuli\u00e8rement au Canada, puisque de 2017 marque un anniversaire important tant pour l\u2019ACA que pour le Canada. Depuis notre derni\u00e8re visite, il y a dix ans, la Semaine mondiale des annonceurs a parcouru tous les autres continents. Or, l\u2019Am\u00e9rique du Nord constitue l\u2019endroit dans le monde o\u00f9 l\u2019on constate avec le plus d\u2019intensit\u00e9 l\u2019impact de la technologie sur les comportements des consommateurs. Nous sommes tr\u00e8s enthousiastes \u00e0 l\u2019id\u00e9e d\u2019y ramener la communaut\u00e9 des annonceurs \u00bb<\/em>, d\u00e9clare Stephan Loerke, directeur g\u00e9n\u00e9ral de la WFA.<\/p>\n<p><em>\u00ab Nous sommes tr\u00e8s heureux d\u2019accueillir \u00e0 Toronto et Montr\u00e9al en 2017 le plus grand \u00e9v\u00e9nement dans le monde s\u2019adressant aux clients-annonceurs. Les pr\u00e9paratifs sont d\u00e9j\u00e0 en cours afin de mettre en lumi\u00e8re ce qui se fait de mieux en marketing, en r\u00e9flexion strat\u00e9gique et en innovation pratique au Canada comme ailleurs dans le monde \u00bb<\/em>, affirme le pr\u00e9sident et chef de direction de l\u2019ACA, Ron Lund.<\/p>\n<p><strong>La F\u00e9d\u00e9ration mondiale des annonceurs (WFA)<\/strong> constitue le porte-parole des annonceurs du monde entier. Ses membres sont responsables de 90 % des d\u00e9penses mondiales en communications marketing, environ 700 milliards de dollars par ann\u00e9e, \u00e0 travers un r\u00e9seau unique regroupant \u00e0 la fois les plus grands march\u00e9s et les plus importants annonceurs<\/a> du monde. La WFA fait la promotion dans le monde entier de pratiques \u00e0 la fois efficaces et responsables en mati\u00e8re de communications marketing. Pour en savoir plus, veuillez consulter le <a href=\"http:\/\/www.wfanet.org\/\" target=\"_blank\" rel=\"noopener\">www.wfanet.org<\/a>.<\/p>\n<p><strong>La Semaine mondiale des annonceurs<\/strong> est un \u00e9v\u00e9nement annuel s\u2019adressant aux clients-annonceurs. La WFA l\u2019organise chaque ann\u00e9e en collaboration avec l\u2019une de ses associations nationales d\u2019annonceurs membres. La Semaine mondiale des annonceurs a eu lieu \u00e0 Marrakech en 2015, \u00e0 Sydney en 2014, \u00e0 Bruxelles en 2013, \u00e0 New York en 2012 et \u00e0 Beijing en 2011.<\/p>\n<p><strong>L\u2019ACA<\/strong> constitue la ressource de premi\u00e8re instance pour les chefs de file marketing. Seule association au Canada repr\u00e9sentant exclusivement les clients-annonceurs, elle les aide \u00e0 rentabiliser leurs investissements en communications marketing. Cet organisme national sans but lucratif cr\u00e9\u00e9 en 1914 d\u00e9fend les points de vue et int\u00e9r\u00eats de plus de 200 entreprises et divisions canadiennes. Pour plus d\u2019information : <a href=\"http:\/\/www.acaweb.ca\/fr\/\" target=\"_blank\" rel=\"noopener\">www.acaweb.ca<\/a>.<\/p>\n<p>-30-<\/p>\n<\/div>\n","protected":false},"excerpt":{"rendered":"<p>L\u2019\u00e9v\u00e9nement co\u00efncidera avec le centenaire de l\u2019incorporation de l\u2019Association canadienne des annonceurs (ACA) et le 150e anniversaire de la fondation du Canada, en plus de marquer son retour en Am\u00e9rique du Nord. Depuis 2012, il a eu lieu \u00e0 Bruxelles, Sydney, Marrakech et Kuala Lumpur. La F\u00e9d\u00e9ration mondiale des annonceurs (WFA) annonce qu\u2019elle tiendra la [&hellip;]<\/p>\n","protected":false},"author":1,"featured_media":0,"parent":52,"menu_order":0,"comment_status":"closed","ping_status":"closed","template":"","meta":{"_acf_changed":false,"content-type":"","footnotes":""},"acf":[],"yoast_head":"<!-- This site is optimized with the Yoast SEO plugin v23.4 - https:\/\/yoast.com\/wordpress\/plugins\/seo\/ -->\n<title>\u00e9crans multiples Archives - Association canadienne des annonceurs<\/title>\n<meta name=\"robots\" content=\"index, follow, max-snippet:-1, max-image-preview:large, max-video-preview:-1\" \/>\n<link rel=\"canonical\" href=\"https:\/\/acaweb.ca\/fr\/tag\/ecrans-multiples\/\" \/>\n<meta property=\"og:locale\" content=\"fr_CA\" \/>\n<meta property=\"og:type\" content=\"article\" \/>\n<meta property=\"og:title\" content=\"\u00e9crans multiples Archives - Association canadienne des annonceurs\" \/>\n<meta property=\"og:url\" content=\"https:\/\/acaweb.ca\/fr\/tag\/ecrans-multiples\/\" \/>\n<meta property=\"og:site_name\" content=\"Association canadienne des annonceurs\" \/>\n<meta name=\"twitter:card\" content=\"summary_large_image\" \/>\n<script type=\"application\/ld+json\" class=\"yoast-schema-graph\">{\"@context\":\"https:\/\/schema.org\",\"@graph\":[{\"@type\":\"CollectionPage\",\"@id\":\"https:\/\/acaweb.ca\/fr\/tag\/ecrans-multiples\/\",\"url\":\"https:\/\/acaweb.ca\/fr\/tag\/ecrans-multiples\/\",\"name\":\"\u00e9crans multiples Archives - Association canadienne des annonceurs\",\"isPartOf\":{\"@id\":\"https:\/\/acaweb.ca\/fr\/#website\"},\"breadcrumb\":{\"@id\":\"https:\/\/acaweb.ca\/fr\/tag\/ecrans-multiples\/#breadcrumb\"},\"inLanguage\":\"fr-CA\"},{\"@type\":\"BreadcrumbList\",\"@id\":\"https:\/\/acaweb.ca\/fr\/tag\/ecrans-multiples\/#breadcrumb\",\"itemListElement\":[{\"@type\":\"ListItem\",\"position\":1,\"name\":\"Accueil\",\"item\":\"https:\/\/acaweb.ca\/fr\/\"},{\"@type\":\"ListItem\",\"position\":2,\"name\":\"\u00e9crans multiples\"}]},{\"@type\":\"WebSite\",\"@id\":\"https:\/\/acaweb.ca\/fr\/#website\",\"url\":\"https:\/\/acaweb.ca\/fr\/\",\"name\":\"Association canadienne des annonceurs\",\"description\":\"\",\"publisher\":{\"@id\":\"https:\/\/acaweb.ca\/fr\/#organization\"},\"potentialAction\":[{\"@type\":\"SearchAction\",\"target\":{\"@type\":\"EntryPoint\",\"urlTemplate\":\"https:\/\/acaweb.ca\/fr\/?s={search_term_string}\"},\"query-input\":{\"@type\":\"PropertyValueSpecification\",\"valueRequired\":true,\"valueName\":\"search_term_string\"}}],\"inLanguage\":\"fr-CA\"},{\"@type\":\"Organization\",\"@id\":\"https:\/\/acaweb.ca\/fr\/#organization\",\"name\":\"Association canadienne des annonceurs\",\"url\":\"https:\/\/acaweb.ca\/fr\/\",\"logo\":{\"@type\":\"ImageObject\",\"inLanguage\":\"fr-CA\",\"@id\":\"https:\/\/acaweb.ca\/fr\/#\/schema\/logo\/image\/\",\"url\":\"https:\/\/acaweb.ca\/fr\/wp-content\/uploads\/sites\/3\/2017\/10\/cropped-ACA-FR-logo-colour.png\",\"contentUrl\":\"https:\/\/acaweb.ca\/fr\/wp-content\/uploads\/sites\/3\/2017\/10\/cropped-ACA-FR-logo-colour.png\",\"width\":1595,\"height\":417,\"caption\":\"Association canadienne des annonceurs\"},\"image\":{\"@id\":\"https:\/\/acaweb.ca\/fr\/#\/schema\/logo\/image\/\"}}]}<\/script>\n<!-- \/ Yoast SEO plugin. -->","yoast_head_json":{"title":"\u00e9crans multiples Archives - Association canadienne des annonceurs","robots":{"index":"index","follow":"follow","max-snippet":"max-snippet:-1","max-image-preview":"max-image-preview:large","max-video-preview":"max-video-preview:-1"},"canonical":"https:\/\/acaweb.ca\/fr\/tag\/ecrans-multiples\/","og_locale":"fr_CA","og_type":"article","og_title":"\u00e9crans multiples Archives - Association canadienne des annonceurs","og_url":"https:\/\/acaweb.ca\/fr\/tag\/ecrans-multiples\/","og_site_name":"Association canadienne des annonceurs","twitter_card":"summary_large_image","schema":{"@context":"https:\/\/schema.org","@graph":[{"@type":"CollectionPage","@id":"https:\/\/acaweb.ca\/fr\/tag\/ecrans-multiples\/","url":"https:\/\/acaweb.ca\/fr\/tag\/ecrans-multiples\/","name":"\u00e9crans multiples Archives - Association canadienne des annonceurs","isPartOf":{"@id":"https:\/\/acaweb.ca\/fr\/#website"},"breadcrumb":{"@id":"https:\/\/acaweb.ca\/fr\/tag\/ecrans-multiples\/#breadcrumb"},"inLanguage":"fr-CA"},{"@type":"BreadcrumbList","@id":"https:\/\/acaweb.ca\/fr\/tag\/ecrans-multiples\/#breadcrumb","itemListElement":[{"@type":"ListItem","position":1,"name":"Accueil","item":"https:\/\/acaweb.ca\/fr\/"},{"@type":"ListItem","position":2,"name":"\u00e9crans multiples"}]},{"@type":"WebSite","@id":"https:\/\/acaweb.ca\/fr\/#website","url":"https:\/\/acaweb.ca\/fr\/","name":"Association canadienne des annonceurs","description":"","publisher":{"@id":"https:\/\/acaweb.ca\/fr\/#organization"},"potentialAction":[{"@type":"SearchAction","target":{"@type":"EntryPoint","urlTemplate":"https:\/\/acaweb.ca\/fr\/?s={search_term_string}"},"query-input":{"@type":"PropertyValueSpecification","valueRequired":true,"valueName":"search_term_string"}}],"inLanguage":"fr-CA"},{"@type":"Organization","@id":"https:\/\/acaweb.ca\/fr\/#organization","name":"Association canadienne des annonceurs","url":"https:\/\/acaweb.ca\/fr\/","logo":{"@type":"ImageObject","inLanguage":"fr-CA","@id":"https:\/\/acaweb.ca\/fr\/#\/schema\/logo\/image\/","url":"https:\/\/acaweb.ca\/fr\/wp-content\/uploads\/sites\/3\/2017\/10\/cropped-ACA-FR-logo-colour.png","contentUrl":"https:\/\/acaweb.ca\/fr\/wp-content\/uploads\/sites\/3\/2017\/10\/cropped-ACA-FR-logo-colour.png","width":1595,"height":417,"caption":"Association canadienne des annonceurs"},"image":{"@id":"https:\/\/acaweb.ca\/fr\/#\/schema\/logo\/image\/"}}]}},"_links":{"self":[{"href":"https:\/\/acaweb.ca\/fr\/wp-json\/wp\/v2\/pages\/64"}],"collection":[{"href":"https:\/\/acaweb.ca\/fr\/wp-json\/wp\/v2\/pages"}],"about":[{"href":"https:\/\/acaweb.ca\/fr\/wp-json\/wp\/v2\/types\/page"}],"author":[{"embeddable":true,"href":"https:\/\/acaweb.ca\/fr\/wp-json\/wp\/v2\/users\/1"}],"replies":[{"embeddable":true,"href":"https:\/\/acaweb.ca\/fr\/wp-json\/wp\/v2\/comments?post=64"}],"version-history":[{"count":0,"href":"https:\/\/acaweb.ca\/fr\/wp-json\/wp\/v2\/pages\/64\/revisions"}],"up":[{"embeddable":true,"href":"https:\/\/acaweb.ca\/fr\/wp-json\/wp\/v2\/pages\/52"}],"wp:attachment":[{"href":"https:\/\/acaweb.ca\/fr\/wp-json\/wp\/v2\/media?parent=64"}],"curies":[{"name":"wp","href":"https:\/\/api.w.org\/{rel}","templated":true}]}}