{"id":63,"date":"2017-10-09T10:10:24","date_gmt":"2017-10-09T14:10:24","guid":{"rendered":"http:\/\/www.acaweb.ca\/fr\/?page_id=63"},"modified":"2017-11-15T16:42:51","modified_gmt":"2017-11-15T21:42:51","slug":"la-presidente-de-normes-canadiennes-de-la-publicite-linda-nagel-obtient-la-medaille-dor-de-laca","status":"publish","type":"page","link":"https:\/\/acaweb.ca\/fr\/a-propos-de-nous\/ressources-pour-les-medias\/la-presidente-de-normes-canadiennes-de-la-publicite-linda-nagel-obtient-la-medaille-dor-de-laca\/","title":{"rendered":"La pr\u00e9sidente de Normes canadiennes de la publicit\u00e9, Linda Nagel, obtient la M\u00e9daille d\u2019or de l\u2019ACA"},"content":{"rendered":"<ul>\n<li><strong>Sa m\u00e9daille lui sera remise le 2 juin, lors du gala des Marketing Awards<\/strong><\/li>\n<li><strong>Elle se joint ainsi \u00e0 des chefs de file comme Paul Lavoie, Sunni Boot, A. J. Casson et Jean Drapeau<\/strong><\/li>\n<\/ul>\n<p><a href=\"http:\/\/www.acaweb.ca\/en\/aca-gold-medal-award\/linda-nagel-2016-gold-medal-recipient\/\"><img loading=\"lazy\" decoding=\"async\" class=\"alignleft size-full wp-image-603\" src=\"http:\/\/www.acaweb.ca\/en\/wp-content\/uploads\/sites\/2\/2016\/08\/linda-nagel.jpg\" alt=\"linda-nagel\" width=\"150\" height=\"150\" \/><\/a><\/p>\n<p>Linda Nagel<\/p>\n<p>&nbsp;<\/p>\n<p><strong>Toronto, 2 mai 2016 :<\/strong> En 22 ans \u00e0 la t\u00eate de <a href=\"http:\/\/www.adstandards.com\/fr\/index.aspx\" target=\"_blank\" rel=\"noopener\">Normes canadiennes de la publicit\u00e9<\/a> (NCP), Mme Nagel a contribu\u00e9 \u00e0 renforcer et \u00e0 transformer l\u2019autor\u00e9glementation de la publicit\u00e9 au Canada. Ce n\u2019est pas le genre de travail qui fait gagner des prix, mais tous les annonceurs et sp\u00e9cialistes marketing canadiens ont b\u00e9n\u00e9fici\u00e9 de ses efforts.<\/p>\n<p>Il est donc tout \u00e0 fait appropri\u00e9 que la pr\u00e9sidente et chef de la direction de NCP, Linda Nagel, m\u00e9rite la M\u00e9daille d\u2019or de l\u2019ACA 2016, qui reconna\u00eet une personne ayant contribu\u00e9 de fa\u00e7on marquante au d\u00e9veloppement des communications marketing au Canada.<\/p>\n<p>Sous la gouverne de Mme Nagel, NCP a r\u00e9affirm\u00e9 son mandat et s\u2019est concentr\u00e9 sur les fondements de l\u2019autor\u00e9glementation de la publicit\u00e9. L\u2019organisme a aussi r\u00e9vis\u00e9 le Code canadien des normes publicitaires pour en assurer la pertinence, a adopt\u00e9 une politique de transparence en mati\u00e8re de plaintes des consommateurs et lanc\u00e9 une s\u00e9rie de campagnes de sensibilisation de grand envergure qui ont confirm\u00e9 la position de NCP comme organisme d\u2019autor\u00e9glementation respect\u00e9 par les consommateurs, l\u2019industrie et les gouvernements.<\/p>\n<p>\u00ab\u2009Linda s\u2019est montr\u00e9e infatigable et ses efforts ont contribu\u00e9 \u00e0 la cr\u00e9ation d\u2019un environnement sain pour la publicit\u00e9 au Canada\u2009\u00bb, d\u00e9clare Ron Lund, pr\u00e9sident et chef de la direction de l\u2019ACA. \u00ab\u2009C\u2019est un v\u00e9ritable honneur de lui remettre notre M\u00e9daille d\u2019or 2016.\u2009\u00bb<\/p>\n<p>Mme Nagel a aussi pr\u00e9sid\u00e9 \u00e0 une croissance importante de NCP, qui a \u00e9largi ses services d\u2019approbation des annonces et assum\u00e9 de nouvelles responsabilit\u00e9s, notamment celle d\u2019administrer le <a href=\"http:\/\/youradchoices.ca\/fr\" target=\"_blank\" rel=\"noopener\">Programme Choix de Pub de la Digital Advertising Alliance of Canada<\/a>.<\/p>\n<p>Mme Nagel a \u00e9galement jou\u00e9 un r\u00f4le important sur le plan international et contribu\u00e9 \u00e0 l\u2019adoption de meilleures pratiques partout dans le monde en tant que pr\u00e9sidente du conseil d\u2019administration du Conseil international sur l\u2019autor\u00e9glementation de la publicit\u00e9.<\/p>\n<p>\u00ab\u2009C\u2019est un signe de maturit\u00e9 lorsqu\u2019une industrie d\u00e9cide d\u2019adopter l\u2019autor\u00e9glementation de la publicit\u00e9\u2009\u00bb, explique Mme Nagel. \u00ab\u2009Je suis tr\u00e8s heureuse du soutien que nous avons eu de la part de tous les acteurs de l\u2019industrie.\u2009\u00bb<\/p>\n<p>\u00ab\u2009Il n\u2019y a pas beaucoup de t\u00e2ches plus importantes pour l\u2019industrie de la publicit\u00e9 que celle de promouvoir l\u2019int\u00e9grit\u00e9 et de m\u00e9riter la confiance du public canadien\u2009\u00bb, affirme Patrick Dickinson, vice-pr\u00e9sident principal, Marketing institutionnel et strat\u00e9gie de marque, Compagnie de la Baie d\u2019Hudson et pr\u00e9sident du conseil d\u2019administration de l\u2019ACA. \u00ab\u2009Personne n\u2019a amass\u00e9 autant de succ\u00e8s dans ce domaine que Linda Nagel.\u2009\u00bb<\/p>\n<p>La c\u00e9r\u00e9monie de remise de la M\u00e9daille d\u2019or de l\u2019ACA 2016 se d\u00e9roulera dans le cadre du gala des <a href=\"http:\/\/www.marketingmag.ca\/microsite\/marketing-awards\/\" target=\"_blank\" rel=\"noopener\">prix Marketing Awards<\/a>, qui aura lieu le 2 juin prochain \u00e0 l\u2019h\u00f4tel The Carlu de Toronto.<\/p>\n<p>-30-<\/p>\n<p>La M\u00e9daille d\u2019or de l\u2019ACA :<\/p>\n<ul>\n<li>Peut \u00eatre attribu\u00e9e pour souligner une contribution sp\u00e9cifique ou pour c\u00e9l\u00e9brer l\u2019ensemble d\u2019une carri\u00e8re;<\/li>\n<li>Est remise \u00e0 une personne ayant contribu\u00e9 de mani\u00e8re mesurable et distinctive \u00e0 l\u2019avancement de la pratique des communications marketing au Canada.<\/li>\n<\/ul>\n<p>En 2015, la M\u00e9daille d\u2019or de l\u2019ACA a \u00e9t\u00e9 attribu\u00e9e \u00e0 <a href=\"http:\/\/www.acaweb.ca\/fr\/aca-gold-medal-award\/recipient-2015\/\">Paul Lavoie<\/a>, chef des services cr\u00e9atifs et pr\u00e9sident du conseil d\u2019administration de TAXI.<br \/>\nTrouver la <a href=\"http:\/\/www.acaweb.ca\/fr\/aca-gold-medal-award\/\">liste compl\u00e8te<\/a> des r\u00e9cipiendaires pass\u00e9s.<\/p>\n<p>&nbsp;<\/p>\n<p>&nbsp;<\/p>\n","protected":false},"excerpt":{"rendered":"<p>Sa m\u00e9daille lui sera remise le 2 juin, lors du gala des Marketing Awards Elle se joint ainsi \u00e0 des chefs de file comme Paul Lavoie, Sunni Boot, A. J. Casson et Jean Drapeau Linda Nagel &nbsp; Toronto, 2 mai 2016 : En 22 ans \u00e0 la t\u00eate de Normes canadiennes de la publicit\u00e9 (NCP), [&hellip;]<\/p>\n","protected":false},"author":1,"featured_media":0,"parent":52,"menu_order":0,"comment_status":"closed","ping_status":"closed","template":"","meta":{"_acf_changed":false,"content-type":"","footnotes":""},"acf":[],"yoast_head":"<!-- This site is optimized with the Yoast SEO plugin v23.4 - https:\/\/yoast.com\/wordpress\/plugins\/seo\/ -->\n<title>la relation client-agence Archives - Association canadienne des annonceurs<\/title>\n<meta name=\"robots\" content=\"index, follow, max-snippet:-1, max-image-preview:large, max-video-preview:-1\" \/>\n<link rel=\"canonical\" href=\"https:\/\/acaweb.ca\/fr\/tag\/la-relation-client-agence\/\" \/>\n<meta property=\"og:locale\" content=\"fr_CA\" \/>\n<meta property=\"og:type\" content=\"article\" \/>\n<meta property=\"og:title\" content=\"la relation client-agence Archives - Association canadienne des annonceurs\" \/>\n<meta property=\"og:url\" content=\"https:\/\/acaweb.ca\/fr\/tag\/la-relation-client-agence\/\" \/>\n<meta property=\"og:site_name\" content=\"Association canadienne des annonceurs\" \/>\n<meta name=\"twitter:card\" content=\"summary_large_image\" \/>\n<script type=\"application\/ld+json\" class=\"yoast-schema-graph\">{\"@context\":\"https:\/\/schema.org\",\"@graph\":[{\"@type\":\"CollectionPage\",\"@id\":\"https:\/\/acaweb.ca\/fr\/tag\/la-relation-client-agence\/\",\"url\":\"https:\/\/acaweb.ca\/fr\/tag\/la-relation-client-agence\/\",\"name\":\"la relation client-agence Archives - Association canadienne des annonceurs\",\"isPartOf\":{\"@id\":\"https:\/\/acaweb.ca\/fr\/#website\"},\"breadcrumb\":{\"@id\":\"https:\/\/acaweb.ca\/fr\/tag\/la-relation-client-agence\/#breadcrumb\"},\"inLanguage\":\"fr-CA\"},{\"@type\":\"BreadcrumbList\",\"@id\":\"https:\/\/acaweb.ca\/fr\/tag\/la-relation-client-agence\/#breadcrumb\",\"itemListElement\":[{\"@type\":\"ListItem\",\"position\":1,\"name\":\"Accueil\",\"item\":\"https:\/\/acaweb.ca\/fr\/\"},{\"@type\":\"ListItem\",\"position\":2,\"name\":\"la relation client-agence\"}]},{\"@type\":\"WebSite\",\"@id\":\"https:\/\/acaweb.ca\/fr\/#website\",\"url\":\"https:\/\/acaweb.ca\/fr\/\",\"name\":\"Association canadienne des annonceurs\",\"description\":\"\",\"publisher\":{\"@id\":\"https:\/\/acaweb.ca\/fr\/#organization\"},\"potentialAction\":[{\"@type\":\"SearchAction\",\"target\":{\"@type\":\"EntryPoint\",\"urlTemplate\":\"https:\/\/acaweb.ca\/fr\/?s={search_term_string}\"},\"query-input\":{\"@type\":\"PropertyValueSpecification\",\"valueRequired\":true,\"valueName\":\"search_term_string\"}}],\"inLanguage\":\"fr-CA\"},{\"@type\":\"Organization\",\"@id\":\"https:\/\/acaweb.ca\/fr\/#organization\",\"name\":\"Association canadienne des annonceurs\",\"url\":\"https:\/\/acaweb.ca\/fr\/\",\"logo\":{\"@type\":\"ImageObject\",\"inLanguage\":\"fr-CA\",\"@id\":\"https:\/\/acaweb.ca\/fr\/#\/schema\/logo\/image\/\",\"url\":\"https:\/\/acaweb.ca\/fr\/wp-content\/uploads\/sites\/3\/2017\/10\/cropped-ACA-FR-logo-colour.png\",\"contentUrl\":\"https:\/\/acaweb.ca\/fr\/wp-content\/uploads\/sites\/3\/2017\/10\/cropped-ACA-FR-logo-colour.png\",\"width\":1595,\"height\":417,\"caption\":\"Association canadienne des annonceurs\"},\"image\":{\"@id\":\"https:\/\/acaweb.ca\/fr\/#\/schema\/logo\/image\/\"}}]}<\/script>\n<!-- \/ Yoast SEO plugin. -->","yoast_head_json":{"title":"la relation client-agence Archives - Association canadienne des annonceurs","robots":{"index":"index","follow":"follow","max-snippet":"max-snippet:-1","max-image-preview":"max-image-preview:large","max-video-preview":"max-video-preview:-1"},"canonical":"https:\/\/acaweb.ca\/fr\/tag\/la-relation-client-agence\/","og_locale":"fr_CA","og_type":"article","og_title":"la relation client-agence Archives - Association canadienne des annonceurs","og_url":"https:\/\/acaweb.ca\/fr\/tag\/la-relation-client-agence\/","og_site_name":"Association canadienne des annonceurs","twitter_card":"summary_large_image","schema":{"@context":"https:\/\/schema.org","@graph":[{"@type":"CollectionPage","@id":"https:\/\/acaweb.ca\/fr\/tag\/la-relation-client-agence\/","url":"https:\/\/acaweb.ca\/fr\/tag\/la-relation-client-agence\/","name":"la relation client-agence Archives - Association canadienne des annonceurs","isPartOf":{"@id":"https:\/\/acaweb.ca\/fr\/#website"},"breadcrumb":{"@id":"https:\/\/acaweb.ca\/fr\/tag\/la-relation-client-agence\/#breadcrumb"},"inLanguage":"fr-CA"},{"@type":"BreadcrumbList","@id":"https:\/\/acaweb.ca\/fr\/tag\/la-relation-client-agence\/#breadcrumb","itemListElement":[{"@type":"ListItem","position":1,"name":"Accueil","item":"https:\/\/acaweb.ca\/fr\/"},{"@type":"ListItem","position":2,"name":"la relation client-agence"}]},{"@type":"WebSite","@id":"https:\/\/acaweb.ca\/fr\/#website","url":"https:\/\/acaweb.ca\/fr\/","name":"Association canadienne des annonceurs","description":"","publisher":{"@id":"https:\/\/acaweb.ca\/fr\/#organization"},"potentialAction":[{"@type":"SearchAction","target":{"@type":"EntryPoint","urlTemplate":"https:\/\/acaweb.ca\/fr\/?s={search_term_string}"},"query-input":{"@type":"PropertyValueSpecification","valueRequired":true,"valueName":"search_term_string"}}],"inLanguage":"fr-CA"},{"@type":"Organization","@id":"https:\/\/acaweb.ca\/fr\/#organization","name":"Association canadienne des annonceurs","url":"https:\/\/acaweb.ca\/fr\/","logo":{"@type":"ImageObject","inLanguage":"fr-CA","@id":"https:\/\/acaweb.ca\/fr\/#\/schema\/logo\/image\/","url":"https:\/\/acaweb.ca\/fr\/wp-content\/uploads\/sites\/3\/2017\/10\/cropped-ACA-FR-logo-colour.png","contentUrl":"https:\/\/acaweb.ca\/fr\/wp-content\/uploads\/sites\/3\/2017\/10\/cropped-ACA-FR-logo-colour.png","width":1595,"height":417,"caption":"Association canadienne des annonceurs"},"image":{"@id":"https:\/\/acaweb.ca\/fr\/#\/schema\/logo\/image\/"}}]}},"_links":{"self":[{"href":"https:\/\/acaweb.ca\/fr\/wp-json\/wp\/v2\/pages\/63"}],"collection":[{"href":"https:\/\/acaweb.ca\/fr\/wp-json\/wp\/v2\/pages"}],"about":[{"href":"https:\/\/acaweb.ca\/fr\/wp-json\/wp\/v2\/types\/page"}],"author":[{"embeddable":true,"href":"https:\/\/acaweb.ca\/fr\/wp-json\/wp\/v2\/users\/1"}],"replies":[{"embeddable":true,"href":"https:\/\/acaweb.ca\/fr\/wp-json\/wp\/v2\/comments?post=63"}],"version-history":[{"count":0,"href":"https:\/\/acaweb.ca\/fr\/wp-json\/wp\/v2\/pages\/63\/revisions"}],"up":[{"embeddable":true,"href":"https:\/\/acaweb.ca\/fr\/wp-json\/wp\/v2\/pages\/52"}],"wp:attachment":[{"href":"https:\/\/acaweb.ca\/fr\/wp-json\/wp\/v2\/media?parent=63"}],"curies":[{"name":"wp","href":"https:\/\/api.w.org\/{rel}","templated":true}]}}