{"id":6188,"date":"2021-08-27T14:48:56","date_gmt":"2021-08-27T18:48:56","guid":{"rendered":"https:\/\/acaweb.ca\/fr\/?page_id=6188"},"modified":"2022-04-06T11:54:52","modified_gmt":"2022-04-06T15:54:52","slug":"lancienne-dirigeante-du-groupe-media-walmart-designee-pour-superviser-linitiative-sur-levaluation-multimedia-de-laca","status":"publish","type":"page","link":"https:\/\/acaweb.ca\/fr\/a-propos-de-nous\/ressources-pour-les-medias\/lancienne-dirigeante-du-groupe-media-walmart-designee-pour-superviser-linitiative-sur-levaluation-multimedia-de-laca\/","title":{"rendered":"L\u2019ancienne dirigeante du groupe m\u00e9dia Walmart d\u00e9sign\u00e9e pour superviser l\u2019initiative sur l\u2019\u00e9valuation multim\u00e9dia de l\u2019ACA"},"content":{"rendered":"<ul>\n<li>L\u2019Association canadienne des annonceurs nomme Jennifer Holgate pour superviser la mise en \u0153uvre concert\u00e9e d\u2019une d\u00e9marche structur\u00e9e pour la mise en \u0153uvre d\u2019un syst\u00e8me d\u2019\u00e9valuation multim\u00e9dia uniformis\u00e9 \u00e0 travers le Canada.<\/li>\n<\/ul>\n<p><img loading=\"lazy\" decoding=\"async\" class=\"alignleft size-medium wp-image-6192\" src=\"https:\/\/acaweb.ca\/fr\/wp-content\/uploads\/sites\/3\/2021\/08\/Jennifer-Holgate-252x300.png\" alt=\"Jennifer Holgate\" width=\"252\" height=\"300\" srcset=\"https:\/\/acaweb.ca\/fr\/wp-content\/uploads\/sites\/3\/2021\/08\/Jennifer-Holgate-252x300.png 252w, https:\/\/acaweb.ca\/fr\/wp-content\/uploads\/sites\/3\/2021\/08\/Jennifer-Holgate-147x175.png 147w, https:\/\/acaweb.ca\/fr\/wp-content\/uploads\/sites\/3\/2021\/08\/Jennifer-Holgate.png 274w\" sizes=\"(max-width: 252px) 100vw, 252px\" \/><strong>Le 7 septembre 2021.<\/strong> L\u2019Association canadienne des annonceurs (ACA) a nomm\u00e9 l\u2019ancienne vice-pr\u00e9sidente Marketing de Walmart, Jennifer Holgate, directrice, \u00c9valuation multim\u00e9dia. Elle guidera la mise en \u0153uvre concert\u00e9e d\u2019une solution d\u2019\u00e9valuation multim\u00e9dia (\u00c9MM) au Canada.<\/p>\n<p>Les communaut\u00e9s du marketing et des m\u00e9dias, tant locales que mondiales, r\u00eavent depuis longtemps de pouvoir acc\u00e9der \u00e0 une solution d\u2019\u00e9valuation multim\u00e9dia. Aujourd\u2019hui, la <a href=\"http:\/\/www.wfanet.org\/\" target=\"_blank\" rel=\"noopener\">WFA<\/a> (World Federation of Advertisers supervise le d\u00e9ploiement d\u2019un syst\u00e8me commun d\u2019utilisation \u00e0 l\u2019\u00e9chelle mondiale, mais adaptable \u00e0 l\u2019\u00e9chelle locale (Projet Halo). Avec l\u2019appui de la WFA, l\u2019<a href=\"https:\/\/www.ana.net\/\" target=\"_blank\" rel=\"noopener\">ANA<\/a> (Association of National Advertisers) aux \u00c9tats-Unis et l\u2019<a href=\"https:\/\/www.theisba.org.uk\/\" target=\"_blank\" rel=\"noopener\">ISBA<\/a>, l\u2019association nationale des annonceurs au R.-U. ont d\u00e9j\u00e0 certaines initiatives en cours d\u2019ex\u00e9cution (Projet Origin). L\u2019ACA participe activement au Projet Halo et suit de pr\u00e8s les initiatives des \u00c9.-U. et du R.-U. pour en tirer des enseignements.<\/p>\n<p>Jennifer a \u00e9t\u00e9 engag\u00e9e pour diriger l\u2019initiative canadienne. Elle suivra les <a href=\"https:\/\/acaweb.ca\/fr\/leadership\/initiatives-actuelles\/evaluation-des-medias\/solutions-pour-levaluation-multimedia-dans-le-collimateur\/\" target=\"_blank\" rel=\"noopener\">principes d\u2019envergure<\/a> mis de l\u2019avant par la WFA et les meilleures pratiques appliqu\u00e9es mondialement pour garantir des mesures sur une base continue et exhaustive pour l\u2019ensemble de l\u2019entonnoir de conversion marketing. L\u2019\u00e9valuation multim\u00e9dia permettra aux consommateurs de jouir d\u2019une exp\u00e9rience publicitaire am\u00e9lior\u00e9e sans exc\u00e8s de fr\u00e9quence tout en voyant leur vie priv\u00e9e prot\u00e9g\u00e9e. Pour les annonceurs, elle permettra d\u2019optimiser leurs d\u00e9penses publicitaires, d\u2019\u00e9viter le gaspillage et, ultimement, d\u2019obtenir une rentabilit\u00e9 accrue.<\/p>\n<p>Jennifer r\u00e9unira l\u2019ensemble des parties prenantes, y compris, les annonceurs, les agences, les diffuseurs, les \u00e9diteurs, les associations de l\u2019industrie et les experts en recherche pour \u00e9laborer un plan strat\u00e9gique de mise en \u0153uvre pour le Canada.<\/p>\n<p>\u00ab\u2009Nous sommes enchant\u00e9s que Jennifer se joigne \u00e0 l\u2019ACA. L\u2019\u00e9tendue et la port\u00e9e de l\u2019exp\u00e9rience que Jennifer a acquise sur le march\u00e9 canadien des m\u00e9dias, du marketing et des agences, ainsi que sa r\u00e9putation exceptionnelle \u00e0 titre de leader des domaines du marketing et des communications, font d\u2019elle la personne id\u00e9ale pour ex\u00e9cuter ce mandat\u2009\u00bb, affirme Judy Davey, vice-pr\u00e9sidente, Ressources marketing et Politiques m\u00e9dia \u00e0 l\u2019ACA.<\/p>\n<p>Parmi les fonctions que Jennifer a d\u00e9j\u00e0 exerc\u00e9es figurent celles de vice-pr\u00e9sidente, Marketing communications et Walmart Media Group chez Walmart Canada, vice-pr\u00e9sidente, Innovation de produits chez Rogers Media, vice-pr\u00e9sidente principale, Num\u00e9rique et int\u00e9gration chez Starcom MediaVest Group et vice-pr\u00e9sidente, Num\u00e9rique et radiodiffusion chez CanWest Media. Elle enseigne actuellement la strat\u00e9gie de contenu au coll\u00e8ge Humber.<\/p>\n<p>\u00ab\u2009La pand\u00e9mie ayant entra\u00een\u00e9 de nombreux changements importants dans la consommation des m\u00e9dias et les comportements des consommateurs, le besoin d\u2019acc\u00e9der \u00e0 un syst\u00e8me d\u2019\u00e9valuation multim\u00e9dia se fait sentir plus que jamais. J\u2019ai vraiment h\u00e2te de r\u00e9unir tous les intervenants pour mettre en \u0153uvre une approche qui fonctionnera r\u00e9ellement et qui satisfera les besoins des consommateurs, des m\u00e9dias, des annonceurs et des agences.\u2009\u00bb<\/p>\n<p>La nomination de Jennifer Holgate se r\u00e9v\u00e8le un grand pas en avant dans la r\u00e9alisation de cette initiative. Elle vient renforcer le travail consid\u00e9rable du comit\u00e9 de l\u2019\u00c9MM de l\u2019ACA lequel compte dans ses rangs des sp\u00e9cialistes marketing chevronn\u00e9s repr\u00e9sentant onze annonceurs nationaux \u00e0 travers le Canada. Les membres du comit\u00e9 consentent tous les efforts pour rencontrer les principaux intervenants de l\u2019industrie. Il s\u2019agit donc pour eux d\u2019une exp\u00e9rience d\u2019\u00e9ducation et d\u2019apprentissage hors du commun. \u00c0 ce jour, les principaux intervenants ont confirm\u00e9 leur appui pour une unification des forces afin de concr\u00e9tiser l\u2019\u00c9MM.<\/p>\n<p>L\u2019ACA s\u2019est engag\u00e9e \u00e0 participer au processus collaboratif et se r\u00e9jouit de travailler avec l\u2019industrie pour fa\u00e7onner \u00e0 nouveau l\u2019histoire des m\u00e9dias au Canada.<\/p>\n","protected":false},"excerpt":{"rendered":"<p>L\u2019ACA nomme Jennifer Holgate pour superviser la mise en \u0153uvre concert\u00e9e d\u2019une d\u00e9marche structur\u00e9e pour la mise en \u0153uvre d\u2019un syst\u00e8me d\u2019\u00e9valuation multim\u00e9dia uniformis\u00e9 \u00e0 travers le Canada.<\/p>\n","protected":false},"author":1,"featured_media":6203,"parent":52,"menu_order":238,"comment_status":"closed","ping_status":"closed","template":"","meta":{"_acf_changed":false,"content-type":"","footnotes":""},"acf":[],"yoast_head":"<!-- This site is optimized with the Yoast SEO plugin v23.4 - https:\/\/yoast.com\/wordpress\/plugins\/seo\/ -->\n<title>Association canadienne des annonceurs<\/title>\n<meta name=\"robots\" content=\"index, follow, max-snippet:-1, max-image-preview:large, max-video-preview:-1\" \/>\n<meta property=\"og:locale\" content=\"fr_CA\" \/>\n<meta property=\"og:type\" content=\"article\" \/>\n<meta property=\"og:site_name\" content=\"Association canadienne des annonceurs\" \/>\n<meta name=\"twitter:card\" content=\"summary_large_image\" \/>\n<script type=\"application\/ld+json\" class=\"yoast-schema-graph\">{\"@context\":\"https:\/\/schema.org\",\"@graph\":[{\"@type\":\"CollectionPage\",\"@id\":null,\"url\":\"\",\"name\":\"\",\"isPartOf\":{\"@id\":\"https:\/\/acaweb.ca\/fr\/#website\"},\"inLanguage\":\"fr-CA\"},{\"@type\":\"WebSite\",\"@id\":\"https:\/\/acaweb.ca\/fr\/#website\",\"url\":\"https:\/\/acaweb.ca\/fr\/\",\"name\":\"Association canadienne des annonceurs\",\"description\":\"\",\"publisher\":{\"@id\":\"https:\/\/acaweb.ca\/fr\/#organization\"},\"potentialAction\":[{\"@type\":\"SearchAction\",\"target\":{\"@type\":\"EntryPoint\",\"urlTemplate\":\"https:\/\/acaweb.ca\/fr\/?s={search_term_string}\"},\"query-input\":{\"@type\":\"PropertyValueSpecification\",\"valueRequired\":true,\"valueName\":\"search_term_string\"}}],\"inLanguage\":\"fr-CA\"},{\"@type\":\"Organization\",\"@id\":\"https:\/\/acaweb.ca\/fr\/#organization\",\"name\":\"Association canadienne des annonceurs\",\"url\":\"https:\/\/acaweb.ca\/fr\/\",\"logo\":{\"@type\":\"ImageObject\",\"inLanguage\":\"fr-CA\",\"@id\":\"https:\/\/acaweb.ca\/fr\/#\/schema\/logo\/image\/\",\"url\":\"https:\/\/acaweb.ca\/fr\/wp-content\/uploads\/sites\/3\/2017\/10\/cropped-ACA-FR-logo-colour.png\",\"contentUrl\":\"https:\/\/acaweb.ca\/fr\/wp-content\/uploads\/sites\/3\/2017\/10\/cropped-ACA-FR-logo-colour.png\",\"width\":1595,\"height\":417,\"caption\":\"Association canadienne des annonceurs\"},\"image\":{\"@id\":\"https:\/\/acaweb.ca\/fr\/#\/schema\/logo\/image\/\"}}]}<\/script>\n<!-- \/ Yoast SEO plugin. -->","yoast_head_json":{"title":"Association canadienne des annonceurs","robots":{"index":"index","follow":"follow","max-snippet":"max-snippet:-1","max-image-preview":"max-image-preview:large","max-video-preview":"max-video-preview:-1"},"og_locale":"fr_CA","og_type":"article","og_site_name":"Association canadienne des annonceurs","twitter_card":"summary_large_image","schema":{"@context":"https:\/\/schema.org","@graph":[{"@type":"CollectionPage","@id":null,"url":"","name":"","isPartOf":{"@id":"https:\/\/acaweb.ca\/fr\/#website"},"inLanguage":"fr-CA"},{"@type":"WebSite","@id":"https:\/\/acaweb.ca\/fr\/#website","url":"https:\/\/acaweb.ca\/fr\/","name":"Association canadienne des annonceurs","description":"","publisher":{"@id":"https:\/\/acaweb.ca\/fr\/#organization"},"potentialAction":[{"@type":"SearchAction","target":{"@type":"EntryPoint","urlTemplate":"https:\/\/acaweb.ca\/fr\/?s={search_term_string}"},"query-input":{"@type":"PropertyValueSpecification","valueRequired":true,"valueName":"search_term_string"}}],"inLanguage":"fr-CA"},{"@type":"Organization","@id":"https:\/\/acaweb.ca\/fr\/#organization","name":"Association canadienne des annonceurs","url":"https:\/\/acaweb.ca\/fr\/","logo":{"@type":"ImageObject","inLanguage":"fr-CA","@id":"https:\/\/acaweb.ca\/fr\/#\/schema\/logo\/image\/","url":"https:\/\/acaweb.ca\/fr\/wp-content\/uploads\/sites\/3\/2017\/10\/cropped-ACA-FR-logo-colour.png","contentUrl":"https:\/\/acaweb.ca\/fr\/wp-content\/uploads\/sites\/3\/2017\/10\/cropped-ACA-FR-logo-colour.png","width":1595,"height":417,"caption":"Association canadienne des annonceurs"},"image":{"@id":"https:\/\/acaweb.ca\/fr\/#\/schema\/logo\/image\/"}}]}},"_links":{"self":[{"href":"https:\/\/acaweb.ca\/fr\/wp-json\/wp\/v2\/pages\/6188"}],"collection":[{"href":"https:\/\/acaweb.ca\/fr\/wp-json\/wp\/v2\/pages"}],"about":[{"href":"https:\/\/acaweb.ca\/fr\/wp-json\/wp\/v2\/types\/page"}],"author":[{"embeddable":true,"href":"https:\/\/acaweb.ca\/fr\/wp-json\/wp\/v2\/users\/1"}],"replies":[{"embeddable":true,"href":"https:\/\/acaweb.ca\/fr\/wp-json\/wp\/v2\/comments?post=6188"}],"version-history":[{"count":7,"href":"https:\/\/acaweb.ca\/fr\/wp-json\/wp\/v2\/pages\/6188\/revisions"}],"predecessor-version":[{"id":6600,"href":"https:\/\/acaweb.ca\/fr\/wp-json\/wp\/v2\/pages\/6188\/revisions\/6600"}],"up":[{"embeddable":true,"href":"https:\/\/acaweb.ca\/fr\/wp-json\/wp\/v2\/pages\/52"}],"wp:featuredmedia":[{"embeddable":true,"href":"https:\/\/acaweb.ca\/fr\/wp-json\/wp\/v2\/media\/6203"}],"wp:attachment":[{"href":"https:\/\/acaweb.ca\/fr\/wp-json\/wp\/v2\/media?parent=6188"}],"curies":[{"name":"wp","href":"https:\/\/api.w.org\/{rel}","templated":true}]}}