{"id":6180,"date":"2021-08-26T00:07:43","date_gmt":"2021-08-26T04:07:43","guid":{"rendered":"https:\/\/acaweb.ca\/fr\/?page_id=6180"},"modified":"2021-08-27T15:17:00","modified_gmt":"2021-08-27T19:17:00","slug":"face-a-des-defis-sans-precedent-les-partenaires-strategiques-de-laca-repondent-a-lappel","status":"publish","type":"page","link":"https:\/\/acaweb.ca\/fr\/a-propos-de-nous\/ressources-pour-les-medias\/face-a-des-defis-sans-precedent-les-partenaires-strategiques-de-laca-repondent-a-lappel\/","title":{"rendered":"Face \u00e0 des d\u00e9fis sans pr\u00e9c\u00e9dent, les partenaires strat\u00e9giques de l\u2019ACA r\u00e9pondent \u00e0 l\u2019appel"},"content":{"rendered":"<h3>\n<ul>\n<li>Globe Media Group et Environics Analytics continuent d\u2019appuyer l\u2019Association canadienne des annonceurs en apportant un leadership \u00e9clair\u00e9 et en d\u00e9fendant les int\u00e9r\u00eats des annonceurs.<\/li>\n<\/ul>\n<\/h3>\n<p><strong>Le 26 ao\u00fbt 2021. <\/strong>L\u2019Association canadienne des annonceurs (ACA) est fi\u00e8re d\u2019annoncer l\u2019identit\u00e9 de ses partenaires strat\u00e9giques pour 2021-2022. Ces soci\u00e9t\u00e9s n\u2019ont pas h\u00e9sit\u00e9 \u00e0 offrir leur assistance \u00e0 l\u2019ACA en continuant de fournir leurs produits et services \u00e0 distance. <\/p>\n<p>Ainsi, la soci\u00e9t\u00e9 m\u00e9dia Globe Media Group sera de retour pour une quatri\u00e8me ann\u00e9e, tandis que Environics Analytics, la soci\u00e9t\u00e9 sp\u00e9cialis\u00e9e en services marketing, donn\u00e9es et analyses, poursuivra sa collaboration pour une deuxi\u00e8me ann\u00e9e. <\/p>\n<p>L\u2019ann\u00e9e s\u2019est r\u00e9v\u00e9l\u00e9e particuli\u00e8rement exigeante \u00e0 plusieurs \u00e9gards pour les annonceurs qui ont d\u00fb affronter de nouveaux d\u00e9fis ou r\u00e9agir \u00e0 des enjeux aggrav\u00e9s, notamment : trouver l\u2019\u00e9quilibre entre vie priv\u00e9e et personnalisation, communiquer de mani\u00e8re authentique, innover pour rejoindre les consommateurs \u00e0 la maison, les relations virtuelles entre agences et partenaires, l\u2019explosion du commerce \u00e9lectronique, l\u2019\u00e9volution rapide des comportements et des exigences des consommateurs, les commandites, la supr\u00e9matie des domaines priv\u00e9s et les progr\u00e8s effectu\u00e9s en mati\u00e8re de diversit\u00e9, d\u2019\u00e9quit\u00e9 et d\u2019inclusion. <\/p>\n<p>\u00ab\u2009Les annonceurs souhaitent \u00eatre mieux outill\u00e9s et disposer de nouvelles ressources pour les aider \u00e0 relever ces nouveaux d\u00e9fis et plus encore. Nous avons cherch\u00e9 des organisations dont les valeurs correspondent \u00e0 celles de l\u2019ACA et qui servent depuis longtemps le march\u00e9 m\u00e9diatique en fournissant conseils, r\u00e9flexions et mesures d\u2019intendance\u2009\u00bb, affirme Ron Lund, pr\u00e9sident et chef de la direction de l\u2019ACA.<\/p>\n<p>Ces deux partenaires si\u00e8gent au Comit\u00e9 consultatif sur la technologie de l\u2019ACA et, \u00e0 ce titre, tiennent nos employ\u00e9s inform\u00e9s des d\u00e9veloppements de l\u2019industrie et des capacit\u00e9s technologiques. Compte tenu de leur expertise en d\u00e9veloppement technologique, ils collaborent \u00e9galement \u00e0 la r\u00e9daction de lignes directrices pour les annonceurs et se r\u00e9v\u00e8lent souvent la ressource \u00ab\u2009privil\u00e9gi\u00e9e\u2009\u00bb pour obtenir des r\u00e9ponses rapides et valider nos guides. <\/p>\n<p>\u00ab\u2009L\u2019ACA est une importante ressource pour les annonceurs et c\u2019est avec plaisir que nous poursuivons notre partenariat avec elle\u2009\u00bb, confirme Andrew Saunders, chef des revenus, Globe Media Group. \u00ab\u2009\u00c9tant la soci\u00e9t\u00e9 m\u00e9dia la plus digne de confiance au pays, nous sommes \u00e0 m\u00eame de fournir un leadership \u00e9clair\u00e9 portant pr\u00e9cis\u00e9ment sur le march\u00e9 canadien. <\/p>\n<p>Notre exp\u00e9rience de longue date dans la livraison de donn\u00e9es et d\u2019analyses de qualit\u00e9 aux annonceurs canadiens s\u2019av\u00e8re sans pr\u00e9c\u00e9dent et c\u2019est avec une grande fiert\u00e9 qu\u2019Environics continuera \u00e0 relever de nouveaux d\u00e9fis avec l\u2019ACA\u2009\u00bb, confirme Jan Kestle, pr\u00e9sidente, Environics Analytics.<\/p>\n<p>\u00ab\u2009Alors qu\u2019Environics Analytics continue de produire des donn\u00e9es et analyses pertinentes en temps opportun, lesquelles s\u2019appuient d\u00e9sormais sur de nouvelles sources de donn\u00e9es r\u00e9cemment ajout\u00e9es, notre partenariat avec l\u2019ACA renforce notre position dans le march\u00e9 \u00e0 titre de fournisseur principal de donn\u00e9es aidant les marques \u00e0 entrer en contact avec les Canadiens\u2009\u00bb, atteste Jan Kestle, pr\u00e9sidente, Environics Analytics.<\/p>\n<p>Pour plus d\u2019information sur les partenariats strat\u00e9giques de l\u2019ACA, veuillez contacter Davina Wong, directrice, Services aux membres \u00e0 <a href=\"mailto:dwong@acaweb.ca\">dwong@acaweb.ca<\/a>.<\/p>\n","protected":false},"excerpt":{"rendered":"<p>Globe Media Group et Environics Analytics continuent d\u2019appuyer l\u2019Association canadienne des annonceurs en apportant un leadership \u00e9clair\u00e9 et en d\u00e9fendant les int\u00e9r\u00eats des annonceurs.<\/p>\n","protected":false},"author":1,"featured_media":6194,"parent":52,"menu_order":237,"comment_status":"closed","ping_status":"closed","template":"","meta":{"_acf_changed":false,"content-type":"","footnotes":""},"acf":[],"yoast_head":"<!-- This site is optimized with the Yoast SEO plugin v23.4 - https:\/\/yoast.com\/wordpress\/plugins\/seo\/ -->\n<title>Association canadienne des annonceurs<\/title>\n<meta name=\"robots\" content=\"index, follow, max-snippet:-1, max-image-preview:large, max-video-preview:-1\" \/>\n<meta property=\"og:locale\" content=\"fr_CA\" \/>\n<meta property=\"og:type\" content=\"article\" \/>\n<meta property=\"og:site_name\" content=\"Association canadienne des annonceurs\" \/>\n<meta name=\"twitter:card\" content=\"summary_large_image\" \/>\n<script type=\"application\/ld+json\" class=\"yoast-schema-graph\">{\"@context\":\"https:\/\/schema.org\",\"@graph\":[{\"@type\":\"CollectionPage\",\"@id\":null,\"url\":\"\",\"name\":\"\",\"isPartOf\":{\"@id\":\"https:\/\/acaweb.ca\/fr\/#website\"},\"inLanguage\":\"fr-CA\"},{\"@type\":\"WebSite\",\"@id\":\"https:\/\/acaweb.ca\/fr\/#website\",\"url\":\"https:\/\/acaweb.ca\/fr\/\",\"name\":\"Association canadienne des annonceurs\",\"description\":\"\",\"publisher\":{\"@id\":\"https:\/\/acaweb.ca\/fr\/#organization\"},\"potentialAction\":[{\"@type\":\"SearchAction\",\"target\":{\"@type\":\"EntryPoint\",\"urlTemplate\":\"https:\/\/acaweb.ca\/fr\/?s={search_term_string}\"},\"query-input\":{\"@type\":\"PropertyValueSpecification\",\"valueRequired\":true,\"valueName\":\"search_term_string\"}}],\"inLanguage\":\"fr-CA\"},{\"@type\":\"Organization\",\"@id\":\"https:\/\/acaweb.ca\/fr\/#organization\",\"name\":\"Association canadienne des annonceurs\",\"url\":\"https:\/\/acaweb.ca\/fr\/\",\"logo\":{\"@type\":\"ImageObject\",\"inLanguage\":\"fr-CA\",\"@id\":\"https:\/\/acaweb.ca\/fr\/#\/schema\/logo\/image\/\",\"url\":\"https:\/\/acaweb.ca\/fr\/wp-content\/uploads\/sites\/3\/2017\/10\/cropped-ACA-FR-logo-colour.png\",\"contentUrl\":\"https:\/\/acaweb.ca\/fr\/wp-content\/uploads\/sites\/3\/2017\/10\/cropped-ACA-FR-logo-colour.png\",\"width\":1595,\"height\":417,\"caption\":\"Association canadienne des annonceurs\"},\"image\":{\"@id\":\"https:\/\/acaweb.ca\/fr\/#\/schema\/logo\/image\/\"}}]}<\/script>\n<!-- \/ Yoast SEO plugin. -->","yoast_head_json":{"title":"Association canadienne des annonceurs","robots":{"index":"index","follow":"follow","max-snippet":"max-snippet:-1","max-image-preview":"max-image-preview:large","max-video-preview":"max-video-preview:-1"},"og_locale":"fr_CA","og_type":"article","og_site_name":"Association canadienne des annonceurs","twitter_card":"summary_large_image","schema":{"@context":"https:\/\/schema.org","@graph":[{"@type":"CollectionPage","@id":null,"url":"","name":"","isPartOf":{"@id":"https:\/\/acaweb.ca\/fr\/#website"},"inLanguage":"fr-CA"},{"@type":"WebSite","@id":"https:\/\/acaweb.ca\/fr\/#website","url":"https:\/\/acaweb.ca\/fr\/","name":"Association canadienne des annonceurs","description":"","publisher":{"@id":"https:\/\/acaweb.ca\/fr\/#organization"},"potentialAction":[{"@type":"SearchAction","target":{"@type":"EntryPoint","urlTemplate":"https:\/\/acaweb.ca\/fr\/?s={search_term_string}"},"query-input":{"@type":"PropertyValueSpecification","valueRequired":true,"valueName":"search_term_string"}}],"inLanguage":"fr-CA"},{"@type":"Organization","@id":"https:\/\/acaweb.ca\/fr\/#organization","name":"Association canadienne des annonceurs","url":"https:\/\/acaweb.ca\/fr\/","logo":{"@type":"ImageObject","inLanguage":"fr-CA","@id":"https:\/\/acaweb.ca\/fr\/#\/schema\/logo\/image\/","url":"https:\/\/acaweb.ca\/fr\/wp-content\/uploads\/sites\/3\/2017\/10\/cropped-ACA-FR-logo-colour.png","contentUrl":"https:\/\/acaweb.ca\/fr\/wp-content\/uploads\/sites\/3\/2017\/10\/cropped-ACA-FR-logo-colour.png","width":1595,"height":417,"caption":"Association canadienne des annonceurs"},"image":{"@id":"https:\/\/acaweb.ca\/fr\/#\/schema\/logo\/image\/"}}]}},"_links":{"self":[{"href":"https:\/\/acaweb.ca\/fr\/wp-json\/wp\/v2\/pages\/6180"}],"collection":[{"href":"https:\/\/acaweb.ca\/fr\/wp-json\/wp\/v2\/pages"}],"about":[{"href":"https:\/\/acaweb.ca\/fr\/wp-json\/wp\/v2\/types\/page"}],"author":[{"embeddable":true,"href":"https:\/\/acaweb.ca\/fr\/wp-json\/wp\/v2\/users\/1"}],"replies":[{"embeddable":true,"href":"https:\/\/acaweb.ca\/fr\/wp-json\/wp\/v2\/comments?post=6180"}],"version-history":[{"count":3,"href":"https:\/\/acaweb.ca\/fr\/wp-json\/wp\/v2\/pages\/6180\/revisions"}],"predecessor-version":[{"id":6191,"href":"https:\/\/acaweb.ca\/fr\/wp-json\/wp\/v2\/pages\/6180\/revisions\/6191"}],"up":[{"embeddable":true,"href":"https:\/\/acaweb.ca\/fr\/wp-json\/wp\/v2\/pages\/52"}],"wp:featuredmedia":[{"embeddable":true,"href":"https:\/\/acaweb.ca\/fr\/wp-json\/wp\/v2\/media\/6194"}],"wp:attachment":[{"href":"https:\/\/acaweb.ca\/fr\/wp-json\/wp\/v2\/media?parent=6180"}],"curies":[{"name":"wp","href":"https:\/\/api.w.org\/{rel}","templated":true}]}}