{"id":61,"date":"2017-10-09T10:10:25","date_gmt":"2017-10-09T14:10:25","guid":{"rendered":"http:\/\/www.acaweb.ca\/fr\/?page_id=61"},"modified":"2017-10-09T10:10:25","modified_gmt":"2017-10-09T14:10:25","slug":"six-nouveau-membres-accedent-au-conseil-de-laca","status":"publish","type":"page","link":"https:\/\/acaweb.ca\/fr\/a-propos-de-nous\/ressources-pour-les-medias\/six-nouveau-membres-accedent-au-conseil-de-laca\/","title":{"rendered":"Six nouveau membres acc\u00e8dent au conseil de l\u2019ACA"},"content":{"rendered":"<div class=\"content\">\n<ul>\n<li>Des leaders marketing venant de Boston Pizza, CIBC, Nestl\u00e9, TELUS, Toyota et Unilever<\/li>\n<li>Les nouveaux membres du conseil d\u2019administration de l\u2019ACA sont \u00e9lus pour deux ans<\/li>\n<\/ul>\n<p><strong>Toronto, 5 octobre 2016 :<\/strong> L\u2019Association canadienne des annonceurs (ACA) accueille six nouveaux membres dans son conseil d\u2019administration 2016-2018. Il s\u2019agit des cadres marketing suivants :<\/p>\n<ul>\n<li>Daniel Alter, directeur marketing principal, Unilever<\/li>\n<li>Tracey Cooke, v.-p. Excellence en communication et marketing, Nestl\u00e9 Canada<\/li>\n<li>Jennifer Davidson, v.-p. communications marketing, CIBC<\/li>\n<li>Jamie Humphries, directeur du marketing, Toyota Canada<\/li>\n<li>Simone Lumsden, v.-p. marketing et relations avec la client\u00e8le, TELUS<\/li>\n<li>Steve Silverstone, v.p.e. marketing, Boston Pizza<\/li>\n<\/ul>\n<p>Ceux-ci se joignent donc aux administrateurs suivants dont le mandat a \u00e9t\u00e9 prolong\u00e9 :<\/p>\n<ul>\n<li>Patrick Dickinson, <strong>pr\u00e9sident<\/strong>, v.-p. principal, marketing institutionnel et strat\u00e9gie de marque, Compagnie de la Baie d\u2019Hudson<\/li>\n<li>Doug Milne, <strong>tr\u00e9sorier et vice-pr\u00e9sident<\/strong>, v.-p. marketing, succursales et m\u00e9dias communautaires, Groupe bancaire TD<\/li>\n<li>St\u00e9phane B\u00e9rub\u00e9, chef des services marketing, L\u2019Or\u00e9al Canada<\/li>\n<li>Moya Brown, v.-p. marketing, Compagnie Campbell du Canada<\/li>\n<li>D\u2019Arcy Finley, v.-p. marketing, Aliments Maple Leaf Inc.<\/li>\n<li>Kathryn Matheson, v.-p. marketing de la marque, Aliments PepsiCo Canada<\/li>\n<li>Kyle Norrington, v.-p. marketing, Canada, Brasseries Labatt du Canada<\/li>\n<li>Ronald S. Lund, pr\u00e9sident et chef de la direction, Association canadienne des annonceurs<\/li>\n<\/ul>\n<p>\u00ab L\u2019ACA peut \u00eatre fi\u00e8re de rassembler des sp\u00e9cialistes en marketing travaillant exclusivement dans les meilleurs int\u00e9r\u00eats des annonceurs \u00bb affirme Ron Lund, pr\u00e9sident et chef de la direction de l\u2019ACA. \u00ab Nous sommes tr\u00e8s heureux de souhaiter la bienvenue aux nouveaux membres de notre conseil d\u2019administration. En tant que leaders d\u2019opinion, ils auront l\u2019occasion d\u2019influencer l\u2019ensemble de l\u2019industrie. \u00bb<\/p>\n<\/div>\n","protected":false},"excerpt":{"rendered":"<p>Des leaders marketing venant de Boston Pizza, CIBC, Nestl\u00e9, TELUS, Toyota et Unilever Les nouveaux membres du conseil d\u2019administration de l\u2019ACA sont \u00e9lus pour deux ans Toronto, 5 octobre 2016 : L\u2019Association canadienne des annonceurs (ACA) accueille six nouveaux membres dans son conseil d\u2019administration 2016-2018. Il s\u2019agit des cadres marketing suivants : Daniel Alter, directeur [&hellip;]<\/p>\n","protected":false},"author":1,"featured_media":0,"parent":52,"menu_order":0,"comment_status":"closed","ping_status":"closed","template":"","meta":{"_acf_changed":false,"content-type":"","footnotes":""},"acf":[],"yoast_head":"<!-- This site is optimized with the Yoast SEO plugin v23.4 - https:\/\/yoast.com\/wordpress\/plugins\/seo\/ -->\n<title>forum ex\u00e9cutif Archives - Association canadienne des annonceurs<\/title>\n<meta name=\"robots\" content=\"index, follow, max-snippet:-1, max-image-preview:large, max-video-preview:-1\" \/>\n<link rel=\"canonical\" href=\"https:\/\/acaweb.ca\/fr\/tag\/forum-executif\/\" \/>\n<meta property=\"og:locale\" content=\"fr_CA\" \/>\n<meta property=\"og:type\" content=\"article\" \/>\n<meta property=\"og:title\" content=\"forum ex\u00e9cutif Archives - Association canadienne des annonceurs\" \/>\n<meta property=\"og:url\" content=\"https:\/\/acaweb.ca\/fr\/tag\/forum-executif\/\" \/>\n<meta property=\"og:site_name\" content=\"Association canadienne des annonceurs\" \/>\n<meta name=\"twitter:card\" content=\"summary_large_image\" \/>\n<script type=\"application\/ld+json\" class=\"yoast-schema-graph\">{\"@context\":\"https:\/\/schema.org\",\"@graph\":[{\"@type\":\"CollectionPage\",\"@id\":\"https:\/\/acaweb.ca\/fr\/tag\/forum-executif\/\",\"url\":\"https:\/\/acaweb.ca\/fr\/tag\/forum-executif\/\",\"name\":\"forum ex\u00e9cutif Archives - Association canadienne des annonceurs\",\"isPartOf\":{\"@id\":\"https:\/\/acaweb.ca\/fr\/#website\"},\"breadcrumb\":{\"@id\":\"https:\/\/acaweb.ca\/fr\/tag\/forum-executif\/#breadcrumb\"},\"inLanguage\":\"fr-CA\"},{\"@type\":\"BreadcrumbList\",\"@id\":\"https:\/\/acaweb.ca\/fr\/tag\/forum-executif\/#breadcrumb\",\"itemListElement\":[{\"@type\":\"ListItem\",\"position\":1,\"name\":\"Accueil\",\"item\":\"https:\/\/acaweb.ca\/fr\/\"},{\"@type\":\"ListItem\",\"position\":2,\"name\":\"forum ex\u00e9cutif\"}]},{\"@type\":\"WebSite\",\"@id\":\"https:\/\/acaweb.ca\/fr\/#website\",\"url\":\"https:\/\/acaweb.ca\/fr\/\",\"name\":\"Association canadienne des annonceurs\",\"description\":\"\",\"publisher\":{\"@id\":\"https:\/\/acaweb.ca\/fr\/#organization\"},\"potentialAction\":[{\"@type\":\"SearchAction\",\"target\":{\"@type\":\"EntryPoint\",\"urlTemplate\":\"https:\/\/acaweb.ca\/fr\/?s={search_term_string}\"},\"query-input\":{\"@type\":\"PropertyValueSpecification\",\"valueRequired\":true,\"valueName\":\"search_term_string\"}}],\"inLanguage\":\"fr-CA\"},{\"@type\":\"Organization\",\"@id\":\"https:\/\/acaweb.ca\/fr\/#organization\",\"name\":\"Association canadienne des annonceurs\",\"url\":\"https:\/\/acaweb.ca\/fr\/\",\"logo\":{\"@type\":\"ImageObject\",\"inLanguage\":\"fr-CA\",\"@id\":\"https:\/\/acaweb.ca\/fr\/#\/schema\/logo\/image\/\",\"url\":\"https:\/\/acaweb.ca\/fr\/wp-content\/uploads\/sites\/3\/2017\/10\/cropped-ACA-FR-logo-colour.png\",\"contentUrl\":\"https:\/\/acaweb.ca\/fr\/wp-content\/uploads\/sites\/3\/2017\/10\/cropped-ACA-FR-logo-colour.png\",\"width\":1595,\"height\":417,\"caption\":\"Association canadienne des annonceurs\"},\"image\":{\"@id\":\"https:\/\/acaweb.ca\/fr\/#\/schema\/logo\/image\/\"}}]}<\/script>\n<!-- \/ Yoast SEO plugin. -->","yoast_head_json":{"title":"forum ex\u00e9cutif Archives - Association canadienne des annonceurs","robots":{"index":"index","follow":"follow","max-snippet":"max-snippet:-1","max-image-preview":"max-image-preview:large","max-video-preview":"max-video-preview:-1"},"canonical":"https:\/\/acaweb.ca\/fr\/tag\/forum-executif\/","og_locale":"fr_CA","og_type":"article","og_title":"forum ex\u00e9cutif Archives - Association canadienne des annonceurs","og_url":"https:\/\/acaweb.ca\/fr\/tag\/forum-executif\/","og_site_name":"Association canadienne des annonceurs","twitter_card":"summary_large_image","schema":{"@context":"https:\/\/schema.org","@graph":[{"@type":"CollectionPage","@id":"https:\/\/acaweb.ca\/fr\/tag\/forum-executif\/","url":"https:\/\/acaweb.ca\/fr\/tag\/forum-executif\/","name":"forum ex\u00e9cutif Archives - Association canadienne des annonceurs","isPartOf":{"@id":"https:\/\/acaweb.ca\/fr\/#website"},"breadcrumb":{"@id":"https:\/\/acaweb.ca\/fr\/tag\/forum-executif\/#breadcrumb"},"inLanguage":"fr-CA"},{"@type":"BreadcrumbList","@id":"https:\/\/acaweb.ca\/fr\/tag\/forum-executif\/#breadcrumb","itemListElement":[{"@type":"ListItem","position":1,"name":"Accueil","item":"https:\/\/acaweb.ca\/fr\/"},{"@type":"ListItem","position":2,"name":"forum ex\u00e9cutif"}]},{"@type":"WebSite","@id":"https:\/\/acaweb.ca\/fr\/#website","url":"https:\/\/acaweb.ca\/fr\/","name":"Association canadienne des annonceurs","description":"","publisher":{"@id":"https:\/\/acaweb.ca\/fr\/#organization"},"potentialAction":[{"@type":"SearchAction","target":{"@type":"EntryPoint","urlTemplate":"https:\/\/acaweb.ca\/fr\/?s={search_term_string}"},"query-input":{"@type":"PropertyValueSpecification","valueRequired":true,"valueName":"search_term_string"}}],"inLanguage":"fr-CA"},{"@type":"Organization","@id":"https:\/\/acaweb.ca\/fr\/#organization","name":"Association canadienne des annonceurs","url":"https:\/\/acaweb.ca\/fr\/","logo":{"@type":"ImageObject","inLanguage":"fr-CA","@id":"https:\/\/acaweb.ca\/fr\/#\/schema\/logo\/image\/","url":"https:\/\/acaweb.ca\/fr\/wp-content\/uploads\/sites\/3\/2017\/10\/cropped-ACA-FR-logo-colour.png","contentUrl":"https:\/\/acaweb.ca\/fr\/wp-content\/uploads\/sites\/3\/2017\/10\/cropped-ACA-FR-logo-colour.png","width":1595,"height":417,"caption":"Association canadienne des annonceurs"},"image":{"@id":"https:\/\/acaweb.ca\/fr\/#\/schema\/logo\/image\/"}}]}},"_links":{"self":[{"href":"https:\/\/acaweb.ca\/fr\/wp-json\/wp\/v2\/pages\/61"}],"collection":[{"href":"https:\/\/acaweb.ca\/fr\/wp-json\/wp\/v2\/pages"}],"about":[{"href":"https:\/\/acaweb.ca\/fr\/wp-json\/wp\/v2\/types\/page"}],"author":[{"embeddable":true,"href":"https:\/\/acaweb.ca\/fr\/wp-json\/wp\/v2\/users\/1"}],"replies":[{"embeddable":true,"href":"https:\/\/acaweb.ca\/fr\/wp-json\/wp\/v2\/comments?post=61"}],"version-history":[{"count":0,"href":"https:\/\/acaweb.ca\/fr\/wp-json\/wp\/v2\/pages\/61\/revisions"}],"up":[{"embeddable":true,"href":"https:\/\/acaweb.ca\/fr\/wp-json\/wp\/v2\/pages\/52"}],"wp:attachment":[{"href":"https:\/\/acaweb.ca\/fr\/wp-json\/wp\/v2\/media?parent=61"}],"curies":[{"name":"wp","href":"https:\/\/api.w.org\/{rel}","templated":true}]}}