{"id":6069,"date":"2021-07-20T15:33:41","date_gmt":"2021-07-20T19:33:41","guid":{"rendered":"https:\/\/acaweb.ca\/fr\/?page_id=6069"},"modified":"2021-07-20T15:33:41","modified_gmt":"2021-07-20T19:33:41","slug":"a-compter-du-21-juin-prochain-le-canada-participera-a-un-sondage-mondial-de-lindustrie-portant-sur-la-diversite-lequite-et-linclusion-dei","status":"publish","type":"page","link":"https:\/\/acaweb.ca\/fr\/a-propos-de-nous\/ressources-pour-les-medias\/a-compter-du-21-juin-prochain-le-canada-participera-a-un-sondage-mondial-de-lindustrie-portant-sur-la-diversite-lequite-et-linclusion-dei\/","title":{"rendered":"\u00c0 compter du 21 juin prochain, le Canada participera \u00e0 un sondage mondial de l\u2019industrie portant sur la diversit\u00e9, l\u2019\u00e9quit\u00e9 et l\u2019inclusion (DEI)"},"content":{"rendered":"<h3>\n<ul>\n<li>L\u2019ACA dirigera l\u2019initiative au Canada en partenariat avec l\u2019Association des agences de communication cr\u00e9ative (A2C), le Bureau de la publicit\u00e9 interactive du Canada (IAB Canada), le CMDC (Canadian Media Directors Council), le Grenier aux nouvelles, l\u2019ICA (Institute of Communication Agencies), les Normes de la publicit\u00e9 et <em>Strategy<\/em>.<\/li>\n<li>Ce tout premier sondage mondial a pour objectif de fournir un point de r\u00e9f\u00e9rence sur les progr\u00e8s en mati\u00e8re de DEI.<\/li>\n<\/ul>\n<\/h3>\n<p><strong>14 juin 2021 :<\/strong> Le coup d\u2019envoi du tout premier sondage mondial portant sur la diversit\u00e9, l\u2019\u00e9quit\u00e9 et l\u2019inclusion (DEI) dans l\u2019industrie du marketing et de la publicit\u00e9 est pr\u00e9vu pour le 21 juin. L\u2019Association canadienne des annonceurs dirigera l\u2019initiative au Canada sous la supervision mondiale de la WFA (World Federation of Advertisers). <\/p>\n<p>Le sondage examinera la composition de la main-d\u2019\u0153uvre de l\u2019industrie, la perception des gens par rapport \u00e0 la diversit\u00e9 et l\u2019inclusion en milieu de travail, le sentiment d\u2019appartenance des travailleurs et leur point de vue \u00e0 l\u2019\u00e9gard des avanc\u00e9es r\u00e9alis\u00e9es.<\/p>\n<p>\u00ab Bien que les initiatives portant sur la diversit\u00e9, l\u2019\u00e9quit\u00e9 et l\u2019inclusion soient d\u00e9j\u00e0 en cours au Canada avec des projets comme la comp\u00e9tition IDEA pour l\u2019inclusion, la diversit\u00e9 et l&rsquo;\u00e9quit\u00e9 en publicit\u00e9, ce sondage mondial permettra \u00e0 la fois d\u2019\u00e9tablir de nouvelles normes de r\u00e9f\u00e9rence pour l\u2019industrie canadienne en mati\u00e8re de DEI et de mesurer nos efforts par rapport \u00e0 ceux d\u2019autres march\u00e9s, explique le pr\u00e9sident et chef de la direction de l\u2019ACA, Ron Lund. Essentiellement, de ce sondage d\u00e9couleront des renseignements qui fa\u00e7onneront les futurs plans de l\u2019industrie en mati\u00e8re de DEI. Qui plus est, ce sondage nous obligera, en tant qu\u2019industrie, \u00e0 rendre des comptes tant sur une base nationale que sur une base mondiale. \u00bb <\/p>\n<p>L\u2019ACA sera accompagn\u00e9e par plusieurs partenaires pour promouvoir le sondage et encourager la participation \u00e0 grande \u00e9chelle, notamment l\u2019Association des agences de communication cr\u00e9ative (A2C), le Bureau de la publicit\u00e9 interactive du Canada (IAB Canada), le CMDC (Canadian Media Directors Council), le Grenier aux nouvelles, l\u2019ICA (Institute of Communication Agencies), les Normes de la publicit\u00e9 et <em>strategy<\/em>. L\u2019ambition, tant sur le plan mondial que sur le plan local, est de constituer l\u2019\u00e9chantillon le plus vaste et le plus repr\u00e9sentatif possible. <\/p>\n<p>\u00ab L\u2019A2C et ses agences membres travaillent activement pour assurer une diversit\u00e9, \u00e9quit\u00e9 et inclusion \u00e0 travers diff\u00e9rentes initiatives.  C\u2019est pourquoi nous sommes heureux de combiner nos efforts avec diff\u00e9rentes associations canadiennes dont les clients afin d\u2019avoir un impact encore plus grand, tous ensemble,&nbsp;\u00bb ajoute Dominique Villeneuve, pr\u00e9sidente-directrice g\u00e9n\u00e9rale de l\u2019A2C.<\/p>\n<p>Sur le plan mondial, 22 associations nationales d\u2019annonceurs ainsi que leurs agences partenaires ont confirm\u00e9 leur participation au sondage. En plus du Canada, les pays et territoires pr\u00eats \u00e0 participer sont : Belgique, Br\u00e9sil, Colombie, France, Gr\u00e8ce, Conseil de coop\u00e9ration du Golfe (Bahre\u00efn, Kowe\u00eft, Oman, Qatar, Arabie saoudite et les EAU), Hong Kong, Chine, Inde, Irlande, Japon, Malaisie, Pays-Bas, Nouvelle-Z\u00e9lande, Pakistan, Portugal, Singapour, Afrique du Sud, Espagne, Su\u00e8de, Turquie et \u00c9.-U.<\/p>\n<p>\u00ab C\u2019est un moment historique pour notre industrie, pr\u00e9cise Stephan Loerke, directeur g\u00e9n\u00e9ral de la WFA. Malgr\u00e9 tous les discours du \u00ab\u00a0nous faisons face \u00e0 la situation ensemble\u00a0\u00bb, la pand\u00e9mie a d\u00e9montr\u00e9 qu\u2019il s\u2019agit d\u2019une utopie. Les in\u00e9galit\u00e9s ont \u00e9t\u00e9 exacerb\u00e9es par les r\u00e9centes \u00e9preuves. Des \u00e9l\u00e9ments semblent indiquer que l\u2019industrie tend \u00e0 reculer sur les enjeux de diversit\u00e9 et d\u2019inclusion. Il est urgent que nous \u00e9tablissions, pour une premi\u00e8re fois, un point de d\u00e9part \u00e0 partir duquel nous pourrions, ensemble, aller de l\u2019avant en vue d\u2019am\u00e9liorer l\u2019\u00e9tat de la diversit\u00e9, de l\u2019\u00e9quit\u00e9 et de l\u2019inclusion au sein de notre industrie.&nbsp;\u00bb<\/p>\n<p>Le questionnaire sera en ligne entre le 21 juin et le 2 juillet. Les r\u00e9sultats seront collig\u00e9s et analys\u00e9s par Kantar et les principales conclusions seront publi\u00e9es par le r\u00e9seau mondial d\u2019\u00e9ditions du magazine Campaign plus tard dans l\u2019ann\u00e9e en plus d\u2019\u00eatre pr\u00e9sent\u00e9es lors d\u2019\u00e9v\u00e9nements majeurs de l\u2019industrie en octobre 2021. Les conclusions sp\u00e9cifiques au Canada seront publi\u00e9es par <em>strategy<\/em>.<\/p>\n<p>L\u2019objectif de l\u2019initiative consiste \u00e0 \u00e9tablir un point de d\u00e9part tangible pour l\u2019industrie mondiale, lequel aidera \u00e0 fa\u00e7onner un plan d\u2019action aux fins d\u2019am\u00e9lioration. La WFA compte recruter ses partenaires de nouveau dans environ 18 mois afin de mesurer les progr\u00e8s par le biais d\u2019un deuxi\u00e8me sondage. <\/p>\n<p>Dans le m\u00eame ordre d\u2019id\u00e9e, l\u2019ACA a form\u00e9 un <a href=\"https:\/\/acaweb.ca\/fr\/leadership\/comites\/\">comit\u00e9 sur la diversit\u00e9, l\u2019\u00e9quit\u00e9 et l\u2019inclusion<\/a> l\u2019ann\u00e9e derni\u00e8re. Les membres du comit\u00e9 travaillent sur les projets ici au Canada afin de fournir \u00e0 la communaut\u00e9 marketing des outils tangibles pour faire avancer les choses en mati\u00e8re de diversit\u00e9, d\u2019\u00e9quit\u00e9 et d\u2019inclusion au Canada et cultiver les connaissances sur le sujet. <\/p>\n<p>Les r\u00e9sultats du sondage serviront de fondement non seulement au prochain plan d\u2019action qui sera con\u00e7u et dirig\u00e9 par le groupe de travail sur la diversit\u00e9 et l\u2019inclusion de la WFA, mais aussi aux initiatives du comit\u00e9 sur la diversit\u00e9, l\u2019\u00e9quit\u00e9 et l\u2019inclusion de l\u2019ACA.<\/p>\n","protected":false},"excerpt":{"rendered":"<p>Le coup d\u2019envoi du tout premier sondage mondial portant sur la diversit\u00e9, l\u2019\u00e9quit\u00e9 et l\u2019inclusion (DEI) dans l\u2019industrie du marketing et de la publicit\u00e9 est pr\u00e9vu pour le 21 juin. L\u2019Association canadienne des annonceurs dirigera l\u2019initiative au Canada sous la supervision mondiale de la WFA (World Federation of Advertisers). <\/p>\n","protected":false},"author":1,"featured_media":0,"parent":52,"menu_order":0,"comment_status":"closed","ping_status":"closed","template":"","meta":{"_acf_changed":false,"content-type":"","footnotes":""},"acf":[],"yoast_head":"<!-- This site is optimized with the Yoast SEO plugin v23.4 - https:\/\/yoast.com\/wordpress\/plugins\/seo\/ -->\n<title>Association canadienne des annonceurs<\/title>\n<meta name=\"robots\" content=\"index, follow, max-snippet:-1, max-image-preview:large, max-video-preview:-1\" \/>\n<meta property=\"og:locale\" content=\"fr_CA\" \/>\n<meta property=\"og:type\" content=\"article\" \/>\n<meta property=\"og:site_name\" content=\"Association canadienne des annonceurs\" \/>\n<meta name=\"twitter:card\" content=\"summary_large_image\" \/>\n<script type=\"application\/ld+json\" class=\"yoast-schema-graph\">{\"@context\":\"https:\/\/schema.org\",\"@graph\":[{\"@type\":\"CollectionPage\",\"@id\":null,\"url\":\"\",\"name\":\"\",\"isPartOf\":{\"@id\":\"https:\/\/acaweb.ca\/fr\/#website\"},\"inLanguage\":\"fr-CA\"},{\"@type\":\"WebSite\",\"@id\":\"https:\/\/acaweb.ca\/fr\/#website\",\"url\":\"https:\/\/acaweb.ca\/fr\/\",\"name\":\"Association canadienne des annonceurs\",\"description\":\"\",\"publisher\":{\"@id\":\"https:\/\/acaweb.ca\/fr\/#organization\"},\"potentialAction\":[{\"@type\":\"SearchAction\",\"target\":{\"@type\":\"EntryPoint\",\"urlTemplate\":\"https:\/\/acaweb.ca\/fr\/?s={search_term_string}\"},\"query-input\":{\"@type\":\"PropertyValueSpecification\",\"valueRequired\":true,\"valueName\":\"search_term_string\"}}],\"inLanguage\":\"fr-CA\"},{\"@type\":\"Organization\",\"@id\":\"https:\/\/acaweb.ca\/fr\/#organization\",\"name\":\"Association canadienne des annonceurs\",\"url\":\"https:\/\/acaweb.ca\/fr\/\",\"logo\":{\"@type\":\"ImageObject\",\"inLanguage\":\"fr-CA\",\"@id\":\"https:\/\/acaweb.ca\/fr\/#\/schema\/logo\/image\/\",\"url\":\"https:\/\/acaweb.ca\/fr\/wp-content\/uploads\/sites\/3\/2017\/10\/cropped-ACA-FR-logo-colour.png\",\"contentUrl\":\"https:\/\/acaweb.ca\/fr\/wp-content\/uploads\/sites\/3\/2017\/10\/cropped-ACA-FR-logo-colour.png\",\"width\":1595,\"height\":417,\"caption\":\"Association canadienne des annonceurs\"},\"image\":{\"@id\":\"https:\/\/acaweb.ca\/fr\/#\/schema\/logo\/image\/\"}}]}<\/script>\n<!-- \/ Yoast SEO plugin. -->","yoast_head_json":{"title":"Association canadienne des annonceurs","robots":{"index":"index","follow":"follow","max-snippet":"max-snippet:-1","max-image-preview":"max-image-preview:large","max-video-preview":"max-video-preview:-1"},"og_locale":"fr_CA","og_type":"article","og_site_name":"Association canadienne des annonceurs","twitter_card":"summary_large_image","schema":{"@context":"https:\/\/schema.org","@graph":[{"@type":"CollectionPage","@id":null,"url":"","name":"","isPartOf":{"@id":"https:\/\/acaweb.ca\/fr\/#website"},"inLanguage":"fr-CA"},{"@type":"WebSite","@id":"https:\/\/acaweb.ca\/fr\/#website","url":"https:\/\/acaweb.ca\/fr\/","name":"Association canadienne des annonceurs","description":"","publisher":{"@id":"https:\/\/acaweb.ca\/fr\/#organization"},"potentialAction":[{"@type":"SearchAction","target":{"@type":"EntryPoint","urlTemplate":"https:\/\/acaweb.ca\/fr\/?s={search_term_string}"},"query-input":{"@type":"PropertyValueSpecification","valueRequired":true,"valueName":"search_term_string"}}],"inLanguage":"fr-CA"},{"@type":"Organization","@id":"https:\/\/acaweb.ca\/fr\/#organization","name":"Association canadienne des annonceurs","url":"https:\/\/acaweb.ca\/fr\/","logo":{"@type":"ImageObject","inLanguage":"fr-CA","@id":"https:\/\/acaweb.ca\/fr\/#\/schema\/logo\/image\/","url":"https:\/\/acaweb.ca\/fr\/wp-content\/uploads\/sites\/3\/2017\/10\/cropped-ACA-FR-logo-colour.png","contentUrl":"https:\/\/acaweb.ca\/fr\/wp-content\/uploads\/sites\/3\/2017\/10\/cropped-ACA-FR-logo-colour.png","width":1595,"height":417,"caption":"Association canadienne des annonceurs"},"image":{"@id":"https:\/\/acaweb.ca\/fr\/#\/schema\/logo\/image\/"}}]}},"_links":{"self":[{"href":"https:\/\/acaweb.ca\/fr\/wp-json\/wp\/v2\/pages\/6069"}],"collection":[{"href":"https:\/\/acaweb.ca\/fr\/wp-json\/wp\/v2\/pages"}],"about":[{"href":"https:\/\/acaweb.ca\/fr\/wp-json\/wp\/v2\/types\/page"}],"author":[{"embeddable":true,"href":"https:\/\/acaweb.ca\/fr\/wp-json\/wp\/v2\/users\/1"}],"replies":[{"embeddable":true,"href":"https:\/\/acaweb.ca\/fr\/wp-json\/wp\/v2\/comments?post=6069"}],"version-history":[{"count":1,"href":"https:\/\/acaweb.ca\/fr\/wp-json\/wp\/v2\/pages\/6069\/revisions"}],"predecessor-version":[{"id":6070,"href":"https:\/\/acaweb.ca\/fr\/wp-json\/wp\/v2\/pages\/6069\/revisions\/6070"}],"up":[{"embeddable":true,"href":"https:\/\/acaweb.ca\/fr\/wp-json\/wp\/v2\/pages\/52"}],"wp:attachment":[{"href":"https:\/\/acaweb.ca\/fr\/wp-json\/wp\/v2\/media?parent=6069"}],"curies":[{"name":"wp","href":"https:\/\/api.w.org\/{rel}","templated":true}]}}