{"id":6014,"date":"2021-06-28T09:30:06","date_gmt":"2021-06-28T13:30:06","guid":{"rendered":"https:\/\/acaweb.ca\/fr\/?page_id=6014"},"modified":"2023-05-09T14:13:18","modified_gmt":"2023-05-09T18:13:18","slug":"le-milieu-de-la-publicite-adopte-un-nouveau-code-et-guide-qui-viendront-encadrer-les-pratiques-en-matiere-de-publicite-sur-les-aliments-et-les-boissons","status":"publish","type":"page","link":"https:\/\/acaweb.ca\/fr\/a-propos-de-nous\/ressources-pour-les-medias\/le-milieu-de-la-publicite-adopte-un-nouveau-code-et-guide-qui-viendront-encadrer-les-pratiques-en-matiere-de-publicite-sur-les-aliments-et-les-boissons\/","title":{"rendered":"Le milieu de la publicit\u00e9 adopte un nouveau code et un nouveau guide qui viendront encadrer les pratiques en mati\u00e8re de publicit\u00e9 sur les aliments et les boissons pour respecter les objectifs du gouvernement quant \u00e0 la publicit\u00e9 destin\u00e9e aux enfants"},"content":{"rendered":"<ul>\n<li>Le code et le guide nouveaux des pratiques responsables en mati\u00e8re de publicit\u00e9 sur les aliments et les boissons destin\u00e9e aux enfants s\u2019appliquent \u00e0 toutes les publicit\u00e9s, tous m\u00e9dias confondus. Ils viennent compl\u00e9menter les normes en vigueur et s\u2019arriment aux recommandations formul\u00e9es par Sant\u00e9 Canada ou vont au-del\u00e0.<\/li>\n<\/ul>\n<p><strong>TORONTO, 28 juin 2021<\/strong> \u2013 Une coalition des plus grands publicitaires, fabricants et marques d\u2019aliments et de boissons et restaurants du Canada ont annonc\u00e9 plus t\u00f4t aujourd\u2019hui qu\u2019ils s\u2019engagent \u00e0 respecter un code et un guide exhaustifs nouveaux qui encadreront les pratiques en mati\u00e8re de publicit\u00e9 sur les aliments et les boissons destin\u00e9e aux enfants. Quatre associations sectorielles d\u2019importance ont pris cet engagement au nom de leurs membres, \u00e0 savoir <em>l\u2019Association canadienne des annonceurs, l\u2019Association canadienne des boissons, Produits alimentaires, de sant\u00e9 et de consommation du Canada<\/em> et <em>Restaurants Canada<\/em>.<\/p>\n<p>Le code des pratiques responsables en mati\u00e8re de publicit\u00e9 sur les aliments et les boissons destin\u00e9e aux enfants (le Code) sera appliqu\u00e9 par Normes de la publicit\u00e9 Canada, qui verra \u00e0 la mise sur pied d\u2019un service de pr\u00e9contr\u00f4le en vertu du Code et d\u2019un m\u00e9canisme d\u2019\u00e9valuation de la conformit\u00e9 et de d\u00e9p\u00f4t de plaintes. Le code et le guide nouveaux r\u00e9giront toutes les publicit\u00e9s sur les aliments et les boissons au Canada, quel que soit le m\u00e9dia par l\u2019entremise duquel elles sont diffus\u00e9es. Ils s\u2019arriment aux derni\u00e8res recommandations de Sant\u00e9 Canada, publi\u00e9es en d\u00e9cembre 2018, ou vont au-del\u00e0.<\/p>\n<p>\u00ab Le milieu collabore avec le gouvernement f\u00e9d\u00e9ral et un \u00e9ventail de parties prenantes depuis deux ans pour atteindre leur objectif commun de d\u00e9finir un r\u00e9gime exhaustif et ex\u00e9cutable qui viendrait encadrer la publicit\u00e9 au Canada afin de prot\u00e9ger la jeunesse \u00bb, a indiqu\u00e9 Ron Lund, pr\u00e9sident et chef de la direction de l\u2019Association canadienne des annonceurs. \u00ab C\u2019est avec grande satisfaction que j\u2019annonce que quatre associations sectorielles d\u2019importance s\u2019engagent \u00e0 adopter ce nouveau code qui les aidera \u00e0 respecter l\u2019une de leurs grandes priorit\u00e9s et qui fait fond sur les travaux fondamentaux de Sant\u00e9 Canada. \u00bb<\/p>\n<p>\u00ab Le milieu s\u2019est toujours montr\u00e9 en faveur des objectifs du gouvernement \u00e0 cet \u00e9gard. Nous tirons une grande fiert\u00e9 de ce jalon envers la mise sur pied d\u2019une norme nationale \u00bb, a ajout\u00e9 M. Lund.<\/p>\n<p>Le code de publicit\u00e9 sur les aliments et les boissons est appuy\u00e9 par une coalition de chefs de file du secteur qui se tiennent pr\u00eats \u00e0 le mettre en \u0153uvre et \u00e0 exiger son respect par leurs membres d\u2019ici l\u2019\u00e9t\u00e9 2023.<\/p>\n<p>Pour en savoir plus:<br \/>\n<a href=\"https:\/\/acaweb.ca\/fr\/wp-content\/uploads\/sites\/3\/2022\/08\/FoodAndBeverageAdvertisingCode-FR20220804.pdf\" target=\"_blank\" rel=\"noopener\">Code<\/a><br \/>\n<a href=\"https:\/\/acaweb.ca\/fr\/wp-content\/uploads\/sites\/3\/2022\/08\/FoodAndBeverageAdvertisingGuide-FR20220808.pdf\" target=\"_blank\" rel=\"noopener\">Guide<\/a><\/p>\n<p>Vous trouverez des pr\u00e9cisions sur la fa\u00e7on dont sera appliqu\u00e9 le code, y compris le service de pr\u00e9contr\u00f4le et le m\u00e9canisme de signalement, dans ce <a href=\"https:\/\/acaweb.ca\/fr\/wp-content\/uploads\/sites\/3\/2021\/06\/Ad-Standards-M2K-Backgrounder-FRENCH.pdf\" target=\"_blank\" rel=\"noopener\">document d\u2019information de Normes de publicit\u00e9 Canada<\/a><\/p>\n<p>&nbsp;<\/p>\n<hr \/>\n<p>&nbsp;<\/p>\n<p><strong>L\u2019Association canadienne des annonceurs<\/strong><\/p>\n<p>L\u2019Association canadienne des annonceurs (ACA) est l\u2019indispensable d\u00e9fenseur des annonceurs canadiens. \u00c0 ce titre, elle s\u2019impose comme leader d\u2019opinion et fid\u00e8le adepte d\u2019un march\u00e9 \u00e0 la fois transparent et responsable. Association nationale \u00e0 but non lucratif, celle-ci parle au nom de plus de 200 entreprises et divisions.<\/p>\n<p><strong>L\u2019Association canadienne des boissons <\/strong><\/p>\n<p>L\u2019Association canadienne des boissons (ACB) est la voix nationale de l\u2019industrie des boissons rafra\u00eechissantes \u2013 des entreprises qui fabriquent, embouteillent et distribuent la majorit\u00e9 des boissons non alcoolis\u00e9es et non laiti\u00e8res sur le march\u00e9 canadien. Les membres de l\u2019ACB emploient 20 000 Canadiens dans plus de 200 usines, centres de distribution et bureaux situ\u00e9s dans chaque province, et sont des chefs de file de l\u2019industrie dans les domaines du marketing responsable, de l\u2019\u00e9ducation sur les calories et de la gestion environnementale. <a href=\"https:\/\/www.associationcanadiennedesboissons.ca\/\" target=\"_blank\" rel=\"noopener\">associationcanadiennedesboissons.ca<\/a><\/p>\n<p><strong>Produits alimentaires, de sant\u00e9 et de consommation du Canada<\/strong><\/p>\n<p>Produits alimentaires, de sant\u00e9 et de consommation du Canada (FHCP) est le porte-parole des principaux fabricants canadiens de produits alimentaires, de sant\u00e9 et de consommation. Notre industrie emploie plus de gens que tout autre secteur manufacturier au Canada, dans des entreprises de toutes tailles qui fabriquent et distribuent des produits s\u00fbrs et de haute qualit\u00e9 pour promouvoir la sant\u00e9 de nos foyers, de nos collectivit\u00e9s et du Canada tout entier. Visitez <a href=\"https:\/\/oneveryshelf.ca\/\" target=\"_blank\" rel=\"noopener\">OnEveryShelf.ca<\/a> et <a href=\"https:\/\/www.fhcp.ca\/\" target=\"_blank\" rel=\"noopener\">fhcp.ca<\/a> pour en savoir plus.<\/p>\n<p><strong>Restaurants Canada<\/strong><\/p>\n<p>Restaurants Canada est une association nationale sans but lucratif qui aide l\u2019industrie dynamique et diversifi\u00e9e des services alimentaires canadiens \u00e0 r\u00e9aliser son plein potentiel au moyen de programmes, d\u2019\u00e9tudes, de repr\u00e9sentation, de ressources et d\u2019\u00e9v\u00e9nements \u00e0 l\u2019intention de ses membres. Avant le d\u00e9but de la pand\u00e9mie de COVID-19, le secteur canadien des services alimentaires \u00e9tait une industrie au chiffre d\u2019affaires annuel de 95 milliards de dollars qui employait directement 1,2 million de travailleurs, \u00e9tait la principale source de premiers emplois au Canada et servait 22 millions de clients chaque jour dans toutes les r\u00e9gions du pays. Depuis, l\u2019industrie a perdu des centaines de milliers d\u2019emplois et des milliards de dollars de chiffre d\u2019affaires en raison des impacts de la COVID-19. <a href=\"https:\/\/www.restaurantscanada.org\/\" target=\"_blank\" rel=\"noopener\">www.restaurantscanada.org<\/a><\/p>\n","protected":false},"excerpt":{"rendered":"<p>Le code et le guide nouveaux des pratiques responsables en mati\u00e8re de publicit\u00e9 sur les aliments et les boissons destin\u00e9e aux enfants s\u2019appliquent \u00e0 toutes les publicit\u00e9s, tous m\u00e9dias confondus. Ils viennent compl\u00e9menter les normes en vigueur et s\u2019arriment aux recommandations formul\u00e9es par Sant\u00e9 Canada ou vont au-del\u00e0. TORONTO, 28 juin 2021 \u2013 Une coalition [&hellip;]<\/p>\n","protected":false},"author":1,"featured_media":0,"parent":52,"menu_order":0,"comment_status":"closed","ping_status":"closed","template":"","meta":{"_acf_changed":false,"content-type":"","footnotes":""},"acf":[],"yoast_head":"<!-- This site is optimized with the Yoast SEO plugin v23.4 - https:\/\/yoast.com\/wordpress\/plugins\/seo\/ -->\n<title>Association canadienne des annonceurs<\/title>\n<meta name=\"robots\" content=\"index, follow, max-snippet:-1, max-image-preview:large, max-video-preview:-1\" \/>\n<meta property=\"og:locale\" content=\"fr_CA\" \/>\n<meta property=\"og:type\" content=\"article\" \/>\n<meta property=\"og:site_name\" content=\"Association canadienne des annonceurs\" \/>\n<meta name=\"twitter:card\" content=\"summary_large_image\" \/>\n<script type=\"application\/ld+json\" class=\"yoast-schema-graph\">{\"@context\":\"https:\/\/schema.org\",\"@graph\":[{\"@type\":\"CollectionPage\",\"@id\":null,\"url\":\"\",\"name\":\"\",\"isPartOf\":{\"@id\":\"https:\/\/acaweb.ca\/fr\/#website\"},\"inLanguage\":\"fr-CA\"},{\"@type\":\"WebSite\",\"@id\":\"https:\/\/acaweb.ca\/fr\/#website\",\"url\":\"https:\/\/acaweb.ca\/fr\/\",\"name\":\"Association canadienne des annonceurs\",\"description\":\"\",\"publisher\":{\"@id\":\"https:\/\/acaweb.ca\/fr\/#organization\"},\"potentialAction\":[{\"@type\":\"SearchAction\",\"target\":{\"@type\":\"EntryPoint\",\"urlTemplate\":\"https:\/\/acaweb.ca\/fr\/?s={search_term_string}\"},\"query-input\":{\"@type\":\"PropertyValueSpecification\",\"valueRequired\":true,\"valueName\":\"search_term_string\"}}],\"inLanguage\":\"fr-CA\"},{\"@type\":\"Organization\",\"@id\":\"https:\/\/acaweb.ca\/fr\/#organization\",\"name\":\"Association canadienne des annonceurs\",\"url\":\"https:\/\/acaweb.ca\/fr\/\",\"logo\":{\"@type\":\"ImageObject\",\"inLanguage\":\"fr-CA\",\"@id\":\"https:\/\/acaweb.ca\/fr\/#\/schema\/logo\/image\/\",\"url\":\"https:\/\/acaweb.ca\/fr\/wp-content\/uploads\/sites\/3\/2017\/10\/cropped-ACA-FR-logo-colour.png\",\"contentUrl\":\"https:\/\/acaweb.ca\/fr\/wp-content\/uploads\/sites\/3\/2017\/10\/cropped-ACA-FR-logo-colour.png\",\"width\":1595,\"height\":417,\"caption\":\"Association canadienne des annonceurs\"},\"image\":{\"@id\":\"https:\/\/acaweb.ca\/fr\/#\/schema\/logo\/image\/\"}}]}<\/script>\n<!-- \/ Yoast SEO plugin. -->","yoast_head_json":{"title":"Association canadienne des annonceurs","robots":{"index":"index","follow":"follow","max-snippet":"max-snippet:-1","max-image-preview":"max-image-preview:large","max-video-preview":"max-video-preview:-1"},"og_locale":"fr_CA","og_type":"article","og_site_name":"Association canadienne des annonceurs","twitter_card":"summary_large_image","schema":{"@context":"https:\/\/schema.org","@graph":[{"@type":"CollectionPage","@id":null,"url":"","name":"","isPartOf":{"@id":"https:\/\/acaweb.ca\/fr\/#website"},"inLanguage":"fr-CA"},{"@type":"WebSite","@id":"https:\/\/acaweb.ca\/fr\/#website","url":"https:\/\/acaweb.ca\/fr\/","name":"Association canadienne des annonceurs","description":"","publisher":{"@id":"https:\/\/acaweb.ca\/fr\/#organization"},"potentialAction":[{"@type":"SearchAction","target":{"@type":"EntryPoint","urlTemplate":"https:\/\/acaweb.ca\/fr\/?s={search_term_string}"},"query-input":{"@type":"PropertyValueSpecification","valueRequired":true,"valueName":"search_term_string"}}],"inLanguage":"fr-CA"},{"@type":"Organization","@id":"https:\/\/acaweb.ca\/fr\/#organization","name":"Association canadienne des annonceurs","url":"https:\/\/acaweb.ca\/fr\/","logo":{"@type":"ImageObject","inLanguage":"fr-CA","@id":"https:\/\/acaweb.ca\/fr\/#\/schema\/logo\/image\/","url":"https:\/\/acaweb.ca\/fr\/wp-content\/uploads\/sites\/3\/2017\/10\/cropped-ACA-FR-logo-colour.png","contentUrl":"https:\/\/acaweb.ca\/fr\/wp-content\/uploads\/sites\/3\/2017\/10\/cropped-ACA-FR-logo-colour.png","width":1595,"height":417,"caption":"Association canadienne des annonceurs"},"image":{"@id":"https:\/\/acaweb.ca\/fr\/#\/schema\/logo\/image\/"}}]}},"_links":{"self":[{"href":"https:\/\/acaweb.ca\/fr\/wp-json\/wp\/v2\/pages\/6014"}],"collection":[{"href":"https:\/\/acaweb.ca\/fr\/wp-json\/wp\/v2\/pages"}],"about":[{"href":"https:\/\/acaweb.ca\/fr\/wp-json\/wp\/v2\/types\/page"}],"author":[{"embeddable":true,"href":"https:\/\/acaweb.ca\/fr\/wp-json\/wp\/v2\/users\/1"}],"replies":[{"embeddable":true,"href":"https:\/\/acaweb.ca\/fr\/wp-json\/wp\/v2\/comments?post=6014"}],"version-history":[{"count":8,"href":"https:\/\/acaweb.ca\/fr\/wp-json\/wp\/v2\/pages\/6014\/revisions"}],"predecessor-version":[{"id":6726,"href":"https:\/\/acaweb.ca\/fr\/wp-json\/wp\/v2\/pages\/6014\/revisions\/6726"}],"up":[{"embeddable":true,"href":"https:\/\/acaweb.ca\/fr\/wp-json\/wp\/v2\/pages\/52"}],"wp:attachment":[{"href":"https:\/\/acaweb.ca\/fr\/wp-json\/wp\/v2\/media?parent=6014"}],"curies":[{"name":"wp","href":"https:\/\/api.w.org\/{rel}","templated":true}]}}