{"id":5980,"date":"2021-06-12T14:57:57","date_gmt":"2021-06-12T18:57:57","guid":{"rendered":"https:\/\/acaweb.ca\/fr\/?page_id=5980"},"modified":"2021-06-19T13:20:16","modified_gmt":"2021-06-19T17:20:16","slug":"sondage-mondial-de-lindustrie-diversite-equite-inclusion","status":"publish","type":"page","link":"https:\/\/acaweb.ca\/fr\/a-propos-de-nous\/ressources-pour-les-medias\/sondage-mondial-de-lindustrie-diversite-equite-inclusion\/","title":{"rendered":"\u00c0 compter du 21 juin prochain, le Canada participera \u00e0 un sondage mondial de l\u2019industrie portant sur la diversit\u00e9, l\u2019\u00e9quit\u00e9 et l\u2019inclusion (DEI)"},"content":{"rendered":"<h3>\n<ul>\n<li>L\u2019Association canadienne des annonceurs dirigera l\u2019initiative au Canada en partenariat avec l\u2019Association des agences de communication cr\u00e9ative (A2C), le Bureau de la publicit\u00e9 interactive du Canada (IAB Canada), le CMDC (Canadian Media Directors Council), le <em>Grenier aux nouvelles<\/em>, l\u2019ICA (Institute of Communication Agencies), les Normes de la publicit\u00e9 et <em>strategy<\/em>.<\/li>\n<li>Ce tout premier sondage mondial a pour objectif de fournir un point de r\u00e9f\u00e9rence sur les progr\u00e8s en mati\u00e8re de DEI.<\/li>\n<\/ul>\n<\/h3>\n<p><strong>Le 14 juin 2021 :<\/strong> Le coup d\u2019envoi du tout premier sondage mondial portant sur la diversit\u00e9, l\u2019\u00e9quit\u00e9 et l\u2019inclusion (DEI) dans l\u2019industrie du marketing et de la publicit\u00e9 est pr\u00e9vu pour le 21 juin. L\u2019Association canadienne des annonceurs dirigera l\u2019initiative au Canada sous la supervision mondiale de la WFA (World Federation of Advertisers). <\/p>\n<p>Le sondage examinera la composition de la main-d\u2019\u0153uvre de l\u2019industrie, la perception des gens par rapport \u00e0 la diversit\u00e9 et l\u2019inclusion en milieu de travail, le sentiment d\u2019appartenance des travailleurs et leur point de vue \u00e0 l\u2019\u00e9gard des avanc\u00e9es r\u00e9alis\u00e9es.<\/p>\n<p>\u00ab Bien que les initiatives portant sur la diversit\u00e9, l\u2019\u00e9quit\u00e9 et l\u2019inclusion soient d\u00e9j\u00e0 en cours au Canada avec des projets comme la comp\u00e9tition pour l\u2019inclusion, la diversit\u00e9 et l&rsquo;\u00e9quit\u00e9 en publicit\u00e9, ce sondage mondial permettra \u00e0 la fois d\u2019\u00e9tablir de nouvelles normes de r\u00e9f\u00e9rence pour l\u2019industrie canadienne en mati\u00e8re de DEI et de mesurer nos efforts par rapport \u00e0 ceux d\u2019autres march\u00e9s, explique le pr\u00e9sident et chef de la direction de l\u2019ACA, Ron Lund. Essentiellement, de ce sondage d\u00e9couleront des renseignements qui fa\u00e7onneront les futurs plans de l\u2019industrie en mati\u00e8re de DEI. Qui plus est, ce sondage nous obligera, en tant qu\u2019industrie, \u00e0 rendre des comptes tant sur une base nationale que sur une base mondiale. \u00bb <\/p>\n<p>L\u2019ACA sera accompagn\u00e9e par plusieurs partenaires pour promouvoir le sondage et encourager la participation \u00e0 grande \u00e9chelle, notamment l\u2019Association des agences de communication cr\u00e9ative (A2C), le Bureau de la publicit\u00e9 interactive du Canada (IAB Canada), le CMDC (Canadian Media Directors Council), le <em>Grenier aux nouvelles<\/em>, l\u2019ICA (Institute of Communication Agencies), les Normes de la publicit\u00e9 et <em>strategy<\/em>. L\u2019ambition, tant sur le plan mondial que sur le plan local, est de constituer l\u2019\u00e9chantillon le plus vaste et le plus repr\u00e9sentatif possible. <\/p>\n<p>\u00ab L\u2019A2C et ses agences membres travaillent activement pour assurer une diversit\u00e9, \u00e9quit\u00e9 et inclusion \u00e0 travers diff\u00e9rentes initiatives.  C\u2019est pourquoi nous sommes heureux de combiner nos efforts avec diff\u00e9rentes associations canadiennes dont les clients afin d\u2019avoir un impact encore plus grand, tous ensemble. \u00bb ajoute Dominique Villeneuve, pr\u00e9sidente-directrice g\u00e9n\u00e9rale de l\u2019A2C.<\/p>\n<p>Sur le plan mondial, 22 associations nationales d\u2019annonceurs ainsi que leurs agences partenaires ont confirm\u00e9 leur participation au sondage. En plus du Canada, les pays et territoires pr\u00eats \u00e0 participer sont : Belgique, Br\u00e9sil, Colombie, France, Gr\u00e8ce, Conseil de coop\u00e9ration du Golfe (Bahre\u00efn, Kowe\u00eft, Oman, Qatar, Arabie saoudite et les EAU), Hong Kong, Chine, Inde, Irlande, Japon, Malaisie, Pays-Bas, Nouvelle-Z\u00e9lande, Pakistan, Portugal, Singapour, Afrique du Sud, Espagne, Su\u00e8de, Turquie et \u00c9.-U.<\/p>\n<p>\u00ab C\u2019est un moment historique pour notre industrie, pr\u00e9cise Stephan Loerke, directeur g\u00e9n\u00e9ral de la WFA. Malgr\u00e9 tous les discours du \u00ab\u00a0nous faisons face \u00e0 la situation ensemble\u00a0\u00bb, la pand\u00e9mie a d\u00e9montr\u00e9 qu\u2019il s\u2019agit d\u2019une utopie. Les in\u00e9galit\u00e9s ont \u00e9t\u00e9 exacerb\u00e9es par les r\u00e9centes \u00e9preuves. Des \u00e9l\u00e9ments semblent indiquer que l\u2019industrie tend \u00e0 reculer sur les enjeux de diversit\u00e9 et d\u2019inclusion. Il est urgent que nous \u00e9tablissions, pour une premi\u00e8re fois, un point de d\u00e9part \u00e0 partir duquel nous pourrions, ensemble, aller de l\u2019avant en vue d\u2019am\u00e9liorer l\u2019\u00e9tat de la diversit\u00e9, de l\u2019\u00e9quit\u00e9 et de l\u2019inclusion au sein de notre industrie. \u00bb<\/p>\n<p>Le questionnaire sera en ligne entre le 21 juin et le 2 juillet. Les r\u00e9sultats seront collig\u00e9s et analys\u00e9s par Kantar et les principales conclusions seront publi\u00e9es par le r\u00e9seau mondial d\u2019\u00e9ditions Campaign plus tard dans l\u2019ann\u00e9e en plus d\u2019\u00eatre pr\u00e9sent\u00e9es lors d\u2019\u00e9v\u00e9nements majeurs de l\u2019industrie en octobre 2021. Les conclusions sp\u00e9cifiques au Canada seront publi\u00e9es par <em>strategy<\/em>.<\/p>\n<p>L\u2019objectif de l\u2019initiative consiste \u00e0 \u00e9tablir un point de d\u00e9part tangible pour l\u2019industrie mondiale, lequel aidera \u00e0 fa\u00e7onner un plan d\u2019action aux fins d\u2019am\u00e9lioration. La WFA compte recruter ses partenaires de nouveau dans environ 18 mois afin de mesurer les progr\u00e8s par le biais d\u2019un deuxi\u00e8me sondage. <\/p>\n<p>Dans le m\u00eame ordre d\u2019id\u00e9e, l\u2019ACA a form\u00e9 un comit\u00e9 sur la diversit\u00e9, l\u2019\u00e9quit\u00e9 et l\u2019inclusion l\u2019ann\u00e9e derni\u00e8re. Les membres du comit\u00e9 travaillent sur les projets ici au Canada afin de fournir \u00e0 la communaut\u00e9 marketing des outils tangibles pour faire avancer les choses en mati\u00e8re de diversit\u00e9, d\u2019\u00e9quit\u00e9 et d\u2019inclusion au Canada et cultiver les connaissances sur le sujet. <\/p>\n<p>Les r\u00e9sultats du sondage serviront de fondement non seulement au prochain plan d\u2019action qui sera con\u00e7u et dirig\u00e9 par le groupe de travail sur la diversit\u00e9 et l\u2019inclusion de la WFA, mais aussi aux initiatives du comit\u00e9 sur la diversit\u00e9, l\u2019\u00e9quit\u00e9 et l\u2019inclusion de l\u2019ACA.<\/p>\n<p>&nbsp;<\/p>\n<hr \/>\n<p>&nbsp;<\/p>\n<p><strong>\u00c0 propos de l\u2019ACA\u202f:<\/strong> L\u2019ACA est l\u2019indispensable d\u00e9fenseur des annonceurs canadiens. \u00c0 ce titre, elle s\u2019impose comme leader d\u2019opinion et fid\u00e8le adepte d\u2019un march\u00e9 \u00e0 la fois transparent et responsable. Association nationale \u00e0 but non lucratif, celle-ci parle au nom de plus de 200 entreprises et divisions.<\/p>\n<p><strong>\u00c0 propos d\u2019A2C :<\/strong> L\u2019A2C est la voix de plus de 80 agences qu\u00e9b\u00e9coises de toutes tailles, sp\u00e9cialit\u00e9s et configurations d\u00e9di\u00e9es \u00e0 la communication cr\u00e9ative. Ses membres g\u00e9n\u00e8rent plus de 80 % du chiffre d\u2019affaires de l\u2019industrie au Qu\u00e9bec et contribuent au succ\u00e8s des entreprises d\u2019ici et d\u2019ailleurs. Notre mission s\u2019exprime \u00e0 travers diff\u00e9rents services et initiatives visant \u00e0 guider ces entreprises et, au final, assurer la vitalit\u00e9 et l\u2019excellence de toute l\u2019industrie. Pour plus d\u2019information, visitez <a href=\"http:\/\/a2c.quebec\" rel=\"noopener\" target=\"_blank\">a2c.quebec<\/a>.<\/p>\n<p><strong>\u00c0 propos des Normes de la publicit\u00e9 :<\/strong> Les Normes de la publicit\u00e9 est l\u2019organisme d\u2019autor\u00e9glementation de l\u2019industrie canadienne de la publicit\u00e9. Gr\u00e2ce au soutien de nos membres et aux initiatives concert\u00e9es avec l\u2019industrie, nous favorisons la confiance du public dans la publicit\u00e9 en aidant \u00e0 assurer, dans tous les m\u00e9dias, des publicit\u00e9s qui sont vraies, int\u00e8gres et exactes. Nous administrons le Code canadien des normes de la publicit\u00e9 qui fixe les crit\u00e8res d\u2019acceptabilit\u00e9 de la publicit\u00e9 et qui offre un m\u00e9canisme servant \u00e0 juger et \u00e0 r\u00e9gler les plaintes des consommateurs ainsi que les diff\u00e9rends entre concurrents. Nous examinons \u00e9galement le mat\u00e9riel publicitaire et offrons des services de consultation visant \u00e0 assurer la conformit\u00e9 avec les lois et les directives r\u00e9glementaires applicables. Nos liens et notre collaboration avec les organismes de r\u00e9glementation du Canada et avec les organismes d\u2019autor\u00e9glementation du monde entier nous apportent une diversit\u00e9 d\u2019informations pr\u00e9cieuses qui orientent nos initiatives et nos objectifs. <a href=\"https:\/\/adstandards.ca\/\" rel=\"noopener\" target=\"_blank\">adstandards.ca<\/a><\/p>\n<p><strong>\u00c0 propos du CMDC (Canadian Media Directors Council) :<\/strong> Le CMDC (Canadian Media Director\u2019s Council) est une association regroupant les agences m\u00e9dia canadiennes ayant pour mission de maintenir les march\u00e9s \u00e9quitables et \u00e9volutifs au nom de nos clients, nos agences et nos partenaires. Les membres du CMDC comptent pour environ 96 % de tous les investissements m\u00e9dias n\u00e9goci\u00e9s annuellement au Canada. En 2020, plus de 10 milliards de dollars ont \u00e9t\u00e9 investis dans l\u2019\u00e9conomie et la main-d\u2019\u0153uvre canadienne et dans les infrastructures de communications. <a href=\"http:\/\/www.cmdc.ca\" rel=\"noopener\" target=\"_blank\">cmdc.ca<\/a> <\/p>\n<p><strong>\u00c0 propos du Grenier aux nouvelles :<\/strong> Le Grenier aux nouvelles est la r\u00e9f\u00e9rence pour tout savoir sur l&rsquo;industrie des communications et du marketing au Qu\u00e9bec. Depuis 1992, il connecte les entreprises aux individus et participe au rayonnement de tous les projets de l&rsquo;industrie, petits et grands. <a href=\"https:\/\/www.grenier.qc.ca\/\" rel=\"noopener\" target=\"_blank\">grenier.qc.ca<\/a><\/p>\n<p><strong>\u00c0 propos du Bureau de la publicit\u00e9 interactive du Canada (IAB Canada) :<\/strong> Fond\u00e9 en 1997, le Bureau de la publicit\u00e9 interactive du Canada (IAB Canada) est le porte-parole national et le leader d\u2019opinion de l\u2019industrie canadienne de la publicit\u00e9 et du marketing interactifs. Nous sommes la seule association professionnelle qui se consacre exclusivement au d\u00e9veloppement et \u00e0 la promotion du secteur de la publicit\u00e9 et du marketing num\u00e9riques au Canada. En tant qu\u2019organisme sans but lucratif, IAB Canada repr\u00e9sente plus de 250 annonceurs, agences de publicit\u00e9, entreprises m\u00e9diatiques, prestataires de services, \u00e9tablissements d\u2019enseignement et organismes gouvernementaux figurant parmi les plus respect\u00e9s au pays. Parmi nos membres, nous comptons diverses parties prenantes du secteur de la publicit\u00e9 et du marketing num\u00e9riques en pleine croissance au Canada, notamment un grand nombre de petites et de moyennes entreprises. <a href=\"https:\/\/iabcanada.com\/\" rel=\"noopener\" target=\"_blank\">iabcanada.com<\/a> <\/p>\n<p><strong>\u00c0 propos de l\u2019ICA :<\/strong> L\u2019ICA (Institute of communication agencies) est une association sans but lucratif repr\u00e9sentant les agences canadiennes de publicit\u00e9, de marketing, de m\u00e9dia et de relations publiques. La nouvelle direction redynamise l\u2019ICA dont la mission est d\u2019amplifier, de prot\u00e9ger et de transformer l\u2019industrie du marketing et des communications. En instaurant un leadership \u00e9clair\u00e9, des normes plus rigoureuses et de meilleures pratiques, l\u2019ICA s\u2019inscrit comme une source fort pr\u00e9cieuse d\u2019information, de conseils, de formation et de promotion pour ses membres. Les agences membres de l\u2019ICA comptent pour plus de 75 p. cent de toutes les publicit\u00e9s nationales au Canada dont l\u2019impact \u00e9conomique s\u2019\u00e9l\u00e8ve \u00e0 plus de 19 milliards de dollars. <a href=\"https:\/\/theica.ca\/\" rel=\"noopener\" target=\"_blank\">theica.ca<\/a> <\/p>\n<p>\u00c0 propos de <em>strategy<\/em>\u2122 : <em>strategy<\/em>\u2122 d\u00e9voile et partage la \u00ab\u2009vision audacieuse et les id\u00e9es toutes fra\u00eeches\u2009\u00bb de la communaut\u00e9 nationale de marketing du Canada. Pour ce faire, l\u2019entreprise met \u00e0 profit sa plateforme de nouvelles quotidiennes, son magazine <em>strategy <\/em>et les \u00e9v\u00e9nements qu\u2019elle organise. <a rel=\"noopener\" target=\"_blank\" href=\"https:\/\/strategyonline.ca\/\">strategyonline.ca<\/a><\/p>\n","protected":false},"excerpt":{"rendered":"<p>Le coup d\u2019envoi du tout premier sondage mondial portant sur la diversit\u00e9, l\u2019\u00e9quit\u00e9 et l\u2019inclusion (DEI) dans l\u2019industrie du marketing et de la publicit\u00e9 est pr\u00e9vu pour le 21 juin. L\u2019Association canadienne des annonceurs dirigera l\u2019initiative au Canada sous la supervision mondiale de la WFA (World Federation of Advertisers).<\/p>\n","protected":false},"author":1,"featured_media":5991,"parent":52,"menu_order":224,"comment_status":"closed","ping_status":"closed","template":"","meta":{"_acf_changed":false,"content-type":"","footnotes":""},"acf":[],"yoast_head":"<!-- This site is optimized with the Yoast SEO plugin v23.4 - https:\/\/yoast.com\/wordpress\/plugins\/seo\/ -->\n<title>Association canadienne des annonceurs<\/title>\n<meta name=\"robots\" content=\"index, follow, max-snippet:-1, max-image-preview:large, max-video-preview:-1\" \/>\n<meta property=\"og:locale\" content=\"fr_CA\" \/>\n<meta property=\"og:type\" content=\"article\" \/>\n<meta property=\"og:site_name\" content=\"Association canadienne des annonceurs\" \/>\n<meta name=\"twitter:card\" content=\"summary_large_image\" \/>\n<script type=\"application\/ld+json\" class=\"yoast-schema-graph\">{\"@context\":\"https:\/\/schema.org\",\"@graph\":[{\"@type\":\"CollectionPage\",\"@id\":null,\"url\":\"\",\"name\":\"\",\"isPartOf\":{\"@id\":\"https:\/\/acaweb.ca\/fr\/#website\"},\"inLanguage\":\"fr-CA\"},{\"@type\":\"WebSite\",\"@id\":\"https:\/\/acaweb.ca\/fr\/#website\",\"url\":\"https:\/\/acaweb.ca\/fr\/\",\"name\":\"Association canadienne des annonceurs\",\"description\":\"\",\"publisher\":{\"@id\":\"https:\/\/acaweb.ca\/fr\/#organization\"},\"potentialAction\":[{\"@type\":\"SearchAction\",\"target\":{\"@type\":\"EntryPoint\",\"urlTemplate\":\"https:\/\/acaweb.ca\/fr\/?s={search_term_string}\"},\"query-input\":{\"@type\":\"PropertyValueSpecification\",\"valueRequired\":true,\"valueName\":\"search_term_string\"}}],\"inLanguage\":\"fr-CA\"},{\"@type\":\"Organization\",\"@id\":\"https:\/\/acaweb.ca\/fr\/#organization\",\"name\":\"Association canadienne des annonceurs\",\"url\":\"https:\/\/acaweb.ca\/fr\/\",\"logo\":{\"@type\":\"ImageObject\",\"inLanguage\":\"fr-CA\",\"@id\":\"https:\/\/acaweb.ca\/fr\/#\/schema\/logo\/image\/\",\"url\":\"https:\/\/acaweb.ca\/fr\/wp-content\/uploads\/sites\/3\/2017\/10\/cropped-ACA-FR-logo-colour.png\",\"contentUrl\":\"https:\/\/acaweb.ca\/fr\/wp-content\/uploads\/sites\/3\/2017\/10\/cropped-ACA-FR-logo-colour.png\",\"width\":1595,\"height\":417,\"caption\":\"Association canadienne des annonceurs\"},\"image\":{\"@id\":\"https:\/\/acaweb.ca\/fr\/#\/schema\/logo\/image\/\"}}]}<\/script>\n<!-- \/ Yoast SEO plugin. -->","yoast_head_json":{"title":"Association canadienne des annonceurs","robots":{"index":"index","follow":"follow","max-snippet":"max-snippet:-1","max-image-preview":"max-image-preview:large","max-video-preview":"max-video-preview:-1"},"og_locale":"fr_CA","og_type":"article","og_site_name":"Association canadienne des annonceurs","twitter_card":"summary_large_image","schema":{"@context":"https:\/\/schema.org","@graph":[{"@type":"CollectionPage","@id":null,"url":"","name":"","isPartOf":{"@id":"https:\/\/acaweb.ca\/fr\/#website"},"inLanguage":"fr-CA"},{"@type":"WebSite","@id":"https:\/\/acaweb.ca\/fr\/#website","url":"https:\/\/acaweb.ca\/fr\/","name":"Association canadienne des annonceurs","description":"","publisher":{"@id":"https:\/\/acaweb.ca\/fr\/#organization"},"potentialAction":[{"@type":"SearchAction","target":{"@type":"EntryPoint","urlTemplate":"https:\/\/acaweb.ca\/fr\/?s={search_term_string}"},"query-input":{"@type":"PropertyValueSpecification","valueRequired":true,"valueName":"search_term_string"}}],"inLanguage":"fr-CA"},{"@type":"Organization","@id":"https:\/\/acaweb.ca\/fr\/#organization","name":"Association canadienne des annonceurs","url":"https:\/\/acaweb.ca\/fr\/","logo":{"@type":"ImageObject","inLanguage":"fr-CA","@id":"https:\/\/acaweb.ca\/fr\/#\/schema\/logo\/image\/","url":"https:\/\/acaweb.ca\/fr\/wp-content\/uploads\/sites\/3\/2017\/10\/cropped-ACA-FR-logo-colour.png","contentUrl":"https:\/\/acaweb.ca\/fr\/wp-content\/uploads\/sites\/3\/2017\/10\/cropped-ACA-FR-logo-colour.png","width":1595,"height":417,"caption":"Association canadienne des annonceurs"},"image":{"@id":"https:\/\/acaweb.ca\/fr\/#\/schema\/logo\/image\/"}}]}},"_links":{"self":[{"href":"https:\/\/acaweb.ca\/fr\/wp-json\/wp\/v2\/pages\/5980"}],"collection":[{"href":"https:\/\/acaweb.ca\/fr\/wp-json\/wp\/v2\/pages"}],"about":[{"href":"https:\/\/acaweb.ca\/fr\/wp-json\/wp\/v2\/types\/page"}],"author":[{"embeddable":true,"href":"https:\/\/acaweb.ca\/fr\/wp-json\/wp\/v2\/users\/1"}],"replies":[{"embeddable":true,"href":"https:\/\/acaweb.ca\/fr\/wp-json\/wp\/v2\/comments?post=5980"}],"version-history":[{"count":3,"href":"https:\/\/acaweb.ca\/fr\/wp-json\/wp\/v2\/pages\/5980\/revisions"}],"predecessor-version":[{"id":5983,"href":"https:\/\/acaweb.ca\/fr\/wp-json\/wp\/v2\/pages\/5980\/revisions\/5983"}],"up":[{"embeddable":true,"href":"https:\/\/acaweb.ca\/fr\/wp-json\/wp\/v2\/pages\/52"}],"wp:featuredmedia":[{"embeddable":true,"href":"https:\/\/acaweb.ca\/fr\/wp-json\/wp\/v2\/media\/5991"}],"wp:attachment":[{"href":"https:\/\/acaweb.ca\/fr\/wp-json\/wp\/v2\/media?parent=5980"}],"curies":[{"name":"wp","href":"https:\/\/api.w.org\/{rel}","templated":true}]}}