{"id":5974,"date":"2021-06-11T07:41:14","date_gmt":"2021-06-11T11:41:14","guid":{"rendered":"https:\/\/acaweb.ca\/fr\/?page_id=5974"},"modified":"2024-10-03T15:23:23","modified_gmt":"2024-10-03T19:23:23","slug":"diversite-equite-et-inclusion","status":"publish","type":"page","link":"https:\/\/acaweb.ca\/fr\/leadership\/initiatives-actuelles\/diversite-equite-et-inclusion\/","title":{"rendered":"Diversit\u00e9, \u00e9quit\u00e9 et inclusion"},"content":{"rendered":"<p>Le Canada est un pays diversifi\u00e9 sur le plan ethnique et plusieurs cultures du monde entier s\u2019y c\u00f4toient; on <a href=\"https:\/\/www.cbc.ca\/news\/politics\/statistics-canada-immigration-census-1.6629861\" target=\"_blank\" rel=\"noopener\">rapporte<\/a> que 22 % des Canadiens appartiennent \u00e0 une minorit\u00e9 visible (&gt;50 % \u00e0 Toronto et \u00e0 Vancouver), 6 % ont d\u00e9clar\u00e9 \u00eatre d\u2019ascendance autochtone, 4 % s\u2019identifient comme LGBTQ2+ et 22 % vivent avec une incapacit\u00e9.<\/p>\n<p>Reconnaissant que l\u2019industrie canadienne du marketing et de la publicit\u00e9 ne refl\u00e8te pas toujours notre diversit\u00e9 et que nous sommes particuli\u00e8rement bien plac\u00e9s par notre travail pour soutenir, sinon diriger, les efforts de justice soci\u00e9tale, l\u2019ACA a form\u00e9 un comit\u00e9 sur la diversit\u00e9, l\u2019\u00e9quit\u00e9 et l\u2019inclusion (DEI).<\/p>\n<p>Le mandat du comit\u00e9 est simple : soutenir, \u00e9duquer et responsabiliser les entreprises membres, et l\u2019industrie dans son ensemble, en mettant en \u0153uvre des initiatives ax\u00e9es sur la diversit\u00e9, l\u2019\u00e9quit\u00e9 et l\u2019inclusion, afin d\u2019entra\u00eener un impact durable et des changements mesurables et positifs.<\/p>\n<p>Ce qui est important c\u2019est que les r\u00e9sultats de ces efforts r\u00e9ussissent \u00e0 la fois \u00e0 d\u00e9peindre et \u00e0 repr\u00e9senter de mani\u00e8re plus pr\u00e9cise nos diverses populations au sein de l\u2019industrie publicitaire, non seulement devant la cam\u00e9ra, mais aussi dans les coulisses o\u00f9 une multitude de personnes contribuent \u00e0 la production cr\u00e9ative.<\/p>\n<p>C\u2019est pourquoi, \u00e0 l\u2019\u00e9t\u00e9 2020, l\u2019ACA a r\u00e9vis\u00e9 son \u00e9nonc\u00e9 de mission pour qu\u2019elle refl\u00e8te l\u2019importance des initiatives DEI et d\u2019autres causes sociales.<\/p>\n<h3><strong>La mission de l\u2019ACA : \u00c0 titre d\u2019unique voix ind\u00e9pendante des annonceurs, nous d\u00e9fendons les int\u00e9r\u00eats de nos membres et militons pour un changement social positif tout en maintenant le cap sur la maximisation du RCI.<\/strong><\/h3>\n<p>&nbsp;<\/p>\n<p>De plus, l\u2019ACA a mis en place un comit\u00e9 sur la diversit\u00e9, l\u2019\u00e9quit\u00e9 et l\u2019inclusion compos\u00e9 de cadres sup\u00e9rieurs d\u2019entreprises membres et non membres. Le comit\u00e9 inaugural \u00e9tait pr\u00e9sid\u00e9 par Esther Benzie, vice-pr\u00e9sidente de la CIBC, et comprenait neuf autres membres issus des annonceurs nationaux suivants :<\/p>\n<ul>\n<li>Jamieson Laboratories Ltd.<\/li>\n<li>L\u2019Or\u00e9al<\/li>\n<li>Loblaw Companies Ltd.<\/li>\n<li>Metrolinx<\/li>\n<li>Molson Coors Canada<\/li>\n<li>P&amp;G<\/li>\n<li>TD Bank Group<\/li>\n<li>Toyota Canada<\/li>\n<li>Unilever<\/li>\n<\/ul>\n<p>Nous sommes \u00e0 pr\u00e9sent pass\u00e9s d&rsquo;un comit\u00e9 actif au maintien de l&rsquo;IED en tant que priorit\u00e9 en l&rsquo;int\u00e9grant dans des outils et des ressources tangibles qui soutiennent et habilitent les membres \u00e0 faire progresser l&rsquo;DEI au sein de leurs organisations et de l&rsquo;industrie dans son ensemble.<\/p>\n<p>Au cours de l\u2019\u00e9t\u00e9 2021, l\u2019ACA a \u00e9galement dirig\u00e9 un sondage national dans le cadre de la toute premi\u00e8re recherche mondiale sur la DEI au sein de l\u2019industrie marketing.<\/p>\n<p>Le rapport <a href=\"https:\/\/acaweb.ca\/fr\/resource\/sondage-dei-rapport-canada\/\">Sondage sur la DEI : r\u00e9sultats du march\u00e9 canadien<\/a>, est dor\u00e9navant accessible. Les r\u00e9sultats aideront le comit\u00e9 sur la DEI de l\u2019ACA \u00e0 poser les bons gestes. La publication g\u00e9n\u00e9rale du rapport \u00e0 la communaut\u00e9 marketing vise \u00e0 appuyer les initiatives semblables dans les associations et autres organisations.<\/p>\n<p>De nombreux partenaires appuient cette d\u00e9marche, notamment : l\u2019Association des agences de communication cr\u00e9ative (A2C), les Normes de la publicit\u00e9, le Canadian Media Directors Council (CDMC), le <em>Grenier aux nouvelles<\/em>, l\u2019Institute of Communication Agencies (ICA), le Bureau de la publicit\u00e9 interactive du Canada (IAB Canada), le Pride Advertising &amp; Marketing (Pride AM), la Multicultural Marketing Alliance Canada (MMAC), <em>strategy<\/em> et thinkTV.<\/p>\n<p>Le sondage a \u00e9t\u00e9 dirig\u00e9 mondialement par la World Federation of Advertisers (WFA) qui souhaite r\u00e9p\u00e9ter l\u2019activit\u00e9 au cours du premier trimestre de 2023 afin de mesurer les progr\u00e8s.<\/p>\n<h3>Blogue<\/h3>\n<ul>\n<li><a href=\"https:\/\/acaweb.ca\/fr\/2023\/loreal-une-marque-de-beaute-qui-a-une-raison-detre\/\">L\u2019Or\u00e9al, une marque de beaut\u00e9 qui a une raison d\u2019\u00eatre<\/a> (1 mars 2023)<\/li>\n<li><a href=\"https:\/\/acaweb.ca\/fr\/2023\/lapproche-chemin-de-fer-non-clandestin-de-mark-harrison-pour-faire-avancer-la-dei\/\">Lire la suite L\u2019approche \u00ab chemin de fer \u201cnon\u201d clandestin \u00bb de Mark Harrison pour faire avancer la DEI<\/a> (1 f\u00e9vrier 2023)<\/li>\n<li><a href=\"https:\/\/acaweb.ca\/fr\/2023\/les-sept-habitudes-de-pg-pour-stimuler-la-croissance-multiculturelle-du-marche-2\/\">Les sept habitudes de P&amp;G pour stimuler la croissance multiculturelle du march\u00e9<\/a> (19 janvier 2023)<\/li>\n<\/ul>\n<h3>Ressources<\/h3>\n<ul>\n<li><a href=\"https:\/\/acaweb.ca\/fr\/wp-content\/uploads\/sites\/3\/2024\/06\/AccessibleGraphics_Document.pdf\">R\u00e8gles et directives pour la cr\u00e9ation de visuels accessibles &#8211; AMI<\/a> (2024) &#8211; <em>document en anglais<\/em><\/li>\n<li><a href=\"https:\/\/www.xr.global\/2024-accessibility-report?utm_source=Partners+Website&amp;utm_medium=ACA-Web&amp;utm_campaign=XR-Advertising-Accessibility-Report-OC-062024\">Rapport 2024 sur l&rsquo;indice mondial d&rsquo;accessibilit\u00e9 \u00e0 la publicit\u00e9 et tendances<\/a> (2024) &#8211; <em>document en anglais<\/em><\/li>\n<li><a href=\"https:\/\/acaweb.ca\/fr\/resource\/sondage-mondial-2023-sur-la-dei-resume-pour-le-canada\/\">Sondage mondial sur la DEI : R\u00e9sultats du march\u00e9 canadien<\/a> (2023)<\/li>\n<li><a href=\"https:\/\/acaweb.ca\/fr\/resource\/diversite-et-representation\/\">Diversit\u00e9 et repr\u00e9sentation : Le guide des pr\u00e9jug\u00e9s potentiels associ\u00e9s au processus de cr\u00e9ation<\/a> (2021)<\/li>\n<li><a href=\"https:\/\/acaweb.ca\/fr\/resource\/sondage-dei-rapport-canada\/\">Sondage mondial sur la DEI : R\u00e9sultats du march\u00e9 canadien<\/a> (2021)<\/li>\n<\/ul>\n<h3>Communiqu\u00e9s de presse<\/h3>\n<ul>\n<li>(15 juin 2023) <a href=\"https:\/\/acaweb.ca\/fr\/a-propos-de-nous\/ressources-pour-les-medias\/la-deuxieme-vague-du-recensement-mondial-portant-sur-la-dei-montre-une-forte-reconnaissance-des-efforts-de-lindustrie-mais-aucune-amelioration-en-matiere-dinclusion\/\">La deuxi\u00e8me vague du recensement mondial portant sur la DEI montre une forte reconnaissance des efforts de l\u2019industrie, mais aucune am\u00e9lioration en mati\u00e8re d\u2019inclusion<\/a><\/li>\n<li>(15 mars 2023) <a href=\"https:\/\/acaweb.ca\/fr\/a-propos-de-nous\/ressources-pour-les-medias\/laca-dirige-le-deuxieme-sondage-mondial-sur-la-dei-pour-lindustrie-canadienne-du-marketing\/\">L\u2019ACA dirige le deuxi\u00e8me sondage mondial sur la DEI pour l\u2019industrie canadienne du marketing<\/a><\/li>\n<li>(29 novembre 2021) <a href=\"https:\/\/acaweb.ca\/fr\/a-propos-de-nous\/ressources-pour-les-medias\/nouvel-outil-pour-assurer-lintegration-de-la-diversite-et-de-la-representation-a-chaque-etape-du-processus-de-creation\/\">Nouvel outil pour assurer l\u2019int\u00e9gration de la diversit\u00e9 et de la repr\u00e9sentation \u00e0 chaque \u00e9tape du processus de cr\u00e9ation<\/a><\/li>\n<li>(26 octobre 2021) <a href=\"https:\/\/acaweb.ca\/fr\/a-propos-de-nous\/ressources-pour-les-medias\/resultats-premiere-recherche-mondiale-industrie-marketing-dei-revelent-dimportantes-inegalites-au-canada\/\">Les r\u00e9sultats de la toute premi\u00e8re recherche mondiale au sujet de la DEI r\u00e9v\u00e8lent d\u2019importantes in\u00e9galit\u00e9s au Canada quant \u00e0 la situation familiale, \u00e0 l\u2019\u00e2ge, \u00e0 l\u2019identit\u00e9 de genre, \u00e0 l\u2019origine ethnique et au handicap<\/a><\/li>\n<li>(14 juin 2021) <a href=\"https:\/\/acaweb.ca\/fr\/a-propos-de-nous\/ressources-pour-les-medias\/a-compter-du-21-juin-prochain-le-canada-participera-a-un-sondage-mondial-de-lindustrie-portant-sur-la-diversite-lequite-et-linclusion-dei\/\">\u00c0 compter du 21 juin prochain, le Canada participera \u00e0 un sondage mondial de l\u2019industrie portant sur la diversit\u00e9, l\u2019\u00e9quit\u00e9 et l\u2019inclusion (DEI)<\/a><\/li>\n<\/ul>\n<h3>Webinaires<\/h3>\n<ul>\n<li>(1 mai 2024) <a href=\"https:\/\/acaweb.ca\/fr\/?event=influenceurs-multiculturels-pourquoi-diversifier-liste\">Influenceurs multiculturels : Pourquoi vous devriez diversifier votre liste<\/a><\/li>\n<li>(19 mars 2024) <a href=\"https:\/\/acaweb.ca\/fr\/?event=cricket-nouveaux-horizons-pour-marques\">Vague croissante du cricket : De nouveaux horizons pour les marques<\/a><\/li>\n<li>(2 novembre 2022) <a href=\"https:\/\/acaweb.ca\/fr\/?event=les-habitudes-et-opinions-variees-des-consommateurs-multiculturels\">Les habitudes et opinions vari\u00e9es des consommateurs multiculturels<\/a><\/li>\n<li>(5 octobre 2022) <a href=\"https:\/\/acaweb.ca\/fr\/?event=dear-everybody-rendons-visibles-les-personnes-en-situation-de-handicap\">Rendons visibles les personnes en situation de handicap<\/a><\/li>\n<li>(12 janvier 2022) <a href=\"https:\/\/acaweb.ca\/fr\/?event=vers-la-diversite-et-la-representation-a-toutes-les-etapes-du-processus-de-creation\">Vers la diversit\u00e9 et la repr\u00e9sentation \u00e0 toutes les \u00e9tapes du processus de cr\u00e9ation<\/a><\/li>\n<\/ul>\n","protected":false},"excerpt":{"rendered":"<p>Le Canada est un pays diversifi\u00e9 sur le plan ethnique et plusieurs cultures du monde entier s\u2019y c\u00f4toient; on rapporte que 22 % des Canadiens appartiennent \u00e0 une minorit\u00e9 visible (&gt;50 % \u00e0 Toronto et \u00e0 Vancouver), 6 % ont d\u00e9clar\u00e9 \u00eatre d\u2019ascendance autochtone, 4 % s\u2019identifient comme LGBTQ2+ et 22 % vivent avec une [&hellip;]<\/p>\n","protected":false},"author":1,"featured_media":6727,"parent":340,"menu_order":0,"comment_status":"closed","ping_status":"closed","template":"leadership-grandchild.php","meta":{"_acf_changed":false,"content-type":"","footnotes":""},"acf":[],"yoast_head":"<!-- This site is optimized with the Yoast SEO plugin v23.4 - https:\/\/yoast.com\/wordpress\/plugins\/seo\/ -->\n<title>Association canadienne des annonceurs<\/title>\n<meta name=\"robots\" content=\"index, follow, max-snippet:-1, max-image-preview:large, max-video-preview:-1\" \/>\n<meta property=\"og:locale\" content=\"fr_CA\" \/>\n<meta property=\"og:type\" content=\"article\" \/>\n<meta property=\"og:site_name\" content=\"Association canadienne des annonceurs\" \/>\n<meta name=\"twitter:card\" content=\"summary_large_image\" \/>\n<script type=\"application\/ld+json\" class=\"yoast-schema-graph\">{\"@context\":\"https:\/\/schema.org\",\"@graph\":[{\"@type\":\"CollectionPage\",\"@id\":null,\"url\":\"\",\"name\":\"\",\"isPartOf\":{\"@id\":\"https:\/\/acaweb.ca\/fr\/#website\"},\"inLanguage\":\"fr-CA\"},{\"@type\":\"WebSite\",\"@id\":\"https:\/\/acaweb.ca\/fr\/#website\",\"url\":\"https:\/\/acaweb.ca\/fr\/\",\"name\":\"Association canadienne des annonceurs\",\"description\":\"\",\"publisher\":{\"@id\":\"https:\/\/acaweb.ca\/fr\/#organization\"},\"potentialAction\":[{\"@type\":\"SearchAction\",\"target\":{\"@type\":\"EntryPoint\",\"urlTemplate\":\"https:\/\/acaweb.ca\/fr\/?s={search_term_string}\"},\"query-input\":{\"@type\":\"PropertyValueSpecification\",\"valueRequired\":true,\"valueName\":\"search_term_string\"}}],\"inLanguage\":\"fr-CA\"},{\"@type\":\"Organization\",\"@id\":\"https:\/\/acaweb.ca\/fr\/#organization\",\"name\":\"Association canadienne des annonceurs\",\"url\":\"https:\/\/acaweb.ca\/fr\/\",\"logo\":{\"@type\":\"ImageObject\",\"inLanguage\":\"fr-CA\",\"@id\":\"https:\/\/acaweb.ca\/fr\/#\/schema\/logo\/image\/\",\"url\":\"https:\/\/acaweb.ca\/fr\/wp-content\/uploads\/sites\/3\/2017\/10\/cropped-ACA-FR-logo-colour.png\",\"contentUrl\":\"https:\/\/acaweb.ca\/fr\/wp-content\/uploads\/sites\/3\/2017\/10\/cropped-ACA-FR-logo-colour.png\",\"width\":1595,\"height\":417,\"caption\":\"Association canadienne des annonceurs\"},\"image\":{\"@id\":\"https:\/\/acaweb.ca\/fr\/#\/schema\/logo\/image\/\"}}]}<\/script>\n<!-- \/ Yoast SEO plugin. -->","yoast_head_json":{"title":"Association canadienne des annonceurs","robots":{"index":"index","follow":"follow","max-snippet":"max-snippet:-1","max-image-preview":"max-image-preview:large","max-video-preview":"max-video-preview:-1"},"og_locale":"fr_CA","og_type":"article","og_site_name":"Association canadienne des annonceurs","twitter_card":"summary_large_image","schema":{"@context":"https:\/\/schema.org","@graph":[{"@type":"CollectionPage","@id":null,"url":"","name":"","isPartOf":{"@id":"https:\/\/acaweb.ca\/fr\/#website"},"inLanguage":"fr-CA"},{"@type":"WebSite","@id":"https:\/\/acaweb.ca\/fr\/#website","url":"https:\/\/acaweb.ca\/fr\/","name":"Association canadienne des annonceurs","description":"","publisher":{"@id":"https:\/\/acaweb.ca\/fr\/#organization"},"potentialAction":[{"@type":"SearchAction","target":{"@type":"EntryPoint","urlTemplate":"https:\/\/acaweb.ca\/fr\/?s={search_term_string}"},"query-input":{"@type":"PropertyValueSpecification","valueRequired":true,"valueName":"search_term_string"}}],"inLanguage":"fr-CA"},{"@type":"Organization","@id":"https:\/\/acaweb.ca\/fr\/#organization","name":"Association canadienne des annonceurs","url":"https:\/\/acaweb.ca\/fr\/","logo":{"@type":"ImageObject","inLanguage":"fr-CA","@id":"https:\/\/acaweb.ca\/fr\/#\/schema\/logo\/image\/","url":"https:\/\/acaweb.ca\/fr\/wp-content\/uploads\/sites\/3\/2017\/10\/cropped-ACA-FR-logo-colour.png","contentUrl":"https:\/\/acaweb.ca\/fr\/wp-content\/uploads\/sites\/3\/2017\/10\/cropped-ACA-FR-logo-colour.png","width":1595,"height":417,"caption":"Association canadienne des annonceurs"},"image":{"@id":"https:\/\/acaweb.ca\/fr\/#\/schema\/logo\/image\/"}}]}},"_links":{"self":[{"href":"https:\/\/acaweb.ca\/fr\/wp-json\/wp\/v2\/pages\/5974"}],"collection":[{"href":"https:\/\/acaweb.ca\/fr\/wp-json\/wp\/v2\/pages"}],"about":[{"href":"https:\/\/acaweb.ca\/fr\/wp-json\/wp\/v2\/types\/page"}],"author":[{"embeddable":true,"href":"https:\/\/acaweb.ca\/fr\/wp-json\/wp\/v2\/users\/1"}],"replies":[{"embeddable":true,"href":"https:\/\/acaweb.ca\/fr\/wp-json\/wp\/v2\/comments?post=5974"}],"version-history":[{"count":36,"href":"https:\/\/acaweb.ca\/fr\/wp-json\/wp\/v2\/pages\/5974\/revisions"}],"predecessor-version":[{"id":7757,"href":"https:\/\/acaweb.ca\/fr\/wp-json\/wp\/v2\/pages\/5974\/revisions\/7757"}],"up":[{"embeddable":true,"href":"https:\/\/acaweb.ca\/fr\/wp-json\/wp\/v2\/pages\/340"}],"wp:featuredmedia":[{"embeddable":true,"href":"https:\/\/acaweb.ca\/fr\/wp-json\/wp\/v2\/media\/6727"}],"wp:attachment":[{"href":"https:\/\/acaweb.ca\/fr\/wp-json\/wp\/v2\/media?parent=5974"}],"curies":[{"name":"wp","href":"https:\/\/api.w.org\/{rel}","templated":true}]}}