{"id":5955,"date":"2021-05-26T16:49:00","date_gmt":"2021-05-26T20:49:00","guid":{"rendered":"https:\/\/acaweb.ca\/fr\/?page_id=5955"},"modified":"2021-06-18T16:32:26","modified_gmt":"2021-06-18T20:32:26","slug":"solutions-pour-levaluation-multimedia-dans-le-collimateur","status":"publish","type":"page","link":"https:\/\/acaweb.ca\/fr\/leadership\/initiatives-actuelles\/evaluation-des-medias\/solutions-pour-levaluation-multimedia-dans-le-collimateur\/","title":{"rendered":"Solutions pour l\u2019\u00e9valuation multim\u00e9dia dans le collimateur"},"content":{"rendered":"<p><strong>27 mai 2021 : <\/strong>L\u2019automne dernier, l\u2019Association canadienne des annonceurs (ACA) a annonc\u00e9 la formation d\u2019un <a href=\"https:\/\/acaweb.ca\/fr\/a-propos-de-nous\/ressources-pour-les-medias\/levaluation-multimedia-sur-le-point-de-changer-au-canada\/\">Comit\u00e9 sur l\u2019\u00e9valuation multim\u00e9dia<\/a> dont la mission sera de r\u00e9pondre aux besoins des annonceurs par le biais d\u2019une d\u00e9marche structur\u00e9e visant la mise en \u0153uvre d\u2019un syst\u00e8me d\u2019\u00e9valuation multim\u00e9dia uniformis\u00e9 \u00e0 travers le Canada.<\/p>\n<p>La mesure exacte d\u2019audiences \u00e0 travers plusieurs plateformes publicitaires permettra de calculer une port\u00e9e et une fr\u00e9quence sans duplication et, ultimement, de r\u00e9partir plus efficacement les investissements m\u00e9dia tout en offrant une meilleure exp\u00e9rience publicitaire aux consommateurs. <\/p>\n<p>L\u2019initiative de l\u2019ACA est partie prenante d\u2019un plan mondial dirig\u00e9 par la WFA (World Federation of Advertisers) qui, l\u2019ann\u00e9e derni\u00e8re, a \u00e9labor\u00e9 une <a href=\"https:\/\/acaweb.ca\/fr\/resource\/etablissement-des-principes-dune-nouvelle-approche-dans-levaluation-multimedia\/\">d\u00e9marche structur\u00e9e et une proposition technique<\/a> centr\u00e9es sur l\u2019annonceur. <\/p>\n<p>L\u2019ANA (Association of National Advertisers) aux \u00c9tats-Unis et l\u2019ISBA, l\u2019association nationale des annonceurs au R.-U. s\u2019affairent actuellement \u00e0 mettre en \u0153uvre les composantes communes \u00e0 plusieurs pays pour une adoption ult\u00e9rieure sur une base locale. Le code mis au point ainsi que toutes les \u00e9tapes subs\u00e9quentes du d\u00e9ploiement dans les march\u00e9s seront \u00e0 source ouverte et accessibles \u00e0 toute l\u2019industrie, y compris au Canada. <\/p>\n<h2>Le Canada \u2013 Branch\u00e9 sur le monde pour mieux avancer localement<\/h2>\n<p>Le Comit\u00e9 sur l\u2019\u00e9valuation multim\u00e9dia de l\u2019ACA, s\u2019appuyant sur les apprentissages de la WFA, de l\u2019ISBA et de l\u2019ANA \u00e0 l\u2019\u00e9chelle mondiale, entame maintenant le processus visant \u00e0 d\u00e9terminer ce \u00e0 quoi pourrait ressembler le d\u00e9veloppement et la mise en \u0153uvre d\u2019une solution au Canada. <\/p>\n<p>Pour \u00eatre \u00e0 la hauteur des ambitions de la WFA et conform\u00e9ment aux principes mis de l\u2019avant par celle-ci, la solution devra r\u00e9pondre aux besoins des annonceurs en leur fournissant des mesures du d\u00e9but \u00e0 la fin d\u2019une campagne, sur une base continue et exhaustive, pour tous les m\u00e9dias num\u00e9riques et pour l\u2019ensemble de l\u2019entonnoir de conversion marketing. Elle optimisera les mesures \u00e0 travers tous les canaux, r\u00e9duira les pertes en termes d\u2019investissements m\u00e9dia, am\u00e9liorera la mesure des r\u00e9sultats et, de ce fait, maximisera le RCI et suscitera une plus grande responsabilisation. Qui plus est, les consommateurs jouiront d\u2019une exp\u00e9rience publicitaire am\u00e9lior\u00e9e sans exc\u00e8s de fr\u00e9quence et les annonceurs disposeront de donn\u00e9es valables tout en respectant la vie priv\u00e9e des consommateurs puisqu\u2019aucune r\u00e9identification de ces derniers ne sera possible.<\/p>\n<p>Les principes d\u2019envergure de la WFA.<\/p>\n<p><img decoding=\"async\" src=\"https:\/\/acaweb.ca\/fr\/wp-content\/uploads\/sites\/3\/2021\/05\/northstar-FR-v2-1024x980.jpg\" alt=\"Besoins des annonceurs : MESURES DU D\u00c9BUT \u00c0 LA FIN D\u2019UNE CAMPAGNE - Planification\/Cr\u00e9ation de rapports\/Optimisation; SUIVI CONTINU ET EXHAUSTIF - Sans taggage, capture constante de donn\u00e9es, toutes campagnes, tous m\u00e9dias; MESURES GLOBALES - TV et tous m\u00e9dias num\u00e9riques (y compris vid\u00e9o + autres formats); MESURES INT\u00c9GRALES - Mesures multidimensionnelles des extrants et des r\u00e9sultats pour l\u2019ensemble de l\u2019entonnoir de conversion marketing. | Exigences de l\u2019industrie : PROTECTION DE LA VIE PRIV\u00c9E - Respect pour le consommateur et aucun risque de r\u00e9identification; MESURES \u00c9QUITABLES ET OBJECTIVES - Service neutre avec mesures comparables; CONFIANCE ET TRANSPARENCE - Consignation par le biais de v\u00e9rifications r\u00e9guli\u00e8res; PUBLICIT\u00c9 ET CONTENU - Mesure de l\u2019efficacit\u00e9 des publicit\u00e9s et du contexte ou du contenu \u00e9ditorial\" width=\"100%\" class=\"alignnone size-large wp-image-5958\" srcset=\"https:\/\/acaweb.ca\/fr\/wp-content\/uploads\/sites\/3\/2021\/05\/northstar-FR-v2-1024x980.jpg 1024w, https:\/\/acaweb.ca\/fr\/wp-content\/uploads\/sites\/3\/2021\/05\/northstar-FR-v2-300x287.jpg 300w, https:\/\/acaweb.ca\/fr\/wp-content\/uploads\/sites\/3\/2021\/05\/northstar-FR-v2-768x735.jpg 768w, https:\/\/acaweb.ca\/fr\/wp-content\/uploads\/sites\/3\/2021\/05\/northstar-FR-v2-643x615.jpg 643w, https:\/\/acaweb.ca\/fr\/wp-content\/uploads\/sites\/3\/2021\/05\/northstar-FR-v2-183x175.jpg 183w, https:\/\/acaweb.ca\/fr\/wp-content\/uploads\/sites\/3\/2021\/05\/northstar-FR-v2.jpg 1326w\" sizes=\"(max-width: 1024px) 100vw, 1024px\" \/><\/p>\n<p>Le Comit\u00e9 sur l\u2019\u00e9valuation multim\u00e9dia de l\u2019ACA est actuellement compos\u00e9 de membres repr\u00e9sentant 10 annonceurs nationaux canadiens.<\/p>\n<ul>\n<li><strong>Judi Hoffman<\/strong>, directrice m\u00e9dia, P&#038;G Canada, <em>pr\u00e9sidente du comit\u00e9<\/em><\/li>\n<li><strong>Judy Davey<\/strong>, vice-pr\u00e9sidente, Politiques m\u00e9dia et ressources marketing, Association canadienne des annonceurs, <em>repr\u00e9sentante de l\u2019ACA<\/em> <\/li>\n<li><strong>Joy Ghosh<\/strong>, directeur principal de marque, Marques mondiales, Molson Coors, <em>membre du comit\u00e9<\/em><\/li>\n<li><strong>Robin Hassan<\/strong>, directrice, Marketing int\u00e9gr\u00e9 et transformation num\u00e9rique, Unilever Canada, <em>membre du comit\u00e9<\/em><\/li>\n<li><strong>Stacey Najman<\/strong>, chef de marque, Toyota Canada Inc., <em>membre du comit\u00e9<\/em><\/li>\n<li><strong>Nicolas Poitras<\/strong>, vice-pr\u00e9sident, Marketing communications, Bell, <em>membre du comit\u00e9<\/em><\/li>\n<li><strong>Mike Sherman<\/strong>, directeur, M\u00e9dia et optimisation des donn\u00e9es, L\u2019Or\u00e9al Canada, <em>membre du comit\u00e9<\/em><\/li>\n<li><strong>Alain Tadros<\/strong>, vice-pr\u00e9sident, Marketing Qu\u00e9bec, Metro Inc., <em>membre du comit\u00e9<\/em><\/li>\n<li><strong>Jenny Thorne<\/strong>, directrice, Exp\u00e9riences consommateurs int\u00e9gr\u00e9es, Smucker Foods of Canada, <em>membre du comit\u00e9<\/em><\/li>\n<li><strong>Marie Tsang<\/strong>, directrice, M\u00e9dias num\u00e9riques, PepsiCo Canada, <em>membre du comit\u00e9<\/em><\/li>\n<li><strong>Melissa Williams<\/strong>, directrice principale, M\u00e9dia, CIBC, <em>membre du comit\u00e9<\/em><\/li>\n<\/ul>\n<p>L\u2019ACA souhaite voir cette solution d\u00e9couler d\u2019une collaboration de toute l\u2019industrie, donc en allant de l\u2019avant, le Comit\u00e9 sur l\u2019\u00e9valuation multim\u00e9dia sollicitera le concours d\u2019autres intervenants de l\u2019industrie, y compris des annonceurs, diffuseurs, \u00e9diteurs num\u00e9riques, agences, firmes de mesure d\u2019audiences et autres parties int\u00e9ress\u00e9es. <\/p>\n<p>Cet \u00e9t\u00e9, le Comit\u00e9 commencera \u00e0 \u00e9laborer un plan directeur canadien bas\u00e9 sur les initiatives et les apprentissages de la WFA, de l\u2019ISBA et de l\u2019ANA, mais en les adaptant \u00e0 l\u2019\u00e9cosyst\u00e8me m\u00e9dia canadien. Un projet pilote devrait \u00eatre annonc\u00e9 \u00e0 la fin de 2022.<\/p>\n<p>Pour souligner l\u2019importance de cette initiative, l\u2019ACA cherche actuellement \u00e0 pourvoir un poste \u00e0 temps plein. Cette personne sera totalement d\u00e9di\u00e9e \u00e0 l\u2019initiative et en assurera le leadership sur une base quotidienne. Vous trouverez tous les d\u00e9tails du poste sur le <a href=\"https:\/\/acaweb.ca\/fr\/a-propos-de-nous\/carrieres\/\">site web de l\u2019ACA<\/a>.<\/p>\n<p>Les annonceurs d\u00e9sireux d\u2019en apprendre plus concernant cette initiative ou de participer \u00e0 un groupe de travail sont pri\u00e9s de contacter <a href=\"mailto:jdavey@acaweb.ca\">Judy Davey<\/a>, v.-p., Politiques m\u00e9dia et ressources marketing, ACA.<\/p>\n","protected":false},"excerpt":{"rendered":"<p>L\u2019automne dernier, l\u2019Association canadienne des annonceurs (ACA) a annonc\u00e9 la formation d\u2019un Comit\u00e9 sur l\u2019\u00e9valuation multim\u00e9dia dont la mission sera de r\u00e9pondre aux besoins des annonceurs par le biais d\u2019une d\u00e9marche structur\u00e9e visant la mise en \u0153uvre d\u2019un syst\u00e8me d\u2019\u00e9valuation multim\u00e9dia uniformis\u00e9 \u00e0 travers le Canada.<\/p>\n<p>La mesure exacte d\u2019audiences \u00e0 travers plusieurs plateformes publicitaires permettra de calculer une port\u00e9e et une fr\u00e9quence sans duplication et, ultimement, de r\u00e9partir plus efficacement les investissements m\u00e9dia tout en offrant une meilleure exp\u00e9rience publicitaire aux consommateurs. <\/p>\n<p>L\u2019initiative de l\u2019ACA est partie prenante d\u2019un plan mondial dirig\u00e9 par la WFA (World Federation of Advertisers) qui, l\u2019ann\u00e9e derni\u00e8re, a \u00e9labor\u00e9 une d\u00e9marche structur\u00e9e et une proposition technique centr\u00e9es sur l\u2019annonceur. <\/p>\n","protected":false},"author":1,"featured_media":5963,"parent":347,"menu_order":222,"comment_status":"closed","ping_status":"closed","template":"","meta":{"_acf_changed":false,"content-type":"","footnotes":""},"acf":[],"yoast_head":"<!-- This site is optimized with the Yoast SEO plugin v23.4 - https:\/\/yoast.com\/wordpress\/plugins\/seo\/ -->\n<title>Association canadienne des annonceurs<\/title>\n<meta name=\"robots\" content=\"index, follow, max-snippet:-1, max-image-preview:large, max-video-preview:-1\" \/>\n<meta property=\"og:locale\" content=\"fr_CA\" \/>\n<meta property=\"og:type\" content=\"article\" \/>\n<meta property=\"og:site_name\" content=\"Association canadienne des annonceurs\" \/>\n<meta name=\"twitter:card\" content=\"summary_large_image\" \/>\n<script type=\"application\/ld+json\" class=\"yoast-schema-graph\">{\"@context\":\"https:\/\/schema.org\",\"@graph\":[{\"@type\":\"CollectionPage\",\"@id\":null,\"url\":\"\",\"name\":\"\",\"isPartOf\":{\"@id\":\"https:\/\/acaweb.ca\/fr\/#website\"},\"inLanguage\":\"fr-CA\"},{\"@type\":\"WebSite\",\"@id\":\"https:\/\/acaweb.ca\/fr\/#website\",\"url\":\"https:\/\/acaweb.ca\/fr\/\",\"name\":\"Association canadienne des annonceurs\",\"description\":\"\",\"publisher\":{\"@id\":\"https:\/\/acaweb.ca\/fr\/#organization\"},\"potentialAction\":[{\"@type\":\"SearchAction\",\"target\":{\"@type\":\"EntryPoint\",\"urlTemplate\":\"https:\/\/acaweb.ca\/fr\/?s={search_term_string}\"},\"query-input\":{\"@type\":\"PropertyValueSpecification\",\"valueRequired\":true,\"valueName\":\"search_term_string\"}}],\"inLanguage\":\"fr-CA\"},{\"@type\":\"Organization\",\"@id\":\"https:\/\/acaweb.ca\/fr\/#organization\",\"name\":\"Association canadienne des annonceurs\",\"url\":\"https:\/\/acaweb.ca\/fr\/\",\"logo\":{\"@type\":\"ImageObject\",\"inLanguage\":\"fr-CA\",\"@id\":\"https:\/\/acaweb.ca\/fr\/#\/schema\/logo\/image\/\",\"url\":\"https:\/\/acaweb.ca\/fr\/wp-content\/uploads\/sites\/3\/2017\/10\/cropped-ACA-FR-logo-colour.png\",\"contentUrl\":\"https:\/\/acaweb.ca\/fr\/wp-content\/uploads\/sites\/3\/2017\/10\/cropped-ACA-FR-logo-colour.png\",\"width\":1595,\"height\":417,\"caption\":\"Association canadienne des annonceurs\"},\"image\":{\"@id\":\"https:\/\/acaweb.ca\/fr\/#\/schema\/logo\/image\/\"}}]}<\/script>\n<!-- \/ Yoast SEO plugin. -->","yoast_head_json":{"title":"Association canadienne des annonceurs","robots":{"index":"index","follow":"follow","max-snippet":"max-snippet:-1","max-image-preview":"max-image-preview:large","max-video-preview":"max-video-preview:-1"},"og_locale":"fr_CA","og_type":"article","og_site_name":"Association canadienne des annonceurs","twitter_card":"summary_large_image","schema":{"@context":"https:\/\/schema.org","@graph":[{"@type":"CollectionPage","@id":null,"url":"","name":"","isPartOf":{"@id":"https:\/\/acaweb.ca\/fr\/#website"},"inLanguage":"fr-CA"},{"@type":"WebSite","@id":"https:\/\/acaweb.ca\/fr\/#website","url":"https:\/\/acaweb.ca\/fr\/","name":"Association canadienne des annonceurs","description":"","publisher":{"@id":"https:\/\/acaweb.ca\/fr\/#organization"},"potentialAction":[{"@type":"SearchAction","target":{"@type":"EntryPoint","urlTemplate":"https:\/\/acaweb.ca\/fr\/?s={search_term_string}"},"query-input":{"@type":"PropertyValueSpecification","valueRequired":true,"valueName":"search_term_string"}}],"inLanguage":"fr-CA"},{"@type":"Organization","@id":"https:\/\/acaweb.ca\/fr\/#organization","name":"Association canadienne des annonceurs","url":"https:\/\/acaweb.ca\/fr\/","logo":{"@type":"ImageObject","inLanguage":"fr-CA","@id":"https:\/\/acaweb.ca\/fr\/#\/schema\/logo\/image\/","url":"https:\/\/acaweb.ca\/fr\/wp-content\/uploads\/sites\/3\/2017\/10\/cropped-ACA-FR-logo-colour.png","contentUrl":"https:\/\/acaweb.ca\/fr\/wp-content\/uploads\/sites\/3\/2017\/10\/cropped-ACA-FR-logo-colour.png","width":1595,"height":417,"caption":"Association canadienne des annonceurs"},"image":{"@id":"https:\/\/acaweb.ca\/fr\/#\/schema\/logo\/image\/"}}]}},"_links":{"self":[{"href":"https:\/\/acaweb.ca\/fr\/wp-json\/wp\/v2\/pages\/5955"}],"collection":[{"href":"https:\/\/acaweb.ca\/fr\/wp-json\/wp\/v2\/pages"}],"about":[{"href":"https:\/\/acaweb.ca\/fr\/wp-json\/wp\/v2\/types\/page"}],"author":[{"embeddable":true,"href":"https:\/\/acaweb.ca\/fr\/wp-json\/wp\/v2\/users\/1"}],"replies":[{"embeddable":true,"href":"https:\/\/acaweb.ca\/fr\/wp-json\/wp\/v2\/comments?post=5955"}],"version-history":[{"count":7,"href":"https:\/\/acaweb.ca\/fr\/wp-json\/wp\/v2\/pages\/5955\/revisions"}],"predecessor-version":[{"id":5999,"href":"https:\/\/acaweb.ca\/fr\/wp-json\/wp\/v2\/pages\/5955\/revisions\/5999"}],"up":[{"embeddable":true,"href":"https:\/\/acaweb.ca\/fr\/wp-json\/wp\/v2\/pages\/347"}],"wp:featuredmedia":[{"embeddable":true,"href":"https:\/\/acaweb.ca\/fr\/wp-json\/wp\/v2\/media\/5963"}],"wp:attachment":[{"href":"https:\/\/acaweb.ca\/fr\/wp-json\/wp\/v2\/media?parent=5955"}],"curies":[{"name":"wp","href":"https:\/\/api.w.org\/{rel}","templated":true}]}}