{"id":5943,"date":"2021-05-18T11:00:13","date_gmt":"2021-05-18T15:00:13","guid":{"rendered":"https:\/\/acaweb.ca\/fr\/?page_id=5943"},"modified":"2025-07-28T15:08:03","modified_gmt":"2025-07-28T19:08:03","slug":"carrieres","status":"publish","type":"page","link":"https:\/\/acaweb.ca\/fr\/a-propos-de-nous\/carrieres\/","title":{"rendered":"Carri\u00e8res"},"content":{"rendered":"<p>L\u2019Association canadienne des annonceurs (ACA) est l\u2019<strong>indispensable d\u00e9fenseur et leader d\u2019opinion des annonceurs canadiens<\/strong>.<br \/>\n\u00c0 titre d\u2019<strong>unique voix ind\u00e9pendante des annonceurs<\/strong>, nous d\u00e9fendons les int\u00e9r\u00eats de nos membres et militons pour un changement social positif tout en maintenant le cap sur la maximisation du RCI.<\/p>\n<p>Nous sommes ravis d\u2019annoncer <strong> un poste vacant<\/strong> au sein de l&rsquo;ACA. Vous trouverez ci-dessous la description d\u00e9taill\u00e9e du r\u00f4le (en anglais).<br \/>\nSi vous souhaitez rejoindre notre \u00e9quipe, veuillez envoyer votre CV et votre lettre de motivation \u00e0 <strong>careers@acaweb.ca<\/strong>.<\/p>\n<p>Au plaisir de recevoir votre candidature !<\/p>\n<p><a href=\"https:\/\/acaweb.ca\/fr\/wp-content\/uploads\/sites\/3\/2025\/04\/Job-Description1-Content-and-Communications-Manager.pdf\">Gestionnaire de contenu et de communication<\/a><\/p>\n<ul>\n<li style=\"list-style-type: none;\">\n<ul><!--<a href=\"https:\/\/acaweb.ca\/fr\/wp-content\/uploads\/sites\/3\/2024\/04\/FR-Descriptif-de-poste-President-et-directeur-general-ACA-v2.pdf\">Pr\u00e9sident\/Pr\u00e9sidente et chef.fe de la direction <\/a>--><\/ul>\n<\/li>\n<\/ul>\n<p>&nbsp;<\/p>\n<ul><!--<a href=\"https:\/\/acaweb.ca\/fr\/wp-content\/uploads\/sites\/3\/2021\/08\/Bilingual-Membership-Coordinator-August-2021-FR.pdf\">Coordinateur\/Coordinatrice, Services aux membres (bilingue)<\/a>--><\/ul>\n","protected":false},"excerpt":{"rendered":"<p>Souhaitez-vous laisser votre marque de mani\u00e8re durable et positive sur l\u2019industrie du marketing et des m\u00e9dias? Nous recherchons un expert pour piloter notre initiative portant sur la mesure m\u00e9dia.<\/p>\n","protected":false},"author":1,"featured_media":5971,"parent":9,"menu_order":222,"comment_status":"closed","ping_status":"closed","template":"","meta":{"_acf_changed":false,"content-type":"","footnotes":""},"acf":[],"yoast_head":"<!-- This site is optimized with the Yoast SEO plugin v23.4 - https:\/\/yoast.com\/wordpress\/plugins\/seo\/ -->\n<title>Association canadienne des annonceurs<\/title>\n<meta name=\"robots\" content=\"index, follow, max-snippet:-1, max-image-preview:large, max-video-preview:-1\" \/>\n<meta property=\"og:locale\" content=\"fr_CA\" \/>\n<meta property=\"og:type\" content=\"article\" \/>\n<meta property=\"og:site_name\" content=\"Association canadienne des annonceurs\" \/>\n<meta name=\"twitter:card\" content=\"summary_large_image\" \/>\n<script type=\"application\/ld+json\" class=\"yoast-schema-graph\">{\"@context\":\"https:\/\/schema.org\",\"@graph\":[{\"@type\":\"CollectionPage\",\"@id\":null,\"url\":\"\",\"name\":\"\",\"isPartOf\":{\"@id\":\"https:\/\/acaweb.ca\/fr\/#website\"},\"inLanguage\":\"fr-CA\"},{\"@type\":\"WebSite\",\"@id\":\"https:\/\/acaweb.ca\/fr\/#website\",\"url\":\"https:\/\/acaweb.ca\/fr\/\",\"name\":\"Association canadienne des annonceurs\",\"description\":\"\",\"publisher\":{\"@id\":\"https:\/\/acaweb.ca\/fr\/#organization\"},\"potentialAction\":[{\"@type\":\"SearchAction\",\"target\":{\"@type\":\"EntryPoint\",\"urlTemplate\":\"https:\/\/acaweb.ca\/fr\/?s={search_term_string}\"},\"query-input\":{\"@type\":\"PropertyValueSpecification\",\"valueRequired\":true,\"valueName\":\"search_term_string\"}}],\"inLanguage\":\"fr-CA\"},{\"@type\":\"Organization\",\"@id\":\"https:\/\/acaweb.ca\/fr\/#organization\",\"name\":\"Association canadienne des annonceurs\",\"url\":\"https:\/\/acaweb.ca\/fr\/\",\"logo\":{\"@type\":\"ImageObject\",\"inLanguage\":\"fr-CA\",\"@id\":\"https:\/\/acaweb.ca\/fr\/#\/schema\/logo\/image\/\",\"url\":\"https:\/\/acaweb.ca\/fr\/wp-content\/uploads\/sites\/3\/2017\/10\/cropped-ACA-FR-logo-colour.png\",\"contentUrl\":\"https:\/\/acaweb.ca\/fr\/wp-content\/uploads\/sites\/3\/2017\/10\/cropped-ACA-FR-logo-colour.png\",\"width\":1595,\"height\":417,\"caption\":\"Association canadienne des annonceurs\"},\"image\":{\"@id\":\"https:\/\/acaweb.ca\/fr\/#\/schema\/logo\/image\/\"}}]}<\/script>\n<!-- \/ Yoast SEO plugin. -->","yoast_head_json":{"title":"Association canadienne des annonceurs","robots":{"index":"index","follow":"follow","max-snippet":"max-snippet:-1","max-image-preview":"max-image-preview:large","max-video-preview":"max-video-preview:-1"},"og_locale":"fr_CA","og_type":"article","og_site_name":"Association canadienne des annonceurs","twitter_card":"summary_large_image","schema":{"@context":"https:\/\/schema.org","@graph":[{"@type":"CollectionPage","@id":null,"url":"","name":"","isPartOf":{"@id":"https:\/\/acaweb.ca\/fr\/#website"},"inLanguage":"fr-CA"},{"@type":"WebSite","@id":"https:\/\/acaweb.ca\/fr\/#website","url":"https:\/\/acaweb.ca\/fr\/","name":"Association canadienne des annonceurs","description":"","publisher":{"@id":"https:\/\/acaweb.ca\/fr\/#organization"},"potentialAction":[{"@type":"SearchAction","target":{"@type":"EntryPoint","urlTemplate":"https:\/\/acaweb.ca\/fr\/?s={search_term_string}"},"query-input":{"@type":"PropertyValueSpecification","valueRequired":true,"valueName":"search_term_string"}}],"inLanguage":"fr-CA"},{"@type":"Organization","@id":"https:\/\/acaweb.ca\/fr\/#organization","name":"Association canadienne des annonceurs","url":"https:\/\/acaweb.ca\/fr\/","logo":{"@type":"ImageObject","inLanguage":"fr-CA","@id":"https:\/\/acaweb.ca\/fr\/#\/schema\/logo\/image\/","url":"https:\/\/acaweb.ca\/fr\/wp-content\/uploads\/sites\/3\/2017\/10\/cropped-ACA-FR-logo-colour.png","contentUrl":"https:\/\/acaweb.ca\/fr\/wp-content\/uploads\/sites\/3\/2017\/10\/cropped-ACA-FR-logo-colour.png","width":1595,"height":417,"caption":"Association canadienne des annonceurs"},"image":{"@id":"https:\/\/acaweb.ca\/fr\/#\/schema\/logo\/image\/"}}]}},"_links":{"self":[{"href":"https:\/\/acaweb.ca\/fr\/wp-json\/wp\/v2\/pages\/5943"}],"collection":[{"href":"https:\/\/acaweb.ca\/fr\/wp-json\/wp\/v2\/pages"}],"about":[{"href":"https:\/\/acaweb.ca\/fr\/wp-json\/wp\/v2\/types\/page"}],"author":[{"embeddable":true,"href":"https:\/\/acaweb.ca\/fr\/wp-json\/wp\/v2\/users\/1"}],"replies":[{"embeddable":true,"href":"https:\/\/acaweb.ca\/fr\/wp-json\/wp\/v2\/comments?post=5943"}],"version-history":[{"count":23,"href":"https:\/\/acaweb.ca\/fr\/wp-json\/wp\/v2\/pages\/5943\/revisions"}],"predecessor-version":[{"id":7966,"href":"https:\/\/acaweb.ca\/fr\/wp-json\/wp\/v2\/pages\/5943\/revisions\/7966"}],"up":[{"embeddable":true,"href":"https:\/\/acaweb.ca\/fr\/wp-json\/wp\/v2\/pages\/9"}],"wp:featuredmedia":[{"embeddable":true,"href":"https:\/\/acaweb.ca\/fr\/wp-json\/wp\/v2\/media\/5971"}],"wp:attachment":[{"href":"https:\/\/acaweb.ca\/fr\/wp-json\/wp\/v2\/media?parent=5943"}],"curies":[{"name":"wp","href":"https:\/\/api.w.org\/{rel}","templated":true}]}}