{"id":53,"date":"2017-10-09T10:10:24","date_gmt":"2017-10-09T14:10:24","guid":{"rendered":"http:\/\/www.acaweb.ca\/fr\/?page_id=53"},"modified":"2017-10-09T10:10:24","modified_gmt":"2017-10-09T14:10:24","slug":"le-senat-impose-un-projet-de-loi-qui-augmentera-les-depenses-des-parents","status":"publish","type":"page","link":"https:\/\/acaweb.ca\/fr\/a-propos-de-nous\/ressources-pour-les-medias\/le-senat-impose-un-projet-de-loi-qui-augmentera-les-depenses-des-parents\/","title":{"rendered":"Le S\u00e9nat impose un projet de loi qui augmentera les d\u00e9penses des parents"},"content":{"rendered":"<p>&nbsp;<\/p>\n<ul>\n<li>La l\u00e9gislation interdisant la publicit\u00e9 s\u2019adressant aux moins de 17 ans obligera les parents et les contribuables \u00e0 assumer les frais de plusieurs sports d\u2019\u00e9quipe, \u00e9v\u00e9nements et camps d\u2019\u00e9t\u00e9 pour les jeunes<\/li>\n<li>L\u2019Association canadienne des annonceurs (ACA) n\u2019est pas bienvenue aux audiences du comit\u00e9 s\u00e9natorial \u00e9tudiant le projet de loi<\/li>\n<\/ul>\n<p>&nbsp;<\/p>\n<p><strong>Toronto, 12 juin 2017 :<\/strong> Les annonceurs se sont vus refuser la possibilit\u00e9 d\u2019exprimer aux s\u00e9nateurs leurs inqui\u00e9tudes au sujet des mesures draconiennes contenues dans le projet de loi S 228, loi modifiant la Loi sur les aliments et drogues (interdiction de faire de la publicit\u00e9 d\u2019aliments et de boissons s\u2019adressant aux enfants).<\/p>\n<p>Le Comit\u00e9 des affaires sociales, des sciences et de la technologie du S\u00e9nat a, en effet, refus\u00e9 par deux fois d\u2019entendre l\u2019Association canadienne des annonceurs (ACA) qui souhaitait d\u00e9montrer les d\u00e9fauts du projet de loi et souligner les d\u00e9penses additionnelles qu\u2019il risque d\u2019imposer aux parents et aux contribuables.<\/p>\n<p>\u00ab Les annonceurs souhaitent collaborer avec les l\u00e9gislateurs \u00e0 la mise au point d\u2019une strat\u00e9gie raisonnable et responsable pour s\u2019attaquer au probl\u00e8me complexe de l\u2019ob\u00e9sit\u00e9 enfantine \u00bb, d\u00e9clare Ron Lund, pr\u00e9sident et chef de la direction de l\u2019ACA.<\/p>\n<p>Le projet de loi soumis par la s\u00e9natrice Nancy Greene Raine propose d\u2019interdire les annonces de boissons et de produits alimentaires en ligne et dans virtuellement toutes les \u00e9missions t\u00e9l\u00e9 canadiennes, mais n\u2019aurait aucun effet sur celles provenant des \u00c9tats-Unis, souligne M. Lund.<\/p>\n<p>Le comit\u00e9 s\u00e9natorial va de l\u2019avant dans son \u00e9tude du projet de loi qui interdira aux entreprises de commanditer plusieurs \u00e9v\u00e9nements et activit\u00e9s bien connues et b\u00e9n\u00e9fiques pour les enfants, m\u00eame s\u2019il n\u2019est pas prouv\u00e9 qu\u2019interdire la publicit\u00e9 constitue un moyen efficace de combattre l\u2019ob\u00e9sit\u00e9 enfantine.<\/p>\n<p>M. Lund souligne que l\u2019interdiction depuis 37 ans d\u2019une telle publicit\u00e9 au Qu\u00e9bec \u2013 cit\u00e9e en mod\u00e8le par le Comit\u00e9 \u2013 n\u2019a eu aucun impact sur le taux d\u2019ob\u00e9sit\u00e9 dans la province par rapport au reste du pays.<\/p>\n<p>Le site Internet du minist\u00e8re de la Sant\u00e9 et des Services sociaux du Qu\u00e9bec souligne m\u00eame que la proportion d\u2019enfants ob\u00e8ses au Qu\u00e9bec n\u2019est pas significativement diff\u00e9rente de celle du reste du pays. De plus, selon Statistique Canada, l\u2019indice au Qu\u00e9bec est le m\u00eame qu\u2019en Colombie-Britannique o\u00f9 la publicit\u00e9 s\u2019adressant aux enfants n\u2019est pas interdite.<\/p>\n<p>\u00ab Parmi les victimes de cette l\u00e9gislation, on retrouvera les personnes m\u00eames qu\u2019elle entend prot\u00e9ger. Des \u00e9v\u00e9nements tels que le d\u00e9fil\u00e9 annuel du p\u00e8re No\u00ebl, la journ\u00e9e de la Maison Ronald McDonald et des autres organismes caritatifs pour enfants de m\u00eame que les program\u00acmes de soccer et de hockey mineurs Timbits auxquels participent plus de 300 000 jeunes d\u2019un bout \u00e0 l\u2019autre du pays seront mis en p\u00e9ril, ou dispara\u00eetront carr\u00e9ment \u00bb, explique M. Lund.<\/p>\n<p>M. Lund remet aussi en question l\u2019intention de la s\u00e9natrice Greene Raine d\u2019\u00e9tendre la port\u00e9e de son projet de loi aux enfants de moins de 17 ans. \u00c0 cet \u00e2ge, ceux-ci peuvent chasser avec des armes \u00e0 feu (limite 12 ans), piloter un avion en solo (14 ans) ou regarder des \u00e9missions t\u00e9l\u00e9 telles que Criminal Minds qui montrent des sc\u00e8nes de violence physique et psychologique extr\u00eames et qui, dans ce dernier cas, est l\u2019une des plus populaires chez les 2 \u00e0 11 ans.<\/p>\n<p>\u00ab Je trouve cette proposition plut\u00f4t paradoxale, alors que le gouvernement projette de l\u00e9galiser la marijuana pour les 18 ans et plus. Il affirme donc essentiel\u00aclement qu\u2019entre 17 et 18 ans, on cesse d\u2019\u00eatre incapable de supporter la publicit\u00e9 de produits alimentaires et on acquiert la maturit\u00e9 requise pour choisir un produit de marijuana \u00bb, souligne M. Lund.<\/p>\n<p>Le projet de loi S-228 risque aussi de pousser plusieurs entreprises canadiennes \u00e0 fermer leur service du marketing, ce qui signifiera moins de travail pour nos agences de publicit\u00e9, nos studios de design, nos maisons de production, nos artistes et nos techniciens \u2013 sans parler d\u2019une baisse de revenus pour les m\u00e9dias canadiens qui sont d\u00e9j\u00e0 en mauvaise posture.<\/p>\n<p>M. Lund se dit d\u00e9\u00e7u de l\u2019approche adopt\u00e9e par le comit\u00e9 s\u00e9natorial dans l\u2019\u00e9tude acc\u00e9l\u00e9r\u00e9e de cette l\u00e9gislation, sous l\u2019influence du milieu des ONG et de leurs \u00e9tudes biais\u00e9es. Ceci est en contradiction de l\u2019engagement pris par le premier ministre Trudeau en faveur d\u2019un processus d\u00e9cisionnel bas\u00e9 sur les faits.<\/p>\n<p>\u00ab J\u2019esp\u00e8re que le gouvernement saura adopter de nouveaux plans de lutte contre l\u2019ob\u00e9sit\u00e9 enfantine sans infliger les dommages collat\u00e9raux que risque d\u2019entra\u00eener la proposition actuelle \u00bb, d\u00e9clare M. Lund. \u00ab Il nous faut une strat\u00e9gie globale et j\u2019esp\u00e8re que les annonceurs auront l\u2019occasion de collaborer \u00e0 sa mise au point. \u00bb<\/p>\n","protected":false},"excerpt":{"rendered":"<p>&nbsp; La l\u00e9gislation interdisant la publicit\u00e9 s\u2019adressant aux moins de 17 ans obligera les parents et les contribuables \u00e0 assumer les frais de plusieurs sports d\u2019\u00e9quipe, \u00e9v\u00e9nements et camps d\u2019\u00e9t\u00e9 pour les jeunes L\u2019Association canadienne des annonceurs (ACA) n\u2019est pas bienvenue aux audiences du comit\u00e9 s\u00e9natorial \u00e9tudiant le projet de loi &nbsp; Toronto, 12 juin [&hellip;]<\/p>\n","protected":false},"author":1,"featured_media":0,"parent":52,"menu_order":0,"comment_status":"closed","ping_status":"closed","template":"","meta":{"_acf_changed":false,"content-type":"","footnotes":""},"acf":[],"yoast_head":"<!-- This site is optimized with the Yoast SEO plugin v23.4 - https:\/\/yoast.com\/wordpress\/plugins\/seo\/ -->\n<title>marketing Archives - Association canadienne des annonceurs<\/title>\n<meta name=\"robots\" content=\"index, follow, max-snippet:-1, max-image-preview:large, max-video-preview:-1\" \/>\n<link rel=\"canonical\" href=\"https:\/\/acaweb.ca\/fr\/tag\/marketing\/\" \/>\n<meta property=\"og:locale\" content=\"fr_CA\" \/>\n<meta property=\"og:type\" content=\"article\" \/>\n<meta property=\"og:title\" content=\"marketing Archives - Association canadienne des annonceurs\" \/>\n<meta property=\"og:url\" content=\"https:\/\/acaweb.ca\/fr\/tag\/marketing\/\" \/>\n<meta property=\"og:site_name\" content=\"Association canadienne des annonceurs\" \/>\n<meta name=\"twitter:card\" content=\"summary_large_image\" \/>\n<script type=\"application\/ld+json\" class=\"yoast-schema-graph\">{\"@context\":\"https:\/\/schema.org\",\"@graph\":[{\"@type\":\"CollectionPage\",\"@id\":\"https:\/\/acaweb.ca\/fr\/tag\/marketing\/\",\"url\":\"https:\/\/acaweb.ca\/fr\/tag\/marketing\/\",\"name\":\"marketing Archives - Association canadienne des annonceurs\",\"isPartOf\":{\"@id\":\"https:\/\/acaweb.ca\/fr\/#website\"},\"breadcrumb\":{\"@id\":\"https:\/\/acaweb.ca\/fr\/tag\/marketing\/#breadcrumb\"},\"inLanguage\":\"fr-CA\"},{\"@type\":\"BreadcrumbList\",\"@id\":\"https:\/\/acaweb.ca\/fr\/tag\/marketing\/#breadcrumb\",\"itemListElement\":[{\"@type\":\"ListItem\",\"position\":1,\"name\":\"Accueil\",\"item\":\"https:\/\/acaweb.ca\/fr\/\"},{\"@type\":\"ListItem\",\"position\":2,\"name\":\"marketing\"}]},{\"@type\":\"WebSite\",\"@id\":\"https:\/\/acaweb.ca\/fr\/#website\",\"url\":\"https:\/\/acaweb.ca\/fr\/\",\"name\":\"Association canadienne des annonceurs\",\"description\":\"\",\"publisher\":{\"@id\":\"https:\/\/acaweb.ca\/fr\/#organization\"},\"potentialAction\":[{\"@type\":\"SearchAction\",\"target\":{\"@type\":\"EntryPoint\",\"urlTemplate\":\"https:\/\/acaweb.ca\/fr\/?s={search_term_string}\"},\"query-input\":{\"@type\":\"PropertyValueSpecification\",\"valueRequired\":true,\"valueName\":\"search_term_string\"}}],\"inLanguage\":\"fr-CA\"},{\"@type\":\"Organization\",\"@id\":\"https:\/\/acaweb.ca\/fr\/#organization\",\"name\":\"Association canadienne des annonceurs\",\"url\":\"https:\/\/acaweb.ca\/fr\/\",\"logo\":{\"@type\":\"ImageObject\",\"inLanguage\":\"fr-CA\",\"@id\":\"https:\/\/acaweb.ca\/fr\/#\/schema\/logo\/image\/\",\"url\":\"https:\/\/acaweb.ca\/fr\/wp-content\/uploads\/sites\/3\/2017\/10\/cropped-ACA-FR-logo-colour.png\",\"contentUrl\":\"https:\/\/acaweb.ca\/fr\/wp-content\/uploads\/sites\/3\/2017\/10\/cropped-ACA-FR-logo-colour.png\",\"width\":1595,\"height\":417,\"caption\":\"Association canadienne des annonceurs\"},\"image\":{\"@id\":\"https:\/\/acaweb.ca\/fr\/#\/schema\/logo\/image\/\"}}]}<\/script>\n<!-- \/ Yoast SEO plugin. -->","yoast_head_json":{"title":"marketing Archives - Association canadienne des annonceurs","robots":{"index":"index","follow":"follow","max-snippet":"max-snippet:-1","max-image-preview":"max-image-preview:large","max-video-preview":"max-video-preview:-1"},"canonical":"https:\/\/acaweb.ca\/fr\/tag\/marketing\/","og_locale":"fr_CA","og_type":"article","og_title":"marketing Archives - Association canadienne des annonceurs","og_url":"https:\/\/acaweb.ca\/fr\/tag\/marketing\/","og_site_name":"Association canadienne des annonceurs","twitter_card":"summary_large_image","schema":{"@context":"https:\/\/schema.org","@graph":[{"@type":"CollectionPage","@id":"https:\/\/acaweb.ca\/fr\/tag\/marketing\/","url":"https:\/\/acaweb.ca\/fr\/tag\/marketing\/","name":"marketing Archives - Association canadienne des annonceurs","isPartOf":{"@id":"https:\/\/acaweb.ca\/fr\/#website"},"breadcrumb":{"@id":"https:\/\/acaweb.ca\/fr\/tag\/marketing\/#breadcrumb"},"inLanguage":"fr-CA"},{"@type":"BreadcrumbList","@id":"https:\/\/acaweb.ca\/fr\/tag\/marketing\/#breadcrumb","itemListElement":[{"@type":"ListItem","position":1,"name":"Accueil","item":"https:\/\/acaweb.ca\/fr\/"},{"@type":"ListItem","position":2,"name":"marketing"}]},{"@type":"WebSite","@id":"https:\/\/acaweb.ca\/fr\/#website","url":"https:\/\/acaweb.ca\/fr\/","name":"Association canadienne des annonceurs","description":"","publisher":{"@id":"https:\/\/acaweb.ca\/fr\/#organization"},"potentialAction":[{"@type":"SearchAction","target":{"@type":"EntryPoint","urlTemplate":"https:\/\/acaweb.ca\/fr\/?s={search_term_string}"},"query-input":{"@type":"PropertyValueSpecification","valueRequired":true,"valueName":"search_term_string"}}],"inLanguage":"fr-CA"},{"@type":"Organization","@id":"https:\/\/acaweb.ca\/fr\/#organization","name":"Association canadienne des annonceurs","url":"https:\/\/acaweb.ca\/fr\/","logo":{"@type":"ImageObject","inLanguage":"fr-CA","@id":"https:\/\/acaweb.ca\/fr\/#\/schema\/logo\/image\/","url":"https:\/\/acaweb.ca\/fr\/wp-content\/uploads\/sites\/3\/2017\/10\/cropped-ACA-FR-logo-colour.png","contentUrl":"https:\/\/acaweb.ca\/fr\/wp-content\/uploads\/sites\/3\/2017\/10\/cropped-ACA-FR-logo-colour.png","width":1595,"height":417,"caption":"Association canadienne des annonceurs"},"image":{"@id":"https:\/\/acaweb.ca\/fr\/#\/schema\/logo\/image\/"}}]}},"_links":{"self":[{"href":"https:\/\/acaweb.ca\/fr\/wp-json\/wp\/v2\/pages\/53"}],"collection":[{"href":"https:\/\/acaweb.ca\/fr\/wp-json\/wp\/v2\/pages"}],"about":[{"href":"https:\/\/acaweb.ca\/fr\/wp-json\/wp\/v2\/types\/page"}],"author":[{"embeddable":true,"href":"https:\/\/acaweb.ca\/fr\/wp-json\/wp\/v2\/users\/1"}],"replies":[{"embeddable":true,"href":"https:\/\/acaweb.ca\/fr\/wp-json\/wp\/v2\/comments?post=53"}],"version-history":[{"count":0,"href":"https:\/\/acaweb.ca\/fr\/wp-json\/wp\/v2\/pages\/53\/revisions"}],"up":[{"embeddable":true,"href":"https:\/\/acaweb.ca\/fr\/wp-json\/wp\/v2\/pages\/52"}],"wp:attachment":[{"href":"https:\/\/acaweb.ca\/fr\/wp-json\/wp\/v2\/media?parent=53"}],"curies":[{"name":"wp","href":"https:\/\/api.w.org\/{rel}","templated":true}]}}