{"id":4289,"date":"2020-05-05T14:39:03","date_gmt":"2020-05-05T18:39:03","guid":{"rendered":"https:\/\/acaweb.ca\/fr\/?page_id=4289"},"modified":"2020-05-05T15:06:38","modified_gmt":"2020-05-05T19:06:38","slug":"nouvelle-presidente-au-conseil-dadministration-de-laca","status":"publish","type":"page","link":"https:\/\/acaweb.ca\/fr\/a-propos-de-nous\/ressources-pour-les-medias\/nouvelle-presidente-au-conseil-dadministration-de-laca\/","title":{"rendered":"Nouvelle pr\u00e9sidente au conseil d\u2019administration de l\u2019ACA"},"content":{"rendered":"<h2>\n<ul>\n<li>Moya Brown, v.-p. principale, marketing, strat\u00e9gie et exp\u00e9rience de marque, IG Gestion du patrimoine, devient pr\u00e9sidente du conseil d\u2019administration de l\u2019ACA.<\/li>\n<\/ul>\n<\/h2>\n<p><strong>6 mai 2020 :<\/strong> L\u2019Association canadienne des annonceurs (ACA) annonce que Mme Moya Brown, v.-p. principale, marketing, strat\u00e9gie et exp\u00e9rience de marque, IG Gestion du patrimoine, a \u00e9t\u00e9 \u00e9lue \u00e0 la pr\u00e9sidence de son conseil d\u2019administration, dont elle \u00e9tait membre depuis plusieurs ann\u00e9es. Au cours de cette p\u00e9riode, elle a notamment jou\u00e9 un r\u00f4le d\u00e9terminant dans la relance de l\u2019ACA en 2015.<\/p>\n<p>\u00ab Le mandat de l\u2019ACA est d\u2019aider ses membres \u00e0 am\u00e9liorer les performances et le rendement de leur marketing. Cette mission prend une importance capitale dans le contexte actuel et nous sommes particuli\u00e8rement heureux que Moya ait accept\u00e9 de nous aider \u00e0 \u00e9tablir le parcours qui rendra l\u2019ACA encore plus pertinente \u00e0 l\u2019avenir \u00bb, d\u00e9clare Ron Lund, pr\u00e9sident et chef de la direction de l\u2019ACA.<\/p>\n<p>\u00ab Comme nouvelle pr\u00e9sidente du conseil d\u2019administration, j\u2019ai envie de travailler \u00e9troitement avec les membres du conseil et toute l\u2019\u00e9quipe de l\u2019ACA pour que notre association continue de servir de phare \u00e0 notre industrie qui doit se transformer radicalement de jour en jour. Ce leadership devient d\u2019autant plus important que nous nous attendons tous \u00e0 ce que cette crise modifie en profondeur les comportements, les besoins et les attentes des consommateurs \u00bb, pr\u00e9cise Mme Brown. <\/p>\n<p>Chez IG Gestion du patrimoine, Mme Brown et son \u00e9quipe g\u00e8rent toutes les phases de strat\u00e9gie, de conception et de livraison de l\u2019exp\u00e9rience de marque et de client. Ceci inclut la publicit\u00e9, les \u00e9v\u00e9nements, les activit\u00e9s promotionnelles et les contenus annuels, et ce, dans tous les canaux de communication utilis\u00e9s par l\u2019entreprise.<\/p>\n<p>Reconnue pour son leadership et son esprit de collaboration, Mme Brown compte plus de 20 ans d\u2019exp\u00e9rience en gestion et en marketing dans plusieurs types d\u2019entreprises, des plus grandes aux jeunes pousses, tant au Canada qu\u2019aux \u00c9tats-Unis. <\/p>\n<p>Avant de se joindre \u00e0 IG, Mme Brown a \u00e9t\u00e9 vice-pr\u00e9sidente du marketing et membre de la direction de la Compagnie Campbell du Canada. En 15 ans chez Campbell, elle a gravi les \u00e9chelons dans les domaines de l\u2019innovation, de la strat\u00e9gie corporative et de la gestion des marques. Elle a commenc\u00e9 sa carri\u00e8re chez Procter &#038; Gamble comme gestionnaire de marque au Canada et aux \u00c9.-U. Reconnue pour sa pens\u00e9e marketing strat\u00e9gique ax\u00e9e sur le consommateur, elle a contribu\u00e9 au succ\u00e8s et \u00e0 la croissance \u00e0 long terme de marques nouvelles ou bien \u00e9tablies. <\/p>\n<p>Elle a \u00e9t\u00e9 mise en nomination au titre de \u00ab Marketer of the Year \u00bb par Strategy en 2016, pour reconna\u00eetre son r\u00f4le dans le renouvellement de la marque Campbell, notamment par le lancement de la campagne \u00ab We\u2019re all soup \u00bb.<\/p>\n<p>Liste compl\u00e8te des membres du <a href=\"https:\/\/acaweb.ca\/fr\/a-propos-de-nous\/conseil\/\">conseil d\u2019administration de l\u2019ACA<\/a>.<\/p>\n","protected":false},"excerpt":{"rendered":"<p>Moya Brown, v.-p. principale, marketing, strat\u00e9gie et exp\u00e9rience de marque, IG Gestion du patrimoine, devient pr\u00e9sidente du conseil d\u2019administration de l\u2019ACA.<\/p>\n","protected":false},"author":1,"featured_media":4293,"parent":52,"menu_order":161,"comment_status":"closed","ping_status":"closed","template":"","meta":{"_acf_changed":false,"content-type":"","footnotes":""},"acf":[],"yoast_head":"<!-- This site is optimized with the Yoast SEO plugin v23.4 - https:\/\/yoast.com\/wordpress\/plugins\/seo\/ -->\n<title>Association canadienne des annonceurs<\/title>\n<meta name=\"robots\" content=\"index, follow, max-snippet:-1, max-image-preview:large, max-video-preview:-1\" \/>\n<meta property=\"og:locale\" content=\"fr_CA\" \/>\n<meta property=\"og:type\" content=\"article\" \/>\n<meta property=\"og:site_name\" content=\"Association canadienne des annonceurs\" \/>\n<meta name=\"twitter:card\" content=\"summary_large_image\" \/>\n<script type=\"application\/ld+json\" class=\"yoast-schema-graph\">{\"@context\":\"https:\/\/schema.org\",\"@graph\":[{\"@type\":\"CollectionPage\",\"@id\":null,\"url\":\"\",\"name\":\"\",\"isPartOf\":{\"@id\":\"https:\/\/acaweb.ca\/fr\/#website\"},\"inLanguage\":\"fr-CA\"},{\"@type\":\"WebSite\",\"@id\":\"https:\/\/acaweb.ca\/fr\/#website\",\"url\":\"https:\/\/acaweb.ca\/fr\/\",\"name\":\"Association canadienne des annonceurs\",\"description\":\"\",\"publisher\":{\"@id\":\"https:\/\/acaweb.ca\/fr\/#organization\"},\"potentialAction\":[{\"@type\":\"SearchAction\",\"target\":{\"@type\":\"EntryPoint\",\"urlTemplate\":\"https:\/\/acaweb.ca\/fr\/?s={search_term_string}\"},\"query-input\":{\"@type\":\"PropertyValueSpecification\",\"valueRequired\":true,\"valueName\":\"search_term_string\"}}],\"inLanguage\":\"fr-CA\"},{\"@type\":\"Organization\",\"@id\":\"https:\/\/acaweb.ca\/fr\/#organization\",\"name\":\"Association canadienne des annonceurs\",\"url\":\"https:\/\/acaweb.ca\/fr\/\",\"logo\":{\"@type\":\"ImageObject\",\"inLanguage\":\"fr-CA\",\"@id\":\"https:\/\/acaweb.ca\/fr\/#\/schema\/logo\/image\/\",\"url\":\"https:\/\/acaweb.ca\/fr\/wp-content\/uploads\/sites\/3\/2017\/10\/cropped-ACA-FR-logo-colour.png\",\"contentUrl\":\"https:\/\/acaweb.ca\/fr\/wp-content\/uploads\/sites\/3\/2017\/10\/cropped-ACA-FR-logo-colour.png\",\"width\":1595,\"height\":417,\"caption\":\"Association canadienne des annonceurs\"},\"image\":{\"@id\":\"https:\/\/acaweb.ca\/fr\/#\/schema\/logo\/image\/\"}}]}<\/script>\n<!-- \/ Yoast SEO plugin. -->","yoast_head_json":{"title":"Association canadienne des annonceurs","robots":{"index":"index","follow":"follow","max-snippet":"max-snippet:-1","max-image-preview":"max-image-preview:large","max-video-preview":"max-video-preview:-1"},"og_locale":"fr_CA","og_type":"article","og_site_name":"Association canadienne des annonceurs","twitter_card":"summary_large_image","schema":{"@context":"https:\/\/schema.org","@graph":[{"@type":"CollectionPage","@id":null,"url":"","name":"","isPartOf":{"@id":"https:\/\/acaweb.ca\/fr\/#website"},"inLanguage":"fr-CA"},{"@type":"WebSite","@id":"https:\/\/acaweb.ca\/fr\/#website","url":"https:\/\/acaweb.ca\/fr\/","name":"Association canadienne des annonceurs","description":"","publisher":{"@id":"https:\/\/acaweb.ca\/fr\/#organization"},"potentialAction":[{"@type":"SearchAction","target":{"@type":"EntryPoint","urlTemplate":"https:\/\/acaweb.ca\/fr\/?s={search_term_string}"},"query-input":{"@type":"PropertyValueSpecification","valueRequired":true,"valueName":"search_term_string"}}],"inLanguage":"fr-CA"},{"@type":"Organization","@id":"https:\/\/acaweb.ca\/fr\/#organization","name":"Association canadienne des annonceurs","url":"https:\/\/acaweb.ca\/fr\/","logo":{"@type":"ImageObject","inLanguage":"fr-CA","@id":"https:\/\/acaweb.ca\/fr\/#\/schema\/logo\/image\/","url":"https:\/\/acaweb.ca\/fr\/wp-content\/uploads\/sites\/3\/2017\/10\/cropped-ACA-FR-logo-colour.png","contentUrl":"https:\/\/acaweb.ca\/fr\/wp-content\/uploads\/sites\/3\/2017\/10\/cropped-ACA-FR-logo-colour.png","width":1595,"height":417,"caption":"Association canadienne des annonceurs"},"image":{"@id":"https:\/\/acaweb.ca\/fr\/#\/schema\/logo\/image\/"}}]}},"_links":{"self":[{"href":"https:\/\/acaweb.ca\/fr\/wp-json\/wp\/v2\/pages\/4289"}],"collection":[{"href":"https:\/\/acaweb.ca\/fr\/wp-json\/wp\/v2\/pages"}],"about":[{"href":"https:\/\/acaweb.ca\/fr\/wp-json\/wp\/v2\/types\/page"}],"author":[{"embeddable":true,"href":"https:\/\/acaweb.ca\/fr\/wp-json\/wp\/v2\/users\/1"}],"replies":[{"embeddable":true,"href":"https:\/\/acaweb.ca\/fr\/wp-json\/wp\/v2\/comments?post=4289"}],"version-history":[{"count":2,"href":"https:\/\/acaweb.ca\/fr\/wp-json\/wp\/v2\/pages\/4289\/revisions"}],"predecessor-version":[{"id":4295,"href":"https:\/\/acaweb.ca\/fr\/wp-json\/wp\/v2\/pages\/4289\/revisions\/4295"}],"up":[{"embeddable":true,"href":"https:\/\/acaweb.ca\/fr\/wp-json\/wp\/v2\/pages\/52"}],"wp:featuredmedia":[{"embeddable":true,"href":"https:\/\/acaweb.ca\/fr\/wp-json\/wp\/v2\/media\/4293"}],"wp:attachment":[{"href":"https:\/\/acaweb.ca\/fr\/wp-json\/wp\/v2\/media?parent=4289"}],"curies":[{"name":"wp","href":"https:\/\/api.w.org\/{rel}","templated":true}]}}