{"id":4181,"date":"2020-02-26T12:17:54","date_gmt":"2020-02-26T17:17:54","guid":{"rendered":"https:\/\/acaweb.ca\/fr\/?page_id=4181"},"modified":"2020-02-26T12:28:20","modified_gmt":"2020-02-26T17:28:20","slug":"laca-nomme-des-sommites-en-marketing-presidence-comites-facteurs-de-changement","status":"publish","type":"page","link":"https:\/\/acaweb.ca\/fr\/a-propos-de-nous\/ressources-pour-les-medias\/laca-nomme-des-sommites-en-marketing-presidence-comites-facteurs-de-changement\/","title":{"rendered":"L\u2019ACA nomme des sommit\u00e9s en marketing \u00e0 la pr\u00e9sidence de deux de ses comit\u00e9s facteurs de changement"},"content":{"rendered":"<h2>\n<ul>\n<li>Lisa Pozhke des Aliments McCain, et Ratko Vidakovic d\u2019AdProfs pr\u00e9sideront respectivement le Comit\u00e9 du marketing num\u00e9rique et le Comit\u00e9 consultatif sur la technologie de l\u2019ACA en 2020.<\/li>\n<\/ul>\n<\/h2>\n<p><strong>26 f\u00e9vrier 2020 :<\/strong> L\u2019Association canadienne des annonceurs (ACA) annonce la nomination de nouveaux pr\u00e9sidents pour deux de ses comit\u00e9s : le <a href=\"https:\/\/acaweb.ca\/fr\/leadership\/comites\/\">Comit\u00e9 du marketing num\u00e9rique<\/a> et le Comit\u00e9 consultatif sur la technologie, qui ont pour mission de fa\u00e7onner le paysage canadien du marketing num\u00e9rique. <\/p>\n<p>Lisa Pozhke, directrice, M\u00e9dias et marketing num\u00e9rique, Aliments McCain, assumera la pr\u00e9sidence du Comit\u00e9 du marketing num\u00e9rique de l\u2019ACA pour 2020. Celui-ci fait valoir les positions des annonceurs en mati\u00e8re de propri\u00e9t\u00e9 et de protection des donn\u00e9es, d\u2019\u00e9valuation des m\u00e9dias et de technologies de marketing num\u00e9rique.<\/p>\n<p>\u00ab Je suis fi\u00e8re de collaborer avec mes coll\u00e8gues membres de l\u2019ACA et j\u2019esp\u00e8re contribuer au renforcement d\u2019un milieu o\u00f9 les annonceurs sont des chefs de file, d\u00e9clare Mme Pozhke. Le marketing num\u00e9rique prend de plus en plus d\u2019importance de nos jours et il est essentiel de d\u00e9finir et d\u2019adopter des pratiques exemplaires dans ce domaine. \u00bb<\/p>\n<p>Par ailleurs, Ratko Vidakovic devient pr\u00e9sident du Comit\u00e9 consultatif de l\u2019ACA sur les technologies pour 2020. M. Vidakovic est un analyste de l\u2019industrie respect\u00e9 et le fondateur d\u2019AdProfs, une firme de consultation en technologies publicitaire ax\u00e9e sur la recherche et l\u2019\u00e9ducation de l\u2019industrie.<\/p>\n<p>Ce comit\u00e9 consultatif est un forum auquel participent sur invitation des experts en marketing num\u00e9rique r\u00e9put\u00e9s.<br \/>\nSon r\u00f4le est d\u2019analyser le march\u00e9 de fa\u00e7on objective et de conseiller l\u2019ACA et ses membres. <\/p>\n<p>\u00ab Nous devrons vivre plusieurs ann\u00e9es avec les cons\u00e9quences des d\u00e9fis auxquels il faudra r\u00e9pondre cette ann\u00e9e en mati\u00e8re de protection des renseignements personnels et de s\u00e9curit\u00e9 des fureteurs Internet, pr\u00e9cise Chris Williams, vice-pr\u00e9sident, Marketing num\u00e9rique \u00e0 l\u2019ACA. Les choix effectu\u00e9s dans ces dossiers dicteront ce que les annonceurs pourront faire dans les domaines du ciblage, de l\u2019\u00e9valuation des m\u00e9dias, et de l\u2019opacit\u00e9 de la cha\u00eene m\u00e9dia. Nous continuerons de collaborer \u00e9troitement avec le Media Rating Council, la F\u00e9d\u00e9ration mondiale des annonceurs et notre propre Comit\u00e9 consultatif sur la technologie pour nous assurer que les priorit\u00e9s des annonceurs deviennent celles du march\u00e9. <\/p>\n<p>L\u2019ACA remercie Armin Huska, directeur mondial des m\u00e9dias et des agences du groupe RBC pour sa contribution en tant que pr\u00e9sident du Comit\u00e9 du marketing num\u00e9rique pour 2019. Sous sa gouverne, l\u2019ACA a d\u00e9pos\u00e9 un m\u00e9moire devant le commissaire \u00e0 la vie priv\u00e9e de l\u2019Ontario au sujet du transfert des donn\u00e9es outre-fronti\u00e8re et a collabor\u00e9 avec la F\u00e9d\u00e9ration mondiale des annonceurs et le Media Rating Council \u00e0 propos de l\u2019\u00e9valuation m\u00e9dia multiplateforme.<\/p>\n","protected":false},"excerpt":{"rendered":"<p>Lisa Pozhke des Aliments McCain, et Ratko Vidakovic d\u2019AdProfs pr\u00e9sideront respectivement le Comit\u00e9 du marketing num\u00e9rique et le Comit\u00e9 consultatif sur la technologie de l\u2019ACA en 2020.<\/p>\n","protected":false},"author":1,"featured_media":4187,"parent":52,"menu_order":132,"comment_status":"closed","ping_status":"closed","template":"","meta":{"_acf_changed":false,"content-type":"","footnotes":""},"acf":[],"yoast_head":"<!-- This site is optimized with the Yoast SEO plugin v23.4 - https:\/\/yoast.com\/wordpress\/plugins\/seo\/ -->\n<title>Association canadienne des annonceurs<\/title>\n<meta name=\"robots\" content=\"index, follow, max-snippet:-1, max-image-preview:large, max-video-preview:-1\" \/>\n<meta property=\"og:locale\" content=\"fr_CA\" \/>\n<meta property=\"og:type\" content=\"article\" \/>\n<meta property=\"og:site_name\" content=\"Association canadienne des annonceurs\" \/>\n<meta name=\"twitter:card\" content=\"summary_large_image\" \/>\n<script type=\"application\/ld+json\" class=\"yoast-schema-graph\">{\"@context\":\"https:\/\/schema.org\",\"@graph\":[{\"@type\":\"CollectionPage\",\"@id\":null,\"url\":\"\",\"name\":\"\",\"isPartOf\":{\"@id\":\"https:\/\/acaweb.ca\/fr\/#website\"},\"inLanguage\":\"fr-CA\"},{\"@type\":\"WebSite\",\"@id\":\"https:\/\/acaweb.ca\/fr\/#website\",\"url\":\"https:\/\/acaweb.ca\/fr\/\",\"name\":\"Association canadienne des annonceurs\",\"description\":\"\",\"publisher\":{\"@id\":\"https:\/\/acaweb.ca\/fr\/#organization\"},\"potentialAction\":[{\"@type\":\"SearchAction\",\"target\":{\"@type\":\"EntryPoint\",\"urlTemplate\":\"https:\/\/acaweb.ca\/fr\/?s={search_term_string}\"},\"query-input\":{\"@type\":\"PropertyValueSpecification\",\"valueRequired\":true,\"valueName\":\"search_term_string\"}}],\"inLanguage\":\"fr-CA\"},{\"@type\":\"Organization\",\"@id\":\"https:\/\/acaweb.ca\/fr\/#organization\",\"name\":\"Association canadienne des annonceurs\",\"url\":\"https:\/\/acaweb.ca\/fr\/\",\"logo\":{\"@type\":\"ImageObject\",\"inLanguage\":\"fr-CA\",\"@id\":\"https:\/\/acaweb.ca\/fr\/#\/schema\/logo\/image\/\",\"url\":\"https:\/\/acaweb.ca\/fr\/wp-content\/uploads\/sites\/3\/2017\/10\/cropped-ACA-FR-logo-colour.png\",\"contentUrl\":\"https:\/\/acaweb.ca\/fr\/wp-content\/uploads\/sites\/3\/2017\/10\/cropped-ACA-FR-logo-colour.png\",\"width\":1595,\"height\":417,\"caption\":\"Association canadienne des annonceurs\"},\"image\":{\"@id\":\"https:\/\/acaweb.ca\/fr\/#\/schema\/logo\/image\/\"}}]}<\/script>\n<!-- \/ Yoast SEO plugin. -->","yoast_head_json":{"title":"Association canadienne des annonceurs","robots":{"index":"index","follow":"follow","max-snippet":"max-snippet:-1","max-image-preview":"max-image-preview:large","max-video-preview":"max-video-preview:-1"},"og_locale":"fr_CA","og_type":"article","og_site_name":"Association canadienne des annonceurs","twitter_card":"summary_large_image","schema":{"@context":"https:\/\/schema.org","@graph":[{"@type":"CollectionPage","@id":null,"url":"","name":"","isPartOf":{"@id":"https:\/\/acaweb.ca\/fr\/#website"},"inLanguage":"fr-CA"},{"@type":"WebSite","@id":"https:\/\/acaweb.ca\/fr\/#website","url":"https:\/\/acaweb.ca\/fr\/","name":"Association canadienne des annonceurs","description":"","publisher":{"@id":"https:\/\/acaweb.ca\/fr\/#organization"},"potentialAction":[{"@type":"SearchAction","target":{"@type":"EntryPoint","urlTemplate":"https:\/\/acaweb.ca\/fr\/?s={search_term_string}"},"query-input":{"@type":"PropertyValueSpecification","valueRequired":true,"valueName":"search_term_string"}}],"inLanguage":"fr-CA"},{"@type":"Organization","@id":"https:\/\/acaweb.ca\/fr\/#organization","name":"Association canadienne des annonceurs","url":"https:\/\/acaweb.ca\/fr\/","logo":{"@type":"ImageObject","inLanguage":"fr-CA","@id":"https:\/\/acaweb.ca\/fr\/#\/schema\/logo\/image\/","url":"https:\/\/acaweb.ca\/fr\/wp-content\/uploads\/sites\/3\/2017\/10\/cropped-ACA-FR-logo-colour.png","contentUrl":"https:\/\/acaweb.ca\/fr\/wp-content\/uploads\/sites\/3\/2017\/10\/cropped-ACA-FR-logo-colour.png","width":1595,"height":417,"caption":"Association canadienne des annonceurs"},"image":{"@id":"https:\/\/acaweb.ca\/fr\/#\/schema\/logo\/image\/"}}]}},"_links":{"self":[{"href":"https:\/\/acaweb.ca\/fr\/wp-json\/wp\/v2\/pages\/4181"}],"collection":[{"href":"https:\/\/acaweb.ca\/fr\/wp-json\/wp\/v2\/pages"}],"about":[{"href":"https:\/\/acaweb.ca\/fr\/wp-json\/wp\/v2\/types\/page"}],"author":[{"embeddable":true,"href":"https:\/\/acaweb.ca\/fr\/wp-json\/wp\/v2\/users\/1"}],"replies":[{"embeddable":true,"href":"https:\/\/acaweb.ca\/fr\/wp-json\/wp\/v2\/comments?post=4181"}],"version-history":[{"count":2,"href":"https:\/\/acaweb.ca\/fr\/wp-json\/wp\/v2\/pages\/4181\/revisions"}],"predecessor-version":[{"id":4184,"href":"https:\/\/acaweb.ca\/fr\/wp-json\/wp\/v2\/pages\/4181\/revisions\/4184"}],"up":[{"embeddable":true,"href":"https:\/\/acaweb.ca\/fr\/wp-json\/wp\/v2\/pages\/52"}],"wp:featuredmedia":[{"embeddable":true,"href":"https:\/\/acaweb.ca\/fr\/wp-json\/wp\/v2\/media\/4187"}],"wp:attachment":[{"href":"https:\/\/acaweb.ca\/fr\/wp-json\/wp\/v2\/media?parent=4181"}],"curies":[{"name":"wp","href":"https:\/\/api.w.org\/{rel}","templated":true}]}}