{"id":4067,"date":"2019-11-28T14:26:13","date_gmt":"2019-11-28T19:26:13","guid":{"rendered":"https:\/\/acaweb.ca\/fr\/?page_id=4067"},"modified":"2025-07-15T12:03:17","modified_gmt":"2025-07-15T16:03:17","slug":"info-annonceurs","status":"publish","type":"page","link":"https:\/\/acaweb.ca\/fr\/adhesion\/info-annonceurs\/","title":{"rendered":"Info-Annonceurs"},"content":{"rendered":"<p>Nous tenons nos membres au courant des sujets susceptibles de les affecter et d\u2019avoir des r\u00e9percussions sur leur travail au moyen de nos avis Info-Annonceurs. Exp\u00e9di\u00e9s par courriel, ceux-ci fournissent des informations sur les plus r\u00e9cents d\u00e9veloppements de ces dossiers, offrent des conseils et, au besoin, proposent des actions \u00e0 prendre pour la suite des choses. Les membres peuvent consulter nos plus r\u00e9cents avis \u00e0 partir de la liste qui suit.<\/p>\n<p>Veuillez noter que pour acc\u00e9der \u00e0 ces documents, vous devez ouvrir une session au moyen de vos identifiants ACA. Si vous recevez nos courriels, vous avez d\u00e9j\u00e0 un compte de membre. S\u2019il s\u2019agit de votre premi\u00e8re session cependant, cliquez sur \u00ab Mot de passe oubli\u00e9 \u00bb et suivez simplement les indications.<\/p>\n<p>(4 juillet 2025) <a href=\"https:\/\/resources.acaweb.ca\/fr\/update-digital-service-tax-act-dsta\">Mise \u00e0 jour : Les derni\u00e8res nouvelles \u00e0 propos de la Loi sur la Taxe sur les Services Num\u00e9riques (LTSN)<\/a><\/p>\n<p>(9 d\u00e9cembre 2024) <a href=\"https:\/\/resources.acaweb.ca\/fr\/update-on-recent-aca-advocacy-efforts-responsible-advertising-to-children\">Mise \u00e0 jour sur les activit\u00e9s r\u00e9centes et efforts de l\u2019ACA sur la Publicit\u00e9 responsable s\u2019adressant aux enfants<\/a><br \/>\n<! ---[member-link url=https:\/\/acaweb.ca\/fr\/adhesion\/info-annonceurs\/mise-a-jour-sur-les-activites-recentes-et-efforts-de-laca-sur-la-publicite-responsable-sadressant-aux-enfants\"]Mise \u00e0 jour sur les activit\u00e9s r\u00e9centes et efforts de l\u2019ACA sur la Publicit\u00e9 responsable s\u2019adressant aux enfants[\/member-link]---><\/p>\n<p>(11 novembre 2024) <a href=\"https:\/\/resources.acaweb.ca\/fr\/government-of-canadas-announcement-on-tiktokgovernment-of-canadas-announcement-on-tiktok\">Annonce du gouvernement du Canada concernant TikToK<\/a><br \/>\n<! ---[member-link url=\"https:\/\/acaweb.ca\/fr\/adhesion\/info-annonceurs\/annonce-du-gouvernement-du-canada-concernant-tiktok\"]Annonce du gouvernement du Canada concernant TikToK[\/member-link]---><\/p>\n<p>(16 septembre 2024) <a href=\"https:\/\/resources.acaweb.ca\/fr\/congratulations-to-acas-2024-gold-medal-award-winner-tracey-cooke\">F\u00e9licitations \u00e0 Tracey Cooke, laur\u00e9ate de la m\u00e9daille d\u2019or de l\u2019ACA 2024<\/a><br \/>\n<! ---[member-link url=\"https:\/\/acaweb.ca\/fr\/adhesion\/info-annonceurs\/felicitations-tracey-cooke-laureate-medaille-or-aca-2024\/\"]F\u00e9licitations \u00e0 Tracey Cooke, laur\u00e9ate de la m\u00e9daille d\u2019or de l\u2019ACA 2024[\/member-link]---><\/p>\n<p>(9 septembre 2024) <a href=\"https:\/\/resources.acaweb.ca\/fr\/aca-welcomes-new-president-ceo-andrea-hunt\">L\u2019ACA souhaite la bienvenue \u00e0 sa nouvelle pr\u00e9sidente et cheffe de la direction<\/a><br \/>\n<! ---[member-link url=\"https:\/\/acaweb.ca\/fr\/adhesion\/info-annonceurs\/aca-souhaite-bienvenue-nouvelle-presidente-et-cheffe-direction\"]L\u2019ACA souhaite la bienvenue \u00e0 sa nouvelle pr\u00e9sidente et cheffe de la direction[\/member-link]---><\/p>\n<p>(15 ao\u00fbt 2024) <a href=\"https:\/\/resources.acaweb.ca\/fr\/statement-on-digital-services-tax-act-dsta\">D\u00e9claration du CMDC et de l&rsquo;ACA concernant la Loi de la taxe sur les services num\u00e9riques (LTSN) et son impact sur l&rsquo;industrie de la publicit\u00e9<\/a><br \/>\n<! ---[member-link url=\"https:\/\/acaweb.ca\/fr\/declaration-cmdc-aca-loi-taxe-services-numeriques-ltsn-et-impact-industrie-publicite\/\"]D\u00e9claration du CMDC et de l'ACA concernant la Loi de la taxe sur les services num\u00e9riques (LTSN) et son impact sur l'industrie de la publicit\u00e9[\/member-link]---><\/p>\n<p>(20 juin 2024) <a href=\"https:\/\/resources.acaweb.ca\/fr\/stability-provided-by-the-new-aca-actra-agreement-at-risk\">La stabilit\u00e9 assur\u00e9e par le nouvel accord ACA\/ACTRA est menac\u00e9e<\/a><br \/>\n<! ---[member-link url=\"https:\/\/acaweb.ca\/fr\/adhesion\/info-annonceurs\/la-stabilite-assuree-par-le-nouvel-accord-aca-actra-est-menacee\/\"]La stabilit\u00e9 assur\u00e9e par le nouvel accord ACA\/ACTRA est menac\u00e9e[\/member-link]---><\/p>\n<p>(13 juin 2024) <a href=\"https:\/\/resources.acaweb.ca\/fr\/actra-performers-and-aca-advertisers-ratify-the-one-year-renewal-of-national-commercial-agreement-in-canada\">Les artistes-interpr\u00e8tes de l\u2019ACTRA et les annonceurs de l\u2019ACA ratifient le renouvellement pour un an de l\u2019entente pour les Annonces Publicitaires au Canada<\/a><br \/>\n<! ---[member-link url=\"https:\/\/acaweb.ca\/fr\/adhesion\/info-annonceurs\/actra-aca-ratifient-renouvellement-un-an-entente-annonces-publicitaires-canada\/\"]Les artistes-interpr\u00e8tes de l\u2019ACTRA et les annonceurs de l\u2019ACA ratifient le renouvellement pour un an de l\u2019entente pour les Annonces Publicitaires au Canada[\/member-link]---><\/p>\n<p>(28 mars 2024) <a href=\"https:\/\/resources.acaweb.ca\/fr\/new-agreement-between-the-industry-and-the-union-des-artistes\">Entr\u00e9e en vigueur d\u2019une nouvelle entente entre l\u2019industrie et l\u2019union des artistes \u00e0 partir du 1 avril 2024<\/a><br \/>\n<! ---[member-link url=\"https:\/\/acaweb.ca\/fr\/adhesion\/info-annonceurs\/entree-vigueur-nouvelle-entente-industrie-union-des-artistes-1-avril-2024\/\"]Entr\u00e9e en vigueur d\u2019une nouvelle entente entre l\u2019industrie et l\u2019union des artistes \u00e0 partir du 1 avril 2024[\/member-link]---><\/p>\n<p>(22 f\u00e9vrier 2024) <a href=\"https:\/\/resources.acaweb.ca\/fr\/ron-lund-retires-from-aca\">D\u00e9part \u00e0 la retraite de Ron Lund<\/a><br \/>\n<! ---[member-link url=\"https:\/\/acaweb.ca\/fr\/adhesion\/info-annonceurs\/depart-retraite-ron-lund\/\"]D\u00e9part \u00e0 la retraite de Ron Lund[\/member-link]---><\/p>\n<p>(15 janvier 2024) <a href=\"https:\/\/resources.acaweb.ca\/fr\/draft-regulation-under-bill-96-amending-qu\u00e9becs-charter-of-the-french-language-finally-published\">Le projet de r\u00e8glement du projet de loi 96 modifiant la Charte de la langue fran\u00e7aise du Qu\u00e9bec est enfin publi\u00e9<\/a><br \/>\n<! ---[member-link url=\"https:\/\/acaweb.ca\/fr\/adhesion\/info-annonceurs\/projet-reglement-projet-loi-96-charte-langue-francaise-quebec-enfin-publie\/\"]Le projet de r\u00e8glement du projet de loi 96 modifiant la Charte de la langue fran\u00e7aise du Qu\u00e9bec est enfin publi\u00e9[\/member-link]---><\/p>\n<p>(21 d\u00e9cembre 2023) <a class=\"\" href=\"https:\/\/imis.acaweb.ca\/aca\/acafr\/portail\/Sign_In.aspx?returnurl=\/aca\/Custom\/Relay.aspx?nextUrl=https:\/\/acaweb.ca\/fr\/wp-json\/wp\/v2\/pages\/4067?login=true\">Fin de l\u2019encadrement des concours publicitaires par la R\u00e9gie des alcools, des courses et des jeux<\/a><\/p>\n<p>(11 d\u00e9cembre 2023) <a class=\"\" href=\"https:\/\/imis.acaweb.ca\/aca\/acafr\/portail\/Sign_In.aspx?returnurl=\/aca\/Custom\/Relay.aspx?nextUrl=https:\/\/acaweb.ca\/fr\/wp-json\/wp\/v2\/pages\/4067?login=true\">Accord conclu entre l\u2019industrie et l\u2019union des artistes<\/a><\/p>\n<p>(10 juillet 2023) <a class=\"\" href=\"https:\/\/imis.acaweb.ca\/aca\/acafr\/portail\/Sign_In.aspx?returnurl=\/aca\/Custom\/Relay.aspx?nextUrl=https:\/\/acaweb.ca\/fr\/wp-json\/wp\/v2\/pages\/4067?login=true\">Les annonceurs canadiens, un pion dans la partie d\u2019\u00e9checs des g\u00e9ants du num\u00e9rique<\/a><\/p>\n<p>(26 juin 2023) <a class=\"\" href=\"https:\/\/imis.acaweb.ca\/aca\/acafr\/portail\/Sign_In.aspx?returnurl=\/aca\/Custom\/Relay.aspx?nextUrl=https:\/\/acaweb.ca\/fr\/wp-json\/wp\/v2\/pages\/4067?login=true\">De nouvelles restrictions sur la publicit\u00e9 destin\u00e9e aux enfants entrent en vigueur le 28 juin<\/a><\/p>\n<p>(15 juin 2023) <a class=\"\" href=\"https:\/\/imis.acaweb.ca\/aca\/acafr\/portail\/Sign_In.aspx?returnurl=\/aca\/Custom\/Relay.aspx?nextUrl=https:\/\/acaweb.ca\/fr\/wp-json\/wp\/v2\/pages\/4067?login=true\">L\u2019Association canadienne des annonceurs et l\u2019ACTRA conviennent d\u2019une nouvelle entente<\/a><\/p>\n<p>(16 mai 2023) <a class=\"\" href=\"https:\/\/imis.acaweb.ca\/aca\/acafr\/portail\/Sign_In.aspx?returnurl=\/aca\/Custom\/Relay.aspx?nextUrl=https:\/\/acaweb.ca\/fr\/wp-json\/wp\/v2\/pages\/4067?login=true\">Le conseil d\u2019administration de l\u2019ACA et les membres de l\u2019ACTRA votent en faveur de la ratification du nouvel accord entre l\u2019ACTRA et l\u2019ACA<\/a><\/p>\n<p>(27 mars 2023) <a class=\"\" href=\"https:\/\/imis.acaweb.ca\/aca\/acafr\/portail\/Sign_In.aspx?returnurl=\/aca\/Custom\/Relay.aspx?nextUrl=https:\/\/acaweb.ca\/fr\/wp-json\/wp\/v2\/pages\/4067?login=true\">L\u2019ACTRA LEV\u00c9 LE TON FACE \u00c0 LA PERTURBATION DE L\u2019INDUSTRIE<\/a><\/p>\n<p>(15 d\u00e9cembre 2022) <a class=\"\" href=\"https:\/\/imis.acaweb.ca\/aca\/acafr\/portail\/Sign_In.aspx?returnurl=\/aca\/Custom\/Relay.aspx?nextUrl=https:\/\/acaweb.ca\/fr\/wp-json\/wp\/v2\/pages\/4067?login=true\">RESPONSABILIT\u00c9 DES ANNONCEURS POTENTIELLEMENT ENGAG\u00c9E<\/a><\/p>\n<p>(2 juin 2022) <a class=\"\" href=\"https:\/\/imis.acaweb.ca\/aca\/acafr\/portail\/Sign_In.aspx?returnurl=\/aca\/Custom\/Relay.aspx?nextUrl=https:\/\/acaweb.ca\/fr\/wp-json\/wp\/v2\/pages\/4067?login=true\">L\u2019A2C et les agences du Qu\u00e9bec participent \u00e0 l\u2019entente ACTRA-ACA<\/a><\/p>\n<p>(6 mai 2022) <a class=\"\" href=\"https:\/\/imis.acaweb.ca\/aca\/acafr\/portail\/Sign_In.aspx?returnurl=\/aca\/Custom\/Relay.aspx?nextUrl=https:\/\/acaweb.ca\/fr\/wp-json\/wp\/v2\/pages\/4067?login=true\">Mise \u00e0 jour : n\u00e9gociations ententes UDA<\/a><\/p>\n<p>(3 mai 2022) <a class=\"\" href=\"https:\/\/imis.acaweb.ca\/aca\/acafr\/portail\/Sign_In.aspx?returnurl=\/aca\/Custom\/Relay.aspx?nextUrl=https:\/\/acaweb.ca\/fr\/wp-json\/wp\/v2\/pages\/4067?login=true\">Le conseil d\u2019administration de l\u2019ACA ratifie l\u2019entente de l\u2019ACTRA<\/a><\/p>\n<p>(26 avril 2022) <a class=\"\" href=\"https:\/\/imis.acaweb.ca\/aca\/acafr\/portail\/Sign_In.aspx?returnurl=\/aca\/Custom\/Relay.aspx?nextUrl=https:\/\/acaweb.ca\/fr\/wp-json\/wp\/v2\/pages\/4067?login=true\">L\u2019Association canadienne des annonceurs et l\u2019ACTRA conviennent d\u2019une nouvelle entente<\/a><\/p>\n<p>(31 mars 2022) <a class=\"\" href=\"https:\/\/imis.acaweb.ca\/aca\/acafr\/portail\/Sign_In.aspx?returnurl=\/aca\/Custom\/Relay.aspx?nextUrl=https:\/\/acaweb.ca\/fr\/wp-json\/wp\/v2\/pages\/4067?login=true\">R\u00e9ponses aux questions fr\u00e9quentes: ACTRA \u2013 ICA\/ACA ENTENTE COMMERCIALE NATIONALE (NCA)<\/a><\/p>\n<p>(28 mars 2022) <a class=\"\" href=\"https:\/\/imis.acaweb.ca\/aca\/acafr\/portail\/Sign_In.aspx?returnurl=\/aca\/Custom\/Relay.aspx?nextUrl=https:\/\/acaweb.ca\/fr\/wp-json\/wp\/v2\/pages\/4067?login=true\">URGENT: Les n\u00e9gociations avec l\u2019ACTRA sont report\u00e9es<\/a><\/p>\n<p>(25 mars 2022) <a class=\"\" href=\"https:\/\/imis.acaweb.ca\/aca\/acafr\/portail\/Sign_In.aspx?returnurl=\/aca\/Custom\/Relay.aspx?nextUrl=https:\/\/acaweb.ca\/fr\/wp-json\/wp\/v2\/pages\/4067?login=true\">URGENT : Mise \u00e0 jour sur les n\u00e9gociations avec l\u2019ACTRA<\/a><\/p>\n<p>(10 mars 2022) <a class=\"\" href=\"https:\/\/imis.acaweb.ca\/aca\/acafr\/portail\/Sign_In.aspx?returnurl=\/aca\/Custom\/Relay.aspx?nextUrl=https:\/\/acaweb.ca\/fr\/wp-json\/wp\/v2\/pages\/4067?login=true\">Mise \u00e0 jour importante sur les n\u00e9gociations avec l\u2019ACTRA<\/a><\/p>\n<p>(20 janvier 2022) <a class=\"\" href=\"https:\/\/imis.acaweb.ca\/aca\/acafr\/portail\/Sign_In.aspx?returnurl=\/aca\/Custom\/Relay.aspx?nextUrl=https:\/\/acaweb.ca\/fr\/wp-json\/wp\/v2\/pages\/4067?login=true\">Mesures sanitaires \u2013 COVID-19 : Modification des consignes d\u00e8s le 24 janvier<\/a><\/p>\n<p>(1<sup>er<\/sup> octobre 2021) <a class=\"\" href=\"https:\/\/imis.acaweb.ca\/aca\/acafr\/portail\/Sign_In.aspx?returnurl=\/aca\/Custom\/Relay.aspx?nextUrl=https:\/\/acaweb.ca\/fr\/wp-json\/wp\/v2\/pages\/4067?login=true\">Le projet de loi provinciale n<sup>o<\/sup> 64 re\u00e7oit la sanction royale inaugurant ainsi une loi en mati\u00e8re de protection de la vie priv\u00e9e plus moderne dot\u00e9e de fortes amendes en cas de non-respect<\/a><\/p>\n<p>(28 juin 2021) <a class=\"\" href=\"https:\/\/imis.acaweb.ca\/aca\/acafr\/portail\/Sign_In.aspx?returnurl=\/aca\/Custom\/Relay.aspx?nextUrl=https:\/\/acaweb.ca\/fr\/wp-json\/wp\/v2\/pages\/4067?login=true\">Publicit\u00e9 sur les aliments et les boissons destin\u00e9e aux enfants : Nouveaux code et guide nationaux pour les annonceurs<\/a><\/p>\n<p>(24 septembre 2020) <a class=\"\" href=\"https:\/\/imis.acaweb.ca\/aca\/acafr\/portail\/Sign_In.aspx?returnurl=\/aca\/Custom\/Relay.aspx?nextUrl=https:\/\/acaweb.ca\/fr\/wp-json\/wp\/v2\/pages\/4067?login=true\">Les annonceurs mondiaux lancent une nouvelle approche en mati\u00e8re d\u2019\u00e9valuation multim\u00e9dia<\/a><\/p>\n<p>(22 juillet 2020) <a class=\"\" href=\"https:\/\/imis.acaweb.ca\/aca\/acafr\/portail\/Sign_In.aspx?returnurl=\/aca\/Custom\/Relay.aspx?nextUrl=https:\/\/acaweb.ca\/fr\/wp-json\/wp\/v2\/pages\/4067?login=true\">Incitation \u00e0 \u00e9liminer les termes \u00ab\u00a0liste noire\u00a0\u00bb et \u00ab\u00a0liste blanche\u00a0\u00bb<\/a><\/p>\n<p>(3 juillet 2020) <a class=\"\" href=\"https:\/\/imis.acaweb.ca\/aca\/acafr\/portail\/Sign_In.aspx?returnurl=\/aca\/Custom\/Relay.aspx?nextUrl=https:\/\/acaweb.ca\/fr\/wp-json\/wp\/v2\/pages\/4067?login=true\">Am\u00e9liorer le contenu sur les plateformes de m\u00e9dias sociaux<\/a><\/p>\n<p>(18 juin 2020) <a class=\"\" href=\"https:\/\/imis.acaweb.ca\/aca\/acafr\/portail\/Sign_In.aspx?returnurl=\/aca\/Custom\/Relay.aspx?nextUrl=https:\/\/acaweb.ca\/fr\/wp-json\/wp\/v2\/pages\/4067?login=true\">Assurez-vous que votre entreprise est prot\u00e9g\u00e9e contre la \u00ab double responsabilit\u00e9 \u00bb dans tous ses contrats avec des agences de publicit\u00e9<\/a><\/p>\n<p>(14 mai 2020) <a class=\"\" href=\"https:\/\/imis.acaweb.ca\/aca\/acafr\/portail\/Sign_In.aspx?returnurl=\/aca\/Custom\/Relay.aspx?nextUrl=https:\/\/acaweb.ca\/fr\/wp-json\/wp\/v2\/pages\/4067?login=true\">Les agences qu\u00e9becoises s\u2019entendent pour adapter leurs protocoles de planification et d\u2019achat m\u00e9dia<\/a><\/p>\n<p>(27 avril 2020) <a class=\"\" href=\"https:\/\/imis.acaweb.ca\/aca\/acafr\/portail\/Sign_In.aspx?returnurl=\/aca\/Custom\/Relay.aspx?nextUrl=https:\/\/acaweb.ca\/fr\/wp-json\/wp\/v2\/pages\/4067?login=true\">Les annonceurs doivent se montrer prudents lors de la production d\u2019annonces durant la pand\u00e9mie<\/a><\/p>\n<p>(9 avril 2020) <a class=\"\" href=\"https:\/\/imis.acaweb.ca\/aca\/acafr\/portail\/Sign_In.aspx?returnurl=\/aca\/Custom\/Relay.aspx?nextUrl=https:\/\/acaweb.ca\/fr\/wp-json\/wp\/v2\/pages\/4067?login=true\">Entente entre l\u2019Union des artistes (UDA) et l\u2019Association des producteurs conjoints (APC) en lien avec la pand\u00e9mie de COVID-19<\/a><\/p>\n<p>(26 f\u00e9vrier 2020) <a class=\"\" href=\"https:\/\/imis.acaweb.ca\/aca\/acafr\/portail\/Sign_In.aspx?returnurl=\/aca\/Custom\/Relay.aspx?nextUrl=https:\/\/acaweb.ca\/fr\/wp-json\/wp\/v2\/pages\/4067?login=true\">L\u2019ACA nomme des sommit\u00e9s en marketing \u00e0 la pr\u00e9sidence de deux de ses comit\u00e9s facteurs de changement<\/a><\/p>\n<p>(20 f\u00e9vrier 2020) <a class=\"\" href=\"https:\/\/imis.acaweb.ca\/aca\/acafr\/portail\/Sign_In.aspx?returnurl=\/aca\/Custom\/Relay.aspx?nextUrl=https:\/\/acaweb.ca\/fr\/wp-json\/wp\/v2\/pages\/4067?login=true\">Le rapport de l\u2019OMS sur la sant\u00e9 des enfants cible la publicit\u00e9<\/a><\/p>\n<p>(20 janvier 2020) <a class=\"\" href=\"https:\/\/imis.acaweb.ca\/aca\/acafr\/portail\/Sign_In.aspx?returnurl=\/aca\/Custom\/Relay.aspx?nextUrl=https:\/\/acaweb.ca\/fr\/wp-json\/wp\/v2\/pages\/4067?login=true\">Mise \u00e0 jour sur les n\u00e9gociations sur les ententes t\u00e9l\u00e9\/radio et INM<\/a><\/p>\n<p>(23 d\u00e9cembre 2019) <a class=\"\" href=\"https:\/\/imis.acaweb.ca\/aca\/acafr\/portail\/Sign_In.aspx?returnurl=\/aca\/Custom\/Relay.aspx?nextUrl=https:\/\/acaweb.ca\/fr\/wp-json\/wp\/v2\/pages\/4067?login=true\">La Cour Supr\u00eame renverse la d\u00e9cision du CRTC sur la substitution simultan\u00e9e des annonces<\/a><\/p>\n<p>(5 novembre 2019) <a class=\"\" href=\"https:\/\/imis.acaweb.ca\/aca\/acafr\/portail\/Sign_In.aspx?returnurl=\/aca\/Custom\/Relay.aspx?nextUrl=https:\/\/acaweb.ca\/fr\/wp-json\/wp\/v2\/pages\/4067?login=true\">Nouvelle politique de facturation au Qu\u00e9b\u00e9c align\u00e9e sur celle ayant cours ailleurs au Canada<\/a><\/p>\n<p>(7 octobre 2019) <a class=\"\" href=\"https:\/\/imis.acaweb.ca\/aca\/acafr\/portail\/Sign_In.aspx?returnurl=\/aca\/Custom\/Relay.aspx?nextUrl=https:\/\/acaweb.ca\/fr\/wp-json\/wp\/v2\/pages\/4067?login=true\">Les annonceurs mondiaux lancent une initiative en vue d\u2019\u00e9tablir les principes de l\u2019\u00e9valuation multim\u00e9dia<\/a><\/p>\n<p>(22 ao\u00fbt 2019) <a class=\"\" href=\"https:\/\/imis.acaweb.ca\/aca\/acafr\/portail\/Sign_In.aspx?returnurl=\/aca\/Custom\/Relay.aspx?nextUrl=https:\/\/acaweb.ca\/fr\/wp-json\/wp\/v2\/pages\/4067?login=true\">Commentaires sur le transfert de donn\u00e9es outre-fronti\u00e8re<\/a><\/p>\n<p>(14 ao\u00fbt 2019) <a class=\"\" href=\"https:\/\/imis.acaweb.ca\/aca\/acafr\/portail\/Sign_In.aspx?returnurl=\/aca\/Custom\/Relay.aspx?nextUrl=https:\/\/acaweb.ca\/fr\/wp-json\/wp\/v2\/pages\/4067?login=true\">Algorithmes m\u00e9dias et discrimination : guide<\/a><\/p>\n<p>(8 ao\u00fbt 2019) <a class=\"\" href=\"https:\/\/imis.acaweb.ca\/aca\/acafr\/portail\/Sign_In.aspx?returnurl=\/aca\/Custom\/Relay.aspx?nextUrl=https:\/\/acaweb.ca\/fr\/wp-json\/wp\/v2\/pages\/4067?login=true\">Annonces pendant la p\u00e9riode des \u00e9lections<\/a><\/p>\n<p>(12 avril 2019) <a class=\"\" href=\"https:\/\/imis.acaweb.ca\/aca\/acafr\/portail\/Sign_In.aspx?returnurl=\/aca\/Custom\/Relay.aspx?nextUrl=https:\/\/acaweb.ca\/fr\/wp-json\/wp\/v2\/pages\/4067?login=true\">Comment r\u00e9agir aux probl\u00e8mes r\u00e9cents de s\u00e9curit\u00e9 des marques<\/a><\/p>\n<p>(15 mars 2019) <a class=\"\" href=\"https:\/\/imis.acaweb.ca\/aca\/acafr\/portail\/Sign_In.aspx?returnurl=\/aca\/Custom\/Relay.aspx?nextUrl=https:\/\/acaweb.ca\/fr\/wp-json\/wp\/v2\/pages\/4067?login=true\">N\u00e9gociation de l\u2019entente collective pour la production d\u2019annonces publicitaires TV-radio entre l\u2019UDA et l\u2019APC<\/a><\/p>\n<p>(21 f\u00e9vrier 2019) <a class=\"\" href=\"https:\/\/imis.acaweb.ca\/aca\/acafr\/portail\/Sign_In.aspx?returnurl=\/aca\/Custom\/Relay.aspx?nextUrl=https:\/\/acaweb.ca\/fr\/wp-json\/wp\/v2\/pages\/4067?login=true\">Publicit\u00e9 dans Youtube<\/a><\/p>\n<p><!--(10 novembre 2022) [member-link url=\"https:\/\/acaweb.ca\/fr\/adhesion\/info-annonceurs\/message-concernant-la-securite-des-marques-sur-twitter\/\"]Message concernant la s\u00e9curit\u00e9 des marques sur Twitter[\/member-link]--><\/p>\n","protected":false},"excerpt":{"rendered":"<p>Nous tenons nos membres au courant des sujets susceptibles de les affecter et d\u2019avoir des r\u00e9percussions sur leur travail au moyen de nos avis Info-Annonceurs. Exp\u00e9di\u00e9s par courriel, ceux-ci fournissent des informations sur les plus r\u00e9cents d\u00e9veloppements de ces dossiers, offrent des conseils et, au besoin, proposent des actions \u00e0 prendre pour la suite des [&hellip;]<\/p>\n","protected":false},"author":1,"featured_media":0,"parent":396,"menu_order":0,"comment_status":"closed","ping_status":"closed","template":"","meta":{"_acf_changed":false,"content-type":"","footnotes":""},"acf":[],"yoast_head":"<!-- This site is optimized with the Yoast SEO plugin v23.4 - https:\/\/yoast.com\/wordpress\/plugins\/seo\/ -->\n<title>Association canadienne des annonceurs<\/title>\n<meta name=\"robots\" content=\"index, follow, max-snippet:-1, max-image-preview:large, max-video-preview:-1\" \/>\n<meta property=\"og:locale\" content=\"fr_CA\" \/>\n<meta property=\"og:type\" content=\"article\" \/>\n<meta property=\"og:site_name\" content=\"Association canadienne des annonceurs\" \/>\n<meta name=\"twitter:card\" content=\"summary_large_image\" \/>\n<script type=\"application\/ld+json\" class=\"yoast-schema-graph\">{\"@context\":\"https:\/\/schema.org\",\"@graph\":[{\"@type\":\"CollectionPage\",\"@id\":null,\"url\":\"\",\"name\":\"\",\"isPartOf\":{\"@id\":\"https:\/\/acaweb.ca\/fr\/#website\"},\"inLanguage\":\"fr-CA\"},{\"@type\":\"WebSite\",\"@id\":\"https:\/\/acaweb.ca\/fr\/#website\",\"url\":\"https:\/\/acaweb.ca\/fr\/\",\"name\":\"Association canadienne des annonceurs\",\"description\":\"\",\"publisher\":{\"@id\":\"https:\/\/acaweb.ca\/fr\/#organization\"},\"potentialAction\":[{\"@type\":\"SearchAction\",\"target\":{\"@type\":\"EntryPoint\",\"urlTemplate\":\"https:\/\/acaweb.ca\/fr\/?s={search_term_string}\"},\"query-input\":{\"@type\":\"PropertyValueSpecification\",\"valueRequired\":true,\"valueName\":\"search_term_string\"}}],\"inLanguage\":\"fr-CA\"},{\"@type\":\"Organization\",\"@id\":\"https:\/\/acaweb.ca\/fr\/#organization\",\"name\":\"Association canadienne des annonceurs\",\"url\":\"https:\/\/acaweb.ca\/fr\/\",\"logo\":{\"@type\":\"ImageObject\",\"inLanguage\":\"fr-CA\",\"@id\":\"https:\/\/acaweb.ca\/fr\/#\/schema\/logo\/image\/\",\"url\":\"https:\/\/acaweb.ca\/fr\/wp-content\/uploads\/sites\/3\/2017\/10\/cropped-ACA-FR-logo-colour.png\",\"contentUrl\":\"https:\/\/acaweb.ca\/fr\/wp-content\/uploads\/sites\/3\/2017\/10\/cropped-ACA-FR-logo-colour.png\",\"width\":1595,\"height\":417,\"caption\":\"Association canadienne des annonceurs\"},\"image\":{\"@id\":\"https:\/\/acaweb.ca\/fr\/#\/schema\/logo\/image\/\"}}]}<\/script>\n<!-- \/ Yoast SEO plugin. -->","yoast_head_json":{"title":"Association canadienne des annonceurs","robots":{"index":"index","follow":"follow","max-snippet":"max-snippet:-1","max-image-preview":"max-image-preview:large","max-video-preview":"max-video-preview:-1"},"og_locale":"fr_CA","og_type":"article","og_site_name":"Association canadienne des annonceurs","twitter_card":"summary_large_image","schema":{"@context":"https:\/\/schema.org","@graph":[{"@type":"CollectionPage","@id":null,"url":"","name":"","isPartOf":{"@id":"https:\/\/acaweb.ca\/fr\/#website"},"inLanguage":"fr-CA"},{"@type":"WebSite","@id":"https:\/\/acaweb.ca\/fr\/#website","url":"https:\/\/acaweb.ca\/fr\/","name":"Association canadienne des annonceurs","description":"","publisher":{"@id":"https:\/\/acaweb.ca\/fr\/#organization"},"potentialAction":[{"@type":"SearchAction","target":{"@type":"EntryPoint","urlTemplate":"https:\/\/acaweb.ca\/fr\/?s={search_term_string}"},"query-input":{"@type":"PropertyValueSpecification","valueRequired":true,"valueName":"search_term_string"}}],"inLanguage":"fr-CA"},{"@type":"Organization","@id":"https:\/\/acaweb.ca\/fr\/#organization","name":"Association canadienne des annonceurs","url":"https:\/\/acaweb.ca\/fr\/","logo":{"@type":"ImageObject","inLanguage":"fr-CA","@id":"https:\/\/acaweb.ca\/fr\/#\/schema\/logo\/image\/","url":"https:\/\/acaweb.ca\/fr\/wp-content\/uploads\/sites\/3\/2017\/10\/cropped-ACA-FR-logo-colour.png","contentUrl":"https:\/\/acaweb.ca\/fr\/wp-content\/uploads\/sites\/3\/2017\/10\/cropped-ACA-FR-logo-colour.png","width":1595,"height":417,"caption":"Association canadienne des annonceurs"},"image":{"@id":"https:\/\/acaweb.ca\/fr\/#\/schema\/logo\/image\/"}}]}},"_links":{"self":[{"href":"https:\/\/acaweb.ca\/fr\/wp-json\/wp\/v2\/pages\/4067"}],"collection":[{"href":"https:\/\/acaweb.ca\/fr\/wp-json\/wp\/v2\/pages"}],"about":[{"href":"https:\/\/acaweb.ca\/fr\/wp-json\/wp\/v2\/types\/page"}],"author":[{"embeddable":true,"href":"https:\/\/acaweb.ca\/fr\/wp-json\/wp\/v2\/users\/1"}],"replies":[{"embeddable":true,"href":"https:\/\/acaweb.ca\/fr\/wp-json\/wp\/v2\/comments?post=4067"}],"version-history":[{"count":71,"href":"https:\/\/acaweb.ca\/fr\/wp-json\/wp\/v2\/pages\/4067\/revisions"}],"predecessor-version":[{"id":7958,"href":"https:\/\/acaweb.ca\/fr\/wp-json\/wp\/v2\/pages\/4067\/revisions\/7958"}],"up":[{"embeddable":true,"href":"https:\/\/acaweb.ca\/fr\/wp-json\/wp\/v2\/pages\/396"}],"wp:attachment":[{"href":"https:\/\/acaweb.ca\/fr\/wp-json\/wp\/v2\/media?parent=4067"}],"curies":[{"name":"wp","href":"https:\/\/api.w.org\/{rel}","templated":true}]}}