{"id":398,"date":"2017-10-16T16:19:51","date_gmt":"2017-10-16T20:19:51","guid":{"rendered":"http:\/\/www.acaweb.ca\/fr\/?page_id=398"},"modified":"2025-07-03T10:17:34","modified_gmt":"2025-07-03T14:17:34","slug":"faq","status":"publish","type":"page","link":"https:\/\/acaweb.ca\/fr\/adhesion\/faq\/","title":{"rendered":"FAQ"},"content":{"rendered":"<p>Voici plusieurs questions que l\u2019on nous pose fr\u00e9quemment \u00e0 propos de l\u2019adh\u00e9sion \u00e0 l\u2019ACA.<\/p>\n<p><strong><em>Qui peut adh\u00e9rer \u00e0 l\u2019ACA?<\/em><\/strong><\/p>\n<p>Seuls les <em>clients-\u00adannonceurs<\/em> \u00e9tablis au Canada peuvent devenir membres de l\u2019ACA. Ceci \u00e9vite que nos prises de position dans les dossiers importants pour l\u2019industrie ne soient dilu\u00e9es pour tenir compte des int\u00e9r\u00eats d\u2019autres groupes ou organisations. L\u2019adh\u00e9sion se faisant au nom de l\u2019entreprise, tous les membres de son personnel peuvent acc\u00e9der aux produits et services de l\u2019ACA.<\/p>\n<p><strong><em>Comment mon organisation peut-elle adh\u00e9rer?<\/em><\/strong><\/p>\n<p>Une fois votre d\u00e9cision prise, vous n\u2019avez qu\u2019\u00e0 demander notre formulaire d\u2019adh\u00e9sion. \u00c0 la r\u00e9ception de votre formulaire d\u00fbment rempli, votre candidature sera soumise au conseil d\u2019administration de l\u2019ACA pour approbation formelle. D\u00e8s cette \u00e9tape franchie, l\u2019ACA \u00e9mettra une facture pour les frais d\u2019adh\u00e9sion annuels.<\/p>\n<p><strong><em>Comment sont calcul\u00e9s les frais d\u2019adh\u00e9sion annuels?<\/em><\/strong><\/p>\n<p>Ces frais varient selon les d\u00e9penses annuelles, internes ou externes, de communications marketing au Canada des membres. Celles-ci comprennent les d\u00e9penses m\u00e9dia, les frais de production, la commandite marketing et les commissions et\/ou honoraires vers\u00e9s \u00e0 leurs agences de communications marketing.<\/p>\n<p><strong><em>Comment mon entreprise peut-elle participer aux activit\u00e9s et d\u00e9cisions de l\u2019ACA?<\/em><\/strong><\/p>\n<p>Tous les employ\u00e9s d\u2019une entreprise membre de l\u2019ACA peuvent profiter de nos produits et services, prendre part \u00e0 nos activit\u00e9s, contribuer aux travaux de nos divers comit\u00e9s et suivre nos cours, s\u00e9minaires et ateliers. Ils peuvent aussi acc\u00e9der \u00e0 toute l\u2019information et \u00e0 toutes les publications cr\u00e9\u00e9es par l\u2019ACA exclusivement pour ses membres.<\/p>\n<p>Chaque entreprise membre nomme une personne comme son repr\u00e9sentant officiel, ou <strong>membre votant de l\u2019ACA<\/strong>. En plus de voter au nom de son employeur sur tout sujet pertinent, cette personne nous servira de point de contact principal.<\/p>\n<p><strong><em>Comment mon \u00e9quipe peut-\u00eatre profiter de tous les avantages de l\u2019adh\u00e9sion \u00e0 l\u2019ACA?<\/em><\/strong><\/p>\n<p>D\u00e8s l\u2019approbation de la candidature de votre organisation, le personnel de l\u2019ACA demandera les coordonn\u00e9es de tous les membres de votre \u00e9quipe ayant un r\u00f4le \u00e0 jouer dans ses communications marketing ou impliqu\u00e9es dans son marketing. L\u2019ACA \u00e9tablira un profil pour chaque personne. Ceci leur permettra d\u2019acc\u00e9der au contenu r\u00e9serv\u00e9 aux membres de ce site et de s\u2019inscrire \u00e0 nos activit\u00e9s et \u00e0 nos programmes de formation. Les membres de votre \u00e9quipe recevront aussi la correspondance de l\u2019ACA \u2013 et pourront choisir exactement les sujets qui les int\u00e9ressent.<\/p>\n<p><strong>Pour toute question \u00e0 laquelle vous n\u2019avez pas trouv\u00e9 r\u00e9ponse, veuillez communiquer avec Patrick Hotte, V.p., Qu\u00e9bec\u00a0: (514) 842-6422 \/ 1-800-883-0422 \/ photte@ACAweb.ca<\/p>\n","protected":false},"excerpt":{"rendered":"<p>Voici plusieurs questions que l\u2019on nous pose fr\u00e9quemment \u00e0 propos de l\u2019adh\u00e9sion \u00e0 l\u2019ACA. Qui peut adh\u00e9rer \u00e0 l\u2019ACA? Seuls les clients-\u00adannonceurs \u00e9tablis au Canada peuvent devenir membres de l\u2019ACA. Ceci \u00e9vite que nos prises de position dans les dossiers importants pour l\u2019industrie ne soient dilu\u00e9es pour tenir compte des int\u00e9r\u00eats d\u2019autres groupes ou organisations. [&hellip;]<\/p>\n","protected":false},"author":2,"featured_media":0,"parent":396,"menu_order":0,"comment_status":"closed","ping_status":"closed","template":"","meta":{"_acf_changed":false,"content-type":"","footnotes":""},"acf":[],"yoast_head":"<!-- This site is optimized with the Yoast SEO plugin v23.4 - https:\/\/yoast.com\/wordpress\/plugins\/seo\/ -->\n<title>eyereturn Archives - Association canadienne des annonceurs<\/title>\n<meta name=\"robots\" content=\"index, follow, max-snippet:-1, max-image-preview:large, max-video-preview:-1\" \/>\n<link rel=\"canonical\" href=\"https:\/\/acaweb.ca\/fr\/tag\/eyereturn\/\" \/>\n<meta property=\"og:locale\" content=\"fr_CA\" \/>\n<meta property=\"og:type\" content=\"article\" \/>\n<meta property=\"og:title\" content=\"eyereturn Archives - Association canadienne des annonceurs\" \/>\n<meta property=\"og:url\" content=\"https:\/\/acaweb.ca\/fr\/tag\/eyereturn\/\" \/>\n<meta property=\"og:site_name\" content=\"Association canadienne des annonceurs\" \/>\n<meta name=\"twitter:card\" content=\"summary_large_image\" \/>\n<script type=\"application\/ld+json\" class=\"yoast-schema-graph\">{\"@context\":\"https:\/\/schema.org\",\"@graph\":[{\"@type\":\"CollectionPage\",\"@id\":\"https:\/\/acaweb.ca\/fr\/tag\/eyereturn\/\",\"url\":\"https:\/\/acaweb.ca\/fr\/tag\/eyereturn\/\",\"name\":\"eyereturn Archives - Association canadienne des annonceurs\",\"isPartOf\":{\"@id\":\"https:\/\/acaweb.ca\/fr\/#website\"},\"breadcrumb\":{\"@id\":\"https:\/\/acaweb.ca\/fr\/tag\/eyereturn\/#breadcrumb\"},\"inLanguage\":\"fr-CA\"},{\"@type\":\"BreadcrumbList\",\"@id\":\"https:\/\/acaweb.ca\/fr\/tag\/eyereturn\/#breadcrumb\",\"itemListElement\":[{\"@type\":\"ListItem\",\"position\":1,\"name\":\"Accueil\",\"item\":\"https:\/\/acaweb.ca\/fr\/\"},{\"@type\":\"ListItem\",\"position\":2,\"name\":\"eyereturn\"}]},{\"@type\":\"WebSite\",\"@id\":\"https:\/\/acaweb.ca\/fr\/#website\",\"url\":\"https:\/\/acaweb.ca\/fr\/\",\"name\":\"Association canadienne des annonceurs\",\"description\":\"\",\"publisher\":{\"@id\":\"https:\/\/acaweb.ca\/fr\/#organization\"},\"potentialAction\":[{\"@type\":\"SearchAction\",\"target\":{\"@type\":\"EntryPoint\",\"urlTemplate\":\"https:\/\/acaweb.ca\/fr\/?s={search_term_string}\"},\"query-input\":{\"@type\":\"PropertyValueSpecification\",\"valueRequired\":true,\"valueName\":\"search_term_string\"}}],\"inLanguage\":\"fr-CA\"},{\"@type\":\"Organization\",\"@id\":\"https:\/\/acaweb.ca\/fr\/#organization\",\"name\":\"Association canadienne des annonceurs\",\"url\":\"https:\/\/acaweb.ca\/fr\/\",\"logo\":{\"@type\":\"ImageObject\",\"inLanguage\":\"fr-CA\",\"@id\":\"https:\/\/acaweb.ca\/fr\/#\/schema\/logo\/image\/\",\"url\":\"https:\/\/acaweb.ca\/fr\/wp-content\/uploads\/sites\/3\/2017\/10\/cropped-ACA-FR-logo-colour.png\",\"contentUrl\":\"https:\/\/acaweb.ca\/fr\/wp-content\/uploads\/sites\/3\/2017\/10\/cropped-ACA-FR-logo-colour.png\",\"width\":1595,\"height\":417,\"caption\":\"Association canadienne des annonceurs\"},\"image\":{\"@id\":\"https:\/\/acaweb.ca\/fr\/#\/schema\/logo\/image\/\"}}]}<\/script>\n<!-- \/ Yoast SEO plugin. -->","yoast_head_json":{"title":"eyereturn Archives - Association canadienne des annonceurs","robots":{"index":"index","follow":"follow","max-snippet":"max-snippet:-1","max-image-preview":"max-image-preview:large","max-video-preview":"max-video-preview:-1"},"canonical":"https:\/\/acaweb.ca\/fr\/tag\/eyereturn\/","og_locale":"fr_CA","og_type":"article","og_title":"eyereturn Archives - Association canadienne des annonceurs","og_url":"https:\/\/acaweb.ca\/fr\/tag\/eyereturn\/","og_site_name":"Association canadienne des annonceurs","twitter_card":"summary_large_image","schema":{"@context":"https:\/\/schema.org","@graph":[{"@type":"CollectionPage","@id":"https:\/\/acaweb.ca\/fr\/tag\/eyereturn\/","url":"https:\/\/acaweb.ca\/fr\/tag\/eyereturn\/","name":"eyereturn Archives - Association canadienne des annonceurs","isPartOf":{"@id":"https:\/\/acaweb.ca\/fr\/#website"},"breadcrumb":{"@id":"https:\/\/acaweb.ca\/fr\/tag\/eyereturn\/#breadcrumb"},"inLanguage":"fr-CA"},{"@type":"BreadcrumbList","@id":"https:\/\/acaweb.ca\/fr\/tag\/eyereturn\/#breadcrumb","itemListElement":[{"@type":"ListItem","position":1,"name":"Accueil","item":"https:\/\/acaweb.ca\/fr\/"},{"@type":"ListItem","position":2,"name":"eyereturn"}]},{"@type":"WebSite","@id":"https:\/\/acaweb.ca\/fr\/#website","url":"https:\/\/acaweb.ca\/fr\/","name":"Association canadienne des annonceurs","description":"","publisher":{"@id":"https:\/\/acaweb.ca\/fr\/#organization"},"potentialAction":[{"@type":"SearchAction","target":{"@type":"EntryPoint","urlTemplate":"https:\/\/acaweb.ca\/fr\/?s={search_term_string}"},"query-input":{"@type":"PropertyValueSpecification","valueRequired":true,"valueName":"search_term_string"}}],"inLanguage":"fr-CA"},{"@type":"Organization","@id":"https:\/\/acaweb.ca\/fr\/#organization","name":"Association canadienne des annonceurs","url":"https:\/\/acaweb.ca\/fr\/","logo":{"@type":"ImageObject","inLanguage":"fr-CA","@id":"https:\/\/acaweb.ca\/fr\/#\/schema\/logo\/image\/","url":"https:\/\/acaweb.ca\/fr\/wp-content\/uploads\/sites\/3\/2017\/10\/cropped-ACA-FR-logo-colour.png","contentUrl":"https:\/\/acaweb.ca\/fr\/wp-content\/uploads\/sites\/3\/2017\/10\/cropped-ACA-FR-logo-colour.png","width":1595,"height":417,"caption":"Association canadienne des annonceurs"},"image":{"@id":"https:\/\/acaweb.ca\/fr\/#\/schema\/logo\/image\/"}}]}},"_links":{"self":[{"href":"https:\/\/acaweb.ca\/fr\/wp-json\/wp\/v2\/pages\/398"}],"collection":[{"href":"https:\/\/acaweb.ca\/fr\/wp-json\/wp\/v2\/pages"}],"about":[{"href":"https:\/\/acaweb.ca\/fr\/wp-json\/wp\/v2\/types\/page"}],"author":[{"embeddable":true,"href":"https:\/\/acaweb.ca\/fr\/wp-json\/wp\/v2\/users\/2"}],"replies":[{"embeddable":true,"href":"https:\/\/acaweb.ca\/fr\/wp-json\/wp\/v2\/comments?post=398"}],"version-history":[{"count":2,"href":"https:\/\/acaweb.ca\/fr\/wp-json\/wp\/v2\/pages\/398\/revisions"}],"predecessor-version":[{"id":4840,"href":"https:\/\/acaweb.ca\/fr\/wp-json\/wp\/v2\/pages\/398\/revisions\/4840"}],"up":[{"embeddable":true,"href":"https:\/\/acaweb.ca\/fr\/wp-json\/wp\/v2\/pages\/396"}],"wp:attachment":[{"href":"https:\/\/acaweb.ca\/fr\/wp-json\/wp\/v2\/media?parent=398"}],"curies":[{"name":"wp","href":"https:\/\/api.w.org\/{rel}","templated":true}]}}