{"id":396,"date":"2017-10-16T16:08:49","date_gmt":"2017-10-16T20:08:49","guid":{"rendered":"http:\/\/www.acaweb.ca\/fr\/?page_id=396"},"modified":"2026-04-09T16:03:55","modified_gmt":"2026-04-09T20:03:55","slug":"adhesion","status":"publish","type":"page","link":"https:\/\/acaweb.ca\/fr\/adhesion\/","title":{"rendered":"Adh\u00e9sion"},"content":{"rendered":"<h2>Pourquoi adh\u00e9rer \u00e0 l\u2019ACA?<\/h2>\n<p>L\u2019ACA sert de conseiller, de porte-parole et de ressource pour plus de 300 entreprises et divisions dont le chiffre d\u2019affaires combin\u00e9 atteint pr\u00e8s de 300 milliards $ par ann\u00e9e. Plus encore, seuls les clients-annonceurs peuvent adh\u00e9rer \u00e0 l\u2019ACA\u00a0: cette exclusivit\u00e9 nous distingue de toutes les autres associations du domaine du marketing.<\/p>\n<h2>Voici dix raisons pour lesquelles les plus grandes marques canadiennes ont d\u00e9cid\u00e9 de se joindre et de rester membres de l\u2019ACA.<\/h2>\n<ol>\n<li style=\"margin-bottom: 20px;\">L\u2019ACA est une association regroupant uniquement des annonceurs. <strong>Contrairement \u00e0 ce qui se passe dans d\u2019autres regroupements<\/strong>, votre point de vue sur l\u2019industrie n\u2019est jamais dilu\u00e9 pour tenir compte des int\u00e9r\u00eats d\u2019autres groupes.<\/li>\n<li style=\"margin-bottom: 20px;\">L\u2019ACA offre des <strong>conseils objectifs<\/strong> \u00e0 propos des initiatives et actions possibles de ses membres en communications marketing \u2013 nous n\u2019avons aucun conflit d\u2019int\u00e9r\u00eats.<\/li>\n<li style=\"margin-bottom: 20px;\">L\u2019ACA constitue un <strong>forum permettant aux annonceurs<\/strong> de parler \u2013 en toute confidentialit\u00e9 \u2013 \u00e0 d\u2019autres annonceurs \u00e0 propos des sujets qui les concernent sans avoir \u00e0 se soucier d\u2019autres membres de la cha\u00eene d\u2019approvisionnement.<\/li>\n<li style=\"margin-bottom: 20px;\"><strong>Le personnel de l\u2019ACA<\/strong> regroupe des v\u00e9t\u00e9rans du domaine des communications marketing pouvant offrir aux membres des <a href=\"http:\/\/www.acaweb.ca\/fr\/services-conseils-confidentiels\/\">services-conseils confidentiels<\/a> bas\u00e9s sur nos <strong>guides de meilleures pratiques et nos rapports de recherche.<\/strong><\/li>\n<li style=\"margin-bottom: 20px;\">Les <a href=\"http:\/\/www.acaweb.ca\/fr\/education\/webinaires\/\">webinaires<\/a>, s\u00e9minaires et <a href=\"http:\/\/www.acaweb.ca\/fr\/education\/evenements\/\">forums ex\u00e9cutifs<\/a> de l\u2019ACA sont offerts aux membres <strong>sans frais additionnels \u00e0 titre d\u2019avantage de leur adh\u00e9sion<\/strong>. De plus, ces activit\u00e9s pr\u00e9sentent des \u00e9l\u00e9ments de r\u00e9flexion et d\u2019information, et non des arguments de vente.<\/li>\n<li style=\"margin-bottom: 20px;\">Les <a href=\"http:\/\/www.acaweb.ca\/fr\/leadership\/comites\/\">comit\u00e9s de l\u2019ACA<\/a> permettent aux membres de promouvoir les causes qui les int\u00e9ressent et d\u2019influencer les positions de l\u2019industrie, en plus de s\u2019informer sur les dossiers pr\u00e9occupant l\u2019ACA.<\/li>\n<li style=\"margin-bottom: 20px;\">L\u2019ACA intervient aupr\u00e8s des gouvernements et des organismes de l\u2019industrie pour faire valoir le point de vue de ses membres et pour s\u2019assurer que leurs d\u00e9cisions en tiennent compte \u2013 que les autres associations de l\u2019industrie soient pr\u00e9sentes ou non.<\/li>\n<li style=\"margin-bottom: 20px;\">L\u2019ACA travaille sans rel\u00e2che pour promouvoir l\u2019autor\u00e9glementation du march\u00e9, afin de d\u00e9fendre le droit de ses membres \u00e0 annoncer leurs produits librement, mais de mani\u00e8re responsable.<\/li>\n<li style=\"margin-bottom: 20px;\">L\u2019ACA agit comme chef de file de l\u2019industrie en mati\u00e8re d\u2019imputabilit\u00e9 et de transparence des m\u00e9dias, ce qui permet \u00e0 terme d\u2019accro\u00eetre la rentabilit\u00e9 de vos investissements en communications marketing.<\/li>\n<li style=\"margin-bottom: 20px;\">L\u2019ACA n\u00e9gocie en votre nom les ententes collectives avec l\u2019<a href=\"http:\/\/www.actra.ca\/\" target=\"_blank\" rel=\"noopener noreferrer\">ACTRA<\/a> et l\u2019<a href=\"http:\/\/uda.ca\/\" target=\"_blank\" rel=\"noopener noreferrer\">UDA<\/a> et peut vous conseiller en mati\u00e8re d\u2019engagement des artistes afin de vous permettre d\u2019\u00e9pargner et de faire en sorte que vos productions se d\u00e9roulent de la fa\u00e7on la plus efficiente possible. Les membres de l\u2019ACA ont un acc\u00e8s direct \u00e0 une <a href=\"http:\/\/www.acaweb.ca\/fr\/a-propos-de-nous\/equipe\/#Jessica Yared\">conseill\u00e8re<\/a> en mati\u00e8re de gestion des artistes.<\/li>\n<\/ol>\n","protected":false},"excerpt":{"rendered":"<p>Dix raisons pour lesquelles les plus grandes marques canadiennes ont d\u00e9cid\u00e9 de se joindre et de rester membres de l\u2019ACA.<\/p>\n","protected":false},"author":1,"featured_media":2838,"parent":0,"menu_order":120,"comment_status":"closed","ping_status":"closed","template":"","meta":{"_acf_changed":false,"content-type":"","footnotes":""},"acf":[],"yoast_head":"<!-- This site is optimized with the Yoast SEO plugin v23.4 - https:\/\/yoast.com\/wordpress\/plugins\/seo\/ -->\n<title>Marketing par contenu Archives - Association canadienne des annonceurs<\/title>\n<meta name=\"robots\" content=\"index, follow, max-snippet:-1, max-image-preview:large, max-video-preview:-1\" \/>\n<link rel=\"canonical\" href=\"https:\/\/acaweb.ca\/fr\/tag\/marketing-par-contenu\/\" \/>\n<meta property=\"og:locale\" content=\"fr_CA\" \/>\n<meta property=\"og:type\" content=\"article\" \/>\n<meta property=\"og:title\" content=\"Marketing par contenu Archives - Association canadienne des annonceurs\" \/>\n<meta property=\"og:url\" content=\"https:\/\/acaweb.ca\/fr\/tag\/marketing-par-contenu\/\" \/>\n<meta property=\"og:site_name\" content=\"Association canadienne des annonceurs\" \/>\n<meta name=\"twitter:card\" content=\"summary_large_image\" \/>\n<script type=\"application\/ld+json\" class=\"yoast-schema-graph\">{\"@context\":\"https:\/\/schema.org\",\"@graph\":[{\"@type\":\"CollectionPage\",\"@id\":\"https:\/\/acaweb.ca\/fr\/tag\/marketing-par-contenu\/\",\"url\":\"https:\/\/acaweb.ca\/fr\/tag\/marketing-par-contenu\/\",\"name\":\"Marketing par contenu Archives - Association canadienne des annonceurs\",\"isPartOf\":{\"@id\":\"https:\/\/acaweb.ca\/fr\/#website\"},\"breadcrumb\":{\"@id\":\"https:\/\/acaweb.ca\/fr\/tag\/marketing-par-contenu\/#breadcrumb\"},\"inLanguage\":\"fr-CA\"},{\"@type\":\"BreadcrumbList\",\"@id\":\"https:\/\/acaweb.ca\/fr\/tag\/marketing-par-contenu\/#breadcrumb\",\"itemListElement\":[{\"@type\":\"ListItem\",\"position\":1,\"name\":\"Accueil\",\"item\":\"https:\/\/acaweb.ca\/fr\/\"},{\"@type\":\"ListItem\",\"position\":2,\"name\":\"Marketing par contenu\"}]},{\"@type\":\"WebSite\",\"@id\":\"https:\/\/acaweb.ca\/fr\/#website\",\"url\":\"https:\/\/acaweb.ca\/fr\/\",\"name\":\"Association canadienne des annonceurs\",\"description\":\"\",\"publisher\":{\"@id\":\"https:\/\/acaweb.ca\/fr\/#organization\"},\"potentialAction\":[{\"@type\":\"SearchAction\",\"target\":{\"@type\":\"EntryPoint\",\"urlTemplate\":\"https:\/\/acaweb.ca\/fr\/?s={search_term_string}\"},\"query-input\":{\"@type\":\"PropertyValueSpecification\",\"valueRequired\":true,\"valueName\":\"search_term_string\"}}],\"inLanguage\":\"fr-CA\"},{\"@type\":\"Organization\",\"@id\":\"https:\/\/acaweb.ca\/fr\/#organization\",\"name\":\"Association canadienne des annonceurs\",\"url\":\"https:\/\/acaweb.ca\/fr\/\",\"logo\":{\"@type\":\"ImageObject\",\"inLanguage\":\"fr-CA\",\"@id\":\"https:\/\/acaweb.ca\/fr\/#\/schema\/logo\/image\/\",\"url\":\"https:\/\/acaweb.ca\/fr\/wp-content\/uploads\/sites\/3\/2017\/10\/cropped-ACA-FR-logo-colour.png\",\"contentUrl\":\"https:\/\/acaweb.ca\/fr\/wp-content\/uploads\/sites\/3\/2017\/10\/cropped-ACA-FR-logo-colour.png\",\"width\":1595,\"height\":417,\"caption\":\"Association canadienne des annonceurs\"},\"image\":{\"@id\":\"https:\/\/acaweb.ca\/fr\/#\/schema\/logo\/image\/\"}}]}<\/script>\n<!-- \/ Yoast SEO plugin. -->","yoast_head_json":{"title":"Marketing par contenu Archives - Association canadienne des annonceurs","robots":{"index":"index","follow":"follow","max-snippet":"max-snippet:-1","max-image-preview":"max-image-preview:large","max-video-preview":"max-video-preview:-1"},"canonical":"https:\/\/acaweb.ca\/fr\/tag\/marketing-par-contenu\/","og_locale":"fr_CA","og_type":"article","og_title":"Marketing par contenu Archives - Association canadienne des annonceurs","og_url":"https:\/\/acaweb.ca\/fr\/tag\/marketing-par-contenu\/","og_site_name":"Association canadienne des annonceurs","twitter_card":"summary_large_image","schema":{"@context":"https:\/\/schema.org","@graph":[{"@type":"CollectionPage","@id":"https:\/\/acaweb.ca\/fr\/tag\/marketing-par-contenu\/","url":"https:\/\/acaweb.ca\/fr\/tag\/marketing-par-contenu\/","name":"Marketing par contenu Archives - Association canadienne des annonceurs","isPartOf":{"@id":"https:\/\/acaweb.ca\/fr\/#website"},"breadcrumb":{"@id":"https:\/\/acaweb.ca\/fr\/tag\/marketing-par-contenu\/#breadcrumb"},"inLanguage":"fr-CA"},{"@type":"BreadcrumbList","@id":"https:\/\/acaweb.ca\/fr\/tag\/marketing-par-contenu\/#breadcrumb","itemListElement":[{"@type":"ListItem","position":1,"name":"Accueil","item":"https:\/\/acaweb.ca\/fr\/"},{"@type":"ListItem","position":2,"name":"Marketing par contenu"}]},{"@type":"WebSite","@id":"https:\/\/acaweb.ca\/fr\/#website","url":"https:\/\/acaweb.ca\/fr\/","name":"Association canadienne des annonceurs","description":"","publisher":{"@id":"https:\/\/acaweb.ca\/fr\/#organization"},"potentialAction":[{"@type":"SearchAction","target":{"@type":"EntryPoint","urlTemplate":"https:\/\/acaweb.ca\/fr\/?s={search_term_string}"},"query-input":{"@type":"PropertyValueSpecification","valueRequired":true,"valueName":"search_term_string"}}],"inLanguage":"fr-CA"},{"@type":"Organization","@id":"https:\/\/acaweb.ca\/fr\/#organization","name":"Association canadienne des annonceurs","url":"https:\/\/acaweb.ca\/fr\/","logo":{"@type":"ImageObject","inLanguage":"fr-CA","@id":"https:\/\/acaweb.ca\/fr\/#\/schema\/logo\/image\/","url":"https:\/\/acaweb.ca\/fr\/wp-content\/uploads\/sites\/3\/2017\/10\/cropped-ACA-FR-logo-colour.png","contentUrl":"https:\/\/acaweb.ca\/fr\/wp-content\/uploads\/sites\/3\/2017\/10\/cropped-ACA-FR-logo-colour.png","width":1595,"height":417,"caption":"Association canadienne des annonceurs"},"image":{"@id":"https:\/\/acaweb.ca\/fr\/#\/schema\/logo\/image\/"}}]}},"_links":{"self":[{"href":"https:\/\/acaweb.ca\/fr\/wp-json\/wp\/v2\/pages\/396"}],"collection":[{"href":"https:\/\/acaweb.ca\/fr\/wp-json\/wp\/v2\/pages"}],"about":[{"href":"https:\/\/acaweb.ca\/fr\/wp-json\/wp\/v2\/types\/page"}],"author":[{"embeddable":true,"href":"https:\/\/acaweb.ca\/fr\/wp-json\/wp\/v2\/users\/1"}],"replies":[{"embeddable":true,"href":"https:\/\/acaweb.ca\/fr\/wp-json\/wp\/v2\/comments?post=396"}],"version-history":[{"count":3,"href":"https:\/\/acaweb.ca\/fr\/wp-json\/wp\/v2\/pages\/396\/revisions"}],"predecessor-version":[{"id":6766,"href":"https:\/\/acaweb.ca\/fr\/wp-json\/wp\/v2\/pages\/396\/revisions\/6766"}],"wp:featuredmedia":[{"embeddable":true,"href":"https:\/\/acaweb.ca\/fr\/wp-json\/wp\/v2\/media\/2838"}],"wp:attachment":[{"href":"https:\/\/acaweb.ca\/fr\/wp-json\/wp\/v2\/media?parent=396"}],"curies":[{"name":"wp","href":"https:\/\/api.w.org\/{rel}","templated":true}]}}