{"id":3940,"date":"2019-09-18T09:51:47","date_gmt":"2019-09-18T13:51:47","guid":{"rendered":"https:\/\/acaweb.ca\/fr\/?page_id=3940"},"modified":"2019-09-19T08:32:24","modified_gmt":"2019-09-19T12:32:24","slug":"aca-gold-medal-awarded-to-mlse-cmo-shannon-hosford","status":"publish","type":"page","link":"https:\/\/acaweb.ca\/fr\/a-propos-de-nous\/ressources-pour-les-medias\/aca-gold-medal-awarded-to-mlse-cmo-shannon-hosford\/","title":{"rendered":"L\u2019ACA attribue sa M\u00e9daille d\u2019or \u00e0 Shannon Hosford, CMO de Maple Leaf Sports &#038; Entertainment"},"content":{"rendered":"<h2>\n<ul>\n<li>Mme Hosford recevra sa m\u00e9daille \u00e0 la remise des prix Strategy, le 1er octobre \u00e0 Toronto.<\/li>\n<li>Son nom vient s\u2019ajouter \u00e0 une liste prestigieuse de personnalit\u00e9s et de publicitaires canadiens c\u00e9l\u00e8bres.<\/li>\n<\/ul>\n<\/h2>\n<p><strong>Toronto, 19 septembre 2019 <\/strong>: Au cours des cinq derni\u00e8res ann\u00e9es comme cheffe des services marketing de Maple Leaf Sports &#038; Entertainment (MLSE), Shannon Hosford a \u00e9t\u00e9 \u00e0 l\u2019origine du reposition\u00acnement des Maple Leafs et des Raptors de Toronto \u2013 notamment par le lancement de <em>We The North<\/em>, reconnue aujour\u00acd\u2019hui comme l\u2019une des meilleures campagnes marketing de l\u2019histoire au pays. Celle-ci a jou\u00e9 un r\u00f4le significatif dans la notori\u00e9t\u00e9 des Raptors, et a connu son point culminant lors de leur victoire au championnat de la NBA en juin dernier.<\/p>\n<p>La longue liste de succ\u00e8s remport\u00e9s par Mme Hosford en ses 19 ans \u00e0 la direction de MLSE en a fait le \u00ab premier choix de rep\u00eachage 2019 \u00bb pour la M\u00e9daille d\u2019or de l\u2019ACA. Celle-ci vise \u00e0 reconna\u00eetre une personne ayant contribu\u00e9 de fa\u00e7on marquante \u00e0 l\u2019avancement des communications marketing au Canada.<\/p>\n<p>\u00ab Shannon Hosford est une innovatrice et un leader. Elle peut \u00eatre fi\u00e8re de ce qu\u2019elle a accompli \u00bb, d\u00e9clare Ron Lund, pr\u00e9sident et chef de la direction de l\u2019ACA. \u00ab La vision et la cr\u00e9ativit\u00e9 dont elle a fait preuve en s\u2019attaquant aux d\u00e9fis auxquels ses marques faisaient face ainsi que ses qualit\u00e9s exceptionnelles de motivatrice lui ont permis d\u2019imprimer sa marque sur le marketing au Canada. \u00bb<\/p>\n<p>\u00ab Au nom de l\u2019\u00e9quipe bourr\u00e9e de talents de MLSE, je suis tr\u00e8s honor\u00e9e de recevoir cet honneur et tr\u00e8s fi\u00e8re de l\u2019impact de nos \u00e9quipes et de notre travail sur notre ville \u00bb, r\u00e9pond Mme Hosford. \u00ab Nous pouvons mesurer chaque jour \u00e0 quel point nous sommes privil\u00e9gi\u00e9s de pouvoir enrichir les liens entre les fans et nos \u00e9quipes. Cette reconnaissance de la part de l\u2019ACA rend cette t\u00e2che encore plus satisfaisante. \u00bb<\/p>\n<p>Mme Hosford dirige les services de marketing et de communications de MLSE, l\u2019un des portefeuilles sportifs les plus importants et les plus diversifi\u00e9s en Am\u00e9rique du Nord. Celui-ci rassemble, en effet, les Maple Leafs de Toronto, les Raptors de Toronto, le Toronto FC, les Argonauts de Toronto, MLSE LIVE et la Fondation MLSE.<\/p>\n<p>Au nombre des r\u00e9alisations de Mme Hosford, on doit compter l\u2019organisation du Week-end des \u00e9toiles de la NBA en 2016, la construction de l\u2019All\u00e9e des l\u00e9gendes des Maple Leafs c\u00e9l\u00e9brant les plus grands joueurs de l\u2019histoire du club. Sous sa gouverne, l\u2019\u00e9quipe marketing de MLSE a remport\u00e9 le Grand prix CLIO dans la cat\u00e9gorie Sports et la M\u00e9daille d\u2019or des In-house Agency Forum Awards. Mme Hosford a aussi men\u00e9 les efforts de MLSE pour c\u00e9l\u00e9brer la diversit\u00e9 culturelle des fans de ses \u00e9quipes. <\/p>\n<p>En reconnaissance de ses actions, Mme Hosford a \u00e9t\u00e9 mise en nomination lors des Premier Awards 2017 visant \u00e0 honorer les dipl\u00f4m\u00e9s remarquables des coll\u00e8ges ontariens, et a \u00e9t\u00e9 nomm\u00e9e par la revue Adweek parmi ses <em>33 Media, Marketing and Tech Stars Who\u2019ve Helped Make Toronto a Vibrant Creative Hub<\/em> en 2018.<\/p>\n<p>En plus de son travail en marketing, Mme Hosford contribue \u00e0 plusieurs initiatives philanthropiques et communautaires. Elle si\u00e8ge notamment aux conseils d\u2019administration de la fondation MLSE et de Basketball Canada. Elle est aussi b\u00e9n\u00e9vole depuis plusieurs ann\u00e9es pour les organismes Habitat for Humanity et Free The Children, ce qui l\u2019a amen\u00e9e \u00e0 participer \u00e0 des missions humanitaires au Kenya, \u00e0 la Nouvelle-Orl\u00e9ans et en Jama\u00efque. <\/p>\n<p>Mme Hosford recevra sa M\u00e9daille d\u2019or, lors de la soir\u00e9e des prix Strategy qui aura lieu le 1er octobre au Arcadian Court de Toronto.<\/p>\n<p><strong>\u00c0 propos du M\u00e9daille d&rsquo;or de l&rsquo;ACA<\/strong><\/p>\n<p>La M\u00e9daille d\u2019or de l\u2019ACA :<\/p>\n<ul>\n<li>S\u2019adresse \u00e0 toute personne dont les organisations ont un impact sur les communications marketing au Canada (clients-annonceurs, agences, m\u00e9dias, maisons de recherche, universit\u00e9s, associations, etc.)<\/li>\n<li>Peut \u00eatre attribu\u00e9e pour souligner une contribution sp\u00e9cifique ou pour c\u00e9l\u00e9brer l\u2019ensemble d\u2019une carri\u00e8re<\/li>\n<li>Est remise \u00e0 une personne ayant contribu\u00e9 de mani\u00e8re mesurable et distinctive \u00e0 l\u2019avancement de la pratique des communications marketing au Canada<\/li>\n<\/ul>\n<p>Depuis sa cr\u00e9ation, la M\u00e9daille d\u2019or de l\u2019ACA a \u00e9t\u00e9 attribu\u00e9e \u00e0 une s\u00e9rie prestigieuse de chefs de file de l\u2019industrie et de visionnaires. Consultez la liste des r\u00e9cipiendaires.<\/p>\n","protected":false},"excerpt":{"rendered":"<p><strong>Toronto, 19 septembre 2019 <\/strong>: Au cours des cinq derni\u00e8res ann\u00e9es comme cheffe des services marketing de Maple Leaf Sports &#038; Entertainment (MLSE), Shannon Hosford a \u00e9t\u00e9 \u00e0 l\u2019origine du reposition\u00acnement des Maple Leafs et des Raptors de Toronto \u2013 notamment par le lancement de We The North, reconnue aujour\u00acd\u2019hui comme l\u2019une des meilleures campagnes marketing de l\u2019histoire au pays. Celle-ci a jou\u00e9 un r\u00f4le significatif dans la notori\u00e9t\u00e9 des Raptors, et a connu son point culminant lors de leur victoire au championnat de la NBA en juin dernier.<\/p>\n","protected":false},"author":1,"featured_media":3945,"parent":52,"menu_order":107,"comment_status":"closed","ping_status":"closed","template":"","meta":{"_acf_changed":false,"content-type":"","footnotes":""},"acf":[],"yoast_head":"<!-- This site is optimized with the Yoast SEO plugin v23.4 - https:\/\/yoast.com\/wordpress\/plugins\/seo\/ -->\n<title>Association canadienne des annonceurs<\/title>\n<meta name=\"robots\" content=\"index, follow, max-snippet:-1, max-image-preview:large, max-video-preview:-1\" \/>\n<meta property=\"og:locale\" content=\"fr_CA\" \/>\n<meta property=\"og:type\" content=\"article\" \/>\n<meta property=\"og:site_name\" content=\"Association canadienne des annonceurs\" \/>\n<meta name=\"twitter:card\" content=\"summary_large_image\" \/>\n<script type=\"application\/ld+json\" class=\"yoast-schema-graph\">{\"@context\":\"https:\/\/schema.org\",\"@graph\":[{\"@type\":\"CollectionPage\",\"@id\":null,\"url\":\"\",\"name\":\"\",\"isPartOf\":{\"@id\":\"https:\/\/acaweb.ca\/fr\/#website\"},\"inLanguage\":\"fr-CA\"},{\"@type\":\"WebSite\",\"@id\":\"https:\/\/acaweb.ca\/fr\/#website\",\"url\":\"https:\/\/acaweb.ca\/fr\/\",\"name\":\"Association canadienne des annonceurs\",\"description\":\"\",\"publisher\":{\"@id\":\"https:\/\/acaweb.ca\/fr\/#organization\"},\"potentialAction\":[{\"@type\":\"SearchAction\",\"target\":{\"@type\":\"EntryPoint\",\"urlTemplate\":\"https:\/\/acaweb.ca\/fr\/?s={search_term_string}\"},\"query-input\":{\"@type\":\"PropertyValueSpecification\",\"valueRequired\":true,\"valueName\":\"search_term_string\"}}],\"inLanguage\":\"fr-CA\"},{\"@type\":\"Organization\",\"@id\":\"https:\/\/acaweb.ca\/fr\/#organization\",\"name\":\"Association canadienne des annonceurs\",\"url\":\"https:\/\/acaweb.ca\/fr\/\",\"logo\":{\"@type\":\"ImageObject\",\"inLanguage\":\"fr-CA\",\"@id\":\"https:\/\/acaweb.ca\/fr\/#\/schema\/logo\/image\/\",\"url\":\"https:\/\/acaweb.ca\/fr\/wp-content\/uploads\/sites\/3\/2017\/10\/cropped-ACA-FR-logo-colour.png\",\"contentUrl\":\"https:\/\/acaweb.ca\/fr\/wp-content\/uploads\/sites\/3\/2017\/10\/cropped-ACA-FR-logo-colour.png\",\"width\":1595,\"height\":417,\"caption\":\"Association canadienne des annonceurs\"},\"image\":{\"@id\":\"https:\/\/acaweb.ca\/fr\/#\/schema\/logo\/image\/\"}}]}<\/script>\n<!-- \/ Yoast SEO plugin. -->","yoast_head_json":{"title":"Association canadienne des annonceurs","robots":{"index":"index","follow":"follow","max-snippet":"max-snippet:-1","max-image-preview":"max-image-preview:large","max-video-preview":"max-video-preview:-1"},"og_locale":"fr_CA","og_type":"article","og_site_name":"Association canadienne des annonceurs","twitter_card":"summary_large_image","schema":{"@context":"https:\/\/schema.org","@graph":[{"@type":"CollectionPage","@id":null,"url":"","name":"","isPartOf":{"@id":"https:\/\/acaweb.ca\/fr\/#website"},"inLanguage":"fr-CA"},{"@type":"WebSite","@id":"https:\/\/acaweb.ca\/fr\/#website","url":"https:\/\/acaweb.ca\/fr\/","name":"Association canadienne des annonceurs","description":"","publisher":{"@id":"https:\/\/acaweb.ca\/fr\/#organization"},"potentialAction":[{"@type":"SearchAction","target":{"@type":"EntryPoint","urlTemplate":"https:\/\/acaweb.ca\/fr\/?s={search_term_string}"},"query-input":{"@type":"PropertyValueSpecification","valueRequired":true,"valueName":"search_term_string"}}],"inLanguage":"fr-CA"},{"@type":"Organization","@id":"https:\/\/acaweb.ca\/fr\/#organization","name":"Association canadienne des annonceurs","url":"https:\/\/acaweb.ca\/fr\/","logo":{"@type":"ImageObject","inLanguage":"fr-CA","@id":"https:\/\/acaweb.ca\/fr\/#\/schema\/logo\/image\/","url":"https:\/\/acaweb.ca\/fr\/wp-content\/uploads\/sites\/3\/2017\/10\/cropped-ACA-FR-logo-colour.png","contentUrl":"https:\/\/acaweb.ca\/fr\/wp-content\/uploads\/sites\/3\/2017\/10\/cropped-ACA-FR-logo-colour.png","width":1595,"height":417,"caption":"Association canadienne des annonceurs"},"image":{"@id":"https:\/\/acaweb.ca\/fr\/#\/schema\/logo\/image\/"}}]}},"_links":{"self":[{"href":"https:\/\/acaweb.ca\/fr\/wp-json\/wp\/v2\/pages\/3940"}],"collection":[{"href":"https:\/\/acaweb.ca\/fr\/wp-json\/wp\/v2\/pages"}],"about":[{"href":"https:\/\/acaweb.ca\/fr\/wp-json\/wp\/v2\/types\/page"}],"author":[{"embeddable":true,"href":"https:\/\/acaweb.ca\/fr\/wp-json\/wp\/v2\/users\/1"}],"replies":[{"embeddable":true,"href":"https:\/\/acaweb.ca\/fr\/wp-json\/wp\/v2\/comments?post=3940"}],"version-history":[{"count":1,"href":"https:\/\/acaweb.ca\/fr\/wp-json\/wp\/v2\/pages\/3940\/revisions"}],"predecessor-version":[{"id":3941,"href":"https:\/\/acaweb.ca\/fr\/wp-json\/wp\/v2\/pages\/3940\/revisions\/3941"}],"up":[{"embeddable":true,"href":"https:\/\/acaweb.ca\/fr\/wp-json\/wp\/v2\/pages\/52"}],"wp:featuredmedia":[{"embeddable":true,"href":"https:\/\/acaweb.ca\/fr\/wp-json\/wp\/v2\/media\/3945"}],"wp:attachment":[{"href":"https:\/\/acaweb.ca\/fr\/wp-json\/wp\/v2\/media?parent=3940"}],"curies":[{"name":"wp","href":"https:\/\/api.w.org\/{rel}","templated":true}]}}