{"id":3795,"date":"2019-05-14T10:30:43","date_gmt":"2019-05-14T14:30:43","guid":{"rendered":"https:\/\/acaweb.ca\/fr\/?page_id=3795"},"modified":"2019-07-12T10:56:17","modified_gmt":"2019-07-12T14:56:17","slug":"photos-du-forum-executif-davril-2019","status":"publish","type":"page","link":"https:\/\/acaweb.ca\/fr\/formation-et-evenements\/photos-du-forum-executif-davril-2019\/","title":{"rendered":"Photos du forum ex\u00e9cutif d\u2019avril 2019"},"content":{"rendered":"<p>L\u2019industrie s\u2019est r\u00e9unie \u00e0 Artscape Sandbox \u00e0 Toronto, le 16 avril dernier pour assister \u00e0 la conf\u00e9rence \u00ab\u00a0Agence maison : quelle formule vous convient?\u00a0\u00bb avec Lauren Felix, strat\u00e8ge M\u00e9dias et num\u00e9rique \u00e0 Bayer Sant\u00e9 grand public et Tessa Ohlendorf, directrice g\u00e9n\u00e9rale, Canada, \u00e0 MightyHive.<\/p>\n<div class=\"gallery-container\">\n<ul id=\"gallery-viewer\" class=\"gallery-viewer\">\n<li class=\"gallery-photo\"><img loading=\"lazy\" decoding=\"async\" src=\"https:\/\/acaweb.ca\/en\/wp-content\/uploads\/sites\/2\/2019\/05\/045A0956.png\" alt=\"An In-House Agency: What's Right for You?\" width=\"150\" height=\"150\" class=\"alignnone size-full wp-image-4345\" \/>\n<p>An In-House Agency: What&rsquo;s Right for You?<\/p>\n<\/li>\n<li class=\"gallery-photo\"><img loading=\"lazy\" decoding=\"async\" src=\"https:\/\/acaweb.ca\/en\/wp-content\/uploads\/sites\/2\/2019\/05\/045A0966.png\" alt=\"\" width=\"150\" height=\"150\" class=\"alignnone size-full wp-image-4334\" \/>\n<p>Breakfast sponsored by Globe and Mail Media Group<\/p>\n<\/li>\n<li class=\"gallery-photo\"><img loading=\"lazy\" decoding=\"async\" src=\"https:\/\/acaweb.ca\/en\/wp-content\/uploads\/sites\/2\/2019\/05\/045A1047.png\" alt=\"\" width=\"150\" height=\"150\" class=\"alignnone size-full wp-image-4340\" \/>\n<p>Discussion during breakfast, sponsored by Globe and Mail Media Group<\/p>\n<\/li>\n<li class=\"gallery-photo\"><img loading=\"lazy\" decoding=\"async\" src=\"https:\/\/acaweb.ca\/en\/wp-content\/uploads\/sites\/2\/2019\/05\/045A1054.png\" alt=\"\" width=\"150\" height=\"150\" class=\"alignnone size-full wp-image-4341\" \/>\n<p>Delegates network over breakfast before the AGM<\/p>\n<\/li>\n<li class=\"gallery-photo\"><img loading=\"lazy\" decoding=\"async\" src=\"https:\/\/acaweb.ca\/en\/wp-content\/uploads\/sites\/2\/2019\/05\/045A1117.png\" alt=\"\" width=\"150\" height=\"150\" class=\"alignnone size-full wp-image-4342\" \/>\n<p>Ron Lund, ACA CEO and president presents survey results<\/p>\n<\/li>\n<li class=\"gallery-photo\"><img loading=\"lazy\" decoding=\"async\" src=\"https:\/\/acaweb.ca\/en\/wp-content\/uploads\/sites\/2\/2019\/05\/045A1246.png\" alt=\"\" width=\"150\" height=\"150\" class=\"alignnone size-full wp-image-4335\" \/>\n<p>Lauren Felix, Media &#038; Digital Strategy at Bayer Consumer Health addresses the audience<\/p>\n<\/li>\n<li class=\"gallery-photo\"><img loading=\"lazy\" decoding=\"async\" src=\"https:\/\/acaweb.ca\/en\/wp-content\/uploads\/sites\/2\/2019\/05\/045A1184.png\" alt=\"\" width=\"150\" height=\"150\" class=\"alignnone size-full wp-image-4343\" \/>\n<p>Tessa Ohlendorf, Managing Director, Canada at MightyHive gives presentation<\/p>\n<\/li>\n<li class=\"gallery-photo\"><img loading=\"lazy\" decoding=\"async\" src=\"https:\/\/acaweb.ca\/en\/wp-content\/uploads\/sites\/2\/2019\/05\/Tessa-Lauren-Ron.png\" alt=\"\" width=\"150\" height=\"150\" class=\"alignnone size-full wp-image-4344\" \/>\n<p>ACA&rsquo;s CEO and president Ron Lund on stage with Lauren Felix, Media &#038; Digital Strategy, Bayer Consumer Health and Tessa Ohlendorf, Managing Director, Canada, MightyHive<\/p>\n<\/li>\n<li class=\"gallery-photo\"><img loading=\"lazy\" decoding=\"async\" src=\"https:\/\/acaweb.ca\/en\/wp-content\/uploads\/sites\/2\/2019\/05\/045A1333.png\" alt=\"\" width=\"150\" height=\"150\" class=\"alignnone size-full wp-image-4336\" \/>\n<p>An audience member asks a question to panelists<\/p>\n<\/li>\n<li class=\"gallery-photo\"><img loading=\"lazy\" decoding=\"async\" src=\"https:\/\/acaweb.ca\/en\/wp-content\/uploads\/sites\/2\/2019\/05\/045A1448.png\" alt=\"\" width=\"150\" height=\"150\" class=\"alignnone size-full wp-image-4337\" \/>\n<p>Panelists Lauren Felix, Media &#038; Digital Strategy, Bayer Consumer Health; Zhen Jiwa,Vice President of Digital Commerce, CIBC and Maryann Rusnak, Senior Media Manager, Expedia<\/p>\n<\/li>\n<li class=\"gallery-photo\"><img loading=\"lazy\" decoding=\"async\" src=\"https:\/\/acaweb.ca\/en\/wp-content\/uploads\/sites\/2\/2019\/05\/045A1035.png\" alt=\"\" width=\"150\" height=\"150\" class=\"alignnone size-full wp-image-4339\" \/>\n<p>Delegates network after conference<\/p>\n<\/li>\n<li class=\"gallery-photo\"><img loading=\"lazy\" decoding=\"async\" src=\"https:\/\/acaweb.ca\/en\/wp-content\/uploads\/sites\/2\/2019\/05\/045A1021.png\" alt=\"\" width=\"150\" height=\"150\" class=\"alignnone size-full wp-image-4338\" \/>\n<p>Thank you to our event strategic partners and sponsor<\/p>\n<\/li>\n<\/ul>\n<\/div>\n","protected":false},"excerpt":{"rendered":"<p>L\u2019industrie s\u2019est r\u00e9unie \u00e0 Artscape Sandbox \u00e0 Toronto, le 16 avril dernier pour assister \u00e0 la conf\u00e9rence \u00ab\u00a0Agence maison : quelle formule vous convient?\u00a0\u00bb avec Lauren Felix, strat\u00e8ge M\u00e9dias et num\u00e9rique \u00e0 Bayer Sant\u00e9 grand public et Tessa Ohlendorf, directrice g\u00e9n\u00e9rale, Canada, \u00e0 MightyHive. An In-House Agency: What&rsquo;s Right for You? Breakfast sponsored by Globe [&hellip;]<\/p>\n","protected":false},"author":1,"featured_media":0,"parent":337,"menu_order":0,"comment_status":"closed","ping_status":"closed","template":"gallery.php","meta":{"_acf_changed":false,"content-type":"","footnotes":""},"acf":[],"yoast_head":"<!-- This site is optimized with the Yoast SEO plugin v23.4 - https:\/\/yoast.com\/wordpress\/plugins\/seo\/ -->\n<title>Association canadienne des annonceurs<\/title>\n<meta name=\"robots\" content=\"index, follow, max-snippet:-1, max-image-preview:large, max-video-preview:-1\" \/>\n<meta property=\"og:locale\" content=\"fr_CA\" \/>\n<meta property=\"og:type\" content=\"article\" \/>\n<meta property=\"og:site_name\" content=\"Association canadienne des annonceurs\" \/>\n<meta name=\"twitter:card\" content=\"summary_large_image\" \/>\n<script type=\"application\/ld+json\" class=\"yoast-schema-graph\">{\"@context\":\"https:\/\/schema.org\",\"@graph\":[{\"@type\":\"CollectionPage\",\"@id\":null,\"url\":\"\",\"name\":\"\",\"isPartOf\":{\"@id\":\"https:\/\/acaweb.ca\/fr\/#website\"},\"inLanguage\":\"fr-CA\"},{\"@type\":\"WebSite\",\"@id\":\"https:\/\/acaweb.ca\/fr\/#website\",\"url\":\"https:\/\/acaweb.ca\/fr\/\",\"name\":\"Association canadienne des annonceurs\",\"description\":\"\",\"publisher\":{\"@id\":\"https:\/\/acaweb.ca\/fr\/#organization\"},\"potentialAction\":[{\"@type\":\"SearchAction\",\"target\":{\"@type\":\"EntryPoint\",\"urlTemplate\":\"https:\/\/acaweb.ca\/fr\/?s={search_term_string}\"},\"query-input\":{\"@type\":\"PropertyValueSpecification\",\"valueRequired\":true,\"valueName\":\"search_term_string\"}}],\"inLanguage\":\"fr-CA\"},{\"@type\":\"Organization\",\"@id\":\"https:\/\/acaweb.ca\/fr\/#organization\",\"name\":\"Association canadienne des annonceurs\",\"url\":\"https:\/\/acaweb.ca\/fr\/\",\"logo\":{\"@type\":\"ImageObject\",\"inLanguage\":\"fr-CA\",\"@id\":\"https:\/\/acaweb.ca\/fr\/#\/schema\/logo\/image\/\",\"url\":\"https:\/\/acaweb.ca\/fr\/wp-content\/uploads\/sites\/3\/2017\/10\/cropped-ACA-FR-logo-colour.png\",\"contentUrl\":\"https:\/\/acaweb.ca\/fr\/wp-content\/uploads\/sites\/3\/2017\/10\/cropped-ACA-FR-logo-colour.png\",\"width\":1595,\"height\":417,\"caption\":\"Association canadienne des annonceurs\"},\"image\":{\"@id\":\"https:\/\/acaweb.ca\/fr\/#\/schema\/logo\/image\/\"}}]}<\/script>\n<!-- \/ Yoast SEO plugin. -->","yoast_head_json":{"title":"Association canadienne des annonceurs","robots":{"index":"index","follow":"follow","max-snippet":"max-snippet:-1","max-image-preview":"max-image-preview:large","max-video-preview":"max-video-preview:-1"},"og_locale":"fr_CA","og_type":"article","og_site_name":"Association canadienne des annonceurs","twitter_card":"summary_large_image","schema":{"@context":"https:\/\/schema.org","@graph":[{"@type":"CollectionPage","@id":null,"url":"","name":"","isPartOf":{"@id":"https:\/\/acaweb.ca\/fr\/#website"},"inLanguage":"fr-CA"},{"@type":"WebSite","@id":"https:\/\/acaweb.ca\/fr\/#website","url":"https:\/\/acaweb.ca\/fr\/","name":"Association canadienne des annonceurs","description":"","publisher":{"@id":"https:\/\/acaweb.ca\/fr\/#organization"},"potentialAction":[{"@type":"SearchAction","target":{"@type":"EntryPoint","urlTemplate":"https:\/\/acaweb.ca\/fr\/?s={search_term_string}"},"query-input":{"@type":"PropertyValueSpecification","valueRequired":true,"valueName":"search_term_string"}}],"inLanguage":"fr-CA"},{"@type":"Organization","@id":"https:\/\/acaweb.ca\/fr\/#organization","name":"Association canadienne des annonceurs","url":"https:\/\/acaweb.ca\/fr\/","logo":{"@type":"ImageObject","inLanguage":"fr-CA","@id":"https:\/\/acaweb.ca\/fr\/#\/schema\/logo\/image\/","url":"https:\/\/acaweb.ca\/fr\/wp-content\/uploads\/sites\/3\/2017\/10\/cropped-ACA-FR-logo-colour.png","contentUrl":"https:\/\/acaweb.ca\/fr\/wp-content\/uploads\/sites\/3\/2017\/10\/cropped-ACA-FR-logo-colour.png","width":1595,"height":417,"caption":"Association canadienne des annonceurs"},"image":{"@id":"https:\/\/acaweb.ca\/fr\/#\/schema\/logo\/image\/"}}]}},"_links":{"self":[{"href":"https:\/\/acaweb.ca\/fr\/wp-json\/wp\/v2\/pages\/3795"}],"collection":[{"href":"https:\/\/acaweb.ca\/fr\/wp-json\/wp\/v2\/pages"}],"about":[{"href":"https:\/\/acaweb.ca\/fr\/wp-json\/wp\/v2\/types\/page"}],"author":[{"embeddable":true,"href":"https:\/\/acaweb.ca\/fr\/wp-json\/wp\/v2\/users\/1"}],"replies":[{"embeddable":true,"href":"https:\/\/acaweb.ca\/fr\/wp-json\/wp\/v2\/comments?post=3795"}],"version-history":[{"count":2,"href":"https:\/\/acaweb.ca\/fr\/wp-json\/wp\/v2\/pages\/3795\/revisions"}],"predecessor-version":[{"id":3797,"href":"https:\/\/acaweb.ca\/fr\/wp-json\/wp\/v2\/pages\/3795\/revisions\/3797"}],"up":[{"embeddable":true,"href":"https:\/\/acaweb.ca\/fr\/wp-json\/wp\/v2\/pages\/337"}],"wp:attachment":[{"href":"https:\/\/acaweb.ca\/fr\/wp-json\/wp\/v2\/media?parent=3795"}],"curies":[{"name":"wp","href":"https:\/\/api.w.org\/{rel}","templated":true}]}}