{"id":379,"date":"2017-10-16T14:45:59","date_gmt":"2017-10-16T18:45:59","guid":{"rendered":"http:\/\/www.acaweb.ca\/fr\/?page_id=379"},"modified":"2024-06-25T15:34:58","modified_gmt":"2024-06-25T19:34:58","slug":"comites","status":"publish","type":"page","link":"https:\/\/acaweb.ca\/fr\/leadership\/comites\/","title":{"rendered":"Comit\u00e9s"},"content":{"rendered":"<p>Les comit\u00e9s de l\u2019ACA s\u2019occupent de questions essentielles \u00e0 l\u2019efficacit\u00e9 des communications marketing des membres, et soutiennent nos efforts pour assurer la transparence et l\u2019imputabilit\u00e9 dans le march\u00e9 tout en d\u00e9fendant le droit des annonceurs \u00e0 annoncer librement.<\/p>\n<p>Les membres des comit\u00e9s aident \u00e0 orienter le d\u00e9veloppement des programmes de l\u2019ACA, \u00e0 d\u00e9terminer les sujets de nos repr\u00e9sentations tout en agissant comme leaders d\u2019opinion dans l\u2019industrie.<\/p>\n<h2>Joignez un comit\u00e9<\/h2>\n<h3>Comit\u00e9 de publicit\u00e9 &#8211; Gouvernements du Canada<\/h3>\n<p>Ce comit\u00e9 se penche sur les questions publicitaires touchant particuli\u00e8rement les gouvernements afin de partager des syst\u00e8mes et des processus, des connaissances et des meilleures pratiques, toujours dans le but d\u2019am\u00e9liorer l\u2019efficacit\u00e9 marketing et le RCI et de favoriser la collaboration sur des questions d\u2019int\u00e9r\u00eat commun. Le comit\u00e9 est form\u00e9 de conseillers publicitaires qui, par leur implication directe, poss\u00e8dent un savoir-faire \u00e9prouv\u00e9 en mati\u00e8re de publicit\u00e9 gouvernementale \u00e0 l\u2019\u00e9chelle provinciale et f\u00e9d\u00e9rale.<\/p>\n<h3>Comit\u00e9 des affaires gouvernementales et r\u00e8glementaires<\/h3>\n<p>Le Comit\u00e9 des affaires gouvernementales et r\u00e8glementaires de l\u2019ACA oriente nos relations avec les divers paliers de gouvernement et nos actions dans le domaine r\u00e8glementaire. Il s\u2019efforce de b\u00e2tir des relations de confiance avec les d\u00e9cideurs gouvernementaux et de travailler efficacement avec les autres groupes concern\u00e9s.<\/p>\n<h3>Comit\u00e9 de l&rsquo;industrie sur l&rsquo;intelligence artificielle (IA)<\/h3>\n<p>Alors que l&rsquo;intelligence artificielle (IA) transforme le secteur de la publicit\u00e9, notre objectif est d&rsquo;\u00e9tudier les opportunit\u00e9s et les d\u00e9fis qu&rsquo;elle apporte, en nous attachant \u00e0 orienter le secteur vers un avenir meilleur en termes de politiques, de talents, de retour sur investissement et d&rsquo;innovation. <\/p>\n<h3>Comit\u00e9 sur l\u2019\u00e9valuation multim\u00e9dia<\/h3>\n<p>Ce comit\u00e9 a \u00e9t\u00e9 form\u00e9 avec un seul but en t\u00eate : r\u00e9pondre au besoin des annonceurs en proposant une d\u00e9marche structur\u00e9e pour la mise en \u0153uvre d\u2019un syst\u00e8me d\u2019\u00e9valuation multim\u00e9dia uniformis\u00e9 \u00e0 travers le Canada. \u00c0 titre de guide, le comit\u00e9 utilise l\u2019ouvrage intitul\u00e9 <a href=\"https:\/\/acaweb.ca\/fr\/resource\/etablissement-des-principes-dune-nouvelle-approche-dans-levaluation-multimedia\/\"><em>Establishing Principles For A New Approach To Cross-Media Measurement Framework<\/em><\/a> (\u00c9tablissement des principes d\u2019une nouvelle approche dans l\u2019\u00e9valuation multim\u00e9dia) \u00e9labor\u00e9 par la WFA, l\u2019ACA et d\u2019autres associations d\u2019annonceurs \u00e0 travers le monde. Les membres de ce comit\u00e9 veillent au d\u00e9veloppement d\u2019un syst\u00e8me qui permettra aux annonceurs de mieux comprendre la port\u00e9e de leurs efforts publicitaires et la fr\u00e9quence avec laquelle ils frappent. Celui-ci doit reposer sur des principes de protection de la vie priv\u00e9e et de gouvernance, sur des normes et des mesures \u00e9prouv\u00e9es et sur la reconnaissance des infrastructures techniques en place.<\/p>\n<p><!--\n\n\n<h3>Comit\u00e9 des m\u00e9dias<\/h3>\n\n\nLe Comit\u00e9 des m\u00e9dias de l\u2019ACA est la r\u00e9f\u00e9rence dans les dossiers concernant les m\u00e9dias num\u00e9riques, la radiodiffusion, les imprim\u00e9s et l\u2019affichage. Ses principaux sujets d\u2019int\u00e9r\u00eat incluent l\u2019\u00e9valuation des publics, la gestion des agences m\u00e9dia, les nouvelles technologies, la transparence des transactions m\u00e9dia, les audits et le maintien des co\u00fbts.\n\n\n<h3>Comit\u00e9 sur la diversit\u00e9, l'\u00e9quit\u00e9 et l\u2019inclusion<\/h3>\n\n\nCe comit\u00e9 a pour mission de faciliter et d\u2019am\u00e9liorer la diversit\u00e9, l'\u00e9quit\u00e9 et l\u2019inclusion au sein de l\u2019ensemble de la communaut\u00e9 marketing. Il est compos\u00e9 de conseillers publicitaires qui ont \u00e0 c\u0153ur l\u2019\u00e9galit\u00e9 et le changement. Le comit\u00e9 cherche \u00e0 faire trois choses : \u00e9largir l\u2019acc\u00e8s \u00e0 des milieux de travail diversifi\u00e9s et inclusifs; offrir des opportunit\u00e9s d\u2019emploi \u00e0 grande \u00e9chelle afin de diversifier les talents au sein de la cha\u00eene d\u2019approvisionnement marketing; et pr\u00e9parer des outils d\u2019aide pour la communaut\u00e9 marketing.\n\n\n<h3>Comit\u00e9 du marketing num\u00e9rique<\/h3>\n\n\nLe Comit\u00e9 du marketing num\u00e9rique de l\u2019ACA \u00e9tudie les m\u00e9dias num\u00e9riques existants et en \u00e9mergence et leur exploitation en communications marketing. Le comit\u00e9 r\u00e9fl\u00e9chit principalement \u00e0 des questions comme la vie priv\u00e9e, la transparence des transactions, les technologies existantes et nouvelles, la recherche, la r\u00e8glementation, les normes et les lignes directrices en vigueur.\n\n\n<h3>Comit\u00e9 de la gestion financi\u00e8re des communications marketing et des achats<\/h3>\n\n\nLe Comit\u00e9 de la gestion financi\u00e8re des communications marketing et des achats (CGFCMA) s\u2019adresse aux membres souhaitant mettre au point de meilleures pratiques en mati\u00e8re de gestion des processus de communications marketing et de leurs implications financi\u00e8res. Il s\u2019int\u00e9resse aux relations client-agence, la mesure du rendement, aux tableaux de bord des communications marketing et aux achats.--><\/p>\n<h2>Devenir membres d\u2019un de nos comit\u00e9s vous int\u00e9resse?<\/h2>\n<p>Pour plus d\u2019information : <strong>Patrick Hotte, <\/strong><strong>vice-pr\u00e9sident, Qu\u00e9bec, <\/strong>514-842-6422 \/ 1-800-883-0422 \/\u00a0<a class=\"mail-link\" data-enc-email=\"cubggr[at]NPNjro.pn\" data-wpel-link=\"ignore\"><span id=\"eeb-90437-139998\">photte@ACAweb.ca<\/span><\/a>.<\/p>\n","protected":false},"excerpt":{"rendered":"<p>Les comit\u00e9s de l\u2019ACA s\u2019occupent de questions essentielles \u00e0 l\u2019efficacit\u00e9 des communications marketing des membres, et soutiennent nos efforts pour assure la transparence et l\u2019imputabilit\u00e9 dans le march\u00e9 tout en d\u00e9fendant le droit des annonceurs \u00e0 annoncer librement.<\/p>\n","protected":false},"author":1,"featured_media":0,"parent":339,"menu_order":0,"comment_status":"closed","ping_status":"closed","template":"","meta":{"_acf_changed":false,"content-type":"","footnotes":""},"acf":[],"yoast_head":"<!-- This site is optimized with the Yoast SEO plugin v23.4 - https:\/\/yoast.com\/wordpress\/plugins\/seo\/ -->\n<title>F\u00e9d\u00e9ration mondiale des annonceurs Archives - Association canadienne des annonceurs<\/title>\n<meta name=\"robots\" content=\"index, follow, max-snippet:-1, max-image-preview:large, max-video-preview:-1\" \/>\n<link rel=\"canonical\" href=\"https:\/\/acaweb.ca\/fr\/tag\/federation-mondiale-des-annonceurs\/\" \/>\n<meta property=\"og:locale\" content=\"fr_CA\" \/>\n<meta property=\"og:type\" content=\"article\" \/>\n<meta property=\"og:title\" content=\"F\u00e9d\u00e9ration mondiale des annonceurs Archives - Association canadienne des annonceurs\" \/>\n<meta property=\"og:url\" content=\"https:\/\/acaweb.ca\/fr\/tag\/federation-mondiale-des-annonceurs\/\" \/>\n<meta property=\"og:site_name\" content=\"Association canadienne des annonceurs\" \/>\n<meta name=\"twitter:card\" content=\"summary_large_image\" \/>\n<script type=\"application\/ld+json\" class=\"yoast-schema-graph\">{\"@context\":\"https:\/\/schema.org\",\"@graph\":[{\"@type\":\"CollectionPage\",\"@id\":\"https:\/\/acaweb.ca\/fr\/tag\/federation-mondiale-des-annonceurs\/\",\"url\":\"https:\/\/acaweb.ca\/fr\/tag\/federation-mondiale-des-annonceurs\/\",\"name\":\"F\u00e9d\u00e9ration mondiale des annonceurs Archives - Association canadienne des annonceurs\",\"isPartOf\":{\"@id\":\"https:\/\/acaweb.ca\/fr\/#website\"},\"breadcrumb\":{\"@id\":\"https:\/\/acaweb.ca\/fr\/tag\/federation-mondiale-des-annonceurs\/#breadcrumb\"},\"inLanguage\":\"fr-CA\"},{\"@type\":\"BreadcrumbList\",\"@id\":\"https:\/\/acaweb.ca\/fr\/tag\/federation-mondiale-des-annonceurs\/#breadcrumb\",\"itemListElement\":[{\"@type\":\"ListItem\",\"position\":1,\"name\":\"Accueil\",\"item\":\"https:\/\/acaweb.ca\/fr\/\"},{\"@type\":\"ListItem\",\"position\":2,\"name\":\"F\u00e9d\u00e9ration mondiale des annonceurs\"}]},{\"@type\":\"WebSite\",\"@id\":\"https:\/\/acaweb.ca\/fr\/#website\",\"url\":\"https:\/\/acaweb.ca\/fr\/\",\"name\":\"Association canadienne des annonceurs\",\"description\":\"\",\"publisher\":{\"@id\":\"https:\/\/acaweb.ca\/fr\/#organization\"},\"potentialAction\":[{\"@type\":\"SearchAction\",\"target\":{\"@type\":\"EntryPoint\",\"urlTemplate\":\"https:\/\/acaweb.ca\/fr\/?s={search_term_string}\"},\"query-input\":{\"@type\":\"PropertyValueSpecification\",\"valueRequired\":true,\"valueName\":\"search_term_string\"}}],\"inLanguage\":\"fr-CA\"},{\"@type\":\"Organization\",\"@id\":\"https:\/\/acaweb.ca\/fr\/#organization\",\"name\":\"Association canadienne des annonceurs\",\"url\":\"https:\/\/acaweb.ca\/fr\/\",\"logo\":{\"@type\":\"ImageObject\",\"inLanguage\":\"fr-CA\",\"@id\":\"https:\/\/acaweb.ca\/fr\/#\/schema\/logo\/image\/\",\"url\":\"https:\/\/acaweb.ca\/fr\/wp-content\/uploads\/sites\/3\/2017\/10\/cropped-ACA-FR-logo-colour.png\",\"contentUrl\":\"https:\/\/acaweb.ca\/fr\/wp-content\/uploads\/sites\/3\/2017\/10\/cropped-ACA-FR-logo-colour.png\",\"width\":1595,\"height\":417,\"caption\":\"Association canadienne des annonceurs\"},\"image\":{\"@id\":\"https:\/\/acaweb.ca\/fr\/#\/schema\/logo\/image\/\"}}]}<\/script>\n<!-- \/ Yoast SEO plugin. -->","yoast_head_json":{"title":"F\u00e9d\u00e9ration mondiale des annonceurs Archives - Association canadienne des annonceurs","robots":{"index":"index","follow":"follow","max-snippet":"max-snippet:-1","max-image-preview":"max-image-preview:large","max-video-preview":"max-video-preview:-1"},"canonical":"https:\/\/acaweb.ca\/fr\/tag\/federation-mondiale-des-annonceurs\/","og_locale":"fr_CA","og_type":"article","og_title":"F\u00e9d\u00e9ration mondiale des annonceurs Archives - Association canadienne des annonceurs","og_url":"https:\/\/acaweb.ca\/fr\/tag\/federation-mondiale-des-annonceurs\/","og_site_name":"Association canadienne des annonceurs","twitter_card":"summary_large_image","schema":{"@context":"https:\/\/schema.org","@graph":[{"@type":"CollectionPage","@id":"https:\/\/acaweb.ca\/fr\/tag\/federation-mondiale-des-annonceurs\/","url":"https:\/\/acaweb.ca\/fr\/tag\/federation-mondiale-des-annonceurs\/","name":"F\u00e9d\u00e9ration mondiale des annonceurs Archives - Association canadienne des annonceurs","isPartOf":{"@id":"https:\/\/acaweb.ca\/fr\/#website"},"breadcrumb":{"@id":"https:\/\/acaweb.ca\/fr\/tag\/federation-mondiale-des-annonceurs\/#breadcrumb"},"inLanguage":"fr-CA"},{"@type":"BreadcrumbList","@id":"https:\/\/acaweb.ca\/fr\/tag\/federation-mondiale-des-annonceurs\/#breadcrumb","itemListElement":[{"@type":"ListItem","position":1,"name":"Accueil","item":"https:\/\/acaweb.ca\/fr\/"},{"@type":"ListItem","position":2,"name":"F\u00e9d\u00e9ration mondiale des annonceurs"}]},{"@type":"WebSite","@id":"https:\/\/acaweb.ca\/fr\/#website","url":"https:\/\/acaweb.ca\/fr\/","name":"Association canadienne des annonceurs","description":"","publisher":{"@id":"https:\/\/acaweb.ca\/fr\/#organization"},"potentialAction":[{"@type":"SearchAction","target":{"@type":"EntryPoint","urlTemplate":"https:\/\/acaweb.ca\/fr\/?s={search_term_string}"},"query-input":{"@type":"PropertyValueSpecification","valueRequired":true,"valueName":"search_term_string"}}],"inLanguage":"fr-CA"},{"@type":"Organization","@id":"https:\/\/acaweb.ca\/fr\/#organization","name":"Association canadienne des annonceurs","url":"https:\/\/acaweb.ca\/fr\/","logo":{"@type":"ImageObject","inLanguage":"fr-CA","@id":"https:\/\/acaweb.ca\/fr\/#\/schema\/logo\/image\/","url":"https:\/\/acaweb.ca\/fr\/wp-content\/uploads\/sites\/3\/2017\/10\/cropped-ACA-FR-logo-colour.png","contentUrl":"https:\/\/acaweb.ca\/fr\/wp-content\/uploads\/sites\/3\/2017\/10\/cropped-ACA-FR-logo-colour.png","width":1595,"height":417,"caption":"Association canadienne des annonceurs"},"image":{"@id":"https:\/\/acaweb.ca\/fr\/#\/schema\/logo\/image\/"}}]}},"_links":{"self":[{"href":"https:\/\/acaweb.ca\/fr\/wp-json\/wp\/v2\/pages\/379"}],"collection":[{"href":"https:\/\/acaweb.ca\/fr\/wp-json\/wp\/v2\/pages"}],"about":[{"href":"https:\/\/acaweb.ca\/fr\/wp-json\/wp\/v2\/types\/page"}],"author":[{"embeddable":true,"href":"https:\/\/acaweb.ca\/fr\/wp-json\/wp\/v2\/users\/1"}],"replies":[{"embeddable":true,"href":"https:\/\/acaweb.ca\/fr\/wp-json\/wp\/v2\/comments?post=379"}],"version-history":[{"count":11,"href":"https:\/\/acaweb.ca\/fr\/wp-json\/wp\/v2\/pages\/379\/revisions"}],"predecessor-version":[{"id":7613,"href":"https:\/\/acaweb.ca\/fr\/wp-json\/wp\/v2\/pages\/379\/revisions\/7613"}],"up":[{"embeddable":true,"href":"https:\/\/acaweb.ca\/fr\/wp-json\/wp\/v2\/pages\/339"}],"wp:attachment":[{"href":"https:\/\/acaweb.ca\/fr\/wp-json\/wp\/v2\/media?parent=379"}],"curies":[{"name":"wp","href":"https:\/\/api.w.org\/{rel}","templated":true}]}}