{"id":3707,"date":"2019-03-13T11:26:05","date_gmt":"2019-03-13T15:26:05","guid":{"rendered":"https:\/\/acaweb.ca\/fr\/?page_id=3707"},"modified":"2019-09-09T13:57:46","modified_gmt":"2019-09-09T17:57:46","slug":"aca-announces-strategic-partners-for-2019","status":"publish","type":"page","link":"https:\/\/acaweb.ca\/fr\/a-propos-de-nous\/ressources-pour-les-medias\/aca-announces-strategic-partners-for-2019\/","title":{"rendered":"L&rsquo;ACA annonce ses partenaires strat\u00e9giques pour 2019"},"content":{"rendered":"<p><strong>Toronto, 12 Mars 2019:<\/strong> L\u2019ACA est fi\u00e8re d\u2019annoncer ses 3 partenaires strat\u00e9giques pour l\u2019ann\u00e9e 2019.<\/p>\n<p>\u201cLes partenariats sont construits autour d\u2019objectifs communs et de trajectoires crois\u00e9es\u201d, explique Ron Lund, pr\u00e9sident et chef de la direction de l\u2019ACA. \u201cC\u2019est dans cet esprit que nous pr\u00e9sentons avec grande fiert\u00e9 nos partenaires strat\u00e9giques pour l\u2019ann\u00e9e 2019 qui nous aiderons \u00e0 renforcer nos efforts de promotion de la transparence et de l\u2019imputabilit\u00e9 dans le march\u00e9 des communications et de mieux informer nos membres. \u201d<\/p>\n<p>Nous sommes tr\u00e8s heureux d\u2019accueillir \u00e0 nouveau nos partenaires <a href=\"https:\/\/www.comscore.com\/\">Comscore Canada<\/a> et <a href=\"http:\/\/globelink.ca\/\">Globe Media Group<\/a> et tr\u00e8s honor\u00e9 d\u2019ajouter <a href=\"https:\/\/mightyhive.com\/\">MightyHive<\/a> \u00e0 l\u2019\u00e9quipe.<\/p>\n<p>Tous trois font partie du comit\u00e9 consultatif de la technologie de l\u2019ACA, et conseillent son personnel sur l\u2019\u00e9tat de l\u2019industrie et sur les possibilit\u00e9s techniques afin de les aider \u00e0 formuler des lignes directrices \u00e0 l\u2019intention des annonceurs. Ils constituent souvent les premiers vers qui l\u2019ACA se tourne pour obtenir r\u00e9ponse \u00e0 ses questions en plus d\u2019\u00eatre les premiers consult\u00e9s en p\u00e9riode de r\u00e9daction de ses guides de pratique.<\/p>\n<p>Pour obtenir plus d\u2019information sur les partenaires strat\u00e9giques de l\u2019ACA en 2019, communiquez avec Davina Wong, Gestionnaire, Formation et \u00e9v\u00e9nements  \u2013 <a href=\"mailto:dwong@acaweb.ca\">dwong@acaweb.ca<\/a> <\/p>\n","protected":false},"excerpt":{"rendered":"<p>Toronto, 12 Mars 2019: L\u2019ACA est fi\u00e8re d\u2019annoncer ses 3 partenaires strat\u00e9giques pour l\u2019ann\u00e9e 2019. \u201cLes partenariats sont construits autour d\u2019objectifs communs et de trajectoires crois\u00e9es\u201d, explique Ron Lund, pr\u00e9sident et chef de la direction de l\u2019ACA. \u201cC\u2019est dans cet esprit que nous pr\u00e9sentons avec grande fiert\u00e9 nos partenaires strat\u00e9giques pour l\u2019ann\u00e9e 2019 qui nous [&hellip;]<\/p>\n","protected":false},"author":1,"featured_media":0,"parent":52,"menu_order":85,"comment_status":"closed","ping_status":"closed","template":"","meta":{"_acf_changed":false,"content-type":"","footnotes":""},"acf":[],"yoast_head":"<!-- This site is optimized with the Yoast SEO plugin v23.4 - https:\/\/yoast.com\/wordpress\/plugins\/seo\/ -->\n<title>Association canadienne des annonceurs<\/title>\n<meta name=\"robots\" content=\"index, follow, max-snippet:-1, max-image-preview:large, max-video-preview:-1\" \/>\n<meta property=\"og:locale\" content=\"fr_CA\" \/>\n<meta property=\"og:type\" content=\"article\" \/>\n<meta property=\"og:site_name\" content=\"Association canadienne des annonceurs\" \/>\n<meta name=\"twitter:card\" content=\"summary_large_image\" \/>\n<script type=\"application\/ld+json\" class=\"yoast-schema-graph\">{\"@context\":\"https:\/\/schema.org\",\"@graph\":[{\"@type\":\"CollectionPage\",\"@id\":null,\"url\":\"\",\"name\":\"\",\"isPartOf\":{\"@id\":\"https:\/\/acaweb.ca\/fr\/#website\"},\"inLanguage\":\"fr-CA\"},{\"@type\":\"WebSite\",\"@id\":\"https:\/\/acaweb.ca\/fr\/#website\",\"url\":\"https:\/\/acaweb.ca\/fr\/\",\"name\":\"Association canadienne des annonceurs\",\"description\":\"\",\"publisher\":{\"@id\":\"https:\/\/acaweb.ca\/fr\/#organization\"},\"potentialAction\":[{\"@type\":\"SearchAction\",\"target\":{\"@type\":\"EntryPoint\",\"urlTemplate\":\"https:\/\/acaweb.ca\/fr\/?s={search_term_string}\"},\"query-input\":{\"@type\":\"PropertyValueSpecification\",\"valueRequired\":true,\"valueName\":\"search_term_string\"}}],\"inLanguage\":\"fr-CA\"},{\"@type\":\"Organization\",\"@id\":\"https:\/\/acaweb.ca\/fr\/#organization\",\"name\":\"Association canadienne des annonceurs\",\"url\":\"https:\/\/acaweb.ca\/fr\/\",\"logo\":{\"@type\":\"ImageObject\",\"inLanguage\":\"fr-CA\",\"@id\":\"https:\/\/acaweb.ca\/fr\/#\/schema\/logo\/image\/\",\"url\":\"https:\/\/acaweb.ca\/fr\/wp-content\/uploads\/sites\/3\/2017\/10\/cropped-ACA-FR-logo-colour.png\",\"contentUrl\":\"https:\/\/acaweb.ca\/fr\/wp-content\/uploads\/sites\/3\/2017\/10\/cropped-ACA-FR-logo-colour.png\",\"width\":1595,\"height\":417,\"caption\":\"Association canadienne des annonceurs\"},\"image\":{\"@id\":\"https:\/\/acaweb.ca\/fr\/#\/schema\/logo\/image\/\"}}]}<\/script>\n<!-- \/ Yoast SEO plugin. -->","yoast_head_json":{"title":"Association canadienne des annonceurs","robots":{"index":"index","follow":"follow","max-snippet":"max-snippet:-1","max-image-preview":"max-image-preview:large","max-video-preview":"max-video-preview:-1"},"og_locale":"fr_CA","og_type":"article","og_site_name":"Association canadienne des annonceurs","twitter_card":"summary_large_image","schema":{"@context":"https:\/\/schema.org","@graph":[{"@type":"CollectionPage","@id":null,"url":"","name":"","isPartOf":{"@id":"https:\/\/acaweb.ca\/fr\/#website"},"inLanguage":"fr-CA"},{"@type":"WebSite","@id":"https:\/\/acaweb.ca\/fr\/#website","url":"https:\/\/acaweb.ca\/fr\/","name":"Association canadienne des annonceurs","description":"","publisher":{"@id":"https:\/\/acaweb.ca\/fr\/#organization"},"potentialAction":[{"@type":"SearchAction","target":{"@type":"EntryPoint","urlTemplate":"https:\/\/acaweb.ca\/fr\/?s={search_term_string}"},"query-input":{"@type":"PropertyValueSpecification","valueRequired":true,"valueName":"search_term_string"}}],"inLanguage":"fr-CA"},{"@type":"Organization","@id":"https:\/\/acaweb.ca\/fr\/#organization","name":"Association canadienne des annonceurs","url":"https:\/\/acaweb.ca\/fr\/","logo":{"@type":"ImageObject","inLanguage":"fr-CA","@id":"https:\/\/acaweb.ca\/fr\/#\/schema\/logo\/image\/","url":"https:\/\/acaweb.ca\/fr\/wp-content\/uploads\/sites\/3\/2017\/10\/cropped-ACA-FR-logo-colour.png","contentUrl":"https:\/\/acaweb.ca\/fr\/wp-content\/uploads\/sites\/3\/2017\/10\/cropped-ACA-FR-logo-colour.png","width":1595,"height":417,"caption":"Association canadienne des annonceurs"},"image":{"@id":"https:\/\/acaweb.ca\/fr\/#\/schema\/logo\/image\/"}}]}},"_links":{"self":[{"href":"https:\/\/acaweb.ca\/fr\/wp-json\/wp\/v2\/pages\/3707"}],"collection":[{"href":"https:\/\/acaweb.ca\/fr\/wp-json\/wp\/v2\/pages"}],"about":[{"href":"https:\/\/acaweb.ca\/fr\/wp-json\/wp\/v2\/types\/page"}],"author":[{"embeddable":true,"href":"https:\/\/acaweb.ca\/fr\/wp-json\/wp\/v2\/users\/1"}],"replies":[{"embeddable":true,"href":"https:\/\/acaweb.ca\/fr\/wp-json\/wp\/v2\/comments?post=3707"}],"version-history":[{"count":6,"href":"https:\/\/acaweb.ca\/fr\/wp-json\/wp\/v2\/pages\/3707\/revisions"}],"predecessor-version":[{"id":3920,"href":"https:\/\/acaweb.ca\/fr\/wp-json\/wp\/v2\/pages\/3707\/revisions\/3920"}],"up":[{"embeddable":true,"href":"https:\/\/acaweb.ca\/fr\/wp-json\/wp\/v2\/pages\/52"}],"wp:attachment":[{"href":"https:\/\/acaweb.ca\/fr\/wp-json\/wp\/v2\/media?parent=3707"}],"curies":[{"name":"wp","href":"https:\/\/api.w.org\/{rel}","templated":true}]}}