{"id":3662,"date":"2019-02-22T14:04:04","date_gmt":"2019-02-22T19:04:04","guid":{"rendered":"https:\/\/acaweb.ca\/fr\/?page_id=3662"},"modified":"2019-09-09T14:00:20","modified_gmt":"2019-09-09T18:00:20","slug":"nouveau-president-du-comite-du-marketing-numerique-de-laca","status":"publish","type":"page","link":"https:\/\/acaweb.ca\/fr\/a-propos-de-nous\/ressources-pour-les-medias\/nouveau-president-du-comite-du-marketing-numerique-de-laca\/","title":{"rendered":"Nouveau pr\u00e9sident du Comit\u00e9 du marketing num\u00e9rique de l\u2019ACA"},"content":{"rendered":"<p><img loading=\"lazy\" decoding=\"async\" src=\"https:\/\/acaweb.ca\/fr\/wp-content\/uploads\/sites\/3\/2019\/02\/Armin-Huska.jpg\" alt=\"Armin-Huska\" width=\"374\" height=\"374\" class=\"alignright size-full wp-image-3664\" srcset=\"https:\/\/acaweb.ca\/fr\/wp-content\/uploads\/sites\/3\/2019\/02\/Armin-Huska.jpg 374w, https:\/\/acaweb.ca\/fr\/wp-content\/uploads\/sites\/3\/2019\/02\/Armin-Huska-150x150.jpg 150w, https:\/\/acaweb.ca\/fr\/wp-content\/uploads\/sites\/3\/2019\/02\/Armin-Huska-300x300.jpg 300w, https:\/\/acaweb.ca\/fr\/wp-content\/uploads\/sites\/3\/2019\/02\/Armin-Huska-175x175.jpg 175w\" sizes=\"(max-width: 374px) 100vw, 374px\" \/><strong>Toronto, 15 F\u00e9vrier 2019:<\/strong> L\u2019Association canadienne des annonceurs est heureuse d\u2019annoncer la nomination d\u2019Armin Huska, directeur des m\u00e9dias \u00e0 la Banque Royale du Canada (RBC), en tant que pr\u00e9sident de son Comit\u00e9 du marketing num\u00e9rique pour 2019. <\/p>\n<p>Ce comit\u00e9 vise \u00e0 promouvoir la r\u00e9flexion, les meilleures pratiques et les comp\u00e9tences dans le domaine de la publicit\u00e9 num\u00e9rique, en suscitant le d\u00e9bat sur des sujets susceptibles de faciliter la prise de d\u00e9cisions inform\u00e9es. L\u2019ACA peut ainsi proposer des solutions pouvant s\u2019appliquer localement ou \u00e0 l\u2019\u00e9chelle globale, gr\u00e2ce \u00e0 sa collaboration avec la F\u00e9d\u00e9ration mondiale des annonceurs (WFA) et le Media Rating Council (MRC). <\/p>\n<p>Avant de se joindre \u00e0 la Banque Royale, Armin Huska a \u00e9t\u00e9 pendant 6 ans chef des m\u00e9dias num\u00e9riques de Mindshare. L\u2019ACA tient \u00e0 remercier David Allard, anciennement vice-pr\u00e9sident, Marketing int\u00e9gr\u00e9, The Coca-Cola Company, et maintenant chef des services marketing de Samsung pour sa contribution en tant de pr\u00e9sident sortant du comit\u00e9. Au cours de son mandat, il a notamment permis d\u2019orienter les discussions du comit\u00e9 au sujet de la publicit\u00e9 s\u2019adressant aux enfants dans l\u2019espace num\u00e9rique.<\/p>\n","protected":false},"excerpt":{"rendered":"<p>Toronto, 15 F\u00e9vrier 2019: L\u2019Association canadienne des annonceurs est heureuse d\u2019annoncer la nomination d\u2019Armin Huska, directeur des m\u00e9dias \u00e0 la Banque Royale du Canada (RBC), en tant que pr\u00e9sident de son Comit\u00e9 du marketing num\u00e9rique pour 2019. Ce comit\u00e9 vise \u00e0 promouvoir la r\u00e9flexion, les meilleures pratiques et les comp\u00e9tences dans le domaine de la [&hellip;]<\/p>\n","protected":false},"author":1,"featured_media":0,"parent":52,"menu_order":0,"comment_status":"closed","ping_status":"closed","template":"","meta":{"_acf_changed":false,"content-type":"","footnotes":""},"acf":[],"yoast_head":"<!-- This site is optimized with the Yoast SEO plugin v23.4 - https:\/\/yoast.com\/wordpress\/plugins\/seo\/ -->\n<title>Association canadienne des annonceurs<\/title>\n<meta name=\"robots\" content=\"index, follow, max-snippet:-1, max-image-preview:large, max-video-preview:-1\" \/>\n<meta property=\"og:locale\" content=\"fr_CA\" \/>\n<meta property=\"og:type\" content=\"article\" \/>\n<meta property=\"og:site_name\" content=\"Association canadienne des annonceurs\" \/>\n<meta name=\"twitter:card\" content=\"summary_large_image\" \/>\n<script type=\"application\/ld+json\" class=\"yoast-schema-graph\">{\"@context\":\"https:\/\/schema.org\",\"@graph\":[{\"@type\":\"CollectionPage\",\"@id\":null,\"url\":\"\",\"name\":\"\",\"isPartOf\":{\"@id\":\"https:\/\/acaweb.ca\/fr\/#website\"},\"inLanguage\":\"fr-CA\"},{\"@type\":\"WebSite\",\"@id\":\"https:\/\/acaweb.ca\/fr\/#website\",\"url\":\"https:\/\/acaweb.ca\/fr\/\",\"name\":\"Association canadienne des annonceurs\",\"description\":\"\",\"publisher\":{\"@id\":\"https:\/\/acaweb.ca\/fr\/#organization\"},\"potentialAction\":[{\"@type\":\"SearchAction\",\"target\":{\"@type\":\"EntryPoint\",\"urlTemplate\":\"https:\/\/acaweb.ca\/fr\/?s={search_term_string}\"},\"query-input\":{\"@type\":\"PropertyValueSpecification\",\"valueRequired\":true,\"valueName\":\"search_term_string\"}}],\"inLanguage\":\"fr-CA\"},{\"@type\":\"Organization\",\"@id\":\"https:\/\/acaweb.ca\/fr\/#organization\",\"name\":\"Association canadienne des annonceurs\",\"url\":\"https:\/\/acaweb.ca\/fr\/\",\"logo\":{\"@type\":\"ImageObject\",\"inLanguage\":\"fr-CA\",\"@id\":\"https:\/\/acaweb.ca\/fr\/#\/schema\/logo\/image\/\",\"url\":\"https:\/\/acaweb.ca\/fr\/wp-content\/uploads\/sites\/3\/2017\/10\/cropped-ACA-FR-logo-colour.png\",\"contentUrl\":\"https:\/\/acaweb.ca\/fr\/wp-content\/uploads\/sites\/3\/2017\/10\/cropped-ACA-FR-logo-colour.png\",\"width\":1595,\"height\":417,\"caption\":\"Association canadienne des annonceurs\"},\"image\":{\"@id\":\"https:\/\/acaweb.ca\/fr\/#\/schema\/logo\/image\/\"}}]}<\/script>\n<!-- \/ Yoast SEO plugin. -->","yoast_head_json":{"title":"Association canadienne des annonceurs","robots":{"index":"index","follow":"follow","max-snippet":"max-snippet:-1","max-image-preview":"max-image-preview:large","max-video-preview":"max-video-preview:-1"},"og_locale":"fr_CA","og_type":"article","og_site_name":"Association canadienne des annonceurs","twitter_card":"summary_large_image","schema":{"@context":"https:\/\/schema.org","@graph":[{"@type":"CollectionPage","@id":null,"url":"","name":"","isPartOf":{"@id":"https:\/\/acaweb.ca\/fr\/#website"},"inLanguage":"fr-CA"},{"@type":"WebSite","@id":"https:\/\/acaweb.ca\/fr\/#website","url":"https:\/\/acaweb.ca\/fr\/","name":"Association canadienne des annonceurs","description":"","publisher":{"@id":"https:\/\/acaweb.ca\/fr\/#organization"},"potentialAction":[{"@type":"SearchAction","target":{"@type":"EntryPoint","urlTemplate":"https:\/\/acaweb.ca\/fr\/?s={search_term_string}"},"query-input":{"@type":"PropertyValueSpecification","valueRequired":true,"valueName":"search_term_string"}}],"inLanguage":"fr-CA"},{"@type":"Organization","@id":"https:\/\/acaweb.ca\/fr\/#organization","name":"Association canadienne des annonceurs","url":"https:\/\/acaweb.ca\/fr\/","logo":{"@type":"ImageObject","inLanguage":"fr-CA","@id":"https:\/\/acaweb.ca\/fr\/#\/schema\/logo\/image\/","url":"https:\/\/acaweb.ca\/fr\/wp-content\/uploads\/sites\/3\/2017\/10\/cropped-ACA-FR-logo-colour.png","contentUrl":"https:\/\/acaweb.ca\/fr\/wp-content\/uploads\/sites\/3\/2017\/10\/cropped-ACA-FR-logo-colour.png","width":1595,"height":417,"caption":"Association canadienne des annonceurs"},"image":{"@id":"https:\/\/acaweb.ca\/fr\/#\/schema\/logo\/image\/"}}]}},"_links":{"self":[{"href":"https:\/\/acaweb.ca\/fr\/wp-json\/wp\/v2\/pages\/3662"}],"collection":[{"href":"https:\/\/acaweb.ca\/fr\/wp-json\/wp\/v2\/pages"}],"about":[{"href":"https:\/\/acaweb.ca\/fr\/wp-json\/wp\/v2\/types\/page"}],"author":[{"embeddable":true,"href":"https:\/\/acaweb.ca\/fr\/wp-json\/wp\/v2\/users\/1"}],"replies":[{"embeddable":true,"href":"https:\/\/acaweb.ca\/fr\/wp-json\/wp\/v2\/comments?post=3662"}],"version-history":[{"count":7,"href":"https:\/\/acaweb.ca\/fr\/wp-json\/wp\/v2\/pages\/3662\/revisions"}],"predecessor-version":[{"id":3922,"href":"https:\/\/acaweb.ca\/fr\/wp-json\/wp\/v2\/pages\/3662\/revisions\/3922"}],"up":[{"embeddable":true,"href":"https:\/\/acaweb.ca\/fr\/wp-json\/wp\/v2\/pages\/52"}],"wp:attachment":[{"href":"https:\/\/acaweb.ca\/fr\/wp-json\/wp\/v2\/media?parent=3662"}],"curies":[{"name":"wp","href":"https:\/\/api.w.org\/{rel}","templated":true}]}}