{"id":347,"date":"2017-10-30T15:10:51","date_gmt":"2017-10-30T19:10:51","guid":{"rendered":"http:\/\/www.acaweb.ca\/fr\/?page_id=347"},"modified":"2024-06-24T16:28:13","modified_gmt":"2024-06-24T20:28:13","slug":"evaluation-des-medias","status":"publish","type":"page","link":"https:\/\/acaweb.ca\/fr\/leadership\/initiatives-actuelles\/evaluation-des-medias\/","title":{"rendered":"\u00c9valuation multim\u00e9dia"},"content":{"rendered":"<p>\u00c0 l\u2019heure actuelle, les annonceurs et leurs agences doivent travailler avec des donn\u00e9es en silos, ce qui complique l\u2019int\u00e9gration de la planification des campagnes et des strat\u00e9gies d\u2019achat.<\/p>\n<p>En 2019, l\u2019ACA s\u2019est jointe le \u00ab\u2009Cross Media Working Group\u2009\u00bb auquel participent plusieurs des plus grands annonceurs et radiodiffuseurs au monde ainsi que plusieurs plateformes num\u00e9riques, firmes de technologie, soci\u00e9t\u00e9s de portefeuille d\u2019agences et associations publicitaires de premier plan. L\u2019objectif de ce groupe est d\u2019acc\u00e9l\u00e9rer l\u2019uniformisation des m\u00e9thodes d\u2019\u00e9valuation afin d\u2019\u00e9viter la mise au point de solutions diff\u00e9rentes pour chaque march\u00e9. Il a aussi pour but de trouver une solution aux probl\u00e8mes de v\u00e9rification et d\u2019\u00e9valuation par des tiers d\u00e9crits dans la Charte des m\u00e9dias de la WFA.<\/p>\n<p>\u00c0 l\u2019automne 2020, la WFA (World Federation of Advertisers) a d\u00e9voil\u00e9 <a href=\"https:\/\/acaweb.ca\/fr\/resource\/etablissement-des-principes-dune-nouvelle-approche-dans-levaluation-multimedia\/\">une d\u00e9marche structur\u00e9e et une proposition technique<\/a> centr\u00e9es sur les annonceurs pour faciliter l\u2019adoption d\u2019une approche uniformis\u00e9e en mati\u00e8re d\u2019\u00e9valuation multim\u00e9dia. Simultan\u00e9ment, l\u2019ACA a cr\u00e9\u00e9 un <a href=\"https:\/\/acaweb.ca\/fr\/leadership\/comites\/\">comit\u00e9 d\u2019\u00e9valuation multim\u00e9dia<\/a> pour satisfaire aux besoins des annonceurs et superviser la mise en place d\u2019une m\u00eame approche uniformis\u00e9e au Canada.<\/p>\n<p>Au printemps 2021, le Comit\u00e9 sur l\u2019\u00e9valuation multim\u00e9dia a d\u00e9voil\u00e9 <a href=\"https:\/\/acaweb.ca\/fr\/leadership\/initiatives-actuelles\/evaluation-des-medias\/solutions-pour-levaluation-multimedia-dans-le-collimateur\/\">les d\u00e9tails de cette initiative<\/a>, la composition de son comit\u00e9 dont les membres repr\u00e9sentent 11 annonceurs nationaux canadiens, et l\u2019\u00e9ch\u00e9ancier du projet.<\/p>\n<p><strong>Le 7 septembre 2021.<\/strong> L\u2019ACA a nomm\u00e9 l\u2019ancienne vice-pr\u00e9sidente, Marketing et m\u00e9dia de Walmart, Jennifer Holgate, directrice, \u00c9valuation multim\u00e9dia. Elle guidera la mise en \u0153uvre concert\u00e9e d\u2019une solution d\u2019\u00e9valuation multim\u00e9dia (\u00c9MM) au Canada. <a href=\"https:\/\/acaweb.ca\/fr\/a-propos-de-nous\/ressources-pour-les-medias\/lancienne-dirigeante-du-groupe-media-walmart-designee-pour-superviser-linitiative-sur-levaluation-multimedia-de-laca\/\">Consultez le communiqu\u00e9 de presse pour en savoir plus.<\/a><\/p>\n<p>Le mandate du comit\u00e9 sur l&rsquo;\u00e9valuation multim\u00e9dia de l&rsquo;ACA est de: <span class=\"TextRun SCXP167899369 BCX8\" lang=\"FR-FR\" xml:lang=\"FR-FR\" data-scheme-color=\"@414042,,\" data-usefontface=\"true\" data-contrast=\"none\"><span class=\"NormalTextRun SCXP167899369 BCX8\">Superviser, acc\u00e9l\u00e9rer et permettre la mise en\u00a0<\/span><\/span><span class=\"TextRun SCXP167899369 BCX8\" lang=\"FR-FR\" xml:lang=\"FR-FR\" data-scheme-color=\"@414042,,\" data-usefontface=\"true\" data-contrast=\"none\"><span class=\"NormalTextRun SCXP167899369 BCX8\">\u0153uvre\u00a0<\/span><\/span><strong><span class=\"TextRun Highlight SCXP167899369 BCX8\" lang=\"FR-FR\" xml:lang=\"FR-FR\" data-scheme-color=\"@FFFFFF,0,\" data-usefontface=\"true\" data-contrast=\"none\"><span class=\"NormalTextRun SCXP167899369 BCX8\">collaborative<\/span><\/span><\/strong><span class=\"TextRun SCXP167899369 BCX8\" lang=\"FR-FR\" xml:lang=\"FR-FR\" data-scheme-color=\"@414042,,\" data-usefontface=\"true\" data-contrast=\"none\"><span class=\"NormalTextRun SCXP167899369 BCX8\">\u00a0d&rsquo;une solution\u00a0<\/span><\/span><span class=\"TextRun SCXP167899369 BCX8\" lang=\"FR-FR\" xml:lang=\"FR-FR\" data-scheme-color=\"@414042,,\" data-usefontface=\"true\" data-contrast=\"none\"><span class=\"NormalTextRun SCXP167899369 BCX8\">d\u2019\u00e9valuation multim\u00e9dia au Canada,\u00a0 dans un\u00a0<\/span><\/span><strong><span class=\"TextRun Highlight SCXP167899369 BCX8\" lang=\"FR-FR\" xml:lang=\"FR-FR\" data-scheme-color=\"@FFFFFF,0,\" data-usefontface=\"true\" data-contrast=\"none\"><span class=\"NormalTextRun SCXP167899369 BCX8\">d\u00e9lai appropri\u00e9<\/span><\/span><\/strong><span class=\"TextRun SCXP167899369 BCX8\" lang=\"FR-FR\" xml:lang=\"FR-FR\" data-scheme-color=\"@414042,,\" data-usefontface=\"true\" data-contrast=\"none\"><span class=\"NormalTextRun SCXP167899369 BCX8\">,\u00a0<\/span><\/span><strong><span class=\"TextRun Highlight SCXP167899369 BCX8\" lang=\"FR-FR\" xml:lang=\"FR-FR\" data-scheme-color=\"@FFFFFF,0,\" data-usefontface=\"true\" data-contrast=\"none\"><span class=\"NormalTextRun SCXP167899369 BCX8\">en maximisant\u00a0<\/span><\/span><span class=\"TextRun Highlight SCXP167899369 BCX8\" lang=\"FR-FR\" xml:lang=\"FR-FR\" data-scheme-color=\"@FFFFFF,0,\" data-usefontface=\"true\" data-contrast=\"none\"><span class=\"NormalTextRun SCXP167899369 BCX8\">l&rsquo;apprentissage<\/span><\/span><\/strong><span class=\"TextRun Highlight SCXP167899369 BCX8\" lang=\"FR-FR\" xml:lang=\"FR-FR\" data-scheme-color=\"@414042,,\" data-usefontface=\"true\" data-contrast=\"none\"><span class=\"NormalTextRun SCXP167899369 BCX8\">\u00a0<\/span><\/span><span class=\"TextRun SCXP167899369 BCX8\" lang=\"FR-FR\" xml:lang=\"FR-FR\" data-scheme-color=\"@414042,,\" data-usefontface=\"true\" data-contrast=\"none\"><span class=\"NormalTextRun SCXP167899369 BCX8\">\u00e0 partir d&rsquo;autres march\u00e9s.<\/span><\/span><span class=\"EOP SCXP167899369 BCX8\">\u200b<\/span><\/p>\n<h3>Rejoignez le comit\u00e9! Veuillez envoyer un courriel \u00e0 <a href=\"mailto:jdavey@acaweb.ca\">Judy Davey<\/a> pour en savoir plus sur cette initiative.<\/h3>\n<p>&nbsp;<\/p>\n<h3>Ressources connexes<\/h3>\n<p><a href=\"https:\/\/acaweb.ca\/fr\/wp-content\/uploads\/sites\/3\/2023\/09\/The-Halo-Cross-Media-Measurement-Framework_.pdf\">D\u00e9marche structur\u00e9e d&rsquo;\u00e9valuation multim\u00e9dia Halo<\/a> (WFA, ANA, ISBA) <em>(anglais seulement)<br \/>\n<\/em><a href=\"https:\/\/acaweb.ca\/fr\/wp-content\/uploads\/sites\/3\/2024\/01\/ACA-Canadian-Cross-Media-Measurement-Initiative-Update-for-Halo-Community-Summit-\u2013-January-2024.pdf\" target=\"_blank\" rel=\"noopener\">Mise<\/a><a href=\"https:\/\/acaweb.ca\/fr\/wp-content\/uploads\/sites\/3\/2024\/01\/ACA-Canadian-Cross-Media-Measurement-Initiative-Update-for-Halo-Community-Summit-\u2013-January-2024.pdf\" target=\"_blank\" rel=\"noopener\"> \u00e0 jour de l&rsquo;initiative canadienne d&rsquo;\u00e9valuation multim\u00e9dia de l&rsquo;ACA pour le Halo Community Summit<\/a> <em>&#8211; janvier 2024 (anglais seulement)<br \/>\n<\/em><a href=\"https:\/\/acaweb.ca\/fr\/wp-content\/uploads\/sites\/3\/2024\/06\/Fiche-informative-ACA-CMM-Governance-FR-24-mise-a-jour.pdf\" target=\"_blank\" rel=\"noopener\">Fiche informative sur l&rsquo;\u00e9valuation multim\u00e9dia<\/a><em><br \/>\n<\/em><a href=\"https:\/\/acaweb.ca\/fr\/wp-content\/uploads\/sites\/3\/2024\/02\/Cross-Platform-Measurement-Canadian-Advancements-Numeris-Halo-Summit-Presentation-January-2024.pdf\" target=\"_blank\" rel=\"noopener\">Pr\u00e9sentation de Numeris sur les avanc\u00e9es canadiennes sur l&rsquo;\u00e9valuation multim\u00e9dia &#8211; Halo Community Summit<\/a> &#8211; janvier 2024 <em>(anglais seulement)<\/em><br \/>\n<a href=\"https:\/\/acaweb.ca\/en\/wp-content\/uploads\/sites\/2\/2023\/09\/AAAC-Needs-Assessment-POV-Final-March-21-2023.pdf\" target=\"_blank\" rel=\"noopener\">Advertiser Agency Advisory Committee Needs Assessment Report<\/a> &#8211; mars 2023 <em>(anglais seulement)<\/em><br \/>\n<a href=\"https:\/\/acaweb.ca\/en\/wp-content\/uploads\/sites\/2\/2023\/09\/MVC-Capabilities-Assessment-Report-21-August-2023.pdf\" target=\"_blank\" rel=\"noopener\">Media Vendor Advisory Committee Measurement Capabilities Report<\/a> &#8211; ao\u00fbt 2023 <em>(anglais seulement)<\/em><br \/>\n<a href=\"https:\/\/acaweb.ca\/fr\/wp-content\/uploads\/sites\/3\/2023\/09\/CMM-What-is-It-April-2023.pdf\">Initiative d&rsquo;\u00e9valuation multim\u00e9dia de l&rsquo;ACA &#8211; de quoi s&rsquo;agit-il ?<\/a> <em>(anglais seulement)<\/em><br \/>\n<a href=\"https:\/\/acaweb.ca\/fr\/wp-content\/uploads\/sites\/3\/2023\/09\/WFA_global_media_charter_2023-_-25April2023.pdf\" target=\"_blank\" rel=\"noopener\">Charte mondiale des m\u00e9dias de la WFA<\/a> (2023)<br \/>\n<a href=\"https:\/\/www.grenier.qc.ca\/nouvelles\/26633\/a-quand-une-mesure-multimedia-uniforme-au-pays\/\">\u00c0 quand une mesure multim\u00e9dia uniforme au pays?<\/a><br \/>\n<a href=\"https:\/\/acaweb.ca\/fr\/resource\/etablissement-des-principes-dune-nouvelle-approche-dans-levaluation-multimedia\/\">\u00c9tablissement des principes d\u2019une nouvelle approche dans l\u2019\u00e9valuation multim\u00e9dia<\/a><br \/>\n<!--\n\n\n<h3>Groupe consultatif sur la mesure de l'industrie (IMAG)<\/h3>\n\n\n--><\/p>\n<h3>Info-annonceurs<\/h3>\n<div class=\"keyBullets\"><img loading=\"lazy\" decoding=\"async\" class=\"alignleft size-full wp-image-3417\" style=\"margin-right: 1em;\" src=\"http:\/\/www.acaweb.ca\/en\/wp-content\/uploads\/sites\/2\/2018\/02\/key-green-whitesp.png\" alt=\"members only\" width=\"30\" height=\"15\" \/><em>Ce symbole signifie que vous devez \u00eatre membre de l\u2019ACA pour acc\u00e9der \u00e0 ce contenu.<\/em>(24 septembre 2020) <a class=\"\" href=\"https:\/\/imis.acaweb.ca\/aca\/acafr\/portail\/Sign_In.aspx?returnurl=\/aca\/Custom\/Relay.aspx?nextUrl=https:\/\/acaweb.ca\/fr\/wp-json\/wp\/v2\/pages\/347?login=true\">Les annonceurs mondiaux lancent une nouvelle approche en mati\u00e8re d\u2019\u00e9valuation multim\u00e9dia<\/a><img loading=\"lazy\" decoding=\"async\" class=\"alignleft size-full wp-image-3417\" style=\"margin-right: 1em;\" src=\"http:\/\/www.acaweb.ca\/en\/wp-content\/uploads\/sites\/2\/2018\/02\/key-green-whitesp.png\" alt=\"members only\" width=\"30\" height=\"15\" \/><br \/>\n(7 octobre 2019) <a class=\"\" href=\"https:\/\/imis.acaweb.ca\/aca\/acafr\/portail\/Sign_In.aspx?returnurl=\/aca\/Custom\/Relay.aspx?nextUrl=https:\/\/acaweb.ca\/fr\/wp-json\/wp\/v2\/pages\/347?login=true\">Les annonceurs mondiaux lancent une initiative en vue d\u2019\u00e9tablir les principes de l\u2019\u00e9valuation multim\u00e9dia<\/a><img loading=\"lazy\" decoding=\"async\" class=\"alignleft size-full wp-image-3417\" style=\"margin-right: 1em;\" src=\"http:\/\/www.acaweb.ca\/en\/wp-content\/uploads\/sites\/2\/2018\/02\/key-green-whitesp.png\" alt=\"members only\" width=\"30\" height=\"15\" \/><\/div>\n<h3>Communiqu\u00e9s<\/h3>\n<p>(7 f\u00e9vrier 2024) <a href=\"https:\/\/acaweb.ca\/fr\/a-propos-de-nous\/ressources-pour-les-medias\/aca-amorce-processus-demande-information-pour-evaluation-multimedia\/\">L\u2019ACA amorce un processus de demande d\u2019information pour l\u2019\u00e9valuation multim\u00e9dia<\/a><br \/>\n(8 septembre 2023) <a href=\"https:\/\/acaweb.ca\/fr\/a-propos-de-nous\/ressources-pour-les-medias\/lindustrie-saligne-pour-ameliorer-levaluation-multimedia\/\">L\u2019industrie s\u2019aligne pour am\u00e9liorer l\u2019\u00e9valuation multim\u00e9dia<\/a><br \/>\n(7 septembre 2021) <a href=\"https:\/\/acaweb.ca\/fr\/a-propos-de-nous\/ressources-pour-les-medias\/lancienne-dirigeante-du-groupe-media-walmart-designee-pour-superviser-linitiative-sur-levaluation-multimedia-de-laca\/\">L\u2019ancienne dirigeante du groupe m\u00e9dia Walmart d\u00e9sign\u00e9e pour superviser l\u2019initiative sur l\u2019\u00e9valuation multim\u00e9dia de l\u2019ACA<\/a><br \/>\n(29 octobre 2020) <a href=\"https:\/\/acaweb.ca\/fr\/a-propos-de-nous\/ressources-pour-les-medias\/levaluation-multimedia-sur-le-point-de-changer-au-canada\/\">L\u2019\u00e9valuation multim\u00e9dia sur le point de changer au Canada<\/a><br \/>\n(24 septembre 2020) <a href=\"https:\/\/acaweb.ca\/fr\/a-propos-de-nous\/ressources-pour-les-medias\/les-annonceurs-mondiaux-lancent-une-nouvelle-approche-en-matiere-devaluation-multimedia\/\">Les annonceurs mondiaux lancent une nouvelle approche en mati\u00e8re d\u2019\u00e9valuation multim\u00e9dia<\/a><br \/>\n(7 octobre 2019) <a href=\"https:\/\/acaweb.ca\/fr\/a-propos-de-nous\/ressources-pour-les-medias\/les-annonceurs-mondiaux-entreprennent-detablir-les-principes-de-levaluation-multimedia\/\">Les annonceurs mondiaux entreprennent d\u2019\u00e9tablir les principes de l\u2019\u00e9valuation multim\u00e9dia<\/a><\/p>\n<h3>Blogue<\/h3>\n<p>(F\u00e9vrier 2016) <a href=\"http:\/\/www.acaweb.ca\/fr\/2016\/design-experimental-evaluer-lefficacite-media\/\">Design exp\u00e9rimental : \u00e9valuer l\u2019efficacit\u00e9 des m\u00e9dias<\/a><\/p>\n<p>&nbsp;<\/p>\n","protected":false},"excerpt":{"rendered":"<p>\u00c0 l\u2019heure actuelle, les annonceurs et leurs agences doivent travailler avec des donn\u00e9es en silos, ce qui complique l\u2019int\u00e9gration de la planification des campagnes et des strat\u00e9gies d\u2019achat. En 2019, l\u2019ACA s\u2019est jointe le \u00ab\u2009Cross Media Working Group\u2009\u00bb auquel participent plusieurs des plus grands annonceurs et radiodiffuseurs au monde ainsi que plusieurs plateformes num\u00e9riques, firmes [&hellip;]<\/p>\n","protected":false},"author":2,"featured_media":6729,"parent":340,"menu_order":3,"comment_status":"closed","ping_status":"closed","template":"leadership-grandchild.php","meta":{"_acf_changed":false,"content-type":"","footnotes":""},"acf":[],"yoast_head":"<!-- This site is optimized with the Yoast SEO plugin v23.4 - https:\/\/yoast.com\/wordpress\/plugins\/seo\/ -->\n<title>Preethy Vaidyanathan Archives - Association canadienne des annonceurs<\/title>\n<meta name=\"robots\" content=\"index, follow, max-snippet:-1, max-image-preview:large, max-video-preview:-1\" \/>\n<link rel=\"canonical\" href=\"https:\/\/acaweb.ca\/fr\/tag\/preethy-vaidyanathan\/\" \/>\n<meta property=\"og:locale\" content=\"fr_CA\" \/>\n<meta property=\"og:type\" content=\"article\" \/>\n<meta property=\"og:title\" content=\"Preethy Vaidyanathan Archives - Association canadienne des annonceurs\" \/>\n<meta property=\"og:url\" content=\"https:\/\/acaweb.ca\/fr\/tag\/preethy-vaidyanathan\/\" \/>\n<meta property=\"og:site_name\" content=\"Association canadienne des annonceurs\" \/>\n<meta name=\"twitter:card\" content=\"summary_large_image\" \/>\n<script type=\"application\/ld+json\" class=\"yoast-schema-graph\">{\"@context\":\"https:\/\/schema.org\",\"@graph\":[{\"@type\":\"CollectionPage\",\"@id\":\"https:\/\/acaweb.ca\/fr\/tag\/preethy-vaidyanathan\/\",\"url\":\"https:\/\/acaweb.ca\/fr\/tag\/preethy-vaidyanathan\/\",\"name\":\"Preethy Vaidyanathan Archives - Association canadienne des annonceurs\",\"isPartOf\":{\"@id\":\"https:\/\/acaweb.ca\/fr\/#website\"},\"breadcrumb\":{\"@id\":\"https:\/\/acaweb.ca\/fr\/tag\/preethy-vaidyanathan\/#breadcrumb\"},\"inLanguage\":\"fr-CA\"},{\"@type\":\"BreadcrumbList\",\"@id\":\"https:\/\/acaweb.ca\/fr\/tag\/preethy-vaidyanathan\/#breadcrumb\",\"itemListElement\":[{\"@type\":\"ListItem\",\"position\":1,\"name\":\"Accueil\",\"item\":\"https:\/\/acaweb.ca\/fr\/\"},{\"@type\":\"ListItem\",\"position\":2,\"name\":\"Preethy Vaidyanathan\"}]},{\"@type\":\"WebSite\",\"@id\":\"https:\/\/acaweb.ca\/fr\/#website\",\"url\":\"https:\/\/acaweb.ca\/fr\/\",\"name\":\"Association canadienne des annonceurs\",\"description\":\"\",\"publisher\":{\"@id\":\"https:\/\/acaweb.ca\/fr\/#organization\"},\"potentialAction\":[{\"@type\":\"SearchAction\",\"target\":{\"@type\":\"EntryPoint\",\"urlTemplate\":\"https:\/\/acaweb.ca\/fr\/?s={search_term_string}\"},\"query-input\":{\"@type\":\"PropertyValueSpecification\",\"valueRequired\":true,\"valueName\":\"search_term_string\"}}],\"inLanguage\":\"fr-CA\"},{\"@type\":\"Organization\",\"@id\":\"https:\/\/acaweb.ca\/fr\/#organization\",\"name\":\"Association canadienne des annonceurs\",\"url\":\"https:\/\/acaweb.ca\/fr\/\",\"logo\":{\"@type\":\"ImageObject\",\"inLanguage\":\"fr-CA\",\"@id\":\"https:\/\/acaweb.ca\/fr\/#\/schema\/logo\/image\/\",\"url\":\"https:\/\/acaweb.ca\/fr\/wp-content\/uploads\/sites\/3\/2017\/10\/cropped-ACA-FR-logo-colour.png\",\"contentUrl\":\"https:\/\/acaweb.ca\/fr\/wp-content\/uploads\/sites\/3\/2017\/10\/cropped-ACA-FR-logo-colour.png\",\"width\":1595,\"height\":417,\"caption\":\"Association canadienne des annonceurs\"},\"image\":{\"@id\":\"https:\/\/acaweb.ca\/fr\/#\/schema\/logo\/image\/\"}}]}<\/script>\n<!-- \/ Yoast SEO plugin. -->","yoast_head_json":{"title":"Preethy Vaidyanathan Archives - Association canadienne des annonceurs","robots":{"index":"index","follow":"follow","max-snippet":"max-snippet:-1","max-image-preview":"max-image-preview:large","max-video-preview":"max-video-preview:-1"},"canonical":"https:\/\/acaweb.ca\/fr\/tag\/preethy-vaidyanathan\/","og_locale":"fr_CA","og_type":"article","og_title":"Preethy Vaidyanathan Archives - Association canadienne des annonceurs","og_url":"https:\/\/acaweb.ca\/fr\/tag\/preethy-vaidyanathan\/","og_site_name":"Association canadienne des annonceurs","twitter_card":"summary_large_image","schema":{"@context":"https:\/\/schema.org","@graph":[{"@type":"CollectionPage","@id":"https:\/\/acaweb.ca\/fr\/tag\/preethy-vaidyanathan\/","url":"https:\/\/acaweb.ca\/fr\/tag\/preethy-vaidyanathan\/","name":"Preethy Vaidyanathan Archives - Association canadienne des annonceurs","isPartOf":{"@id":"https:\/\/acaweb.ca\/fr\/#website"},"breadcrumb":{"@id":"https:\/\/acaweb.ca\/fr\/tag\/preethy-vaidyanathan\/#breadcrumb"},"inLanguage":"fr-CA"},{"@type":"BreadcrumbList","@id":"https:\/\/acaweb.ca\/fr\/tag\/preethy-vaidyanathan\/#breadcrumb","itemListElement":[{"@type":"ListItem","position":1,"name":"Accueil","item":"https:\/\/acaweb.ca\/fr\/"},{"@type":"ListItem","position":2,"name":"Preethy Vaidyanathan"}]},{"@type":"WebSite","@id":"https:\/\/acaweb.ca\/fr\/#website","url":"https:\/\/acaweb.ca\/fr\/","name":"Association canadienne des annonceurs","description":"","publisher":{"@id":"https:\/\/acaweb.ca\/fr\/#organization"},"potentialAction":[{"@type":"SearchAction","target":{"@type":"EntryPoint","urlTemplate":"https:\/\/acaweb.ca\/fr\/?s={search_term_string}"},"query-input":{"@type":"PropertyValueSpecification","valueRequired":true,"valueName":"search_term_string"}}],"inLanguage":"fr-CA"},{"@type":"Organization","@id":"https:\/\/acaweb.ca\/fr\/#organization","name":"Association canadienne des annonceurs","url":"https:\/\/acaweb.ca\/fr\/","logo":{"@type":"ImageObject","inLanguage":"fr-CA","@id":"https:\/\/acaweb.ca\/fr\/#\/schema\/logo\/image\/","url":"https:\/\/acaweb.ca\/fr\/wp-content\/uploads\/sites\/3\/2017\/10\/cropped-ACA-FR-logo-colour.png","contentUrl":"https:\/\/acaweb.ca\/fr\/wp-content\/uploads\/sites\/3\/2017\/10\/cropped-ACA-FR-logo-colour.png","width":1595,"height":417,"caption":"Association canadienne des annonceurs"},"image":{"@id":"https:\/\/acaweb.ca\/fr\/#\/schema\/logo\/image\/"}}]}},"_links":{"self":[{"href":"https:\/\/acaweb.ca\/fr\/wp-json\/wp\/v2\/pages\/347"}],"collection":[{"href":"https:\/\/acaweb.ca\/fr\/wp-json\/wp\/v2\/pages"}],"about":[{"href":"https:\/\/acaweb.ca\/fr\/wp-json\/wp\/v2\/types\/page"}],"author":[{"embeddable":true,"href":"https:\/\/acaweb.ca\/fr\/wp-json\/wp\/v2\/users\/2"}],"replies":[{"embeddable":true,"href":"https:\/\/acaweb.ca\/fr\/wp-json\/wp\/v2\/comments?post=347"}],"version-history":[{"count":37,"href":"https:\/\/acaweb.ca\/fr\/wp-json\/wp\/v2\/pages\/347\/revisions"}],"predecessor-version":[{"id":7610,"href":"https:\/\/acaweb.ca\/fr\/wp-json\/wp\/v2\/pages\/347\/revisions\/7610"}],"up":[{"embeddable":true,"href":"https:\/\/acaweb.ca\/fr\/wp-json\/wp\/v2\/pages\/340"}],"wp:featuredmedia":[{"embeddable":true,"href":"https:\/\/acaweb.ca\/fr\/wp-json\/wp\/v2\/media\/6729"}],"wp:attachment":[{"href":"https:\/\/acaweb.ca\/fr\/wp-json\/wp\/v2\/media?parent=347"}],"curies":[{"name":"wp","href":"https:\/\/api.w.org\/{rel}","templated":true}]}}