{"id":341,"date":"2017-10-01T15:10:50","date_gmt":"2017-10-01T19:10:50","guid":{"rendered":"http:\/\/www.acaweb.ca\/fr\/?page_id=341"},"modified":"2025-03-12T11:55:53","modified_gmt":"2025-03-12T15:55:53","slug":"publicite-responsable-sadressant-aux-enfants","status":"publish","type":"page","link":"https:\/\/acaweb.ca\/fr\/leadership\/initiatives-actuelles\/publicite-responsable-sadressant-aux-enfants\/","title":{"rendered":"Publicit\u00e9 responsable s\u2019adressant aux enfants"},"content":{"rendered":"<p>L\u2019ACA reconna\u00eet que les enfants constituent un public particulier. C\u2019est pourquoi l\u2019ACA appuie l\u2019objectif du gouvernement d\u2019imposer des limites plus \u00e9troites en mati\u00e8re de diffusion de messages sur la consommation et le choix des produits alimentaires et des boissons destin\u00e9s aux enfants de moins de 13\u00a0ans.<\/p>\n<h3><strong>Fait<\/strong><\/h3>\n<p><a href=\"https:\/\/www.mandatorycode.ca\/franais\" target=\"_blank\" rel=\"noopener\"><img loading=\"lazy\" decoding=\"async\" class=\"alignleft wp-image-7951\" src=\"https:\/\/acaweb.ca\/fr\/wp-content\/uploads\/sites\/3\/2024\/03\/Code-Obligatoire-logo-rouge.png\" alt=\"Mandatory code logo red - Advertising to children\" width=\"138\" height=\"104\" \/><\/a>Au Canada, la publicit\u00e9 destin\u00e9e aux enfants portant sur des aliments et des boissons qui ne respectent pas les normes nutritionnelles de Sant\u00e9 Canada est d\u00e9j\u00e0 restreinte au moyen d\u2019un <a href=\"https:\/\/acaweb.ca\/fr\/wp-content\/uploads\/sites\/3\/2024\/02\/FoodAndBeverageAdvertisingCode-FR-20220505.pdf\" target=\"_blank\" rel=\"noopener\">Code<\/a> et d\u2019un <a href=\"https:\/\/acaweb.ca\/fr\/wp-content\/uploads\/sites\/3\/2024\/02\/FoodAndBeverageAdvertisingGuide-FR20220804.pdf\" target=\"_blank\" rel=\"noopener\">Guide<\/a> connexe. Ces deux ressources sont administr\u00e9es de fa\u00e7on ind\u00e9pendante par <a href=\"https:\/\/adstandards.ca\/fr\/preapprobation\/publicite-aliments-boissons-destinee-enfants\/\" target=\"_blank\" rel=\"noopener\">les Normes de la publicit\u00e9<\/a>, et \u00e9tay\u00e9es par une <a href=\"https:\/\/adstandards.ca\/fr\/plaintes\/traitement-des-plaintes-publicite-aliments-boissons-destinee-aux-enfants\/\" target=\"_blank\" rel=\"noopener\">proc\u00e9dure de plainte<\/a>.<\/p>\n<p><strong>L\u2019ACA recommande que tous les messages publicitaires pour les aliments et les boissons qui pourraient raisonnablement \u00eatre consid\u00e9r\u00e9s comme s\u2019adressant principalement aux enfants dans tous les m\u00e9dias soient soumis aux <a href=\"https:\/\/adstandards.ca\/fr\/preapprobation\/publicite-aliments-boissons-destinee-enfants\/\" target=\"_blank\" rel=\"noopener\">Normes de la publicit\u00e9 pour pr\u00e9approbation<\/a>. <\/strong><\/p>\n<p>Les restrictions du Code sont fond\u00e9es sur l\u2019\u00e9bauche du Guide (2018) de Sant\u00e9 Canada, mais elles vont plus loin. Les \u00e9l\u00e9ments centraux du Code et du Guide sont <a href=\"https:\/\/acaweb.ca\/fr\/wp-content\/uploads\/sites\/3\/2024\/03\/FR_Guide_publicite_moins_de_13_ans_vf.pdf\" target=\"_blank\" rel=\"noopener\">les articles\u00a0248 et 249 de la Loi sur la protection du consommateur<\/a>, une solution canadienne performante qui limite la publicit\u00e9 aux enfants au Qu\u00e9bec depuis plus de 40\u00a0ans.<\/p>\n<h3><strong>Source de pr\u00e9occupation<\/strong><\/h3>\n<p>Malgr\u00e9 les restrictions d\u00e9j\u00e0 en place, l\u2019industrie fait face \u00e0 un d\u00e9fi \u00e0 deux volets : <a href=\"https:\/\/www.parl.ca\/legisinfo\/fr\/projet-de-loi\/44-1\/c-252\" target=\"_blank\" rel=\"noopener\">le projet de loi\u00a0C-252<\/a> et <a href=\"https:\/\/www.canada.ca\/fr\/sante-canada\/services\/aliments-nutrition\/strategie-saine-alimentation\/mise-jour-politique-restriction-publicite-alimentaire-destinee-principalement-enfants.html\" target=\"_blank\" rel=\"noopener\">la Mise \u00e0 jour de la politique de Sant\u00e9 Canada<\/a>. Les deux volets iront au-del\u00e0 des restrictions en mati\u00e8re de publicit\u00e9 destin\u00e9e aux enfants, car ils menaceront la capacit\u00e9 de faire de la publicit\u00e9 pour des aliments et des boissons autoris\u00e9s aux adultes, et introduiront des dispositions visant \u00e0 faire passer la d\u00e9finition de l\u2019\u00e2ge des enfants \u00e0 moins de 17\u00a0ans plut\u00f4t que 13\u00a0ans.<\/p>\n<h3><strong>Situation actuelle<\/strong><\/h3>\n<p><strong>Loi C-252<\/strong><br \/>\nLa chambre a compl\u00e9t\u00e9 la troisi\u00e8me lecture du projet de loi\u00a0C-252 le 25\u00a0octobre 2023, et la S\u00e9nat a compl\u00e9t\u00e9 sa deuxi\u00e8me lecture le 30 mai,2024.\u00a0En tant que leader dans la publicit\u00e9 responsable s\u2019adressant aux enfants, l&rsquo;ACA \u00e9tait la seule association d&rsquo;annonceurs invit\u00e9e \u00e0 compara\u00eetre devant le SOCI (le Comit\u00e9 permanent des affaires sociales, des sciences et de la technologie du S\u00e9nat) le 21 novembre 2024 pour s&rsquo;assurer que les pr\u00e9occupations des annonceurs soient entendues et prises en compte.<\/p>\n<p>\u00c0 la suite de notre comparution devant le SOCI (le Comit\u00e9 permanent des affaires sociales, des sciences et de la technologie du S\u00e9nat), voici la lettre (en anglais) que l&rsquo;ACA a adress\u00e9e au SOCI : <a class=\"\" href=\"https:\/\/imis.acaweb.ca\/aca\/acafr\/portail\/Sign_In.aspx?returnurl=\/aca\/Custom\/Relay.aspx?nextUrl=https:\/\/acaweb.ca\/fr\/wp-json\/wp\/v2\/pages\/341?login=true\">Lettre de l&rsquo;ACA adress\u00e9e au SOCI &#8211; Novembre 2024<\/a><\/p>\n<p><strong>Mise \u00e0 jour de la politique de Sant\u00e9 Canada<\/strong><br \/>\nSant\u00e9 Canada a l\u2019intention de modifier le R\u00e8glement sur les aliments et drogues afin de restreindre la publicit\u00e9 destin\u00e9e aux enfants pr\u00e9sentant des aliments dont l\u2019apport en sodium, en sucre et en gras satur\u00e9s est excessif, sans tenir compte de l\u2019adoption du projet de loi\u00a0C-252.<\/p>\n<p>Tel que ce r\u00e8glement est actuellement r\u00e9dig\u00e9, il s\u2019appliquera \u00e9galement \u00e0 la publicit\u00e9 destin\u00e9e aux adultes et menace d\u2019augmenter la d\u00e9finition de l\u2019\u00e2ge d\u2019un enfant.<\/p>\n<p>L\u2019ACA a fourni une <a href=\"https:\/\/acaweb.ca\/fr\/wp-content\/uploads\/sites\/3\/2024\/03\/HC-Policy-Submission-June-19-2023-FINAL.pdf\" target=\"_blank\" rel=\"noopener\">r\u00e9ponse appr\u00e9ciable<\/a> (document seulement disponible en anglais) \u00e0 la demande de r\u00e9troaction de Sant\u00e9 Canada en juin 2023. Avec d&rsquo;autres intervenants de l&rsquo;industrie, nous sommes en cours de discussions avec Sant\u00e9 Canada pour, encore une fois, nous assurer que nos pr\u00e9occupations soient entendues et trait\u00e9es avant que Sant\u00e9 Canada ne publie la Gazette du Canada Partie 1, pr\u00e9vue plus tard cette ann\u00e9e ou d\u00e9but 2025.<\/p>\n<h3><strong>Ressources<\/strong><\/h3>\n<p><a class=\"\" href=\"https:\/\/imis.acaweb.ca\/aca\/acafr\/portail\/Sign_In.aspx?returnurl=\/aca\/Custom\/Relay.aspx?nextUrl=https:\/\/acaweb.ca\/fr\/wp-json\/wp\/v2\/pages\/341?login=true\">Webinaire de mise \u00e0 jour sur le Code de l&rsquo;industrie concernant la Publicit\u00e9 Responsable s&rsquo;adressant aux Enfants. Par FHCP, les Normes de la Publicit\u00e9 et l&rsquo;ACA.<\/a><br \/>\n<a href=\"https:\/\/acaweb.ca\/fr\/wp-content\/uploads\/sites\/3\/2024\/02\/FoodAndBeverageAdvertisingCode-FR-20220505.pdf\" target=\"_blank\" rel=\"noopener\">Code des pratiques responsables en mati\u00e8re de publicit\u00e9 sur les aliments et les boissons destin\u00e9e aux enfants<\/a><br \/>\n<a href=\"https:\/\/acaweb.ca\/fr\/wp-content\/uploads\/sites\/3\/2024\/02\/FoodAndBeverageAdvertisingGuide-FR20220804.pdf\" target=\"_blank\" rel=\"noopener\">Guide des pratiques responsables en mati\u00e8re de publicit\u00e9 sur les aliments et les boissons destin\u00e9e aux enfants<\/a><br \/>\n<a href=\"https:\/\/adstandards.ca\/fr\/preapprobation\/publicite-aliments-boissons-destinee-enfants\/\" target=\"_blank\" rel=\"noopener\">Les Normes de la publicit\u00e9 : Approbation pour des pratiques responsables de la publicit\u00e9 sur les aliments et les boissons destin\u00e9e aux enfants<\/a><br \/>\n<a href=\"https:\/\/adstandards.ca\/fr\/plaintes\/traitement-des-plaintes-publicite-aliments-boissons-destinee-aux-enfants\/\" target=\"_blank\" rel=\"noopener\">Les Normes de la publicit\u00e9 : Proc\u00e9dure de traitement des plaintes des consommateurs \u00e0 l\u2019encontre de la publicit\u00e9 sur les aliments et les boissons destin\u00e9e aux enfants<\/a><br \/>\n<a href=\"https:\/\/www.mandatorycode.ca\/franais\" target=\"_blank\" rel=\"noopener\">Minisite: Code obligatoire<\/a><\/p>\n<h3><strong>Info-annonceurs<\/strong><\/h3>\n<div class=\"keyBullets\">\n<p><img loading=\"lazy\" decoding=\"async\" class=\"alignleft size-full wp-image-3417\" style=\"margin-right: 1em;\" src=\"http:\/\/www.acaweb.ca\/en\/wp-content\/uploads\/sites\/2\/2018\/02\/key-green-whitesp.png\" alt=\"members only\" width=\"30\" height=\"15\" \/><em>Ce symbole signifie que vous devez \u00eatre membre de l\u2019ACA pour acc\u00e9der \u00e0 ce contenu.<\/em><br \/>\n(26 juin 2023) <a class=\"\" href=\"https:\/\/imis.acaweb.ca\/aca\/acafr\/portail\/Sign_In.aspx?returnurl=\/aca\/Custom\/Relay.aspx?nextUrl=https:\/\/acaweb.ca\/fr\/wp-json\/wp\/v2\/pages\/341?login=true\">De nouvelles restrictions sur la publicit\u00e9 destin\u00e9e aux enfants entrent en vigueur le 28 juin<\/a> <img loading=\"lazy\" decoding=\"async\" class=\"alignleft size-full wp-image-3417\" style=\"margin-right: 1em;\" src=\"http:\/\/www.acaweb.ca\/en\/wp-content\/uploads\/sites\/2\/2018\/02\/key-green-whitesp.png\" alt=\"members only\" width=\"30\" height=\"15\" \/><br \/>\n(28 juin 2021) <a class=\"\" href=\"https:\/\/imis.acaweb.ca\/aca\/acafr\/portail\/Sign_In.aspx?returnurl=\/aca\/Custom\/Relay.aspx?nextUrl=https:\/\/acaweb.ca\/fr\/wp-json\/wp\/v2\/pages\/341?login=true\">Publicit\u00e9 destin\u00e9e aux enfants : code et guide nationaux nouveaux pour les annonceurs<\/a> <img loading=\"lazy\" decoding=\"async\" class=\"alignleft size-full wp-image-3417\" style=\"margin-right: 1em;\" src=\"http:\/\/www.acaweb.ca\/en\/wp-content\/uploads\/sites\/2\/2018\/02\/key-green-whitesp.png\" alt=\"members only\" width=\"30\" height=\"15\" \/><br \/>\n(20 f\u00e9vrier 2020) <a class=\"\" href=\"https:\/\/imis.acaweb.ca\/aca\/acafr\/portail\/Sign_In.aspx?returnurl=\/aca\/Custom\/Relay.aspx?nextUrl=https:\/\/acaweb.ca\/fr\/wp-json\/wp\/v2\/pages\/341?login=true\">Le rapport de l\u2019OMS sur la sant\u00e9 des enfants cible la publicit\u00e9<\/a><img loading=\"lazy\" decoding=\"async\" class=\"alignleft size-full wp-image-3417\" style=\"margin-right: 1em;\" src=\"http:\/\/www.acaweb.ca\/en\/wp-content\/uploads\/sites\/2\/2018\/02\/key-green-whitesp.png\" alt=\"members only\" width=\"30\" height=\"15\" \/><\/p>\n<\/div>\n<h3><strong>Communiqu\u00e9s de presse<\/strong><\/h3>\n<p>(27 juin 2023) <a href=\"https:\/\/acaweb.ca\/fr\/a-propos-de-nous\/ressources-pour-les-medias\/nouvelles-restrictions-relativement-a-la-publicite-sur-les-aliments-destinee-aux-enfants-entrant-en-vigueur-le-28-juin\/\">Nouvelles restrictions relativement \u00e0 la publicit\u00e9 sur les aliments destin\u00e9e aux enfants entrant en vigueur le 28 juin<\/a><br \/>\n(28 juin 2021) <a href=\"https:\/\/acaweb.ca\/fr\/a-propos-de-nous\/ressources-pour-les-medias\/le-milieu-de-la-publicite-adopte-un-nouveau-code-et-guide-qui-viendront-encadrer-les-pratiques-en-matiere-de-publicite-sur-les-aliments-et-les-boissons\" target=\"_blank\" rel=\"noopener\">Le milieu de la publicit\u00e9 s\u2019engage \u00e0 atteindre les objectifs du gouvernement en mati\u00e8re de publicit\u00e9 destin\u00e9e aux enfants gr\u00e2ce \u00e0 un code et un guide nouveaux<\/a><\/p>\n<h3><strong>Couverture dans les m\u00e9dias<\/strong><\/h3>\n<p>(9 juillet 2021) iPolitics: <a href=\"https:\/\/ipolitics.ca\/2021\/07\/09\/the-sprout-food-beverage-industry-restricting-junk-food-advertising\/\" target=\"_blank\" rel=\"noopener\">The Sprout: Food, beverage industry restricting junk-food advertising<\/a><br \/>\n(9 juillet 2021) strategy: <a href=\"https:\/\/strategyonline.ca\/2021\/07\/09\/food-and-beverage-associations-adopt-code-for-advertising-to-kids\/\" target=\"_blank\" rel=\"noopener\">Food and beverage associations adopt code for advertising to kids<\/a><br \/>\n(4 juin 2019) Globe and Mail: <a href=\"https:\/\/www.theglobeandmail.com\/politics\/article-senators-working-to-block-bill-that-restricts-food-and-drink-ads-aimed\/\" target=\"_blank\" rel=\"noopener noreferrer\">Senators working to block bill that restricts food and drink ads aimed at children<\/a><\/p>\n","protected":false},"excerpt":{"rendered":"<p>Le milieu se dote d\u2019un code et d\u2019un guide nouveaux pour la publicit\u00e9 destin\u00e9e aux enfants au Canada. Les annonceurs peuvent les t\u00e9l\u00e9charger ici.<\/p>\n","protected":false},"author":2,"featured_media":6011,"parent":340,"menu_order":227,"comment_status":"closed","ping_status":"closed","template":"leadership-grandchild.php","meta":{"_acf_changed":false,"content-type":"","footnotes":""},"acf":[],"yoast_head":"<!-- This site is optimized with the Yoast SEO plugin v23.4 - https:\/\/yoast.com\/wordpress\/plugins\/seo\/ -->\n<title>GroupM Archives - Association canadienne des annonceurs<\/title>\n<meta name=\"robots\" content=\"index, follow, max-snippet:-1, max-image-preview:large, max-video-preview:-1\" \/>\n<link rel=\"canonical\" href=\"https:\/\/acaweb.ca\/fr\/tag\/groupm\/\" \/>\n<meta property=\"og:locale\" content=\"fr_CA\" \/>\n<meta property=\"og:type\" content=\"article\" \/>\n<meta property=\"og:title\" content=\"GroupM Archives - Association canadienne des annonceurs\" \/>\n<meta property=\"og:url\" content=\"https:\/\/acaweb.ca\/fr\/tag\/groupm\/\" \/>\n<meta property=\"og:site_name\" content=\"Association canadienne des annonceurs\" \/>\n<meta name=\"twitter:card\" content=\"summary_large_image\" \/>\n<script type=\"application\/ld+json\" class=\"yoast-schema-graph\">{\"@context\":\"https:\/\/schema.org\",\"@graph\":[{\"@type\":\"CollectionPage\",\"@id\":\"https:\/\/acaweb.ca\/fr\/tag\/groupm\/\",\"url\":\"https:\/\/acaweb.ca\/fr\/tag\/groupm\/\",\"name\":\"GroupM Archives - Association canadienne des annonceurs\",\"isPartOf\":{\"@id\":\"https:\/\/acaweb.ca\/fr\/#website\"},\"breadcrumb\":{\"@id\":\"https:\/\/acaweb.ca\/fr\/tag\/groupm\/#breadcrumb\"},\"inLanguage\":\"fr-CA\"},{\"@type\":\"BreadcrumbList\",\"@id\":\"https:\/\/acaweb.ca\/fr\/tag\/groupm\/#breadcrumb\",\"itemListElement\":[{\"@type\":\"ListItem\",\"position\":1,\"name\":\"Accueil\",\"item\":\"https:\/\/acaweb.ca\/fr\/\"},{\"@type\":\"ListItem\",\"position\":2,\"name\":\"GroupM\"}]},{\"@type\":\"WebSite\",\"@id\":\"https:\/\/acaweb.ca\/fr\/#website\",\"url\":\"https:\/\/acaweb.ca\/fr\/\",\"name\":\"Association canadienne des annonceurs\",\"description\":\"\",\"publisher\":{\"@id\":\"https:\/\/acaweb.ca\/fr\/#organization\"},\"potentialAction\":[{\"@type\":\"SearchAction\",\"target\":{\"@type\":\"EntryPoint\",\"urlTemplate\":\"https:\/\/acaweb.ca\/fr\/?s={search_term_string}\"},\"query-input\":{\"@type\":\"PropertyValueSpecification\",\"valueRequired\":true,\"valueName\":\"search_term_string\"}}],\"inLanguage\":\"fr-CA\"},{\"@type\":\"Organization\",\"@id\":\"https:\/\/acaweb.ca\/fr\/#organization\",\"name\":\"Association canadienne des annonceurs\",\"url\":\"https:\/\/acaweb.ca\/fr\/\",\"logo\":{\"@type\":\"ImageObject\",\"inLanguage\":\"fr-CA\",\"@id\":\"https:\/\/acaweb.ca\/fr\/#\/schema\/logo\/image\/\",\"url\":\"https:\/\/acaweb.ca\/fr\/wp-content\/uploads\/sites\/3\/2017\/10\/cropped-ACA-FR-logo-colour.png\",\"contentUrl\":\"https:\/\/acaweb.ca\/fr\/wp-content\/uploads\/sites\/3\/2017\/10\/cropped-ACA-FR-logo-colour.png\",\"width\":1595,\"height\":417,\"caption\":\"Association canadienne des annonceurs\"},\"image\":{\"@id\":\"https:\/\/acaweb.ca\/fr\/#\/schema\/logo\/image\/\"}}]}<\/script>\n<!-- \/ Yoast SEO plugin. -->","yoast_head_json":{"title":"GroupM Archives - Association canadienne des annonceurs","robots":{"index":"index","follow":"follow","max-snippet":"max-snippet:-1","max-image-preview":"max-image-preview:large","max-video-preview":"max-video-preview:-1"},"canonical":"https:\/\/acaweb.ca\/fr\/tag\/groupm\/","og_locale":"fr_CA","og_type":"article","og_title":"GroupM Archives - Association canadienne des annonceurs","og_url":"https:\/\/acaweb.ca\/fr\/tag\/groupm\/","og_site_name":"Association canadienne des annonceurs","twitter_card":"summary_large_image","schema":{"@context":"https:\/\/schema.org","@graph":[{"@type":"CollectionPage","@id":"https:\/\/acaweb.ca\/fr\/tag\/groupm\/","url":"https:\/\/acaweb.ca\/fr\/tag\/groupm\/","name":"GroupM Archives - Association canadienne des annonceurs","isPartOf":{"@id":"https:\/\/acaweb.ca\/fr\/#website"},"breadcrumb":{"@id":"https:\/\/acaweb.ca\/fr\/tag\/groupm\/#breadcrumb"},"inLanguage":"fr-CA"},{"@type":"BreadcrumbList","@id":"https:\/\/acaweb.ca\/fr\/tag\/groupm\/#breadcrumb","itemListElement":[{"@type":"ListItem","position":1,"name":"Accueil","item":"https:\/\/acaweb.ca\/fr\/"},{"@type":"ListItem","position":2,"name":"GroupM"}]},{"@type":"WebSite","@id":"https:\/\/acaweb.ca\/fr\/#website","url":"https:\/\/acaweb.ca\/fr\/","name":"Association canadienne des annonceurs","description":"","publisher":{"@id":"https:\/\/acaweb.ca\/fr\/#organization"},"potentialAction":[{"@type":"SearchAction","target":{"@type":"EntryPoint","urlTemplate":"https:\/\/acaweb.ca\/fr\/?s={search_term_string}"},"query-input":{"@type":"PropertyValueSpecification","valueRequired":true,"valueName":"search_term_string"}}],"inLanguage":"fr-CA"},{"@type":"Organization","@id":"https:\/\/acaweb.ca\/fr\/#organization","name":"Association canadienne des annonceurs","url":"https:\/\/acaweb.ca\/fr\/","logo":{"@type":"ImageObject","inLanguage":"fr-CA","@id":"https:\/\/acaweb.ca\/fr\/#\/schema\/logo\/image\/","url":"https:\/\/acaweb.ca\/fr\/wp-content\/uploads\/sites\/3\/2017\/10\/cropped-ACA-FR-logo-colour.png","contentUrl":"https:\/\/acaweb.ca\/fr\/wp-content\/uploads\/sites\/3\/2017\/10\/cropped-ACA-FR-logo-colour.png","width":1595,"height":417,"caption":"Association canadienne des annonceurs"},"image":{"@id":"https:\/\/acaweb.ca\/fr\/#\/schema\/logo\/image\/"}}]}},"_links":{"self":[{"href":"https:\/\/acaweb.ca\/fr\/wp-json\/wp\/v2\/pages\/341"}],"collection":[{"href":"https:\/\/acaweb.ca\/fr\/wp-json\/wp\/v2\/pages"}],"about":[{"href":"https:\/\/acaweb.ca\/fr\/wp-json\/wp\/v2\/types\/page"}],"author":[{"embeddable":true,"href":"https:\/\/acaweb.ca\/fr\/wp-json\/wp\/v2\/users\/2"}],"replies":[{"embeddable":true,"href":"https:\/\/acaweb.ca\/fr\/wp-json\/wp\/v2\/comments?post=341"}],"version-history":[{"count":43,"href":"https:\/\/acaweb.ca\/fr\/wp-json\/wp\/v2\/pages\/341\/revisions"}],"predecessor-version":[{"id":7843,"href":"https:\/\/acaweb.ca\/fr\/wp-json\/wp\/v2\/pages\/341\/revisions\/7843"}],"up":[{"embeddable":true,"href":"https:\/\/acaweb.ca\/fr\/wp-json\/wp\/v2\/pages\/340"}],"wp:featuredmedia":[{"embeddable":true,"href":"https:\/\/acaweb.ca\/fr\/wp-json\/wp\/v2\/media\/6011"}],"wp:attachment":[{"href":"https:\/\/acaweb.ca\/fr\/wp-json\/wp\/v2\/media?parent=341"}],"curies":[{"name":"wp","href":"https:\/\/api.w.org\/{rel}","templated":true}]}}